{"id":38903,"date":"2025-09-16T21:10:51","date_gmt":"2025-09-16T21:10:51","guid":{"rendered":"https:\/\/sitios.udla.edu.ec\/proyectos\/?page_id=38903"},"modified":"2025-09-24T16:41:02","modified_gmt":"2025-09-24T16:41:02","slug":"sincronia-corporal","status":"publish","type":"page","link":"https:\/\/sitios.udla.edu.ec\/proyectos\/sincronia-corporal\/","title":{"rendered":"Sincron\u00eda corporal"},"content":{"rendered":"\t\t<div data-elementor-type=\"wp-page\" data-elementor-id=\"38903\" class=\"elementor elementor-38903\">\n\t\t\t\t<div class=\"elementor-element elementor-element-7499702 e-flex e-con-boxed e-con e-parent\" data-id=\"7499702\" data-element_type=\"container\" data-settings=\"{&quot;background_background&quot;:&quot;classic&quot;}\">\n\t\t\t\t\t<div class=\"e-con-inner\">\n\t\t<div class=\"elementor-element elementor-element-f68fe72 e-con-full e-flex e-con e-child\" data-id=\"f68fe72\" data-element_type=\"container\">\n\t\t\t\t<div class=\"elementor-element elementor-element-3e01537 elementor-invisible elementor-widget elementor-widget-image\" data-id=\"3e01537\" data-element_type=\"widget\" data-settings=\"{&quot;_animation&quot;:&quot;fadeInDown&quot;}\" data-widget_type=\"image.default\">\n\t\t\t\t<div class=\"elementor-widget-container\">\n\t\t\t\t\t\t\t\t\t\t\t\t\t<img fetchpriority=\"high\" decoding=\"async\" width=\"400\" height=\"157\" src=\"https:\/\/sitios.udla.edu.ec\/proyectos\/wp-content\/uploads\/2025\/01\/Logotipo-UDLA_blanco_1080x1080-1-1.png\" class=\"attachment-large size-large wp-image-35571\" alt=\"\" srcset=\"https:\/\/sitios.udla.edu.ec\/proyectos\/wp-content\/uploads\/2025\/01\/Logotipo-UDLA_blanco_1080x1080-1-1.png 400w, https:\/\/sitios.udla.edu.ec\/proyectos\/wp-content\/uploads\/2025\/01\/Logotipo-UDLA_blanco_1080x1080-1-1-300x118.png 300w\" sizes=\"(max-width: 400px) 100vw, 400px\" \/>\t\t\t\t\t\t\t\t\t\t\t\t\t<\/div>\n\t\t\t\t<\/div>\n\t\t\t\t<div class=\"elementor-element elementor-element-f754f3d elementor-invisible elementor-widget elementor-widget-heading\" data-id=\"f754f3d\" data-element_type=\"widget\" data-settings=\"{&quot;_animation&quot;:&quot;fadeInLeft&quot;}\" data-widget_type=\"heading.default\">\n\t\t\t\t<div class=\"elementor-widget-container\">\n\t\t\t<h1 class=\"elementor-heading-title elementor-size-default\">\ud83c\udf00 Webinar gratuito Sincron\u00eda corporal<\/h1>\t\t<\/div>\n\t\t\t\t<\/div>\n\t\t\t\t<div class=\"elementor-element elementor-element-15f832e elementor-invisible elementor-widget elementor-widget-heading\" data-id=\"15f832e\" data-element_type=\"widget\" data-settings=\"{&quot;_animation&quot;:&quot;fadeInLeft&quot;}\" data-widget_type=\"heading.default\">\n\t\t\t\t<div class=\"elementor-widget-container\">\n\t\t\t<h1 class=\"elementor-heading-title elementor-size-default\">Caso cl\u00ednico de ruido en ATM y su evaluaci\u00f3n multidimensional<\/h1>\t\t<\/div>\n\t\t\t\t<\/div>\n\t\t\t\t<\/div>\n\t\t<div class=\"elementor-element elementor-element-2d43a6e e-con-full e-flex e-con e-child\" data-id=\"2d43a6e\" data-element_type=\"container\">\n\t\t\t\t<\/div>\n\t\t\t\t\t<\/div>\n\t\t\t\t<\/div>\n\t\t<div class=\"elementor-element elementor-element-773066f e-flex e-con-boxed e-con e-parent\" data-id=\"773066f\" data-element_type=\"container\">\n\t\t\t\t\t<div class=\"e-con-inner\">\n\t\t<div class=\"elementor-element elementor-element-0696c98 e-con-full e-flex e-con e-child\" data-id=\"0696c98\" data-element_type=\"container\">\n\t\t\t\t<div class=\"elementor-element elementor-element-31ba5ac elementor-widget elementor-widget-heading\" data-id=\"31ba5ac\" data-element_type=\"widget\" data-widget_type=\"heading.default\">\n\t\t\t\t<div class=\"elementor-widget-container\">\n\t\t\t<h2 class=\"elementor-heading-title elementor-size-default\">Sobre el evento\n<\/h2>\t\t<\/div>\n\t\t\t\t<\/div>\n\t\t\t\t<div class=\"elementor-element elementor-element-0464334 elementor-widget elementor-widget-text-editor\" data-id=\"0464334\" data-element_type=\"widget\" data-widget_type=\"text-editor.default\">\n\t\t\t\t<div class=\"elementor-widget-container\">\n\t\t\t\t\t\t\t<p><span data-contrast=\"none\">Un an\u00e1lisis cl\u00ednico desde la fisioterapia y la terapia manual ortop\u00e9dica.<\/span><span data-ccp-props=\"{&quot;134233117&quot;:false,&quot;134233118&quot;:false,&quot;335559738&quot;:240,&quot;335559739&quot;:240}\">\u00a0<\/span><\/p><p><span data-contrast=\"none\">Un ruido en la articulaci\u00f3n temporomandibular (ATM) puede esconder un complejo cuadro cl\u00ednico. Este webinar ofrece una experiencia acad\u00e9mica para profesionales de la fisioterapia interesados en ampliar sus conocimientos en la rehabilitaci\u00f3n t\u00e9mporo-mandibular y abordajes interdisciplinarios.<\/span><span data-ccp-props=\"{&quot;134233117&quot;:false,&quot;134233118&quot;:false,&quot;335559738&quot;:240,&quot;335559739&quot;:240}\">\u00a0<\/span><\/p>\t\t\t\t\t\t<\/div>\n\t\t\t\t<\/div>\n\t\t\t\t<\/div>\n\t\t<div class=\"elementor-element elementor-element-a8056db e-con-full e-flex e-con e-child\" data-id=\"a8056db\" data-element_type=\"container\">\n\t\t\t\t<div class=\"elementor-element elementor-element-b22d115 elementor-widget elementor-widget-heading\" data-id=\"b22d115\" data-element_type=\"widget\" data-widget_type=\"heading.default\">\n\t\t\t\t<div class=\"elementor-widget-container\">\n\t\t\t<h2 class=\"elementor-heading-title elementor-size-default\">Lo que vivir\u00e1s en el webinar<\/h2>\t\t<\/div>\n\t\t\t\t<\/div>\n\t\t\t\t<div class=\"elementor-element elementor-element-fe0ad9c elementor-widget elementor-widget-text-editor\" data-id=\"fe0ad9c\" data-element_type=\"widget\" data-widget_type=\"text-editor.default\">\n\t\t\t\t<div class=\"elementor-widget-container\">\n\t\t\t\t\t\t\t<p><span class=\"TextRun SCXW254538643 BCX0\" lang=\"ES-ES\" xml:lang=\"ES-ES\" data-contrast=\"none\"><span class=\"NormalTextRun SCXW254538643 BCX0\">\u2705 Evaluaci\u00f3n multidimensional de un caso real de ruido en ATM.<\/span><\/span><span class=\"LineBreakBlob BlobObject DragDrop SCXW254538643 BCX0\"><span class=\"SCXW254538643 BCX0\">\u00a0<\/span><br class=\"SCXW254538643 BCX0\" \/><\/span><span class=\"TextRun SCXW254538643 BCX0\" lang=\"ES-ES\" xml:lang=\"ES-ES\" data-contrast=\"none\"><span class=\"NormalTextRun SCXW254538643 BCX0\">\u2705 An\u00e1lisis integral del sistema\u00a0<\/span><span class=\"NormalTextRun ContextualSpellingAndGrammarErrorV2Themed SCXW254538643 BCX0\">cr\u00e1neo-cervical<\/span><span class=\"NormalTextRun SCXW254538643 BCX0\">, dental y postural.<\/span><\/span><span class=\"LineBreakBlob BlobObject DragDrop SCXW254538643 BCX0\"><span class=\"SCXW254538643 BCX0\">\u00a0<\/span><br class=\"SCXW254538643 BCX0\" \/><\/span><span class=\"TextRun SCXW254538643 BCX0\" lang=\"ES-ES\" xml:lang=\"ES-ES\" data-contrast=\"none\"><span class=\"NormalTextRun SCXW254538643 BCX0\">\u2705 Estrategias de tratamiento basadas en evidencia.<\/span><\/span><span class=\"LineBreakBlob BlobObject DragDrop SCXW254538643 BCX0\"><span class=\"SCXW254538643 BCX0\">\u00a0<\/span><br class=\"SCXW254538643 BCX0\" \/><\/span><span class=\"TextRun SCXW254538643 BCX0\" lang=\"ES-ES\" xml:lang=\"ES-ES\" data-contrast=\"none\"><span class=\"NormalTextRun SCXW254538643 BCX0\">\u2705 Abordaje interdisciplinario en fisioterapia.<\/span><\/span><span class=\"LineBreakBlob BlobObject DragDrop SCXW254538643 BCX0\"><span class=\"SCXW254538643 BCX0\">\u00a0<\/span><br class=\"SCXW254538643 BCX0\" \/><\/span><span class=\"TextRun SCXW254538643 BCX0\" lang=\"ES-ES\" xml:lang=\"ES-ES\" data-contrast=\"none\"><span class=\"NormalTextRun SCXW254538643 BCX0\">\u2705 Espacio de interacci\u00f3n con expertos nacionales e internacionales.<\/span><\/span><\/p>\t\t\t\t\t\t<\/div>\n\t\t\t\t<\/div>\n\t\t\t\t<\/div>\n\t\t\t\t\t<\/div>\n\t\t\t\t<\/div>\n\t\t<div class=\"elementor-element elementor-element-8847032 e-flex e-con-boxed e-con e-parent\" data-id=\"8847032\" data-element_type=\"container\">\n\t\t\t\t\t<div class=\"e-con-inner\">\n\t\t<div class=\"elementor-element elementor-element-e182ee8 e-con-full e-flex e-con e-child\" data-id=\"e182ee8\" data-element_type=\"container\">\n\t\t\t\t<div class=\"elementor-element elementor-element-c719578 elementor-widget elementor-widget-heading\" data-id=\"c719578\" data-element_type=\"widget\" data-widget_type=\"heading.default\">\n\t\t\t\t<div class=\"elementor-widget-container\">\n\t\t\t<h2 class=\"elementor-heading-title elementor-size-default\">\ud83d\udccc Docentes invitados<\/h2>\t\t<\/div>\n\t\t\t\t<\/div>\n\t\t\t\t<div class=\"elementor-element elementor-element-e792be1 elementor-widget elementor-widget-text-editor\" data-id=\"e792be1\" data-element_type=\"widget\" data-widget_type=\"text-editor.default\">\n\t\t\t\t<div class=\"elementor-widget-container\">\n\t\t\t\t\t\t\t<ul><li><span class=\"TextRun SCXW236882164 BCX0\" lang=\"ES-ES\" xml:lang=\"ES-ES\" data-contrast=\"none\"><span class=\"NormalTextRun SCXW236882164 BCX0\">\ud83d\udc68\u200d\ud83c\udfeb\u00a0<strong>Mg. Sergio Sebasti\u00e1n Tapia<\/strong>\u00a0<img decoding=\"async\" class=\"emoji\" role=\"img\" draggable=\"false\" src=\"https:\/\/s.w.org\/images\/core\/emoji\/15.0.3\/svg\/1f1e8-1f1f1.svg\" alt=\"\ud83c\udde8\ud83c\uddf1\" \/>\u00a0\u2013 Kinesi\u00f3logo maxilofacial. Mag\u00edster en dolor cr\u00e1neo-c\u00e9rvico-facial.<\/span><\/span><span class=\"LineBreakBlob BlobObject DragDrop SCXW236882164 BCX0\"><span class=\"SCXW236882164 BCX0\">\u00a0<\/span><br class=\"SCXW236882164 BCX0\" \/><\/span><\/li><li><span class=\"TextRun SCXW236882164 BCX0\" lang=\"ES-ES\" xml:lang=\"ES-ES\" data-contrast=\"none\"><span class=\"NormalTextRun SCXW236882164 BCX0\">\ud83d\udc68<\/span><span class=\"NormalTextRun ContextualSpellingAndGrammarErrorV2Themed SCXW236882164 BCX0\">\u200d\ud83c\udfeb<strong>\u00a0Mg<\/strong><\/span><span class=\"NormalTextRun SCXW236882164 BCX0\"><strong>. Guillermo Santill\u00e1n<\/strong>\u00a0<img decoding=\"async\" class=\"emoji\" role=\"img\" draggable=\"false\" src=\"https:\/\/s.w.org\/images\/core\/emoji\/15.0.3\/svg\/1f1ea-1f1e8.svg\" alt=\"\ud83c\uddea\ud83c\udde8\" \/>\u00a0\u2013 Docente Posgrado MTMO y Pregrado Fisioterapia \u2013 UDLA.<\/span><\/span><\/li><\/ul>\t\t\t\t\t\t<\/div>\n\t\t\t\t<\/div>\n\t\t\t\t<div class=\"elementor-element elementor-element-5ddb585 elementor-widget elementor-widget-heading\" data-id=\"5ddb585\" data-element_type=\"widget\" data-widget_type=\"heading.default\">\n\t\t\t\t<div class=\"elementor-widget-container\">\n\t\t\t<h2 class=\"elementor-heading-title elementor-size-default\">\ud83d\udccc Sobre el evento<\/h2>\t\t<\/div>\n\t\t\t\t<\/div>\n\t\t\t\t<div class=\"elementor-element elementor-element-23fcab0 elementor-widget elementor-widget-text-editor\" data-id=\"23fcab0\" data-element_type=\"widget\" data-widget_type=\"text-editor.default\">\n\t\t\t\t<div class=\"elementor-widget-container\">\n\t\t\t\t\t\t\t<p><span data-contrast=\"none\"><strong>Fecha:<\/strong>\u00a0Viernes 26 de septiembre de 2025<\/span>\u00a0<br \/><span data-contrast=\"none\"><strong>Hora:<\/strong>\u00a019h00 (Ecuador)<\/span>\u00a0<br \/><span data-contrast=\"none\"><strong>Duraci\u00f3n:<\/strong>\u00a01h30<\/span>\u00a0<br \/><span data-contrast=\"none\"><strong>Modalidad:<\/strong>\u00a0Online v\u00eda TEAMS<\/span>\u00a0<br \/><span data-contrast=\"none\"><strong>Organiza:<\/strong>\u00a0Universidad de Las Am\u00e9ricas (UDLA)<\/span><span data-ccp-props=\"{&quot;134233117&quot;:false,&quot;134233118&quot;:false,&quot;335559738&quot;:240,&quot;335559739&quot;:240}\">\u00a0<\/span><\/p><p><span data-contrast=\"none\">\ud83d\udc49 Reg\u00edstrate ahora y asegura tu lugar en esta experiencia acad\u00e9mica.<\/span>\u00a0<\/p><p><span data-contrast=\"none\"><strong>Organiza:<\/strong>\u00a0Maestr\u00eda en Terapia Manual Ortop\u00e9dica Integral<\/span><\/p>\t\t\t\t\t\t<\/div>\n\t\t\t\t<\/div>\n\t\t\t\t<\/div>\n\t\t<div class=\"elementor-element elementor-element-ab5a948 e-con-full e-flex e-con e-child\" data-id=\"ab5a948\" data-element_type=\"container\" id=\"#formulario\" data-settings=\"{&quot;background_background&quot;:&quot;classic&quot;}\">\n\t\t\t\t<div class=\"elementor-element elementor-element-3d4bda7 elementor-widget elementor-widget-shortcode\" data-id=\"3d4bda7\" data-element_type=\"widget\" data-widget_type=\"shortcode.default\">\n\t\t\t\t<div class=\"elementor-widget-container\">\n\t\t\t\t\t<div class=\"elementor-shortcode\">[forminator_form id=\"38905\"]<\/div>\n\t\t\t\t<\/div>\n\t\t\t\t<\/div>\n\t\t\t\t<\/div>\n\t\t\t\t\t<\/div>\n\t\t\t\t<\/div>\n\t\t\t\t<\/div>\n\t\t","protected":false},"excerpt":{"rendered":"<p>\ud83c\udf00 Webinar gratuito Sincron\u00eda corporal Caso cl\u00ednico de ruido en ATM y su evaluaci\u00f3n multidimensional Sobre el evento Un an\u00e1lisis cl\u00ednico desde la fisioterapia y la terapia manual ortop\u00e9dica.\u00a0 Un ruido en la articulaci\u00f3n temporomandibular (ATM) puede esconder un complejo cuadro cl\u00ednico. Este webinar ofrece una experiencia acad\u00e9mica para profesionales de la fisioterapia interesados en&#8230;<\/p>\n","protected":false},"author":1,"featured_media":0,"parent":0,"menu_order":0,"comment_status":"closed","ping_status":"closed","template":"elementor_canvas","meta":{"footnotes":""},"class_list":["post-38903","page","type-page","status-publish","hentry"],"_links":{"self":[{"href":"https:\/\/sitios.udla.edu.ec\/proyectos\/wp-json\/wp\/v2\/pages\/38903","targetHints":{"allow":["GET"]}}],"collection":[{"href":"https:\/\/sitios.udla.edu.ec\/proyectos\/wp-json\/wp\/v2\/pages"}],"about":[{"href":"https:\/\/sitios.udla.edu.ec\/proyectos\/wp-json\/wp\/v2\/types\/page"}],"author":[{"embeddable":true,"href":"https:\/\/sitios.udla.edu.ec\/proyectos\/wp-json\/wp\/v2\/users\/1"}],"replies":[{"embeddable":true,"href":"https:\/\/sitios.udla.edu.ec\/proyectos\/wp-json\/wp\/v2\/comments?post=38903"}],"version-history":[{"count":31,"href":"https:\/\/sitios.udla.edu.ec\/proyectos\/wp-json\/wp\/v2\/pages\/38903\/revisions"}],"predecessor-version":[{"id":39025,"href":"https:\/\/sitios.udla.edu.ec\/proyectos\/wp-json\/wp\/v2\/pages\/38903\/revisions\/39025"}],"wp:attachment":[{"href":"https:\/\/sitios.udla.edu.ec\/proyectos\/wp-json\/wp\/v2\/media?parent=38903"}],"curies":[{"name":"wp","href":"https:\/\/api.w.org\/{rel}","templated":true}]}}