{"id":38744,"date":"2025-08-12T22:01:33","date_gmt":"2025-08-12T22:01:33","guid":{"rendered":"https:\/\/sitios.udla.edu.ec\/proyectos\/?page_id=38744"},"modified":"2025-08-13T21:41:39","modified_gmt":"2025-08-13T21:41:39","slug":"4-fantasticos","status":"publish","type":"page","link":"https:\/\/sitios.udla.edu.ec\/proyectos\/4-fantasticos\/","title":{"rendered":"4-fant\u00e1sticos"},"content":{"rendered":"\t\t<div data-elementor-type=\"wp-page\" data-elementor-id=\"38744\" class=\"elementor elementor-38744\">\n\t\t\t\t<div class=\"elementor-element elementor-element-aa0166a e-con-full e-flex e-con e-child\" data-id=\"aa0166a\" data-element_type=\"container\" data-settings=\"{&quot;background_background&quot;:&quot;classic&quot;}\">\n\t\t<div class=\"elementor-element elementor-element-c83b628 e-con-full e-flex e-con e-child\" data-id=\"c83b628\" data-element_type=\"container\" data-settings=\"{&quot;background_background&quot;:&quot;classic&quot;}\">\n\t\t<div class=\"elementor-element elementor-element-279cd48 e-con-full e-flex e-con e-child\" data-id=\"279cd48\" data-element_type=\"container\" id=\"formulario\" data-settings=\"{&quot;background_background&quot;:&quot;classic&quot;}\">\n\t\t\t\t<div class=\"elementor-element elementor-element-92894cf elementor-widget elementor-widget-heading\" data-id=\"92894cf\" data-element_type=\"widget\" data-widget_type=\"heading.default\">\n\t\t\t\t<div class=\"elementor-widget-container\">\n\t\t\t<h2 class=\"elementor-heading-title elementor-size-default\">\u00a1Analicemos la pel\u00edcula! <\/h2>\t\t<\/div>\n\t\t\t\t<\/div>\n\t\t\t\t<div class=\"elementor-element elementor-element-a925703 elementor-widget elementor-widget-shortcode\" data-id=\"a925703\" data-element_type=\"widget\" data-widget_type=\"shortcode.default\">\n\t\t\t\t<div class=\"elementor-widget-container\">\n\t\t\t\t\t<div class=\"elementor-shortcode\">[forminator_form id=\"38751\"]<\/div>\n\t\t\t\t<\/div>\n\t\t\t\t<\/div>\n\t\t\t\t<\/div>\n\t\t<div class=\"elementor-element elementor-element-8fc1ff6 e-con-full e-flex e-con e-child\" data-id=\"8fc1ff6\" data-element_type=\"container\" data-settings=\"{&quot;background_background&quot;:&quot;classic&quot;}\">\n\t\t\t\t<div class=\"elementor-element elementor-element-a8b9cf1 elementor-widget elementor-widget-image\" data-id=\"a8b9cf1\" data-element_type=\"widget\" data-widget_type=\"image.default\">\n\t\t\t\t<div class=\"elementor-widget-container\">\n\t\t\t\t\t\t\t\t\t\t\t\t\t<img fetchpriority=\"high\" decoding=\"async\" width=\"300\" height=\"300\" src=\"https:\/\/sitios.udla.edu.ec\/proyectos\/wp-content\/uploads\/2025\/08\/4-fantasticos-300x300.png\" class=\"attachment-medium size-medium wp-image-38757\" alt=\"\" srcset=\"https:\/\/sitios.udla.edu.ec\/proyectos\/wp-content\/uploads\/2025\/08\/4-fantasticos-300x300.png 300w, https:\/\/sitios.udla.edu.ec\/proyectos\/wp-content\/uploads\/2025\/08\/4-fantasticos-150x150.png 150w, https:\/\/sitios.udla.edu.ec\/proyectos\/wp-content\/uploads\/2025\/08\/4-fantasticos-768x768.png 768w, https:\/\/sitios.udla.edu.ec\/proyectos\/wp-content\/uploads\/2025\/08\/4-fantasticos-500x500.png 500w, https:\/\/sitios.udla.edu.ec\/proyectos\/wp-content\/uploads\/2025\/08\/4-fantasticos-100x100.png 100w, https:\/\/sitios.udla.edu.ec\/proyectos\/wp-content\/uploads\/2025\/08\/4-fantasticos.png 1000w\" sizes=\"(max-width: 300px) 100vw, 300px\" \/>\t\t\t\t\t\t\t\t\t\t\t\t\t<\/div>\n\t\t\t\t<\/div>\n\t\t\t\t<div class=\"elementor-element elementor-element-bcea8ad elementor-mobile-align-center elementor-hidden-desktop elementor-widget elementor-widget-button\" data-id=\"bcea8ad\" data-element_type=\"widget\" data-widget_type=\"button.default\">\n\t\t\t\t<div class=\"elementor-widget-container\">\n\t\t\t\t\t\t\t<div class=\"elementor-button-wrapper\">\n\t\t\t\t\t<a class=\"elementor-button elementor-button-link elementor-size-sm\" href=\"#formulario\">\n\t\t\t\t\t\t<span class=\"elementor-button-content-wrapper\">\n\t\t\t\t\t\t\t\t\t<span class=\"elementor-button-text\">Inscripci\u00f3n <\/span>\n\t\t\t\t\t<\/span>\n\t\t\t\t\t<\/a>\n\t\t\t\t<\/div>\n\t\t\t\t\t\t<\/div>\n\t\t\t\t<\/div>\n\t\t\t\t<div class=\"elementor-element elementor-element-c9cfefd elementor-widget elementor-widget-text-editor\" data-id=\"c9cfefd\" data-element_type=\"widget\" data-widget_type=\"text-editor.default\">\n\t\t\t\t<div class=\"elementor-widget-container\">\n\t\t\t\t\t\t\t<p><span data-teams=\"true\">Te invitamos a vivir una funci\u00f3n exclusiva de los &#8220;4 Fant\u00e1sticos&#8221; en Multicines del CCI. No solo disfrutar\u00e1s de la pel\u00edcula, sino que tambi\u00e9n descubrir\u00e1s de primera mano c\u00f3mo es estudiar <strong>Cine<\/strong> o <strong>Multimedia y Producci\u00f3n Audiovisual<\/strong> en la UDLA, explorando las oportunidades, proyectos y experiencias que podr\u00e1s vivir como estudiante.<\/span><\/p>\t\t\t\t\t\t<\/div>\n\t\t\t\t<\/div>\n\t\t\t\t<\/div>\n\t\t\t\t<\/div>\n\t\t<div class=\"elementor-element elementor-element-3c6c20b e-con-full e-flex e-con e-child\" data-id=\"3c6c20b\" data-element_type=\"container\">\n\t\t<div class=\"elementor-element elementor-element-775da30 e-con-full e-flex e-con e-child\" data-id=\"775da30\" data-element_type=\"container\">\n\t\t\t\t<div class=\"elementor-element elementor-element-18f13aa elementor-hidden-mobile elementor-widget elementor-widget-image\" data-id=\"18f13aa\" data-element_type=\"widget\" data-widget_type=\"image.default\">\n\t\t\t\t<div class=\"elementor-widget-container\">\n\t\t\t\t\t\t\t\t\t\t\t\t\t<img decoding=\"async\" width=\"226\" height=\"96\" src=\"https:\/\/sitios.udla.edu.ec\/proyectos\/wp-content\/uploads\/2024\/08\/LOGOBLANCO2021-1.png\" class=\"attachment-large size-large wp-image-32110\" alt=\"\" \/>\t\t\t\t\t\t\t\t\t\t\t\t\t<\/div>\n\t\t\t\t<\/div>\n\t\t\t\t<\/div>\n\t\t<div class=\"elementor-element elementor-element-ae865f8 e-con-full elementor-hidden-mobile e-flex e-con e-child\" data-id=\"ae865f8\" data-element_type=\"container\">\n\t\t\t\t<\/div>\n\t\t<div class=\"elementor-element elementor-element-5f6ad5d e-con-full elementor-hidden-mobile e-flex e-con e-child\" data-id=\"5f6ad5d\" data-element_type=\"container\">\n\t\t\t\t<\/div>\n\t\t<div class=\"elementor-element elementor-element-c65b9e6 e-con-full elementor-hidden-mobile e-flex e-con e-child\" data-id=\"c65b9e6\" data-element_type=\"container\">\n\t\t\t\t<\/div>\n\t\t\t\t<\/div>\n\t\t\t\t<\/div>\n\t\t\t\t<\/div>\n\t\t","protected":false},"excerpt":{"rendered":"<p>\u00a1Analicemos la pel\u00edcula! [forminator_form id=&#8221;38751&#8243;] Inscripci\u00f3n Te invitamos a vivir una funci\u00f3n exclusiva de los &#8220;4 Fant\u00e1sticos&#8221; en Multicines del CCI. No solo disfrutar\u00e1s de la pel\u00edcula, sino que tambi\u00e9n descubrir\u00e1s de primera mano c\u00f3mo es estudiar Cine o Multimedia y Producci\u00f3n Audiovisual en la UDLA, explorando las oportunidades, proyectos y experiencias que podr\u00e1s vivir&#8230;<\/p>\n","protected":false},"author":1,"featured_media":0,"parent":0,"menu_order":0,"comment_status":"closed","ping_status":"closed","template":"elementor_canvas","meta":{"footnotes":""},"class_list":["post-38744","page","type-page","status-publish","hentry"],"_links":{"self":[{"href":"https:\/\/sitios.udla.edu.ec\/proyectos\/wp-json\/wp\/v2\/pages\/38744","targetHints":{"allow":["GET"]}}],"collection":[{"href":"https:\/\/sitios.udla.edu.ec\/proyectos\/wp-json\/wp\/v2\/pages"}],"about":[{"href":"https:\/\/sitios.udla.edu.ec\/proyectos\/wp-json\/wp\/v2\/types\/page"}],"author":[{"embeddable":true,"href":"https:\/\/sitios.udla.edu.ec\/proyectos\/wp-json\/wp\/v2\/users\/1"}],"replies":[{"embeddable":true,"href":"https:\/\/sitios.udla.edu.ec\/proyectos\/wp-json\/wp\/v2\/comments?post=38744"}],"version-history":[{"count":53,"href":"https:\/\/sitios.udla.edu.ec\/proyectos\/wp-json\/wp\/v2\/pages\/38744\/revisions"}],"predecessor-version":[{"id":39317,"href":"https:\/\/sitios.udla.edu.ec\/proyectos\/wp-json\/wp\/v2\/pages\/38744\/revisions\/39317"}],"wp:attachment":[{"href":"https:\/\/sitios.udla.edu.ec\/proyectos\/wp-json\/wp\/v2\/media?parent=38744"}],"curies":[{"name":"wp","href":"https:\/\/api.w.org\/{rel}","templated":true}]}}