{"id":36571,"date":"2025-04-01T20:58:33","date_gmt":"2025-04-01T20:58:33","guid":{"rendered":"https:\/\/sitios.udla.edu.ec\/proyectos\/?page_id=36571"},"modified":"2025-04-01T21:01:51","modified_gmt":"2025-04-01T21:01:51","slug":"conmemoramos-75-anos-de-relaciones-diplomaticas-entre-turkiye-y-ecuador","status":"publish","type":"page","link":"https:\/\/sitios.udla.edu.ec\/proyectos\/conmemoramos-75-anos-de-relaciones-diplomaticas-entre-turkiye-y-ecuador\/","title":{"rendered":"Conmemoramos 75 anos de relaciones diplomaticas entre Turkiye y Ecuador\u202f"},"content":{"rendered":"\t\t<div data-elementor-type=\"wp-page\" data-elementor-id=\"36571\" class=\"elementor elementor-36571\">\n\t\t\t\t<div class=\"elementor-element elementor-element-b3c9b3d e-flex e-con-boxed e-con e-parent\" data-id=\"b3c9b3d\" data-element_type=\"container\" data-settings=\"{&quot;background_background&quot;:&quot;classic&quot;}\">\n\t\t\t\t\t<div class=\"e-con-inner\">\n\t\t<div class=\"elementor-element elementor-element-df0c6fd e-con-full e-flex e-con e-child\" data-id=\"df0c6fd\" data-element_type=\"container\">\n\t\t\t\t<div class=\"elementor-element elementor-element-4df2e60 elementor-widget elementor-widget-image\" data-id=\"4df2e60\" data-element_type=\"widget\" data-widget_type=\"image.default\">\n\t\t\t\t<div class=\"elementor-widget-container\">\n\t\t\t\t\t\t\t\t\t\t\t\t\t<img decoding=\"async\" width=\"150\" height=\"59\" src=\"https:\/\/sitios.udla.edu.ec\/proyectos\/wp-content\/uploads\/2025\/01\/logo-udla-blanco-nuevo.png\" class=\"attachment-large size-large wp-image-35691\" alt=\"\" \/>\t\t\t\t\t\t\t\t\t\t\t\t\t<\/div>\n\t\t\t\t<\/div>\n\t\t\t\t<div class=\"elementor-element elementor-element-ebda236 elementor-widget elementor-widget-heading\" data-id=\"ebda236\" data-element_type=\"widget\" data-widget_type=\"heading.default\">\n\t\t\t\t<div class=\"elementor-widget-container\">\n\t\t\t<h1 class=\"elementor-heading-title elementor-size-default\">Conmemoramos 75 a\u00f1os de relaciones diplom\u00e1ticas entre T\u00fcrkiye y Ecuador\u202f<\/h1>\t\t<\/div>\n\t\t\t\t<\/div>\n\t\t\t\t<div class=\"elementor-element elementor-element-cf28a24 elementor-widget elementor-widget-text-editor\" data-id=\"cf28a24\" data-element_type=\"widget\" data-widget_type=\"text-editor.default\">\n\t\t\t\t<div class=\"elementor-widget-container\">\n\t\t\t\t\t\t\t<div data-olk-copy-source=\"MessageBody\">Te invitamos a participar en un evento acad\u00e9mico y cultural \u00fanico, organizado en colaboraci\u00f3n con la Embajada de T\u00fcrkiye en Ecuador, que celebra los v\u00ednculos hist\u00f3ricos, pol\u00edticos y culturales entre ambas naciones.\u202f<\/div><div>\u00a0<\/div><div>Este encuentro contar\u00e1 con la presencia de autoridades diplom\u00e1ticas, expertos internacionales y docentes universitarios que compartir\u00e1n su visi\u00f3n sobre la historia, la pol\u00edtica exterior y las oportunidades acad\u00e9micas en T\u00fcrkiye.\u202f<\/div><div>\u00a0<\/div><div>Adem\u00e1s, podr\u00e1s disfrutar de una experiencia cultural aut\u00e9ntica con una degustaci\u00f3n de caf\u00e9 turco.\u202f<\/div>\t\t\t\t\t\t<\/div>\n\t\t\t\t<\/div>\n\t\t<div class=\"elementor-element elementor-element-c5daf03 e-con-full e-flex e-con e-child\" data-id=\"c5daf03\" data-element_type=\"container\">\n\t\t\t\t<div class=\"elementor-element elementor-element-9ebf3e0 elementor-widget__width-initial elementor-mobile-align-justify elementor-widget elementor-widget-button\" data-id=\"9ebf3e0\" data-element_type=\"widget\" data-widget_type=\"button.default\">\n\t\t\t\t<div class=\"elementor-widget-container\">\n\t\t\t\t\t\t\t<div class=\"elementor-button-wrapper\">\n\t\t\t\t\t<a class=\"elementor-button elementor-button-link elementor-size-sm elementor-animation-grow\" href=\"#formulario\">\n\t\t\t\t\t\t<span class=\"elementor-button-content-wrapper\">\n\t\t\t\t\t\t\t\t\t<span class=\"elementor-button-text\">Inscripci\u00f3n <\/span>\n\t\t\t\t\t<\/span>\n\t\t\t\t\t<\/a>\n\t\t\t\t<\/div>\n\t\t\t\t\t\t<\/div>\n\t\t\t\t<\/div>\n\t\t\t\t<\/div>\n\t\t\t\t<\/div>\n\t\t<div class=\"elementor-element elementor-element-71ce023 e-con-full e-flex e-con e-child\" data-id=\"71ce023\" data-element_type=\"container\">\n\t\t\t\t<\/div>\n\t\t\t\t\t<\/div>\n\t\t\t\t<\/div>\n\t\t<div class=\"elementor-element elementor-element-ca529d9 e-flex e-con-boxed e-con e-parent\" data-id=\"ca529d9\" data-element_type=\"container\" id=\"formulario\">\n\t\t\t\t\t<div class=\"e-con-inner\">\n\t\t<div class=\"elementor-element elementor-element-790c6f7 e-con-full e-flex e-con e-child\" data-id=\"790c6f7\" data-element_type=\"container\">\n\t\t\t\t<\/div>\n\t\t<div class=\"elementor-element elementor-element-8633126 e-con-full e-flex e-con e-child\" data-id=\"8633126\" data-element_type=\"container\" data-settings=\"{&quot;background_background&quot;:&quot;classic&quot;}\">\n\t\t\t\t<div class=\"elementor-element elementor-element-4ed3bce elementor-widget elementor-widget-shortcode\" data-id=\"4ed3bce\" data-element_type=\"widget\" data-widget_type=\"shortcode.default\">\n\t\t\t\t<div class=\"elementor-widget-container\">\n\t\t\t\t\t<div class=\"elementor-shortcode\">[forminator_form id=\"36590\"]<\/div>\n\t\t\t\t<\/div>\n\t\t\t\t<\/div>\n\t\t\t\t<\/div>\n\t\t\t\t\t<\/div>\n\t\t\t\t<\/div>\n\t\t\t\t<\/div>\n\t\t","protected":false},"excerpt":{"rendered":"<p>Conmemoramos 75 a\u00f1os de relaciones diplom\u00e1ticas entre T\u00fcrkiye y Ecuador\u202f Te invitamos a participar en un evento acad\u00e9mico y cultural \u00fanico, organizado en colaboraci\u00f3n con la Embajada de T\u00fcrkiye en Ecuador, que celebra los v\u00ednculos hist\u00f3ricos, pol\u00edticos y culturales entre ambas naciones.\u202f\u00a0Este encuentro contar\u00e1 con la presencia de autoridades diplom\u00e1ticas, expertos internacionales y docentes universitarios&#8230;<\/p>\n","protected":false},"author":1,"featured_media":0,"parent":0,"menu_order":0,"comment_status":"closed","ping_status":"closed","template":"elementor_canvas","meta":{"footnotes":""},"class_list":["post-36571","page","type-page","status-publish","hentry"],"_links":{"self":[{"href":"https:\/\/sitios.udla.edu.ec\/proyectos\/wp-json\/wp\/v2\/pages\/36571","targetHints":{"allow":["GET"]}}],"collection":[{"href":"https:\/\/sitios.udla.edu.ec\/proyectos\/wp-json\/wp\/v2\/pages"}],"about":[{"href":"https:\/\/sitios.udla.edu.ec\/proyectos\/wp-json\/wp\/v2\/types\/page"}],"author":[{"embeddable":true,"href":"https:\/\/sitios.udla.edu.ec\/proyectos\/wp-json\/wp\/v2\/users\/1"}],"replies":[{"embeddable":true,"href":"https:\/\/sitios.udla.edu.ec\/proyectos\/wp-json\/wp\/v2\/comments?post=36571"}],"version-history":[{"count":8,"href":"https:\/\/sitios.udla.edu.ec\/proyectos\/wp-json\/wp\/v2\/pages\/36571\/revisions"}],"predecessor-version":[{"id":36698,"href":"https:\/\/sitios.udla.edu.ec\/proyectos\/wp-json\/wp\/v2\/pages\/36571\/revisions\/36698"}],"wp:attachment":[{"href":"https:\/\/sitios.udla.edu.ec\/proyectos\/wp-json\/wp\/v2\/media?parent=36571"}],"curies":[{"name":"wp","href":"https:\/\/api.w.org\/{rel}","templated":true}]}}