{"id":36332,"date":"2025-03-13T15:17:55","date_gmt":"2025-03-13T15:17:55","guid":{"rendered":"https:\/\/sitios.udla.edu.ec\/proyectos\/?page_id=36332"},"modified":"2025-03-19T17:15:09","modified_gmt":"2025-03-19T17:15:09","slug":"agentes-de-inteligencia-artificial-en-tu-estrategia-de-marketing","status":"publish","type":"page","link":"https:\/\/sitios.udla.edu.ec\/proyectos\/agentes-de-inteligencia-artificial-en-tu-estrategia-de-marketing\/","title":{"rendered":"Agentes de Inteligencia Artificial: En tu estrategia de marketing"},"content":{"rendered":"\t\t<div data-elementor-type=\"wp-page\" data-elementor-id=\"36332\" class=\"elementor elementor-36332\">\n\t\t\t\t<div class=\"elementor-element elementor-element-b3c9b3d e-flex e-con-boxed e-con e-parent\" data-id=\"b3c9b3d\" data-element_type=\"container\" data-settings=\"{&quot;background_background&quot;:&quot;classic&quot;}\">\n\t\t\t\t\t<div class=\"e-con-inner\">\n\t\t<div class=\"elementor-element elementor-element-df0c6fd e-con-full e-flex e-con e-child\" data-id=\"df0c6fd\" data-element_type=\"container\">\n\t\t\t\t<div class=\"elementor-element elementor-element-52723f6 elementor-widget elementor-widget-heading\" data-id=\"52723f6\" data-element_type=\"widget\" data-widget_type=\"heading.default\">\n\t\t\t\t<div class=\"elementor-widget-container\">\n\t\t\t<h2 class=\"elementor-heading-title elementor-size-default\">CHARLA: Agentes de Inteligencia Artificial en tu estrategia de marketing<\/h2>\t\t<\/div>\n\t\t\t\t<\/div>\n\t\t\t\t<div class=\"elementor-element elementor-element-f6a698f elementor-icon-list--layout-traditional elementor-list-item-link-full_width elementor-widget elementor-widget-icon-list\" data-id=\"f6a698f\" data-element_type=\"widget\" data-widget_type=\"icon-list.default\">\n\t\t\t\t<div class=\"elementor-widget-container\">\n\t\t\t\t\t<ul class=\"elementor-icon-list-items\">\n\t\t\t\t\t\t\t<li class=\"elementor-icon-list-item\">\n\t\t\t\t\t\t\t\t\t\t\t<span class=\"elementor-icon-list-icon\">\n\t\t\t\t\t\t\t<i aria-hidden=\"true\" class=\"fas fa-calendar-alt\"><\/i>\t\t\t\t\t\t<\/span>\n\t\t\t\t\t\t\t\t\t\t<span class=\"elementor-icon-list-text\">Mi\u00e9rcoles, 26 de marzo<\/span>\n\t\t\t\t\t\t\t\t\t<\/li>\n\t\t\t\t\t\t\t\t<li class=\"elementor-icon-list-item\">\n\t\t\t\t\t\t\t\t\t\t\t<span class=\"elementor-icon-list-icon\">\n\t\t\t\t\t\t\t<i aria-hidden=\"true\" class=\"fas fa-clock\"><\/i>\t\t\t\t\t\t<\/span>\n\t\t\t\t\t\t\t\t\t\t<span class=\"elementor-icon-list-text\">18h30<\/span>\n\t\t\t\t\t\t\t\t\t<\/li>\n\t\t\t\t\t\t\t\t<li class=\"elementor-icon-list-item\">\n\t\t\t\t\t\t\t\t\t\t\t<span class=\"elementor-icon-list-icon\">\n\t\t\t\t\t\t\t<i aria-hidden=\"true\" class=\"fas fa-map-marker-alt\"><\/i>\t\t\t\t\t\t<\/span>\n\t\t\t\t\t\t\t\t\t\t<span class=\"elementor-icon-list-text\">UDLAPark, aula 705<\/span>\n\t\t\t\t\t\t\t\t\t<\/li>\n\t\t\t\t\t\t<\/ul>\n\t\t\t\t<\/div>\n\t\t\t\t<\/div>\n\t\t\t\t<\/div>\n\t\t<div class=\"elementor-element elementor-element-71ce023 e-con-full e-flex e-con e-child\" data-id=\"71ce023\" data-element_type=\"container\">\n\t\t\t\t<div class=\"elementor-element elementor-element-024a008 elementor-hidden-desktop elementor-hidden-tablet elementor-widget elementor-widget-heading\" data-id=\"024a008\" data-element_type=\"widget\" data-widget_type=\"heading.default\">\n\t\t\t\t<div class=\"elementor-widget-container\">\n\t\t\t<h2 class=\"elementor-heading-title elementor-size-default\">CHARLA: Agentes de Inteligencia Aritficial en tu estrategia de marketing<\/h2>\t\t<\/div>\n\t\t\t\t<\/div>\n\t\t<div class=\"elementor-element elementor-element-5e76585 e-con-full e-flex e-con e-child\" data-id=\"5e76585\" data-element_type=\"container\" data-settings=\"{&quot;background_background&quot;:&quot;classic&quot;}\">\n\t\t\t\t<div class=\"elementor-element elementor-element-ed356b5 elementor-widget elementor-widget-heading\" data-id=\"ed356b5\" data-element_type=\"widget\" data-widget_type=\"heading.default\">\n\t\t\t\t<div class=\"elementor-widget-container\">\n\t\t\t<h2 class=\"elementor-heading-title elementor-size-default\">Inscr\u00edbete<\/h2>\t\t<\/div>\n\t\t\t\t<\/div>\n\t\t\t\t<div class=\"elementor-element elementor-element-1418588 elementor-widget elementor-widget-shortcode\" data-id=\"1418588\" data-element_type=\"widget\" data-widget_type=\"shortcode.default\">\n\t\t\t\t<div class=\"elementor-widget-container\">\n\t\t\t\t\t<div class=\"elementor-shortcode\">[forminator_form id=\"36355\"]<\/div>\n\t\t\t\t<\/div>\n\t\t\t\t<\/div>\n\t\t\t\t<\/div>\n\t\t\t\t<\/div>\n\t\t\t\t\t<\/div>\n\t\t\t\t<\/div>\n\t\t\t\t<\/div>\n\t\t","protected":false},"excerpt":{"rendered":"<p>CHARLA: Agentes de Inteligencia Artificial en tu estrategia de marketing Efr\u00e9n Ortiz Experto en Marketing y Comunicaci\u00f3n Digital Mi\u00e9rcoles, 26 de marzo 18h30 UDLAPark, aula 705 CHARLA: Agentes de Inteligencia Aritficial en tu estrategia de marketing Inscr\u00edbete&#8230;<\/p>\n","protected":false},"author":1,"featured_media":0,"parent":0,"menu_order":0,"comment_status":"closed","ping_status":"closed","template":"elementor_canvas","meta":{"footnotes":""},"class_list":["post-36332","page","type-page","status-publish","hentry"],"_links":{"self":[{"href":"https:\/\/sitios.udla.edu.ec\/proyectos\/wp-json\/wp\/v2\/pages\/36332","targetHints":{"allow":["GET"]}}],"collection":[{"href":"https:\/\/sitios.udla.edu.ec\/proyectos\/wp-json\/wp\/v2\/pages"}],"about":[{"href":"https:\/\/sitios.udla.edu.ec\/proyectos\/wp-json\/wp\/v2\/types\/page"}],"author":[{"embeddable":true,"href":"https:\/\/sitios.udla.edu.ec\/proyectos\/wp-json\/wp\/v2\/users\/1"}],"replies":[{"embeddable":true,"href":"https:\/\/sitios.udla.edu.ec\/proyectos\/wp-json\/wp\/v2\/comments?post=36332"}],"version-history":[{"count":43,"href":"https:\/\/sitios.udla.edu.ec\/proyectos\/wp-json\/wp\/v2\/pages\/36332\/revisions"}],"predecessor-version":[{"id":36433,"href":"https:\/\/sitios.udla.edu.ec\/proyectos\/wp-json\/wp\/v2\/pages\/36332\/revisions\/36433"}],"wp:attachment":[{"href":"https:\/\/sitios.udla.edu.ec\/proyectos\/wp-json\/wp\/v2\/media?parent=36332"}],"curies":[{"name":"wp","href":"https:\/\/api.w.org\/{rel}","templated":true}]}}