{"id":35221,"date":"2025-01-07T17:59:49","date_gmt":"2025-01-07T17:59:49","guid":{"rendered":"https:\/\/sitios.udla.edu.ec\/proyectos\/?page_id=35221"},"modified":"2025-03-20T20:09:08","modified_gmt":"2025-03-20T20:09:08","slug":"torculo","status":"publish","type":"page","link":"https:\/\/sitios.udla.edu.ec\/proyectos\/torculo\/","title":{"rendered":"Torculo"},"content":{"rendered":"\t\t<div data-elementor-type=\"wp-page\" data-elementor-id=\"35221\" class=\"elementor elementor-35221\">\n\t\t\t\t<div class=\"elementor-element elementor-element-9dab3c7 e-con-full elementor-hidden-mobile e-flex e-con e-parent\" data-id=\"9dab3c7\" data-element_type=\"container\">\n\t\t\t\t<div class=\"elementor-element elementor-element-9516013 elementor-hidden-mobile elementor-widget elementor-widget-image\" data-id=\"9516013\" data-element_type=\"widget\" data-widget_type=\"image.default\">\n\t\t\t\t<div class=\"elementor-widget-container\">\n\t\t\t\t\t\t\t\t\t\t\t\t\t<img fetchpriority=\"high\" decoding=\"async\" width=\"1920\" height=\"960\" src=\"https:\/\/sitios.udla.edu.ec\/proyectos\/wp-content\/uploads\/2025\/01\/TORCULO_web.jpg\" class=\"attachment-full size-full wp-image-35228\" alt=\"\" srcset=\"https:\/\/sitios.udla.edu.ec\/proyectos\/wp-content\/uploads\/2025\/01\/TORCULO_web.jpg 1920w, https:\/\/sitios.udla.edu.ec\/proyectos\/wp-content\/uploads\/2025\/01\/TORCULO_web-300x150.jpg 300w, https:\/\/sitios.udla.edu.ec\/proyectos\/wp-content\/uploads\/2025\/01\/TORCULO_web-1024x512.jpg 1024w, https:\/\/sitios.udla.edu.ec\/proyectos\/wp-content\/uploads\/2025\/01\/TORCULO_web-768x384.jpg 768w, https:\/\/sitios.udla.edu.ec\/proyectos\/wp-content\/uploads\/2025\/01\/TORCULO_web-1536x768.jpg 1536w, https:\/\/sitios.udla.edu.ec\/proyectos\/wp-content\/uploads\/2025\/01\/TORCULO_web-600x300.jpg 600w\" sizes=\"(max-width: 1920px) 100vw, 1920px\" \/>\t\t\t\t\t\t\t\t\t\t\t\t\t<\/div>\n\t\t\t\t<\/div>\n\t\t\t\t<\/div>\n\t\t<div class=\"elementor-element elementor-element-6945652 e-con-full elementor-hidden-desktop elementor-hidden-tablet e-flex e-con e-parent\" data-id=\"6945652\" data-element_type=\"container\">\n\t\t\t\t<div class=\"elementor-element elementor-element-21b2bc4 elementor-widget elementor-widget-image\" data-id=\"21b2bc4\" data-element_type=\"widget\" data-widget_type=\"image.default\">\n\t\t\t\t<div class=\"elementor-widget-container\">\n\t\t\t\t\t\t\t\t\t\t\t\t\t<img decoding=\"async\" width=\"1440\" height=\"2560\" src=\"https:\/\/sitios.udla.edu.ec\/proyectos\/wp-content\/uploads\/2025\/01\/TORCULO_poster-scaled.jpg\" class=\"attachment-full size-full wp-image-35235\" alt=\"\" srcset=\"https:\/\/sitios.udla.edu.ec\/proyectos\/wp-content\/uploads\/2025\/01\/TORCULO_poster-scaled.jpg 1440w, https:\/\/sitios.udla.edu.ec\/proyectos\/wp-content\/uploads\/2025\/01\/TORCULO_poster-169x300.jpg 169w, https:\/\/sitios.udla.edu.ec\/proyectos\/wp-content\/uploads\/2025\/01\/TORCULO_poster-576x1024.jpg 576w, https:\/\/sitios.udla.edu.ec\/proyectos\/wp-content\/uploads\/2025\/01\/TORCULO_poster-768x1365.jpg 768w, https:\/\/sitios.udla.edu.ec\/proyectos\/wp-content\/uploads\/2025\/01\/TORCULO_poster-864x1536.jpg 864w, https:\/\/sitios.udla.edu.ec\/proyectos\/wp-content\/uploads\/2025\/01\/TORCULO_poster-1152x2048.jpg 1152w, https:\/\/sitios.udla.edu.ec\/proyectos\/wp-content\/uploads\/2025\/01\/TORCULO_poster-600x1067.jpg 600w\" sizes=\"(max-width: 1440px) 100vw, 1440px\" \/>\t\t\t\t\t\t\t\t\t\t\t\t\t<\/div>\n\t\t\t\t<\/div>\n\t\t\t\t<\/div>\n\t\t<div class=\"elementor-element elementor-element-6883aae e-flex e-con-boxed e-con e-parent\" data-id=\"6883aae\" data-element_type=\"container\">\n\t\t\t\t\t<div class=\"e-con-inner\">\n\t\t<div class=\"elementor-element elementor-element-07725c6 e-grid e-con-full e-con e-child\" data-id=\"07725c6\" data-element_type=\"container\">\n\t\t\t\t<div class=\"elementor-element elementor-element-b19add7 elementor-widget elementor-widget-heading\" data-id=\"b19add7\" data-element_type=\"widget\" data-widget_type=\"heading.default\">\n\t\t\t\t<div class=\"elementor-widget-container\">\n\t\t\t<h1 class=\"elementor-heading-title elementor-size-default\">CONVOCATORIA RESIDENCIA ART\u00cdSTICA<\/h1>\t\t<\/div>\n\t\t\t\t<\/div>\n\t\t\t\t<div class=\"elementor-element elementor-element-d0f7d7d elementor-widget-divider--view-line elementor-widget elementor-widget-divider\" data-id=\"d0f7d7d\" data-element_type=\"widget\" data-widget_type=\"divider.default\">\n\t\t\t\t<div class=\"elementor-widget-container\">\n\t\t\t\t\t<div class=\"elementor-divider\">\n\t\t\t<span class=\"elementor-divider-separator\">\n\t\t\t\t\t\t<\/span>\n\t\t<\/div>\n\t\t\t\t<\/div>\n\t\t\t\t<\/div>\n\t\t\t\t<\/div>\n\t\t\t\t<div class=\"elementor-element elementor-element-eb7275b elementor-widget elementor-widget-text-editor\" data-id=\"eb7275b\" data-element_type=\"widget\" data-widget_type=\"text-editor.default\">\n\t\t\t\t<div class=\"elementor-widget-container\">\n\t\t\t\t\t\t\t<p>En esta nueva edici\u00f3n, la residencia T\u00f3rculo busca generar un espacio de creaci\u00f3n donde prime el intercambio y la convivencia entre artistas latinoamericanos y espa\u00f1oles. Un lugar de reflexi\u00f3n, debate y producci\u00f3n de grabados contempor\u00e1neos bajo el acompa\u00f1amiento curatorial de Gabriela Moyano. Se busca crear un proyecto que tenga como eje conceptual la naturaleza. Las y los artistas podr\u00e1n desarrollar la obra en la t\u00e9cnica de grabado de su preferencia. Las matrices y\/o materiales de impresi\u00f3n deben provenir de alg\u00fan material reciclado incentivando la investigaci\u00f3n y producci\u00f3n de arte contempor\u00e1neo a partir de la noci\u00f3n de gr\u00e1fica expandida.<\/p>\t\t\t\t\t\t<\/div>\n\t\t\t\t<\/div>\n\t\t<div class=\"elementor-element elementor-element-eb71a6f e-grid e-con-full e-con e-child\" data-id=\"eb71a6f\" data-element_type=\"container\">\n\t\t\t\t<div class=\"elementor-element elementor-element-226c656 elementor-widget elementor-widget-heading\" data-id=\"226c656\" data-element_type=\"widget\" data-widget_type=\"heading.default\">\n\t\t\t\t<div class=\"elementor-widget-container\">\n\t\t\t<h2 class=\"elementor-heading-title elementor-size-default\">BASES<\/h2>\t\t<\/div>\n\t\t\t\t<\/div>\n\t\t\t\t<div class=\"elementor-element elementor-element-62cd577 elementor-widget-divider--view-line elementor-widget elementor-widget-divider\" data-id=\"62cd577\" data-element_type=\"widget\" data-widget_type=\"divider.default\">\n\t\t\t\t<div class=\"elementor-widget-container\">\n\t\t\t\t\t<div class=\"elementor-divider\">\n\t\t\t<span class=\"elementor-divider-separator\">\n\t\t\t\t\t\t<\/span>\n\t\t<\/div>\n\t\t\t\t<\/div>\n\t\t\t\t<\/div>\n\t\t\t\t<\/div>\n\t\t\t\t\t<\/div>\n\t\t\t\t<\/div>\n\t\t<div class=\"elementor-element elementor-element-a45306c e-flex e-con-boxed e-con e-parent\" data-id=\"a45306c\" data-element_type=\"container\">\n\t\t\t\t\t<div class=\"e-con-inner\">\n\t\t\t\t<div class=\"elementor-element elementor-element-72c4457 elementor-widget elementor-widget-image\" data-id=\"72c4457\" data-element_type=\"widget\" data-widget_type=\"image.default\">\n\t\t\t\t<div class=\"elementor-widget-container\">\n\t\t\t\t\t\t\t\t\t\t\t\t\t<img decoding=\"async\" width=\"640\" height=\"413\" src=\"https:\/\/sitios.udla.edu.ec\/proyectos\/wp-content\/uploads\/2025\/01\/img-camara-recortada-768x496.png\" class=\"attachment-medium_large size-medium_large wp-image-35234\" alt=\"\" srcset=\"https:\/\/sitios.udla.edu.ec\/proyectos\/wp-content\/uploads\/2025\/01\/img-camara-recortada-768x496.png 768w, https:\/\/sitios.udla.edu.ec\/proyectos\/wp-content\/uploads\/2025\/01\/img-camara-recortada-300x194.png 300w, https:\/\/sitios.udla.edu.ec\/proyectos\/wp-content\/uploads\/2025\/01\/img-camara-recortada-1024x662.png 1024w, https:\/\/sitios.udla.edu.ec\/proyectos\/wp-content\/uploads\/2025\/01\/img-camara-recortada-600x388.png 600w, https:\/\/sitios.udla.edu.ec\/proyectos\/wp-content\/uploads\/2025\/01\/img-camara-recortada.png 1263w\" sizes=\"(max-width: 640px) 100vw, 640px\" \/>\t\t\t\t\t\t\t\t\t\t\t\t\t<\/div>\n\t\t\t\t<\/div>\n\t\t\t\t<div class=\"elementor-element elementor-element-a6e67b6 elementor-widget elementor-widget-text-editor\" data-id=\"a6e67b6\" data-element_type=\"widget\" data-widget_type=\"text-editor.default\">\n\t\t\t\t<div class=\"elementor-widget-container\">\n\t\t\t\t\t\t\t<p>Hasta el 25 de febrero del 2025 se encuentran abiertas las postulaciones para la residencia art\u00edstica T\u00f3rculo Vol. 3 a desarrollarse durante la segunda mitad del a\u00f1o. La convocatoria es para artistas espa\u00f1oles y latinoamericanos. Ser\u00e1n seleccionados 16 artistas.<\/p><p>Se aceptar\u00e1n solicitudes de artistas de trayectoria intermedia, con conocimientos en la gr\u00e1fica. <br \/>La inscripci\u00f3n se la realizar\u00e1 llenando el formulario de inscripci\u00f3n en d\u00f3nde se incluye una propuesta de proyecto a desarrollar que tenga contenido gr\u00e1fico y concuerde con los lineamientos del texto curatorial de la residencia.<\/p><p>DIMENSI\u00d3N de obra: Para el transporte de la obra la misma deber\u00e1 ser embalada y no debe exceder 60 cm lineales (largo x ancho x profundidad) peso max 3 kg. La Fundaci\u00f3n Estamper\u00eda Quite\u00f1a no se har\u00e1 responsable por el embalaje ni traslado de las obras<\/p>\t\t\t\t\t\t<\/div>\n\t\t\t\t<\/div>\n\t\t\t\t\t<\/div>\n\t\t\t\t<\/div>\n\t\t<div class=\"elementor-element elementor-element-83f95f2 e-flex e-con-boxed e-con e-parent\" data-id=\"83f95f2\" data-element_type=\"container\">\n\t\t\t\t\t<div class=\"e-con-inner\">\n\t\t\t\t<div class=\"elementor-element elementor-element-963e6db elementor-widget elementor-widget-text-editor\" data-id=\"963e6db\" data-element_type=\"widget\" data-widget_type=\"text-editor.default\">\n\t\t\t\t<div class=\"elementor-widget-container\">\n\t\t\t\t\t\t\t<p>Texto curatorial:<\/p><p>El reciclar desde el arte contempor\u00e1neo est\u00e1 vinculado a procesos que involucren reutilizar materiales para crear nuevos materiales u objetos art\u00edsticos. Este tipo de pr\u00e1ctica se centra en entender el material desde sus m\u00faltiples funciones. Mientras el reciclaje implica la destrucci\u00f3n de residuos para crear algo nuevo, el upcycle toma residuos y crea algo nuevo a partir de ellos en su estado actual. El upcycling se trata de materiales o elementos que llegan a ser readaptados y\/o reutilizados de forma creativa y cuya vida \u00fatil, por tanto, se ampl\u00eda.<\/p><p>El concepto de \u201cnaturaleza\u201d es m\u00e1s complejo y abstracto, la crisis ecol\u00f3gica sigue siendo una realidad concreta y emp\u00edrica, que afecta a todos, cualquiera que sea su visi\u00f3n de la naturaleza. Entonces, abarcar las diferentes visiones de la naturaleza en lugar de contraponerlas aparece como uno de los desaf\u00edos fundamentales.<\/p><p>Esto hace eco de lo que Michael Rosenzweig acu\u00f1\u00f3 como \u00abecolog\u00eda de la reconciliaci\u00f3n\u00bb (Rosenzweig, 2003), postulando que la naturaleza puede, en algunos contextos, coexistir con cierto grado de presencia y actividad humana, y que a veces dicha presencia puede incluso ser favorable a la biodiversidad (Couvety Ducarm\u00e9, 2014). Muy diferente de la concepci\u00f3n tradicional americana de la conservaci\u00f3n, a menudo limitada a la preservaci\u00f3n de algunos santuarios remotos de naturaleza pr\u00edstina (la mayor\u00eda de las veces poco productiva desde el punto de vista biol\u00f3gico), la ecolog\u00eda de la reconciliaci\u00f3n propone desarrollar condiciones de coexistencia entre grupos humanos y ecosistemas, repensando as\u00ed la relaci\u00f3n directa entre humanidad y naturaleza.<\/p><p>\u00a0 \u00a0 \u00a0 \u00a0 \u00a0 \u00a0 \u00a0 \u00a0 \u00a0 Gabriela Moyano<\/p>\t\t\t\t\t\t<\/div>\n\t\t\t\t<\/div>\n\t\t\t\t\t<\/div>\n\t\t\t\t<\/div>\n\t\t<div class=\"elementor-element elementor-element-965e9bd e-flex e-con-boxed e-con e-parent\" data-id=\"965e9bd\" data-element_type=\"container\">\n\t\t\t\t\t<div class=\"e-con-inner\">\n\t\t\t\t<div class=\"elementor-element elementor-element-64ecf4c elementor-widget elementor-widget-text-editor\" data-id=\"64ecf4c\" data-element_type=\"widget\" data-widget_type=\"text-editor.default\">\n\t\t\t\t<div class=\"elementor-widget-container\">\n\t\t\t\t\t\t\t<p>La residencia proporciona:<br \/>\u2022 La participaci\u00f3n en el programa de residencia contar\u00e1 la exhibici\u00f3n de los proyectos en el 2026 en el Centro de Arte Contempor\u00e1neo de Quito (CAC) y en Espa\u00f1a (lugar por definir). Los artistas deber\u00e1n realizar 2 obras (una en cada taller, para que puedan formar parte de ambas exposiciones).\u00a0 \u00a0<br \/>\u2022 Conferencia v\u00eda zoom con el artista espa\u00f1ol Juan Pablo Villalpando sobre la gr\u00e1fica en el campo expandido.<\/p><p>En la Fundaci\u00f3n Estamper\u00eda Quite\u00f1a en Quito:\u00a0<br \/>\u2022 Acompa\u00f1amiento curatorial a cargo de Gabriela Moyano durante los 15 d\u00edas de residencia para el seguimiento de los proyectos de cada artista.\u00a0<br \/>\u2022 Un taller de uso com\u00fan con todas las herramientas de grabado a excepci\u00f3n de papel y matriz.<br \/>\u2022 Gesti\u00f3n para hospedaje del artista quien deber\u00e1 cubrir esos gastos.<br \/>\u2022 No se incluye transporte ni alimentaci\u00f3n.\u00a0<br \/>\u2022 Las fechas de la residencia para la Fundaci\u00f3n Estamper\u00eda Quite\u00f1a (Quito, Ecuador) del 16 al 28 de junio de 2025<\/p><p>Alfara Gr\u00e1fica Studio (Encina de San Silvestre, Espa\u00f1a) del 14 al 26 de septiembre de 2025.<br \/>En Alfara Gr\u00e1fica Studio en Encina de San Silvestre:<br \/>\u2022 Hospedaje para todos los artistas residentes.<br \/>\u2022 Un taller de uso com\u00fan con todas las herramientas de grabado a excepci\u00f3n de papel y matriz.<br \/>\u2022 Acompa\u00f1amiento curatorial a cargo de Gabriela Moyano durante los 15 d\u00edas de residencia para el seguimiento de los proyectos de cada artista.<br \/>\u2022 No se incluye transporte ni alimentaci\u00f3n.<\/p><p>El costo de la residencia para artistas nacionales y extranjeros es de USD$650.00.<br \/>El costo de la residencia para los artistas Miembros de la FEQ es de USD$450.00.<\/p><p>Los artistas espa\u00f1oles recibir\u00e1n una beca auspiciada por la Embajada de Espa\u00f1a en Ecuador. (Incluye: pasajes de avi\u00f3n (MAD-UIO, UIO-MAD), hospedaje en Quito y pago del valor total de la residencia. Los gastos de transporte terrestre y alimentaci\u00f3n en Quito y en Encinas de San Silvestre corren por cuenta del artista.<\/p><p>Los artistas seleccionados ser\u00e1n anunciados la \u00faltima semana de febrero de 2025. Deber\u00e1n realizar el pago total de la residencia en un plazo de dos d\u00edas h\u00e1biles despu\u00e9s de su selecci\u00f3n y firmar una carta de compromiso y aceptaci\u00f3n de las bases del proyecto.<\/p><p>Las artistas deben asumir el costo y la gesti\u00f3n de env\u00edo de las obras para su retorno al finalizar las exposiciones respectivas.<\/p><p>Las bases completas de la convocatoria se encuentran a disposici\u00f3n de los interesados en la biograf\u00eda de la p\u00e1gina de instagram de la Estamper\u00eda Quite\u00f1a: <a href=\"http:\/\/www.instagram.com\/estamperiaquitena\">www.instagram.com\/estamperiaquitena<\/a><\/p><p>En caso de dudas, se podr\u00e1n efectuar consultas a la direcci\u00f3n electr\u00f3nica:<\/p>\t\t\t\t\t\t<\/div>\n\t\t\t\t<\/div>\n\t\t<div class=\"elementor-element elementor-element-4afc144 e-grid e-con-full e-con e-child\" data-id=\"4afc144\" data-element_type=\"container\">\n\t\t\t\t<div class=\"elementor-element elementor-element-8a31f26 elementor-widget elementor-widget-button\" data-id=\"8a31f26\" data-element_type=\"widget\" data-widget_type=\"button.default\">\n\t\t\t\t<div class=\"elementor-widget-container\">\n\t\t\t\t\t\t\t<div class=\"elementor-button-wrapper\">\n\t\t\t\t\t<a class=\"elementor-button elementor-button-link elementor-size-sm elementor-animation-grow\" href=\"https:\/\/sitios.udla.edu.ec\/proyectos\/wp-content\/uploads\/2025\/01\/TORCULO-Residencia_Bases.pdf\" target=\"_blank\">\n\t\t\t\t\t\t<span class=\"elementor-button-content-wrapper\">\n\t\t\t\t\t\t\t\t\t<span class=\"elementor-button-text\">Descargar bases<\/span>\n\t\t\t\t\t<\/span>\n\t\t\t\t\t<\/a>\n\t\t\t\t<\/div>\n\t\t\t\t\t\t<\/div>\n\t\t\t\t<\/div>\n\t\t\t\t<\/div>\n\t\t\t\t\t<\/div>\n\t\t\t\t<\/div>\n\t\t<div class=\"elementor-element elementor-element-6d58801 e-flex e-con-boxed e-con e-parent\" data-id=\"6d58801\" data-element_type=\"container\">\n\t\t\t\t\t<div class=\"e-con-inner\">\n\t\t<div class=\"elementor-element elementor-element-5b54468 e-grid e-con-full e-con e-child\" data-id=\"5b54468\" data-element_type=\"container\">\n\t\t\t\t<div class=\"elementor-element elementor-element-89e2794 elementor-widget elementor-widget-heading\" data-id=\"89e2794\" data-element_type=\"widget\" data-widget_type=\"heading.default\">\n\t\t\t\t<div class=\"elementor-widget-container\">\n\t\t\t<h2 class=\"elementor-heading-title elementor-size-default\">FORMULARIO DE INSCRIPCI\u00d3N<\/h2>\t\t<\/div>\n\t\t\t\t<\/div>\n\t\t\t\t<div class=\"elementor-element elementor-element-3759d7c elementor-widget-divider--view-line elementor-widget elementor-widget-divider\" data-id=\"3759d7c\" data-element_type=\"widget\" data-widget_type=\"divider.default\">\n\t\t\t\t<div class=\"elementor-widget-container\">\n\t\t\t\t\t<div class=\"elementor-divider\">\n\t\t\t<span class=\"elementor-divider-separator\">\n\t\t\t\t\t\t<\/span>\n\t\t<\/div>\n\t\t\t\t<\/div>\n\t\t\t\t<\/div>\n\t\t\t\t<\/div>\n\t\t\t\t\t<\/div>\n\t\t\t\t<\/div>\n\t\t<div class=\"elementor-element elementor-element-57846b7 e-flex e-con-boxed e-con e-parent\" data-id=\"57846b7\" data-element_type=\"container\">\n\t\t\t\t\t<div class=\"e-con-inner\">\n\t\t\t\t<div class=\"elementor-element elementor-element-fd2a5da elementor-widget elementor-widget-shortcode\" data-id=\"fd2a5da\" data-element_type=\"widget\" data-widget_type=\"shortcode.default\">\n\t\t\t\t<div class=\"elementor-widget-container\">\n\t\t\t\t\t<div class=\"elementor-shortcode\">[forminator_form id=\"35356\"]<\/div>\n\t\t\t\t<\/div>\n\t\t\t\t<\/div>\n\t\t\t\t\t<\/div>\n\t\t\t\t<\/div>\n\t\t\t\t<\/div>\n\t\t","protected":false},"excerpt":{"rendered":"<p>CONVOCATORIA RESIDENCIA ART\u00cdSTICA En esta nueva edici\u00f3n, la residencia T\u00f3rculo busca generar un espacio de creaci\u00f3n donde prime el intercambio y la convivencia entre artistas latinoamericanos y espa\u00f1oles. Un lugar de reflexi\u00f3n, debate y producci\u00f3n de grabados contempor\u00e1neos bajo el acompa\u00f1amiento curatorial de Gabriela Moyano. Se busca crear un proyecto que tenga como eje conceptual&#8230;<\/p>\n","protected":false},"author":1,"featured_media":0,"parent":0,"menu_order":0,"comment_status":"closed","ping_status":"closed","template":"elementor_canvas","meta":{"footnotes":""},"class_list":["post-35221","page","type-page","status-publish","hentry"],"_links":{"self":[{"href":"https:\/\/sitios.udla.edu.ec\/proyectos\/wp-json\/wp\/v2\/pages\/35221","targetHints":{"allow":["GET"]}}],"collection":[{"href":"https:\/\/sitios.udla.edu.ec\/proyectos\/wp-json\/wp\/v2\/pages"}],"about":[{"href":"https:\/\/sitios.udla.edu.ec\/proyectos\/wp-json\/wp\/v2\/types\/page"}],"author":[{"embeddable":true,"href":"https:\/\/sitios.udla.edu.ec\/proyectos\/wp-json\/wp\/v2\/users\/1"}],"replies":[{"embeddable":true,"href":"https:\/\/sitios.udla.edu.ec\/proyectos\/wp-json\/wp\/v2\/comments?post=35221"}],"version-history":[{"count":64,"href":"https:\/\/sitios.udla.edu.ec\/proyectos\/wp-json\/wp\/v2\/pages\/35221\/revisions"}],"predecessor-version":[{"id":36436,"href":"https:\/\/sitios.udla.edu.ec\/proyectos\/wp-json\/wp\/v2\/pages\/35221\/revisions\/36436"}],"wp:attachment":[{"href":"https:\/\/sitios.udla.edu.ec\/proyectos\/wp-json\/wp\/v2\/media?parent=35221"}],"curies":[{"name":"wp","href":"https:\/\/api.w.org\/{rel}","templated":true}]}}