{"id":32757,"date":"2024-10-08T20:23:00","date_gmt":"2024-10-08T20:23:00","guid":{"rendered":"https:\/\/sitios.udla.edu.ec\/proyectos\/?page_id=32757"},"modified":"2024-10-09T17:55:26","modified_gmt":"2024-10-09T17:55:26","slug":"jornadas-de-veterinaria","status":"publish","type":"page","link":"https:\/\/sitios.udla.edu.ec\/proyectos\/jornadas-de-veterinaria\/","title":{"rendered":"Jornadas de Veterinaria"},"content":{"rendered":"\t\t<div data-elementor-type=\"wp-page\" data-elementor-id=\"32757\" class=\"elementor elementor-32757\">\n\t\t\t\t\t\t<section class=\"elementor-section elementor-top-section elementor-element elementor-element-c1461ca elementor-section-stretched elementor-section-content-middle elementor-section-boxed elementor-section-height-default elementor-section-height-default\" data-id=\"c1461ca\" data-element_type=\"section\" data-settings=\"{&quot;stretch_section&quot;:&quot;section-stretched&quot;,&quot;background_background&quot;:&quot;classic&quot;}\">\n\t\t\t\t\t\t<div class=\"elementor-container elementor-column-gap-default\">\n\t\t\t\t\t<div class=\"elementor-column elementor-col-100 elementor-top-column elementor-element elementor-element-ca56499\" data-id=\"ca56499\" data-element_type=\"column\">\n\t\t\t<div class=\"elementor-widget-wrap elementor-element-populated\">\n\t\t\t\t\t\t<section class=\"elementor-section elementor-inner-section elementor-element elementor-element-9faf001 elementor-section-content-middle elementor-section-boxed elementor-section-height-default elementor-section-height-default\" data-id=\"9faf001\" data-element_type=\"section\">\n\t\t\t\t\t\t<div class=\"elementor-container elementor-column-gap-default\">\n\t\t\t\t\t<div class=\"elementor-column elementor-col-50 elementor-inner-column elementor-element elementor-element-0406247\" data-id=\"0406247\" data-element_type=\"column\">\n\t\t\t<div class=\"elementor-widget-wrap\">\n\t\t\t\t\t\t\t<\/div>\n\t\t<\/div>\n\t\t\t\t<div class=\"elementor-column elementor-col-50 elementor-inner-column elementor-element elementor-element-7372102\" data-id=\"7372102\" data-element_type=\"column\">\n\t\t\t<div class=\"elementor-widget-wrap elementor-element-populated\">\n\t\t\t\t\t\t<div class=\"elementor-element elementor-element-08562cc elementor-widget elementor-widget-image\" data-id=\"08562cc\" data-element_type=\"widget\" data-widget_type=\"image.default\">\n\t\t\t\t<div class=\"elementor-widget-container\">\n\t\t\t\t\t\t\t\t\t\t\t\t\t<img fetchpriority=\"high\" decoding=\"async\" width=\"640\" height=\"767\" src=\"https:\/\/sitios.udla.edu.ec\/proyectos\/wp-content\/uploads\/2024\/10\/gato-1-1-855x1024.png\" class=\"attachment-large size-large wp-image-32762\" alt=\"\" srcset=\"https:\/\/sitios.udla.edu.ec\/proyectos\/wp-content\/uploads\/2024\/10\/gato-1-1-855x1024.png 855w, https:\/\/sitios.udla.edu.ec\/proyectos\/wp-content\/uploads\/2024\/10\/gato-1-1-251x300.png 251w, https:\/\/sitios.udla.edu.ec\/proyectos\/wp-content\/uploads\/2024\/10\/gato-1-1-768x920.png 768w, https:\/\/sitios.udla.edu.ec\/proyectos\/wp-content\/uploads\/2024\/10\/gato-1-1-600x718.png 600w, https:\/\/sitios.udla.edu.ec\/proyectos\/wp-content\/uploads\/2024\/10\/gato-1-1.png 963w\" sizes=\"(max-width: 640px) 100vw, 640px\" \/>\t\t\t\t\t\t\t\t\t\t\t\t\t<\/div>\n\t\t\t\t<\/div>\n\t\t\t\t\t<\/div>\n\t\t<\/div>\n\t\t\t\t\t<\/div>\n\t\t<\/section>\n\t\t\t\t\t<\/div>\n\t\t<\/div>\n\t\t\t\t\t<\/div>\n\t\t<\/section>\n\t\t\t\t<section class=\"elementor-section elementor-top-section elementor-element elementor-element-3fe9486 elementor-section-boxed elementor-section-height-default elementor-section-height-default\" data-id=\"3fe9486\" data-element_type=\"section\" id=\"about\">\n\t\t\t\t\t\t<div class=\"elementor-container elementor-column-gap-default\">\n\t\t\t\t\t<div class=\"elementor-column elementor-col-50 elementor-top-column elementor-element elementor-element-7f536a1\" data-id=\"7f536a1\" data-element_type=\"column\">\n\t\t\t<div class=\"elementor-widget-wrap elementor-element-populated\">\n\t\t\t\t\t\t<section class=\"elementor-section elementor-inner-section elementor-element elementor-element-103e72c elementor-section-boxed elementor-section-height-default elementor-section-height-default\" data-id=\"103e72c\" data-element_type=\"section\">\n\t\t\t\t\t\t<div class=\"elementor-container elementor-column-gap-default\">\n\t\t\t\t\t<div class=\"elementor-column elementor-col-100 elementor-inner-column elementor-element elementor-element-5cb5972\" data-id=\"5cb5972\" data-element_type=\"column\">\n\t\t\t<div class=\"elementor-widget-wrap elementor-element-populated\">\n\t\t\t\t\t\t<div class=\"elementor-element elementor-element-2a36bd3 elementor-widget elementor-widget-image\" data-id=\"2a36bd3\" data-element_type=\"widget\" data-widget_type=\"image.default\">\n\t\t\t\t<div class=\"elementor-widget-container\">\n\t\t\t\t\t\t\t\t\t\t\t\t\t<img decoding=\"async\" width=\"583\" height=\"467\" src=\"https:\/\/sitios.udla.edu.ec\/proyectos\/wp-content\/uploads\/2024\/10\/udla_enero_11-332-1-1.jpg\" class=\"attachment-large size-large wp-image-32902\" alt=\"\" srcset=\"https:\/\/sitios.udla.edu.ec\/proyectos\/wp-content\/uploads\/2024\/10\/udla_enero_11-332-1-1.jpg 583w, https:\/\/sitios.udla.edu.ec\/proyectos\/wp-content\/uploads\/2024\/10\/udla_enero_11-332-1-1-300x240.jpg 300w\" sizes=\"(max-width: 583px) 100vw, 583px\" \/>\t\t\t\t\t\t\t\t\t\t\t\t\t<\/div>\n\t\t\t\t<\/div>\n\t\t\t\t\t<\/div>\n\t\t<\/div>\n\t\t\t\t\t<\/div>\n\t\t<\/section>\n\t\t\t\t\t<\/div>\n\t\t<\/div>\n\t\t\t\t<div class=\"elementor-column elementor-col-50 elementor-top-column elementor-element elementor-element-e23c4f2\" data-id=\"e23c4f2\" data-element_type=\"column\">\n\t\t\t<div class=\"elementor-widget-wrap elementor-element-populated\">\n\t\t\t\t\t\t<section class=\"elementor-section elementor-inner-section elementor-element elementor-element-756e123 elementor-section-boxed elementor-section-height-default elementor-section-height-default\" data-id=\"756e123\" data-element_type=\"section\">\n\t\t\t\t\t\t<div class=\"elementor-container elementor-column-gap-default\">\n\t\t\t\t\t<div class=\"elementor-column elementor-col-50 elementor-inner-column elementor-element elementor-element-ea050ee\" data-id=\"ea050ee\" data-element_type=\"column\">\n\t\t\t<div class=\"elementor-widget-wrap elementor-element-populated\">\n\t\t\t\t\t\t<div class=\"elementor-element elementor-element-418f068 elementor-widget elementor-widget-text-editor\" data-id=\"418f068\" data-element_type=\"widget\" data-widget_type=\"text-editor.default\">\n\t\t\t\t<div class=\"elementor-widget-container\">\n\t\t\t\t\t\t\t<p>Auditorio 2 y Sala de Usos M\u00faltiples de UDLAPark<\/p>\t\t\t\t\t\t<\/div>\n\t\t\t\t<\/div>\n\t\t\t\t\t<\/div>\n\t\t<\/div>\n\t\t\t\t<div class=\"elementor-column elementor-col-50 elementor-inner-column elementor-element elementor-element-95e2649\" data-id=\"95e2649\" data-element_type=\"column\">\n\t\t\t<div class=\"elementor-widget-wrap elementor-element-populated\">\n\t\t\t\t\t\t<div class=\"elementor-element elementor-element-0701ff7 elementor-widget elementor-widget-text-editor\" data-id=\"0701ff7\" data-element_type=\"widget\" data-widget_type=\"text-editor.default\">\n\t\t\t\t<div class=\"elementor-widget-container\">\n\t\t\t\t\t\t\t<p>17 de octubre 07h00 a 18h00<\/p>\t\t\t\t\t\t<\/div>\n\t\t\t\t<\/div>\n\t\t\t\t\t<\/div>\n\t\t<\/div>\n\t\t\t\t\t<\/div>\n\t\t<\/section>\n\t\t\t\t<section class=\"elementor-section elementor-inner-section elementor-element elementor-element-5f55d5a elementor-section-boxed elementor-section-height-default elementor-section-height-default\" data-id=\"5f55d5a\" data-element_type=\"section\">\n\t\t\t\t\t\t<div class=\"elementor-container elementor-column-gap-default\">\n\t\t\t\t\t<div class=\"elementor-column elementor-col-100 elementor-inner-column elementor-element elementor-element-f2e37fe\" data-id=\"f2e37fe\" data-element_type=\"column\">\n\t\t\t<div class=\"elementor-widget-wrap\">\n\t\t\t\t\t\t\t<\/div>\n\t\t<\/div>\n\t\t\t\t\t<\/div>\n\t\t<\/section>\n\t\t\t\t\t<\/div>\n\t\t<\/div>\n\t\t\t\t\t<\/div>\n\t\t<\/section>\n\t\t\t\t<section class=\"elementor-section elementor-top-section elementor-element elementor-element-82989eb elementor-section-stretched elementor-section-boxed elementor-section-height-default elementor-section-height-default\" data-id=\"82989eb\" data-element_type=\"section\" id=\"speaker\" data-settings=\"{&quot;stretch_section&quot;:&quot;section-stretched&quot;,&quot;background_background&quot;:&quot;classic&quot;}\">\n\t\t\t\t\t\t<div class=\"elementor-container elementor-column-gap-default\">\n\t\t\t\t\t<div class=\"elementor-column elementor-col-100 elementor-top-column elementor-element elementor-element-873e0eb\" data-id=\"873e0eb\" data-element_type=\"column\">\n\t\t\t<div class=\"elementor-widget-wrap\">\n\t\t\t\t\t\t\t<\/div>\n\t\t<\/div>\n\t\t\t\t\t<\/div>\n\t\t<\/section>\n\t\t\t\t<section class=\"elementor-section elementor-top-section elementor-element elementor-element-28f76c5 elementor-section-stretched elementor-section-full_width elementor-section-height-default elementor-section-height-default\" data-id=\"28f76c5\" data-element_type=\"section\" id=\"agenda\" data-settings=\"{&quot;stretch_section&quot;:&quot;section-stretched&quot;,&quot;background_background&quot;:&quot;classic&quot;}\">\n\t\t\t\t\t\t<div class=\"elementor-container elementor-column-gap-no\">\n\t\t\t\t\t<div class=\"elementor-column elementor-col-100 elementor-top-column elementor-element elementor-element-35a6b38\" data-id=\"35a6b38\" data-element_type=\"column\">\n\t\t\t<div class=\"elementor-widget-wrap elementor-element-populated\">\n\t\t\t\t\t\t<div class=\"elementor-element elementor-element-d32f618 elementor-widget elementor-widget-image\" data-id=\"d32f618\" data-element_type=\"widget\" data-widget_type=\"image.default\">\n\t\t\t\t<div class=\"elementor-widget-container\">\n\t\t\t\t\t\t\t\t\t\t\t\t\t\t<a href=\"https:\/\/sitios.udla.edu.ec\/proyectos\/wp-content\/uploads\/2024\/10\/REQ_PD_SALUD_VETER_ALL_ARTE_ARTES_JORNADA_VET_24_OCT2024_HTML_2-2.jpg\" data-elementor-open-lightbox=\"yes\" data-elementor-lightbox-title=\"REQ_PD_SALUD_VETER_ALL_ARTE_ARTES_JORNADA_VET_24_OCT2024_HTML_2 (2)\" data-e-action-hash=\"#elementor-action%3Aaction%3Dlightbox%26settings%3DeyJpZCI6MzI5MDMsInVybCI6Imh0dHBzOlwvXC9zaXRpb3MudWRsYS5lZHUuZWNcL3Byb3llY3Rvc1wvd3AtY29udGVudFwvdXBsb2Fkc1wvMjAyNFwvMTBcL1JFUV9QRF9TQUxVRF9WRVRFUl9BTExfQVJURV9BUlRFU19KT1JOQURBX1ZFVF8yNF9PQ1QyMDI0X0hUTUxfMi0yLmpwZyJ9\">\n\t\t\t\t\t\t\t<img decoding=\"async\" src=\"https:\/\/sitios.udla.edu.ec\/proyectos\/wp-content\/uploads\/2024\/10\/REQ_PD_SALUD_VETER_ALL_ARTE_ARTES_JORNADA_VET_24_OCT2024_HTML_2-2.jpg\" title=\"REQ_PD_SALUD_VETER_ALL_ARTE_ARTES_JORNADA_VET_24_OCT2024_HTML_2 (2)\" alt=\"\" loading=\"lazy\" \/>\t\t\t\t\t\t\t\t<\/a>\n\t\t\t\t\t\t\t\t\t\t\t\t\t<\/div>\n\t\t\t\t<\/div>\n\t\t\t\t\t<\/div>\n\t\t<\/div>\n\t\t\t\t\t<\/div>\n\t\t<\/section>\n\t\t\t\t<section class=\"elementor-section elementor-top-section elementor-element elementor-element-9ea06d7 elementor-section-stretched elementor-section-boxed elementor-section-height-default elementor-section-height-default\" data-id=\"9ea06d7\" data-element_type=\"section\" id=\"formulario\" data-settings=\"{&quot;stretch_section&quot;:&quot;section-stretched&quot;,&quot;background_background&quot;:&quot;classic&quot;}\">\n\t\t\t\t\t\t\t<div class=\"elementor-background-overlay\"><\/div>\n\t\t\t\t\t\t\t<div class=\"elementor-container elementor-column-gap-default\">\n\t\t\t\t\t<div class=\"elementor-column elementor-col-100 elementor-top-column elementor-element elementor-element-7169bc1\" data-id=\"7169bc1\" data-element_type=\"column\">\n\t\t\t<div class=\"elementor-widget-wrap elementor-element-populated\">\n\t\t\t\t\t\t<section class=\"elementor-section elementor-inner-section elementor-element elementor-element-c6466a7 elementor-section-boxed elementor-section-height-default elementor-section-height-default\" data-id=\"c6466a7\" data-element_type=\"section\">\n\t\t\t\t\t\t<div class=\"elementor-container elementor-column-gap-default\">\n\t\t\t\t\t<div class=\"elementor-column elementor-col-50 elementor-inner-column elementor-element elementor-element-5d39727\" data-id=\"5d39727\" data-element_type=\"column\">\n\t\t\t<div class=\"elementor-widget-wrap elementor-element-populated\">\n\t\t\t\t\t\t<div class=\"elementor-element elementor-element-e46505e elementor-widget elementor-widget-shortcode\" data-id=\"e46505e\" data-element_type=\"widget\" data-widget_type=\"shortcode.default\">\n\t\t\t\t<div class=\"elementor-widget-container\">\n\t\t\t\t\t<div class=\"elementor-shortcode\">[forminator_form id=\"32774\"]<\/div>\n\t\t\t\t<\/div>\n\t\t\t\t<\/div>\n\t\t\t\t\t<\/div>\n\t\t<\/div>\n\t\t\t\t<div class=\"elementor-column elementor-col-50 elementor-inner-column elementor-element elementor-element-c864d6f\" data-id=\"c864d6f\" data-element_type=\"column\">\n\t\t\t<div class=\"elementor-widget-wrap\">\n\t\t\t\t\t\t\t<\/div>\n\t\t<\/div>\n\t\t\t\t\t<\/div>\n\t\t<\/section>\n\t\t\t\t\t<\/div>\n\t\t<\/div>\n\t\t\t\t\t<\/div>\n\t\t<\/section>\n\t\t\t\t<\/div>\n\t\t","protected":false},"excerpt":{"rendered":"<p>JORNADAS VETERINARIA 2024 17 de octubre 07h00 a 18h00 | Auditorio 2 y Sala de Usos M\u00faltiples de UDLAPark Inscr\u00edbete aqu\u00ed Acerca del evento Conferencias de especialidad, temas actuales de importancia profesional \u00bfD\u00f3nde? Auditorio 2 y Sala de Usos M\u00faltiples de UDLAPark \u00bfCu\u00e1ndo? 17 de octubre 07h00 a 18h00 Inscr\u00edbete aqu\u00ed EXPOSITORES Dra. Elena Naydenova&#8230;<\/p>\n","protected":false},"author":1,"featured_media":0,"parent":0,"menu_order":0,"comment_status":"closed","ping_status":"closed","template":"page-single.php","meta":{"footnotes":""},"class_list":["post-32757","page","type-page","status-publish","hentry"],"_links":{"self":[{"href":"https:\/\/sitios.udla.edu.ec\/proyectos\/wp-json\/wp\/v2\/pages\/32757","targetHints":{"allow":["GET"]}}],"collection":[{"href":"https:\/\/sitios.udla.edu.ec\/proyectos\/wp-json\/wp\/v2\/pages"}],"about":[{"href":"https:\/\/sitios.udla.edu.ec\/proyectos\/wp-json\/wp\/v2\/types\/page"}],"author":[{"embeddable":true,"href":"https:\/\/sitios.udla.edu.ec\/proyectos\/wp-json\/wp\/v2\/users\/1"}],"replies":[{"embeddable":true,"href":"https:\/\/sitios.udla.edu.ec\/proyectos\/wp-json\/wp\/v2\/comments?post=32757"}],"version-history":[{"count":56,"href":"https:\/\/sitios.udla.edu.ec\/proyectos\/wp-json\/wp\/v2\/pages\/32757\/revisions"}],"predecessor-version":[{"id":32906,"href":"https:\/\/sitios.udla.edu.ec\/proyectos\/wp-json\/wp\/v2\/pages\/32757\/revisions\/32906"}],"wp:attachment":[{"href":"https:\/\/sitios.udla.edu.ec\/proyectos\/wp-json\/wp\/v2\/media?parent=32757"}],"curies":[{"name":"wp","href":"https:\/\/api.w.org\/{rel}","templated":true}]}}