{"id":32438,"date":"2024-09-06T15:07:42","date_gmt":"2024-09-06T15:07:42","guid":{"rendered":"https:\/\/sitios.udla.edu.ec\/proyectos\/?page_id=32438"},"modified":"2024-09-06T17:35:15","modified_gmt":"2024-09-06T17:35:15","slug":"jornada-de-innovacion","status":"publish","type":"page","link":"https:\/\/sitios.udla.edu.ec\/proyectos\/jornada-de-innovacion\/","title":{"rendered":"Jornada de Innovaci\u00f3n"},"content":{"rendered":"\t\t<div data-elementor-type=\"wp-page\" data-elementor-id=\"32438\" class=\"elementor elementor-32438\">\n\t\t\t\t\t\t<section class=\"elementor-section elementor-top-section elementor-element elementor-element-c1461ca elementor-section-stretched elementor-section-content-middle elementor-hidden-mobile elementor-section-height-full elementor-section-full_width elementor-section-height-default elementor-section-items-middle\" data-id=\"c1461ca\" data-element_type=\"section\" data-settings=\"{&quot;stretch_section&quot;:&quot;section-stretched&quot;,&quot;background_background&quot;:&quot;classic&quot;}\">\n\t\t\t\t\t\t\t<div class=\"elementor-background-overlay\"><\/div>\n\t\t\t\t\t\t\t<div class=\"elementor-container elementor-column-gap-default\">\n\t\t\t\t\t<div class=\"elementor-column elementor-col-100 elementor-top-column elementor-element elementor-element-ca56499\" data-id=\"ca56499\" data-element_type=\"column\">\n\t\t\t<div class=\"elementor-widget-wrap\">\n\t\t\t\t\t\t\t<\/div>\n\t\t<\/div>\n\t\t\t\t\t<\/div>\n\t\t<\/section>\n\t\t\t\t<section class=\"elementor-section elementor-top-section elementor-element elementor-element-3fe9486 elementor-section-stretched elementor-section-boxed elementor-section-height-default elementor-section-height-default\" data-id=\"3fe9486\" data-element_type=\"section\" id=\"acercade\" data-settings=\"{&quot;stretch_section&quot;:&quot;section-stretched&quot;,&quot;background_background&quot;:&quot;classic&quot;}\">\n\t\t\t\t\t\t\t<div class=\"elementor-background-overlay\"><\/div>\n\t\t\t\t\t\t\t<div class=\"elementor-container elementor-column-gap-default\">\n\t\t\t\t\t<div class=\"elementor-column elementor-col-100 elementor-top-column elementor-element elementor-element-e23c4f2\" data-id=\"e23c4f2\" data-element_type=\"column\">\n\t\t\t<div class=\"elementor-widget-wrap elementor-element-populated\">\n\t\t\t\t\t\t<div class=\"elementor-element elementor-element-ea5ff25 elementor-widget elementor-widget-image\" data-id=\"ea5ff25\" data-element_type=\"widget\" data-widget_type=\"image.default\">\n\t\t\t\t<div class=\"elementor-widget-container\">\n\t\t\t\t\t\t\t\t\t\t\t\t\t<img fetchpriority=\"high\" decoding=\"async\" width=\"880\" height=\"495\" src=\"https:\/\/sitios.udla.edu.ec\/proyectos\/wp-content\/uploads\/2024\/09\/iStock-1226991418-1.jpg\" class=\"attachment-full size-full wp-image-32400\" alt=\"\" srcset=\"https:\/\/sitios.udla.edu.ec\/proyectos\/wp-content\/uploads\/2024\/09\/iStock-1226991418-1.jpg 880w, https:\/\/sitios.udla.edu.ec\/proyectos\/wp-content\/uploads\/2024\/09\/iStock-1226991418-1-300x169.jpg 300w, https:\/\/sitios.udla.edu.ec\/proyectos\/wp-content\/uploads\/2024\/09\/iStock-1226991418-1-768x432.jpg 768w, https:\/\/sitios.udla.edu.ec\/proyectos\/wp-content\/uploads\/2024\/09\/iStock-1226991418-1-600x338.jpg 600w\" sizes=\"(max-width: 880px) 100vw, 880px\" \/>\t\t\t\t\t\t\t\t\t\t\t\t\t<\/div>\n\t\t\t\t<\/div>\n\t\t\t\t\t<\/div>\n\t\t<\/div>\n\t\t\t\t\t<\/div>\n\t\t<\/section>\n\t\t\t\t<section class=\"elementor-section elementor-top-section elementor-element elementor-element-4db0d71 elementor-section-stretched elementor-section-boxed elementor-section-height-default elementor-section-height-default\" data-id=\"4db0d71\" data-element_type=\"section\" id=\"temas\" data-settings=\"{&quot;stretch_section&quot;:&quot;section-stretched&quot;,&quot;background_background&quot;:&quot;classic&quot;}\">\n\t\t\t\t\t\t<div class=\"elementor-container elementor-column-gap-default\">\n\t\t\t\t\t<div class=\"elementor-column elementor-col-100 elementor-top-column elementor-element elementor-element-10bd812\" data-id=\"10bd812\" data-element_type=\"column\">\n\t\t\t<div class=\"elementor-widget-wrap elementor-element-populated\">\n\t\t\t\t\t\t<div class=\"elementor-element elementor-element-500238c elementor-absolute elementor-invisible elementor-widget elementor-widget-image\" data-id=\"500238c\" data-element_type=\"widget\" data-settings=\"{&quot;_animation&quot;:&quot;fadeInRight&quot;,&quot;_position&quot;:&quot;absolute&quot;}\" data-widget_type=\"image.default\">\n\t\t\t\t<div class=\"elementor-widget-container\">\n\t\t\t\t\t\t\t\t\t\t\t\t\t<img decoding=\"async\" width=\"479\" height=\"377\" src=\"https:\/\/sitios.udla.edu.ec\/proyectos\/wp-content\/uploads\/2021\/10\/line_1.png\" class=\"attachment-full size-full wp-image-26038\" alt=\"\" srcset=\"https:\/\/sitios.udla.edu.ec\/proyectos\/wp-content\/uploads\/2021\/10\/line_1.png 479w, https:\/\/sitios.udla.edu.ec\/proyectos\/wp-content\/uploads\/2021\/10\/line_1-300x236.png 300w\" sizes=\"(max-width: 479px) 100vw, 479px\" \/>\t\t\t\t\t\t\t\t\t\t\t\t\t<\/div>\n\t\t\t\t<\/div>\n\t\t\t\t<div class=\"elementor-element elementor-element-a4f2669 elementor-absolute elementor-invisible elementor-widget elementor-widget-image\" data-id=\"a4f2669\" data-element_type=\"widget\" data-settings=\"{&quot;_animation&quot;:&quot;fadeInLeft&quot;,&quot;_position&quot;:&quot;absolute&quot;}\" data-widget_type=\"image.default\">\n\t\t\t\t<div class=\"elementor-widget-container\">\n\t\t\t\t\t\t\t\t\t\t\t\t\t<img decoding=\"async\" width=\"74\" height=\"389\" src=\"https:\/\/sitios.udla.edu.ec\/proyectos\/wp-content\/uploads\/2021\/10\/line_2.png\" class=\"attachment-full size-full wp-image-26064\" alt=\"\" srcset=\"https:\/\/sitios.udla.edu.ec\/proyectos\/wp-content\/uploads\/2021\/10\/line_2.png 74w, https:\/\/sitios.udla.edu.ec\/proyectos\/wp-content\/uploads\/2021\/10\/line_2-57x300.png 57w\" sizes=\"(max-width: 74px) 100vw, 74px\" \/>\t\t\t\t\t\t\t\t\t\t\t\t\t<\/div>\n\t\t\t\t<\/div>\n\t\t\t\t<section class=\"elementor-section elementor-inner-section elementor-element elementor-element-2be0d2b elementor-section-boxed elementor-section-height-default elementor-section-height-default\" data-id=\"2be0d2b\" data-element_type=\"section\">\n\t\t\t\t\t\t<div class=\"elementor-container elementor-column-gap-default\">\n\t\t\t\t\t<div class=\"elementor-column elementor-col-25 elementor-inner-column elementor-element elementor-element-0b6af0e\" data-id=\"0b6af0e\" data-element_type=\"column\" data-settings=\"{&quot;background_background&quot;:&quot;classic&quot;}\">\n\t\t\t<div class=\"elementor-widget-wrap\">\n\t\t\t\t\t\t\t<\/div>\n\t\t<\/div>\n\t\t\t\t<div class=\"elementor-column elementor-col-25 elementor-inner-column elementor-element elementor-element-f9f2ce5\" data-id=\"f9f2ce5\" data-element_type=\"column\">\n\t\t\t<div class=\"elementor-widget-wrap\">\n\t\t\t\t\t\t\t<\/div>\n\t\t<\/div>\n\t\t\t\t<div class=\"elementor-column elementor-col-25 elementor-inner-column elementor-element elementor-element-16c58d0\" data-id=\"16c58d0\" data-element_type=\"column\">\n\t\t\t<div class=\"elementor-widget-wrap\">\n\t\t\t\t\t\t\t<\/div>\n\t\t<\/div>\n\t\t\t\t<div class=\"elementor-column elementor-col-25 elementor-inner-column elementor-element elementor-element-1251370\" data-id=\"1251370\" data-element_type=\"column\">\n\t\t\t<div class=\"elementor-widget-wrap\">\n\t\t\t\t\t\t\t<\/div>\n\t\t<\/div>\n\t\t\t\t\t<\/div>\n\t\t<\/section>\n\t\t\t\t\t<\/div>\n\t\t<\/div>\n\t\t\t\t\t<\/div>\n\t\t<\/section>\n\t\t\t\t<section class=\"elementor-section elementor-top-section elementor-element elementor-element-a80b4d6 elementor-section-stretched elementor-section-boxed elementor-section-height-default elementor-section-height-default\" data-id=\"a80b4d6\" data-element_type=\"section\" id=\"speakers\" data-settings=\"{&quot;stretch_section&quot;:&quot;section-stretched&quot;,&quot;background_background&quot;:&quot;classic&quot;}\">\n\t\t\t\t\t\t<div class=\"elementor-container elementor-column-gap-default\">\n\t\t\t\t\t<div class=\"elementor-column elementor-col-100 elementor-top-column elementor-element elementor-element-d41c5ca\" data-id=\"d41c5ca\" data-element_type=\"column\">\n\t\t\t<div class=\"elementor-widget-wrap elementor-element-populated\">\n\t\t\t\t\t\t<div class=\"elementor-element elementor-element-715c8a1 elementor-absolute elementor-invisible elementor-widget elementor-widget-image\" data-id=\"715c8a1\" data-element_type=\"widget\" data-settings=\"{&quot;_animation&quot;:&quot;fadeInRight&quot;,&quot;_position&quot;:&quot;absolute&quot;}\" data-widget_type=\"image.default\">\n\t\t\t\t<div class=\"elementor-widget-container\">\n\t\t\t\t\t\t\t\t\t\t\t\t\t<img decoding=\"async\" width=\"479\" height=\"377\" src=\"https:\/\/sitios.udla.edu.ec\/proyectos\/wp-content\/uploads\/2021\/10\/line_1.png\" class=\"attachment-full size-full wp-image-26038\" alt=\"\" srcset=\"https:\/\/sitios.udla.edu.ec\/proyectos\/wp-content\/uploads\/2021\/10\/line_1.png 479w, https:\/\/sitios.udla.edu.ec\/proyectos\/wp-content\/uploads\/2021\/10\/line_1-300x236.png 300w\" sizes=\"(max-width: 479px) 100vw, 479px\" \/>\t\t\t\t\t\t\t\t\t\t\t\t\t<\/div>\n\t\t\t\t<\/div>\n\t\t\t\t<div class=\"elementor-element elementor-element-56f731e elementor-absolute elementor-invisible elementor-widget elementor-widget-image\" data-id=\"56f731e\" data-element_type=\"widget\" data-settings=\"{&quot;_animation&quot;:&quot;fadeInLeft&quot;,&quot;_position&quot;:&quot;absolute&quot;}\" data-widget_type=\"image.default\">\n\t\t\t\t<div class=\"elementor-widget-container\">\n\t\t\t\t\t\t\t\t\t\t\t\t\t<img decoding=\"async\" width=\"74\" height=\"389\" src=\"https:\/\/sitios.udla.edu.ec\/proyectos\/wp-content\/uploads\/2021\/10\/line_2.png\" class=\"attachment-full size-full wp-image-26064\" alt=\"\" srcset=\"https:\/\/sitios.udla.edu.ec\/proyectos\/wp-content\/uploads\/2021\/10\/line_2.png 74w, https:\/\/sitios.udla.edu.ec\/proyectos\/wp-content\/uploads\/2021\/10\/line_2-57x300.png 57w\" sizes=\"(max-width: 74px) 100vw, 74px\" \/>\t\t\t\t\t\t\t\t\t\t\t\t\t<\/div>\n\t\t\t\t<\/div>\n\t\t\t\t\t<\/div>\n\t\t<\/div>\n\t\t\t\t\t<\/div>\n\t\t<\/section>\n\t\t\t\t<section class=\"elementor-section elementor-top-section elementor-element elementor-element-28f76c5 elementor-section-stretched elementor-section-boxed elementor-section-height-default elementor-section-height-default\" data-id=\"28f76c5\" data-element_type=\"section\" data-settings=\"{&quot;background_background&quot;:&quot;classic&quot;,&quot;stretch_section&quot;:&quot;section-stretched&quot;}\">\n\t\t\t\t\t\t<div class=\"elementor-container elementor-column-gap-default\">\n\t\t\t\t\t<div class=\"elementor-column elementor-col-100 elementor-top-column elementor-element elementor-element-35a6b38\" data-id=\"35a6b38\" data-element_type=\"column\">\n\t\t\t<div class=\"elementor-widget-wrap elementor-element-populated\">\n\t\t\t\t<div class=\"elementor-element elementor-element-f40c85f e-flex e-con-boxed e-con e-parent\" data-id=\"f40c85f\" data-element_type=\"container\">\n\t\t\t\t\t<div class=\"e-con-inner\">\n\t\t\t\t\t<\/div>\n\t\t\t\t<\/div>\n\t\t<div class=\"elementor-element elementor-element-82d33ff e-flex e-con-boxed e-con e-parent\" data-id=\"82d33ff\" data-element_type=\"container\">\n\t\t\t\t\t<div class=\"e-con-inner\">\n\t\t<div class=\"elementor-element elementor-element-d5a6971 e-grid e-con-full e-con e-child\" data-id=\"d5a6971\" data-element_type=\"container\">\n\t\t\t\t<\/div>\n\t\t\t\t\t<\/div>\n\t\t\t\t<\/div>\n\t\t\t\t\t<\/div>\n\t\t<\/div>\n\t\t\t\t\t<\/div>\n\t\t<\/section>\n\t\t\t\t<section class=\"elementor-section elementor-top-section elementor-element elementor-element-02f61b4 elementor-section-stretched elementor-section-boxed elementor-section-height-default elementor-section-height-default\" data-id=\"02f61b4\" data-element_type=\"section\" id=\"agenda\" data-settings=\"{&quot;stretch_section&quot;:&quot;section-stretched&quot;,&quot;background_background&quot;:&quot;classic&quot;}\">\n\t\t\t\t\t\t<div class=\"elementor-container elementor-column-gap-default\">\n\t\t\t\t\t<div class=\"elementor-column elementor-col-100 elementor-top-column elementor-element elementor-element-d0de355\" data-id=\"d0de355\" data-element_type=\"column\">\n\t\t\t<div class=\"elementor-widget-wrap elementor-element-populated\">\n\t\t\t\t\t\t<div class=\"elementor-element elementor-element-214a4a5 elementor-absolute elementor-invisible elementor-widget elementor-widget-image\" data-id=\"214a4a5\" data-element_type=\"widget\" data-settings=\"{&quot;_animation&quot;:&quot;fadeInRight&quot;,&quot;_position&quot;:&quot;absolute&quot;}\" data-widget_type=\"image.default\">\n\t\t\t\t<div class=\"elementor-widget-container\">\n\t\t\t\t\t\t\t\t\t\t\t\t\t<img loading=\"lazy\" decoding=\"async\" width=\"275\" height=\"275\" src=\"https:\/\/sitios.udla.edu.ec\/proyectos\/wp-content\/uploads\/2021\/10\/03.png\" class=\"attachment-full size-full wp-image-26269\" alt=\"\" srcset=\"https:\/\/sitios.udla.edu.ec\/proyectos\/wp-content\/uploads\/2021\/10\/03.png 275w, https:\/\/sitios.udla.edu.ec\/proyectos\/wp-content\/uploads\/2021\/10\/03-150x150.png 150w, https:\/\/sitios.udla.edu.ec\/proyectos\/wp-content\/uploads\/2021\/10\/03-100x100.png 100w\" sizes=\"(max-width: 275px) 100vw, 275px\" \/>\t\t\t\t\t\t\t\t\t\t\t\t\t<\/div>\n\t\t\t\t<\/div>\n\t\t\t\t\t<\/div>\n\t\t<\/div>\n\t\t\t\t\t<\/div>\n\t\t<\/section>\n\t\t\t\t<section class=\"elementor-section elementor-top-section elementor-element elementor-element-bbdcba5 elementor-section-stretched elementor-hidden-desktop elementor-hidden-tablet elementor-hidden-mobile elementor-section-boxed elementor-section-height-default elementor-section-height-default\" data-id=\"bbdcba5\" data-element_type=\"section\" data-settings=\"{&quot;stretch_section&quot;:&quot;section-stretched&quot;,&quot;background_background&quot;:&quot;classic&quot;}\">\n\t\t\t\t\t\t<div class=\"elementor-container elementor-column-gap-default\">\n\t\t\t\t\t<div class=\"elementor-column elementor-col-100 elementor-top-column elementor-element elementor-element-17f4f8f\" data-id=\"17f4f8f\" data-element_type=\"column\">\n\t\t\t<div class=\"elementor-widget-wrap\">\n\t\t\t\t\t\t\t<\/div>\n\t\t<\/div>\n\t\t\t\t\t<\/div>\n\t\t<\/section>\n\t\t\t\t<section class=\"elementor-section elementor-top-section elementor-element elementor-element-9ea06d7 elementor-section-stretched elementor-hidden-desktop elementor-hidden-tablet elementor-hidden-mobile elementor-section-boxed elementor-section-height-default elementor-section-height-default\" data-id=\"9ea06d7\" data-element_type=\"section\" data-settings=\"{&quot;stretch_section&quot;:&quot;section-stretched&quot;,&quot;background_background&quot;:&quot;classic&quot;}\">\n\t\t\t\t\t\t\t<div class=\"elementor-background-overlay\"><\/div>\n\t\t\t\t\t\t\t<div class=\"elementor-container elementor-column-gap-default\">\n\t\t\t\t\t<div class=\"elementor-column elementor-col-100 elementor-top-column elementor-element elementor-element-7169bc1\" data-id=\"7169bc1\" data-element_type=\"column\">\n\t\t\t<div class=\"elementor-widget-wrap elementor-element-populated\">\n\t\t\t\t\t\t<section class=\"elementor-section elementor-inner-section elementor-element elementor-element-cda6ba0 elementor-section-full_width elementor-section-content-bottom elementor-section-height-default elementor-section-height-default\" data-id=\"cda6ba0\" data-element_type=\"section\" data-settings=\"{&quot;background_background&quot;:&quot;classic&quot;}\">\n\t\t\t\t\t\t<div class=\"elementor-container elementor-column-gap-extended\">\n\t\t\t\t\t<div class=\"elementor-column elementor-col-50 elementor-inner-column elementor-element elementor-element-b6869ab elementor-hidden-tablet elementor-hidden-mobile\" data-id=\"b6869ab\" data-element_type=\"column\">\n\t\t\t<div class=\"elementor-widget-wrap elementor-element-populated\">\n\t\t\t\t\t\t<div class=\"elementor-element elementor-element-63c9ec3 elementor-widget elementor-widget-image\" data-id=\"63c9ec3\" data-element_type=\"widget\" data-widget_type=\"image.default\">\n\t\t\t\t<div class=\"elementor-widget-container\">\n\t\t\t\t\t\t\t\t\t\t\t\t\t<img loading=\"lazy\" decoding=\"async\" width=\"963\" height=\"1050\" src=\"https:\/\/sitios.udla.edu.ec\/proyectos\/wp-content\/uploads\/2021\/10\/vocal-artists.png\" class=\"attachment-full size-full wp-image-26379\" alt=\"\" srcset=\"https:\/\/sitios.udla.edu.ec\/proyectos\/wp-content\/uploads\/2021\/10\/vocal-artists.png 963w, https:\/\/sitios.udla.edu.ec\/proyectos\/wp-content\/uploads\/2021\/10\/vocal-artists-275x300.png 275w, https:\/\/sitios.udla.edu.ec\/proyectos\/wp-content\/uploads\/2021\/10\/vocal-artists-939x1024.png 939w, https:\/\/sitios.udla.edu.ec\/proyectos\/wp-content\/uploads\/2021\/10\/vocal-artists-768x837.png 768w, https:\/\/sitios.udla.edu.ec\/proyectos\/wp-content\/uploads\/2021\/10\/vocal-artists-600x654.png 600w\" sizes=\"(max-width: 963px) 100vw, 963px\" \/>\t\t\t\t\t\t\t\t\t\t\t\t\t<\/div>\n\t\t\t\t<\/div>\n\t\t\t\t\t<\/div>\n\t\t<\/div>\n\t\t\t\t<div class=\"elementor-column elementor-col-50 elementor-inner-column elementor-element elementor-element-e6f23e0\" data-id=\"e6f23e0\" data-element_type=\"column\">\n\t\t\t<div class=\"elementor-widget-wrap\">\n\t\t\t\t\t\t\t<\/div>\n\t\t<\/div>\n\t\t\t\t\t<\/div>\n\t\t<\/section>\n\t\t\t\t\t<\/div>\n\t\t<\/div>\n\t\t\t\t\t<\/div>\n\t\t<\/section>\n\t\t\t\t<section class=\"elementor-section elementor-top-section elementor-element elementor-element-7356b1d elementor-section-stretched elementor-hidden-desktop elementor-hidden-tablet elementor-hidden-mobile elementor-section-boxed elementor-section-height-default elementor-section-height-default\" data-id=\"7356b1d\" data-element_type=\"section\" id=\"blog\" data-settings=\"{&quot;stretch_section&quot;:&quot;section-stretched&quot;,&quot;background_background&quot;:&quot;classic&quot;}\">\n\t\t\t\t\t\t<div class=\"elementor-container elementor-column-gap-default\">\n\t\t\t\t\t<div class=\"elementor-column elementor-col-100 elementor-top-column elementor-element elementor-element-0c6a76e\" data-id=\"0c6a76e\" data-element_type=\"column\">\n\t\t\t<div class=\"elementor-widget-wrap elementor-element-populated\">\n\t\t\t\t\t\t<div class=\"elementor-element elementor-element-4493cbf elementor-absolute elementor-invisible elementor-widget elementor-widget-image\" data-id=\"4493cbf\" data-element_type=\"widget\" data-settings=\"{&quot;_animation&quot;:&quot;fadeInRight&quot;,&quot;_position&quot;:&quot;absolute&quot;}\" data-widget_type=\"image.default\">\n\t\t\t\t<div class=\"elementor-widget-container\">\n\t\t\t\t\t\t\t\t\t\t\t\t\t<img loading=\"lazy\" decoding=\"async\" width=\"275\" height=\"275\" src=\"https:\/\/sitios.udla.edu.ec\/proyectos\/wp-content\/uploads\/2021\/10\/03.png\" class=\"attachment-full size-full wp-image-26269\" alt=\"\" srcset=\"https:\/\/sitios.udla.edu.ec\/proyectos\/wp-content\/uploads\/2021\/10\/03.png 275w, https:\/\/sitios.udla.edu.ec\/proyectos\/wp-content\/uploads\/2021\/10\/03-150x150.png 150w, https:\/\/sitios.udla.edu.ec\/proyectos\/wp-content\/uploads\/2021\/10\/03-100x100.png 100w\" sizes=\"(max-width: 275px) 100vw, 275px\" \/>\t\t\t\t\t\t\t\t\t\t\t\t\t<\/div>\n\t\t\t\t<\/div>\n\t\t\t\t\t<\/div>\n\t\t<\/div>\n\t\t\t\t\t<\/div>\n\t\t<\/section>\n\t\t\t\t<section class=\"elementor-section elementor-top-section elementor-element elementor-element-2f49573 elementor-section-stretched elementor-section-boxed elementor-section-height-default elementor-section-height-default\" data-id=\"2f49573\" data-element_type=\"section\" id=\"inscribete\" data-settings=\"{&quot;stretch_section&quot;:&quot;section-stretched&quot;,&quot;background_background&quot;:&quot;classic&quot;}\">\n\t\t\t\t\t\t\t<div class=\"elementor-background-overlay\"><\/div>\n\t\t\t\t\t\t\t<div class=\"elementor-container elementor-column-gap-default\">\n\t\t\t\t\t<div class=\"elementor-column elementor-col-100 elementor-top-column elementor-element elementor-element-777f180\" data-id=\"777f180\" data-element_type=\"column\">\n\t\t\t<div class=\"elementor-widget-wrap elementor-element-populated\">\n\t\t\t\t\t\t<section class=\"elementor-section elementor-inner-section elementor-element elementor-element-bab1b9f elementor-section-content-bottom elementor-section-boxed elementor-section-height-default elementor-section-height-default\" data-id=\"bab1b9f\" data-element_type=\"section\" data-settings=\"{&quot;background_background&quot;:&quot;classic&quot;}\">\n\t\t\t\t\t\t<div class=\"elementor-container elementor-column-gap-default\">\n\t\t\t\t\t<div class=\"elementor-column elementor-col-50 elementor-inner-column elementor-element elementor-element-2c4e75e\" data-id=\"2c4e75e\" data-element_type=\"column\">\n\t\t\t<div class=\"elementor-widget-wrap\">\n\t\t\t\t\t\t\t<\/div>\n\t\t<\/div>\n\t\t\t\t<div class=\"elementor-column elementor-col-50 elementor-inner-column elementor-element elementor-element-563b6f0\" data-id=\"563b6f0\" data-element_type=\"column\">\n\t\t\t<div class=\"elementor-widget-wrap\">\n\t\t\t\t\t\t\t<\/div>\n\t\t<\/div>\n\t\t\t\t\t<\/div>\n\t\t<\/section>\n\t\t\t\t<section class=\"elementor-section elementor-inner-section elementor-element elementor-element-8964d8a elementor-section-content-middle elementor-section-boxed elementor-section-height-default elementor-section-height-default\" data-id=\"8964d8a\" data-element_type=\"section\" data-settings=\"{&quot;background_background&quot;:&quot;classic&quot;}\">\n\t\t\t\t\t\t<div class=\"elementor-container elementor-column-gap-default\">\n\t\t\t\t\t<div class=\"elementor-column elementor-col-50 elementor-inner-column elementor-element elementor-element-362ee06\" data-id=\"362ee06\" data-element_type=\"column\" data-settings=\"{&quot;background_background&quot;:&quot;classic&quot;}\">\n\t\t\t<div class=\"elementor-widget-wrap elementor-element-populated\">\n\t\t\t\t\t\t<div class=\"elementor-element elementor-element-9314ef6 elementor-widget elementor-widget-google_maps\" data-id=\"9314ef6\" data-element_type=\"widget\" data-widget_type=\"google_maps.default\">\n\t\t\t\t<div class=\"elementor-widget-container\">\n\t\t\t\t\t<div class=\"elementor-custom-embed\">\n\t\t\t<iframe loading=\"lazy\"\n\t\t\t\t\tsrc=\"https:\/\/maps.google.com\/maps?q=udlapark&#038;t=m&#038;z=17&#038;output=embed&#038;iwloc=near\"\n\t\t\t\t\ttitle=\"udlapark\"\n\t\t\t\t\taria-label=\"udlapark\"\n\t\t\t><\/iframe>\n\t\t<\/div>\n\t\t\t\t<\/div>\n\t\t\t\t<\/div>\n\t\t\t\t\t<\/div>\n\t\t<\/div>\n\t\t\t\t<div class=\"elementor-column elementor-col-50 elementor-inner-column elementor-element elementor-element-ba5a5fe\" data-id=\"ba5a5fe\" data-element_type=\"column\" data-settings=\"{&quot;background_background&quot;:&quot;classic&quot;}\">\n\t\t\t<div class=\"elementor-widget-wrap elementor-element-populated\">\n\t\t\t\t\t\t<div class=\"elementor-element elementor-element-2873884 elementor-widget elementor-widget-shortcode\" data-id=\"2873884\" data-element_type=\"widget\" data-widget_type=\"shortcode.default\">\n\t\t\t\t<div class=\"elementor-widget-container\">\n\t\t\t\t\t<div class=\"elementor-shortcode\">[forminator_form id=\"32465\"]<\/div>\n\t\t\t\t<\/div>\n\t\t\t\t<\/div>\n\t\t\t\t\t<\/div>\n\t\t<\/div>\n\t\t\t\t\t<\/div>\n\t\t<\/section>\n\t\t\t\t\t<\/div>\n\t\t<\/div>\n\t\t\t\t\t<\/div>\n\t\t<\/section>\n\t\t\t\t<\/div>\n\t\t","protected":false},"excerpt":{"rendered":"<p>Jornada de Innovaci\u00f3n yEstrategia en Telecomunicaciones Acerca del evento La\u00a0Jornada de Innovaci\u00f3n y Estrategia en Telecomunicaciones\u00a0es el evento ideal para los profesionales del sector que buscan estar a la vanguardia en las tecnolog\u00edas emergentes y su aplicaci\u00f3n estrat\u00e9gica en los negocios. A lo largo del evento, se abordar\u00e1n temas clave sobre c\u00f3mo las telecomunicaciones est\u00e1n&#8230;<\/p>\n","protected":false},"author":1,"featured_media":0,"parent":0,"menu_order":0,"comment_status":"closed","ping_status":"closed","template":"page-single.php","meta":{"footnotes":""},"class_list":["post-32438","page","type-page","status-publish","hentry"],"_links":{"self":[{"href":"https:\/\/sitios.udla.edu.ec\/proyectos\/wp-json\/wp\/v2\/pages\/32438","targetHints":{"allow":["GET"]}}],"collection":[{"href":"https:\/\/sitios.udla.edu.ec\/proyectos\/wp-json\/wp\/v2\/pages"}],"about":[{"href":"https:\/\/sitios.udla.edu.ec\/proyectos\/wp-json\/wp\/v2\/types\/page"}],"author":[{"embeddable":true,"href":"https:\/\/sitios.udla.edu.ec\/proyectos\/wp-json\/wp\/v2\/users\/1"}],"replies":[{"embeddable":true,"href":"https:\/\/sitios.udla.edu.ec\/proyectos\/wp-json\/wp\/v2\/comments?post=32438"}],"version-history":[{"count":59,"href":"https:\/\/sitios.udla.edu.ec\/proyectos\/wp-json\/wp\/v2\/pages\/32438\/revisions"}],"predecessor-version":[{"id":32530,"href":"https:\/\/sitios.udla.edu.ec\/proyectos\/wp-json\/wp\/v2\/pages\/32438\/revisions\/32530"}],"wp:attachment":[{"href":"https:\/\/sitios.udla.edu.ec\/proyectos\/wp-json\/wp\/v2\/media?parent=32438"}],"curies":[{"name":"wp","href":"https:\/\/api.w.org\/{rel}","templated":true}]}}