{"id":4586,"date":"2021-05-12T16:08:51","date_gmt":"2021-05-12T21:08:51","guid":{"rendered":"https:\/\/sitios.udla.edu.ec\/internacional\/?page_id=4586"},"modified":"2021-08-05T13:02:18","modified_gmt":"2021-08-05T18:02:18","slug":"regresa","status":"publish","type":"page","link":"https:\/\/sitios.udla.edu.ec\/internacional\/estudiantesudla\/intercambio-udla\/regresa\/","title":{"rendered":"Regresa"},"content":{"rendered":"<div class=\"fusion-fullwidth fullwidth-box fusion-builder-row-1 fusion-flex-container nonhundred-percent-fullwidth non-hundred-percent-height-scrolling\" style=\"background-color: rgba(255,255,255,0);background-position: left top;background-repeat: no-repeat;border-width: 0px 0px 0px 0px;border-color:#ffffff;border-style:solid;\" ><div class=\"fusion-builder-row fusion-row fusion-flex-align-items-flex-start\" style=\"max-width:1248px;margin-left: calc(-4% \/ 2 );margin-right: calc(-4% \/ 2 );\"><div class=\"fusion-layout-column fusion_builder_column fusion-builder-column-0 fusion_builder_column_1_1 1_1 fusion-flex-column\"><div class=\"fusion-column-wrapper fusion-flex-justify-content-flex-start fusion-content-layout-column\" style=\"background-position:left top;background-repeat:no-repeat;-webkit-background-size:cover;-moz-background-size:cover;-o-background-size:cover;background-size:cover;padding: 0px 0px 0px 0px;\"><div class=\"fusion-tabs fusion-tabs-1 classic vertical-tabs icon-position-left\"><style type=\"text\/css\">.fusion-tabs.fusion-tabs-1 .nav-tabs li a.tab-link{border-top-color:#f7f4f4;background-color:#f7f4f4;}.fusion-tabs.fusion-tabs-1 .nav-tabs{background-color:#ffffff;}.fusion-tabs.fusion-tabs-1 .nav-tabs li.active a.tab-link,.fusion-tabs.fusion-tabs-1 .nav-tabs li.active a.tab-link:hover,.fusion-tabs.fusion-tabs-1 .nav-tabs li.active a.tab-link:focus{border-right-color:#ffffff;}.fusion-tabs.fusion-tabs-1 .nav-tabs li.active a.tab-link,.fusion-tabs.fusion-tabs-1 .nav-tabs li.active a.tab-link:hover,.fusion-tabs.fusion-tabs-1 .nav-tabs li.active a.tab-link:focus{background-color:#ffffff;}.fusion-tabs.fusion-tabs-1 .nav-tabs li a:hover{background-color:#ffffff;border-top-color:#ffffff;}.fusion-tabs.fusion-tabs-1 .tab-pane{background-color:#ffffff;}.fusion-tabs.fusion-tabs-1 .nav,.fusion-tabs.fusion-tabs-1 .nav-tabs,.fusion-tabs.fusion-tabs-1 .tab-content .tab-pane{border-color:#f7f4f4;}<\/style><div class=\"nav\"><ul class=\"nav-tabs\"><li class=\"active\"><a class=\"tab-link\" data-toggle=\"tab\" id=\"fusion-tab-tr\u00e1mitedecertificados\" href=\"#tab-dd8c8842d12f656f3d1\"><h4 class=\"fusion-tab-heading\">Tr\u00e1mite de certificados <\/h4><\/a><\/li><li><a class=\"tab-link\" data-toggle=\"tab\" id=\"fusion-tab-homologaci\u00f3ndeasignaturas\" href=\"#tab-bdc9c1036bcad7b6a23\"><h4 class=\"fusion-tab-heading\">Homologaci\u00f3n de asignaturas<\/h4><\/a><\/li><li><a class=\"tab-link\" data-toggle=\"tab\" id=\"fusion-tab-reincorp\u00f3ratealaudla\" href=\"#tab-c652e82563bbd4f3f64\"><h4 class=\"fusion-tab-heading\">Reincorp\u00f3rate a la UDLA<\/h4><\/a><\/li><li><a class=\"tab-link\" data-toggle=\"tab\" id=\"fusion-tab-compartetuexperiencia\" href=\"#tab-fabd4e391b37b8e7e7d\"><h4 class=\"fusion-tab-heading\">Comparte tu experiencia<\/h4><\/a><\/li><\/ul><\/div><div class=\"tab-content\"><div class=\"nav fusion-mobile-tab-nav\"><ul class=\"nav-tabs\"><li class=\"active\"><a class=\"tab-link\" data-toggle=\"tab\" id=\"mobile-fusion-tab-tr\u00e1mitedecertificados\" href=\"#tab-dd8c8842d12f656f3d1\"><h4 class=\"fusion-tab-heading\">Tr\u00e1mite de certificados <\/h4><\/a><\/li><\/ul><\/div><div class=\"tab-pane fade fusion-clearfix in active\" id=\"tab-dd8c8842d12f656f3d1\">\n<p>Al final del per\u00edodo de intercambio, se recomienda\u00a0a los estudiantes\u00a0confirmar con la Oficina Internacional de la\u00a0universidad\u00a0de destino, el proceso para la emisi\u00f3n, obtenci\u00f3n y env\u00edo el certificado de notas (<em>Transcript\u00a0of\u00a0Records<\/em>). \u202fAdem\u00e1s,\u00a0debes gestionar la firma del\u00a0<a href=\"https:\/\/drive.google.com\/file\/d\/17CVj4jzY940jEJxHpRdm0YpwWTXPPAtv\/view?usp=sharing\" target=\"_blank\" rel=\"noopener noreferrer\"><strong>Certificado de finalizaci\u00f3n del per\u00edodo de intercambio para estudiantes de la UDLA<\/strong><\/a>\u201d. Este documento debe ser presentado a\u00a0tu retorno en Programas Internacionales.<\/p>\n<\/div><div class=\"nav fusion-mobile-tab-nav\"><ul class=\"nav-tabs\"><li><a class=\"tab-link\" data-toggle=\"tab\" id=\"mobile-fusion-tab-homologaci\u00f3ndeasignaturas\" href=\"#tab-bdc9c1036bcad7b6a23\"><h4 class=\"fusion-tab-heading\">Homologaci\u00f3n de asignaturas<\/h4><\/a><\/li><\/ul><\/div><div class=\"tab-pane fade fusion-clearfix\" id=\"tab-bdc9c1036bcad7b6a23\">\n<p>El proceso de homologaci\u00f3n de asignaturas inicia cuando Programas Internacionales recibe el certificado de notas (<em>Transcript\u00a0of\u00a0Records<\/em>) con la informaci\u00f3n de las asignaturas cursadas durante tu intercambio.<\/p>\n<p>Para iniciar el proceso de\u00a0homologaci\u00f3n\u00a0deber\u00e1s:<\/p>\n<ul>\n<li>Presentar el original del\u202f<a href=\"https:\/\/drive.google.com\/file\/d\/17CVj4jzY940jEJxHpRdm0YpwWTXPPAtv\/view?usp=sharing\" target=\"_blank\" rel=\"noopener noreferrer\"><strong>certificado de finalizaci\u00f3n del per\u00edodo de intercambio<\/strong><\/a><\/li>\n<li>Completar la\u202f<a href=\"https:\/\/forms.office.com\/Pages\/ResponsePage.aspx?id=kk1aWB3bu0u1rMUpnjiU40WX_LxByLNAq2eDx7yQfYRUM0g0VktLWE5KSUpWMVY5M1pTOUVFTFQxUS4u\" target=\"_blank\" rel=\"noopener noreferrer\"><strong>evaluaci\u00f3n final del per\u00edodo de intercambio<\/strong><\/a><\/li>\n<\/ul>\n<p>En caso de haber realizado modificaciones en las asignaturas previamente acordadas, los estudiantes deber\u00e1n completar un nuevo\u202f<a href=\"https:\/\/drive.google.com\/file\/d\/1vYq-rgoawAlKq9IuUpeZVY-AIHZpab14\/view\" target=\"_blank\" rel=\"noopener noreferrer\"><strong>acuerdo de estudios<\/strong><\/a>.<\/p>\n<p>Programas Internacionales verificar\u00e1 con tu Direcci\u00f3n \/ Coordinaci\u00f3n de carrera la solicitud de homologaci\u00f3n de asignaturas y\u00a0enviar\u00e1 toda la documentaci\u00f3n de respaldo\u00a0al \u00e1rea respectiva para su registro en tu expediente acad\u00e9mico.\u00a0Una vez ingresada tu solicitud de homologaci\u00f3n, podr\u00e1s verificar que las asignaturas se encuentran homologadas en el portal de autoservicio Banner en un lapso de dos d\u00edas h\u00e1biles aproximadamente.<\/p>\n<\/div><div class=\"nav fusion-mobile-tab-nav\"><ul class=\"nav-tabs\"><li><a class=\"tab-link\" data-toggle=\"tab\" id=\"mobile-fusion-tab-reincorp\u00f3ratealaudla\" href=\"#tab-c652e82563bbd4f3f64\"><h4 class=\"fusion-tab-heading\">Reincorp\u00f3rate a la UDLA<\/h4><\/a><\/li><\/ul><\/div><div class=\"tab-pane fade fusion-clearfix\" id=\"tab-c652e82563bbd4f3f64\">\n<p>Comun\u00edcate\u00a0con tu Direcci\u00f3n \/ Coordinaci\u00f3n de carrera\u00a0para verificar cuales asignaturas deber\u00e1s cursar en el siguiente semestre. Podr\u00e1s hacer tu carga acad\u00e9mica y mantener tus beneficios socioecon\u00f3micos (si los tuvieses) sin ning\u00fan problema a tu regreso. Cualquier inquietud tu Mentor y Programas Internacionales pueden ayudarte en tu reincorporaci\u00f3n a la UDLA.<\/p>\n<\/div><div class=\"nav fusion-mobile-tab-nav\"><ul class=\"nav-tabs\"><li><a class=\"tab-link\" data-toggle=\"tab\" id=\"mobile-fusion-tab-compartetuexperiencia\" href=\"#tab-fabd4e391b37b8e7e7d\"><h4 class=\"fusion-tab-heading\">Comparte tu experiencia<\/h4><\/a><\/li><\/ul><\/div><div class=\"tab-pane fade fusion-clearfix\" id=\"tab-fabd4e391b37b8e7e7d\">\n<p>S\u00e9 parte del programa\u00a0UDLAmbassadors. Todos los estudiantes que han participado en programas de movilidad acad\u00e9mica de la UDLA pueden formar parte de esta iniciativa que busca coordinar, difundir y ejecutar actividades de internacionalizaci\u00f3n en casa, dentro de la UDLA.<\/p>\n<p>Adem\u00e1s, los\u00a0UDLAmbassadors\u00a0podr\u00e1n compartir su experiencia acad\u00e9mica y personal, a trav\u00e9s de, comentarios, fotos o videos con los dem\u00e1s estudiantes que tambi\u00e9n quieran participar en los programas de movilidad acad\u00e9mica de la UDLA.\u00a0\u00a0Para formar parte de este programa\u00a0contacta a Programas Internacionales.<\/p>\n<\/div><\/div><\/div><\/div><\/div><style type=\"text\/css\">.fusion-body .fusion-builder-column-0{width:100% !important;margin-top : 0px;margin-bottom : 20px;}.fusion-builder-column-0 > .fusion-column-wrapper {padding-top : 0px !important;padding-right : 0px !important;margin-right : 1.92%;padding-bottom : 0px !important;padding-left : 0px !important;margin-left : 1.92%;}@media only screen and (max-width:1024px) {.fusion-body .fusion-builder-column-0{width:100% !important;order : 0;}.fusion-builder-column-0 > .fusion-column-wrapper {margin-right : 1.92%;margin-left : 1.92%;}}@media only screen and (max-width:640px) {.fusion-body .fusion-builder-column-0{width:100% !important;order : 0;}.fusion-builder-column-0 > .fusion-column-wrapper {margin-right : 1.92%;margin-left : 1.92%;}}<\/style><\/div><style type=\"text\/css\">.fusion-body .fusion-flex-container.fusion-builder-row-1{ padding-top : 0px;margin-top : 25px;padding-right : 0px;padding-bottom : 4%;margin-bottom : 25px;padding-left : 0px;}<\/style><\/div>\n","protected":false},"excerpt":{"rendered":"","protected":false},"author":1,"featured_media":0,"parent":1943,"menu_order":4,"comment_status":"closed","ping_status":"closed","template":"100-width.php","meta":{"content-type":"","footnotes":"","_links_to":"","_links_to_target":""},"class_list":["post-4586","page","type-page","status-publish","hentry"],"_links":{"self":[{"href":"https:\/\/sitios.udla.edu.ec\/internacional\/wp-json\/wp\/v2\/pages\/4586","targetHints":{"allow":["GET"]}}],"collection":[{"href":"https:\/\/sitios.udla.edu.ec\/internacional\/wp-json\/wp\/v2\/pages"}],"about":[{"href":"https:\/\/sitios.udla.edu.ec\/internacional\/wp-json\/wp\/v2\/types\/page"}],"author":[{"embeddable":true,"href":"https:\/\/sitios.udla.edu.ec\/internacional\/wp-json\/wp\/v2\/users\/1"}],"replies":[{"embeddable":true,"href":"https:\/\/sitios.udla.edu.ec\/internacional\/wp-json\/wp\/v2\/comments?post=4586"}],"version-history":[{"count":6,"href":"https:\/\/sitios.udla.edu.ec\/internacional\/wp-json\/wp\/v2\/pages\/4586\/revisions"}],"predecessor-version":[{"id":5931,"href":"https:\/\/sitios.udla.edu.ec\/internacional\/wp-json\/wp\/v2\/pages\/4586\/revisions\/5931"}],"up":[{"embeddable":true,"href":"https:\/\/sitios.udla.edu.ec\/internacional\/wp-json\/wp\/v2\/pages\/1943"}],"wp:attachment":[{"href":"https:\/\/sitios.udla.edu.ec\/internacional\/wp-json\/wp\/v2\/media?parent=4586"}],"curies":[{"name":"wp","href":"https:\/\/api.w.org\/{rel}","templated":true}]}}