{"id":3811,"date":"2021-02-04T17:38:33","date_gmt":"2021-02-04T22:38:33","guid":{"rendered":"https:\/\/sitios.udla.edu.ec\/internacional\/?page_id=3811"},"modified":"2022-03-23T10:38:43","modified_gmt":"2022-03-23T15:38:43","slug":"postula","status":"publish","type":"page","link":"https:\/\/sitios.udla.edu.ec\/internacional\/estudiantes-internacionales\/semestre-en-quito\/postula\/","title":{"rendered":"Postula"},"content":{"rendered":"<div class=\"fusion-fullwidth fullwidth-box fusion-builder-row-1 fusion-flex-container nonhundred-percent-fullwidth non-hundred-percent-height-scrolling\" style=\"background-color: rgba(255,255,255,0);background-position: left top;background-repeat: no-repeat;border-width: 0px 0px 0px 0px;border-color:#e2e2e2;border-style:solid;\" ><div class=\"fusion-builder-row fusion-row fusion-flex-align-items-flex-start\" style=\"max-width:1248px;margin-left: calc(-4% \/ 2 );margin-right: calc(-4% \/ 2 );\"><div class=\"fusion-layout-column fusion_builder_column fusion-builder-column-0 fusion_builder_column_1_1 1_1 fusion-flex-column\"><div class=\"fusion-column-wrapper fusion-flex-justify-content-flex-start fusion-content-layout-column\" style=\"background-position:left top;background-repeat:no-repeat;-webkit-background-size:cover;-moz-background-size:cover;-o-background-size:cover;background-size:cover;padding: 0px 0px 0px 0px;\"><div style=\"text-align:center;\"><span class=\" fusion-imageframe imageframe-none imageframe-1 hover-type-none\"><img decoding=\"async\" width=\"540\" image_height=\"360\" image_id=\"6111\" title=\"udlaINTERNACIONAL (1)\" src=\"https:\/\/sitios.udla.edu.ec\/internacional\/wp-content\/uploads\/2021\/08\/udlaINTERNACIONAL-1.jpg\" class=\"img-responsive wp-image-6111\" srcset=\"https:\/\/sitios.udla.edu.ec\/internacional\/wp-content\/uploads\/2021\/08\/udlaINTERNACIONAL-1-200x133.jpg 200w, https:\/\/sitios.udla.edu.ec\/internacional\/wp-content\/uploads\/2021\/08\/udlaINTERNACIONAL-1-400x267.jpg 400w, https:\/\/sitios.udla.edu.ec\/internacional\/wp-content\/uploads\/2021\/08\/udlaINTERNACIONAL-1.jpg 540w\" sizes=\"(max-width: 640px) 100vw, 540px\" \/><\/span><\/div><div class=\"fusion-text fusion-text-1\" style=\"text-align:center;\"><h4>Proceso de aplicaci\u00f3n de los estudiantes internacionales<\/h4>\n<p>Comun\u00edquese con la Oficina Internacional de su universidad de origen para comenzar el proceso.<\/p>\n<\/div><div class=\"fusion-content-boxes content-boxes columns row fusion-columns-1 fusion-columns-total-4 fusion-content-boxes-1 content-boxes-timeline-vertical content-left content-boxes-timeline-layout content-boxes-icon-with-title fusion-delayed-animation\" data-animation-delay=\"350\" data-animationOffset=\"100%\" style=\"margin-top:30px;margin-bottom:30px;\"><style type=\"text\/css\">.fusion-content-boxes-1 .heading .content-box-heading {color:#464d5f;}\n\t\t\t\t\t.fusion-content-boxes-1 .fusion-content-box-hover .link-area-link-icon-hover .heading .content-box-heading,\n\t\t\t\t\t.fusion-content-boxes-1 .fusion-content-box-hover .link-area-link-icon-hover .heading .heading-link .content-box-heading,\n\t\t\t\t\t.fusion-content-boxes-1 .fusion-content-box-hover .link-area-box-hover .heading .content-box-heading,\n\t\t\t\t\t.fusion-content-boxes-1 .fusion-content-box-hover .link-area-box-hover .heading .heading-link .content-box-heading,\n\t\t\t\t\t.fusion-content-boxes-1 .fusion-content-box-hover .link-area-link-icon-hover.link-area-box .fusion-read-more,\n\t\t\t\t\t.fusion-content-boxes-1 .fusion-content-box-hover .link-area-link-icon-hover.link-area-box .fusion-read-more::after,\n\t\t\t\t\t.fusion-content-boxes-1 .fusion-content-box-hover .link-area-link-icon-hover.link-area-box .fusion-read-more::before,\n\t\t\t\t\t.fusion-content-boxes-1 .fusion-content-box-hover .fusion-read-more:hover:after,\n\t\t\t\t\t.fusion-content-boxes-1 .fusion-content-box-hover .fusion-read-more:hover:before,\n\t\t\t\t\t.fusion-content-boxes-1 .fusion-content-box-hover .fusion-read-more:hover,\n\t\t\t\t\t.fusion-content-boxes-1 .fusion-content-box-hover .link-area-box-hover.link-area-box .fusion-read-more,\n\t\t\t\t\t.fusion-content-boxes-1 .fusion-content-box-hover .link-area-box-hover.link-area-box .fusion-read-more::after,\n\t\t\t\t\t.fusion-content-boxes-1 .fusion-content-box-hover .link-area-box-hover.link-area-box .fusion-read-more::before,\n\t\t\t\t\t.fusion-content-boxes-1 .fusion-content-box-hover .link-area-link-icon-hover .icon .circle-no,\n\t\t\t\t\t.fusion-content-boxes-1 .heading .heading-link:hover .content-box-heading {\n\t\t\t\t\t\tcolor: #358099;\n\t\t\t\t\t}\n\t\t\t\t\t.fusion-content-boxes-1 .fusion-content-box-hover .link-area-box-hover .icon .circle-no {\n\t\t\t\t\t\tcolor: #358099 !important;\n\t\t\t\t\t}.fusion-content-boxes-1 .fusion-content-box-hover .link-area-box.link-area-box-hover .fusion-content-box-button {background: #6f7271;color: #ffffff;}.fusion-content-boxes-1 .fusion-content-box-hover .link-area-box.link-area-box-hover .fusion-content-box-button .fusion-button-text {color: #ffffff;}\n\t\t\t\t\t.fusion-content-boxes-1 .fusion-content-box-hover .link-area-link-icon-hover .heading .icon > span {\n\t\t\t\t\t\tbackground-color: #358099 !important;\n\t\t\t\t\t}\n\t\t\t\t\t.fusion-content-boxes-1 .fusion-content-box-hover .link-area-box-hover .heading .icon > span {\n\t\t\t\t\t\tborder-color: #358099 !important;\n\t\t\t\t\t}<\/style><div class=\"fusion-column content-box-column content-box-column content-box-column-1 col-lg-12 col-md-12 col-sm-12 fusion-content-box-hover content-box-column-last-in-row\"><div class=\"col content-box-wrapper content-wrapper-background link-area-link-icon link-type-button icon-hover-animation-slide fusion-animated\" style=\"background-color:#faf9f8;\" data-animationType=\"fadeIn\" data-animationDuration=\"0.25\" data-animationOffset=\"100%\"><div class=\"heading heading-with-icon icon-left\" style=\"margin-top:22px;\"><a class=\"heading-link\" href=\"https:\/\/forms.office.com\/r\/gzQnwWeZAg\" target=\"_self\"><div class=\"icon\" style=\"margin-top:-22px;margin-bottom:-22px;-webkit-animation-duration: 350ms;animation-duration: 350ms;\"><i style=\"border-color:#0b286a;border-width:3px;background-color:#f7f7f7;box-sizing:content-box;height:60px;width:60px;line-height:60px;border-radius:50%;color:#68c7d6;font-size:30px;\" aria-hidden=\"true\" class=\"fontawesome-icon fa-calendar-alt fas circle-yes\"><\/i><\/div><h3 class=\"content-box-heading\" style=\"font-size:22px;line-height:27px;\">Nominaci\u00f3n<\/h3><\/a><\/div><div class=\"fusion-clearfix\"><\/div><div class=\"content-container\" style=\"padding-left:86px;color:#4a4e57;\">\n<p><strong>Las nominaciones deben ser realizadas por la Oficina Internacional de la universidad socia,<\/strong>\u00a0indicando los datos del estudiante, tales como: nombre completo, nacionalidad, n\u00famero de pasaporte, titulaci\u00f3n y correo electr\u00f3nico de contacto.<\/p>\n<p><strong>Fechas l\u00edmites para nominaciones:\u00a0<\/strong><\/p>\n<ul>\n<li>Primer semestre (Septiembre): 31 de mayo<\/li>\n<li>Segundo semestre (Marzo): 30 de noviembre<\/li>\n<\/ul>\n<\/div><div class=\"fusion-clearfix\"><\/div><a class=\"fusion-read-more-button fusion-content-box-button fusion-button button-default button-large button- button-flat\" style=\"margin-left:86px;\" href=\"https:\/\/forms.office.com\/r\/gzQnwWeZAg\" target=\"_self\"><span class=\"fusion-button-text\">Completa el formulario de nominaci\u00f3n (Solo universidades)<\/span><\/a><div class=\"fusion-clearfix\"><\/div><div class=\"content-box-shortcode-timeline-vertical\" style=\"border-color:#0b286a;left:80px;top:65px;-webkit-transition-duration: 350ms;animation-duration: 350ms;\"><\/div><\/div><\/div><div class=\"fusion-column content-box-column content-box-column content-box-column-2 col-lg-12 col-md-12 col-sm-12 fusion-content-box-hover content-box-column-last-in-row\"><div class=\"col content-box-wrapper content-wrapper-background link-area-link-icon link-type-button icon-hover-animation-slide fusion-animated\" style=\"background-color:#faf9f8;\" data-animationType=\"fadeIn\" data-animationDuration=\"0.25\" data-animationOffset=\"100%\"><div class=\"heading heading-with-icon icon-left\" style=\"margin-top:22px;\"><a class=\"heading-link\" href=\"https:\/\/form.jotform.com\/udlainternacional\/incoming\" target=\"_blank\" rel=\"noopener noreferrer\"><div class=\"icon\" style=\"margin-top:-22px;margin-bottom:-22px;-webkit-animation-duration: 350ms;animation-duration: 350ms;\"><i style=\"border-color:#0b286a;border-width:3px;background-color:#f7f7f7;box-sizing:content-box;height:60px;width:60px;line-height:60px;border-radius:50%;color:#68c7d6;font-size:30px;\" aria-hidden=\"true\" class=\"fontawesome-icon fa-address-book fas circle-yes\"><\/i><\/div><h3 class=\"content-box-heading\" style=\"font-size:22px;line-height:27px;\">Postulaci\u00f3n <\/h3><\/a><\/div><div class=\"fusion-clearfix\"><\/div><div class=\"content-container\" style=\"padding-left:86px;color:#4a4e57;\">\n<p>Los estudiantes deber\u00e1n completar la postulaci\u00f3n en l\u00ednea\u00a0y\u00a0cargar los documentos requeridos e indicar las materias que les interese tomar en la UDLA.<\/p>\n<p>Elije las\u00a0materias\u00a0que te gustar\u00eda tomar en orden de primera prioridad (puedes cursar hasta seis materias por semestre). Aseg\u00farate de incluir esta lista en tu\u00a0postulaci\u00f3n. Es tu responsabilidad presentar esta lista de\u00a0materias en\u00a0tu universidad de origen para la aprobaci\u00f3n.<\/p>\n<p>En caso de requerir los programas (s\u00edlabos) de las materias antes de completar tu postulaci\u00f3n en l\u00ednea, solic\u00edtalos por correo electr\u00f3nico a Programas Internacionales.<\/p>\n<div class=\"fusion-separator\" style=\"align-self: center;margin-left: auto;margin-right: auto;width:100%;max-width:170px;\"><div class=\"fusion-separator-border sep-single sep-solid\" style=\"border-color:#e2e2e2;border-top-width:1px;\"><\/div><\/div>\n<h4>Documentos requeridos para cargar en la postulaci\u00f3n en l\u00ednea<\/h4>\n<ul>\n<li>Fotograf\u00eda reciente.<\/li>\n<li>Certificado de calificaciones emitido por la universidad de origen.<\/li>\n<li>Carta de motivaci\u00f3n del estudiante (escrita en espa\u00f1ol &#8211; m\u00e1x. 400 palabras).<\/li>\n<li>Carta de recomendaci\u00f3n firmada por un profesor de la universidad de origen.<\/li>\n<li>Copia del pasaporte vigente.<\/li>\n<\/ul>\n<p><em>Solo para aquellos estudiantes cuyo primer idioma no sea espa\u00f1ol:<\/em><\/p>\n<p>Prueba de suficiencia del idioma espa\u00f1ol o captura de pantalla del puntaje de la\u00a0prueba gratuita AVE Global<\/p>\n<p>Fechas l\u00edmites para\u00a0postulaciones:<\/p>\n<ul>\n<li>Primer semestre (Septiembre): 15 de junio<\/li>\n<li>Segundo semestre (Marzo): 15 de diciembre<\/li>\n<\/ul>\n<div ><style type=\"text\/css\">.fusion-button.button-1 {border-radius:4px;}<\/style><a class=\"fusion-button button-flat fusion-button-default-size button-default button-1 fusion-button-default-span fusion-button-default-type\" target=\"_blank\" rel=\"noopener noreferrer\" href=\"http:\/\/pruebadenivel.cervantes.es\/exam.php?id=17 \"><span class=\"fusion-button-text\">Prueba gratuita AVE Global<\/span><\/a><\/div>\n<\/div><div class=\"fusion-clearfix\"><\/div><a class=\"fusion-read-more-button fusion-content-box-button fusion-button button-default button-large button- button-flat\" style=\"margin-left:86px;\" href=\"https:\/\/form.jotform.com\/udlainternacional\/incoming\" target=\"_blank\" rel=\"noopener noreferrer\"><span class=\"fusion-button-text\">Completa la postulaci\u00f3n en l\u00ednea ahora<\/span><\/a><div class=\"fusion-clearfix\"><\/div><div class=\"content-box-shortcode-timeline-vertical\" style=\"border-color:#0b286a;left:80px;top:65px;-webkit-transition-duration: 350ms;animation-duration: 350ms;\"><\/div><\/div><\/div><div class=\"fusion-column content-box-column content-box-column content-box-column-3 col-lg-12 col-md-12 col-sm-12 fusion-content-box-hover content-box-column-last-in-row\"><div class=\"col content-box-wrapper content-wrapper-background link-area-link-icon icon-hover-animation-slide fusion-animated\" style=\"background-color:#faf9f8;\" data-animationType=\"fadeIn\" data-animationDuration=\"0.25\" data-animationOffset=\"100%\"><div class=\"heading heading-with-icon icon-left\" style=\"margin-top:22px;\"><div class=\"icon\" style=\"margin-top:-22px;margin-bottom:-22px;-webkit-animation-duration: 350ms;animation-duration: 350ms;\"><i style=\"border-color:#0b286a;border-width:3px;background-color:#f7f7f7;box-sizing:content-box;height:60px;width:60px;line-height:60px;border-radius:50%;color:#68c7d6;font-size:30px;\" aria-hidden=\"true\" class=\"fontawesome-icon fa-file-alt fas circle-yes\"><\/i><\/div><h3 class=\"content-box-heading\" style=\"font-size:22px;line-height:27px;\">Entrevista<\/h3><\/div><div class=\"fusion-clearfix\"><\/div><div class=\"content-container\" style=\"padding-left:86px;color:#4a4e57;\">\n<p>Luego de haber realizado su postulaci\u00f3n, Programas Internacionales programas una entrevista con cada estudiante interesado en participar en el programa, mediante alguna plataforma virtual tales como Microsoft Teams, Zoom o Skype.<\/p>\n<\/div><div class=\"content-box-shortcode-timeline-vertical\" style=\"border-color:#0b286a;left:80px;top:65px;-webkit-transition-duration: 350ms;animation-duration: 350ms;\"><\/div><\/div><\/div><div class=\"fusion-column content-box-column content-box-column content-box-column-4 col-lg-12 col-md-12 col-sm-12 fusion-content-box-hover content-box-column-last content-box-column-last-in-row\"><div class=\"col content-box-wrapper content-wrapper-background link-area-link-icon icon-hover-animation-slide fusion-animated\" style=\"background-color:#faf9f8;\" data-animationType=\"fadeIn\" data-animationDuration=\"0.25\" data-animationOffset=\"100%\"><div class=\"heading heading-with-icon icon-left\" style=\"margin-top:22px;\"><div class=\"icon\" style=\"margin-top:-22px;margin-bottom:-22px;-webkit-animation-duration: 350ms;animation-duration: 350ms;\"><i style=\"border-color:#0b286a;border-width:3px;background-color:#f7f7f7;box-sizing:content-box;height:60px;width:60px;line-height:60px;border-radius:50%;color:#68c7d6;font-size:30px;\" aria-hidden=\"true\" class=\"fontawesome-icon fa-book-reader fas circle-yes\"><\/i><\/div><h3 class=\"content-box-heading\" style=\"font-size:22px;line-height:27px;\">Aceptaci\u00f3n<\/h3><\/div><div class=\"fusion-clearfix\"><\/div><div class=\"content-container\" style=\"padding-left:86px;color:#4a4e57;\">\n<p>Luego de haber realizado su postulaci\u00f3n y la entrevista, Programas Internacionales verificar\u00e1 sus documentos y emitir\u00e1 una carta de aceptaci\u00f3n que le permitir\u00e1 realizar la solicitud de visado ante la representaci\u00f3n consular de Ecuador m\u00e1s cercana a su domicilio.<\/p>\n<\/div><div class=\"content-box-shortcode-timeline-vertical\" style=\"border-color:#0b286a;left:80px;top:65px;-webkit-transition-duration: 350ms;animation-duration: 350ms;\"><\/div><\/div><\/div><style type=\"text\/css\">\n\t\t\t\t\t\t.fusion-content-boxes-1 .fusion-content-box-hover .heading-link:hover .icon i.circle-yes,\n\t\t\t\t\t\t.fusion-content-boxes-1 .fusion-content-box-hover .link-area-box:hover .heading-link .icon i.circle-yes,\n\t\t\t\t\t\t.fusion-content-boxes-1 .fusion-content-box-hover .link-area-link-icon-hover .heading .icon i.circle-yes,\n\t\t\t\t\t\t.fusion-content-boxes-1 .fusion-content-box-hover .link-area-box-hover .heading .icon i.circle-yes {\n\t\t\t\t\t\t\tbackground-color: #358099 !important;\n\t\t\t\t\t\t\tborder-color: #358099 !important;\n\t\t\t\t\t\t}<\/style><div class=\"fusion-clearfix\"><\/div><\/div><\/div><\/div><style type=\"text\/css\">.fusion-body .fusion-builder-column-0{width:100% !important;margin-top : 0px;margin-bottom : 0px;}.fusion-builder-column-0 > .fusion-column-wrapper {padding-top : 0px !important;padding-right : 0px !important;margin-right : 1.92%;padding-bottom : 0px !important;padding-left : 0px !important;margin-left : 1.92%;}@media only screen and (max-width:1024px) {.fusion-body .fusion-builder-column-0{width:100% !important;}.fusion-builder-column-0 > .fusion-column-wrapper {margin-right : 1.92%;margin-left : 1.92%;}}@media only screen and (max-width:640px) {.fusion-body .fusion-builder-column-0{width:100% !important;}.fusion-builder-column-0 > .fusion-column-wrapper {margin-right : 1.92%;margin-left : 1.92%;}}<\/style><\/div><style type=\"text\/css\">.fusion-body .fusion-flex-container.fusion-builder-row-1{ padding-top : 0px;margin-top : 0px;padding-right : 0px;padding-bottom : 20px;margin-bottom : 0px;padding-left : 0px;}<\/style><\/div>\n","protected":false},"excerpt":{"rendered":"","protected":false},"author":1,"featured_media":0,"parent":3730,"menu_order":2,"comment_status":"closed","ping_status":"closed","template":"100-width.php","meta":{"content-type":"","footnotes":"","_links_to":"","_links_to_target":""},"class_list":["post-3811","page","type-page","status-publish","hentry"],"_links":{"self":[{"href":"https:\/\/sitios.udla.edu.ec\/internacional\/wp-json\/wp\/v2\/pages\/3811","targetHints":{"allow":["GET"]}}],"collection":[{"href":"https:\/\/sitios.udla.edu.ec\/internacional\/wp-json\/wp\/v2\/pages"}],"about":[{"href":"https:\/\/sitios.udla.edu.ec\/internacional\/wp-json\/wp\/v2\/types\/page"}],"author":[{"embeddable":true,"href":"https:\/\/sitios.udla.edu.ec\/internacional\/wp-json\/wp\/v2\/users\/1"}],"replies":[{"embeddable":true,"href":"https:\/\/sitios.udla.edu.ec\/internacional\/wp-json\/wp\/v2\/comments?post=3811"}],"version-history":[{"count":29,"href":"https:\/\/sitios.udla.edu.ec\/internacional\/wp-json\/wp\/v2\/pages\/3811\/revisions"}],"predecessor-version":[{"id":8659,"href":"https:\/\/sitios.udla.edu.ec\/internacional\/wp-json\/wp\/v2\/pages\/3811\/revisions\/8659"}],"up":[{"embeddable":true,"href":"https:\/\/sitios.udla.edu.ec\/internacional\/wp-json\/wp\/v2\/pages\/3730"}],"wp:attachment":[{"href":"https:\/\/sitios.udla.edu.ec\/internacional\/wp-json\/wp\/v2\/media?parent=3811"}],"curies":[{"name":"wp","href":"https:\/\/api.w.org\/{rel}","templated":true}]}}