{"id":3500,"date":"2021-02-01T11:41:43","date_gmt":"2021-02-01T16:41:43","guid":{"rendered":"https:\/\/sitios.udla.edu.ec\/internacional\/?page_id=3500"},"modified":"2025-03-31T05:16:54","modified_gmt":"2025-03-31T10:16:54","slug":"pregrado","status":"publish","type":"page","link":"https:\/\/sitios.udla.edu.ec\/internacional\/estudiantes-internacionales\/admisiones\/pregrado\/","title":{"rendered":"Pregrado"},"content":{"rendered":"<p><div class=\"fusion-fullwidth fullwidth-box fusion-builder-row-1 fusion-flex-container nonhundred-percent-fullwidth non-hundred-percent-height-scrolling\" style=\"background-color: rgba(255,255,255,0);background-position: center center;background-repeat: no-repeat;border-width: 0px 0px 0px 0px;border-color:#e2e2e2;border-style:solid;\" ><div class=\"fusion-builder-row fusion-row fusion-flex-align-items-center\" style=\"max-width:1248px;margin-left: calc(-4% \/ 2 );margin-right: calc(-4% \/ 2 );\"><div class=\"fusion-layout-column fusion_builder_column fusion-builder-column-0 fusion_builder_column_1_4 1_4 fusion-flex-column\"><div class=\"fusion-column-wrapper fusion-flex-justify-content-flex-start fusion-content-layout-column\" style=\"background-position:left top;background-repeat:no-repeat;-webkit-background-size:cover;-moz-background-size:cover;-o-background-size:cover;background-size:cover;padding: 0px 0px 0px 0px;\"><div ><span class=\" fusion-imageframe imageframe-none imageframe-1 hover-type-none\" style=\"-webkit-border-radius:12px;-moz-border-radius:12px;border-radius:12px;\"><img decoding=\"async\" width=\"264\" image_height=\"750\" image_id=\"3552\" title=\"estudiantesInt0\" src=\"https:\/\/sitios.udla.edu.ec\/internacional\/wp-content\/uploads\/2021\/02\/estudiantesInt0.jpg\" class=\"img-responsive wp-image-3552\" srcset=\"https:\/\/sitios.udla.edu.ec\/internacional\/wp-content\/uploads\/2021\/02\/estudiantesInt0-200x568.jpg 200w, https:\/\/sitios.udla.edu.ec\/internacional\/wp-content\/uploads\/2021\/02\/estudiantesInt0.jpg 264w\" sizes=\"(max-width: 640px) 100vw, 264px\" \/><\/span><\/div><\/div><\/div><style type=\"text\/css\">.fusion-body .fusion-builder-column-0{width:25% !important;margin-top : 0px;margin-bottom : 20px;}.fusion-builder-column-0 > .fusion-column-wrapper {padding-top : 0px !important;padding-right : 0px !important;margin-right : 7.68%;padding-bottom : 0px !important;padding-left : 0px !important;margin-left : 7.68%;}@media only screen and (max-width:1024px) {.fusion-body .fusion-builder-column-0{width:25% !important;order : 0;}.fusion-builder-column-0 > .fusion-column-wrapper {margin-right : 7.68%;margin-left : 7.68%;}}@media only screen and (max-width:640px) {.fusion-body .fusion-builder-column-0{width:100% !important;order : 0;}.fusion-builder-column-0 > .fusion-column-wrapper {margin-right : 1.92%;margin-left : 1.92%;}}<\/style><div class=\"fusion-layout-column fusion_builder_column fusion-builder-column-1 fusion_builder_column_3_4 3_4 fusion-flex-column\"><div class=\"fusion-column-wrapper fusion-flex-justify-content-flex-start fusion-content-layout-column\" style=\"background-position:left top;background-repeat:no-repeat;-webkit-background-size:cover;-moz-background-size:cover;-o-background-size:cover;background-size:cover;padding: 0px 0px 0px 0px;\"><div class=\"fusion-text fusion-text-1\" style=\"text-align:left;\"><h3>Estudiar una carrera en la UDLA (Pregrado)<\/h3>\n<p>Requisitos para\u00a0estudiantes\u00a0de admisi\u00f3n regular:<\/p>\n<ul>\n<li>Pasaporte\u00a0vigente.<\/li>\n<li>Visa de Residente Temporal Estudiante o alguna Visa de Residencia Permanente en Ecuador<\/li>\n<li>Documentos que acrediten la finalizaci\u00f3n de la educaci\u00f3n secundaria debidamente apostillados*\n<ul>\n<li>T\u00edtulo<\/li>\n<li>Calificaciones<\/li>\n<\/ul>\n<\/li>\n<\/ul>\n<blockquote>\n<p>Solo para aquellos estudiantes cuyo primer idioma no sea espa\u00f1ol:<\/p>\n<p>Prueba de\u00a0suficiencia del idioma espa\u00f1ol: DELE, SIELE o similar.<\/p>\n<\/blockquote>\n<p>Los documentos emitidos en otro idioma distinto al espa\u00f1ol, se deber\u00e1n realizar una traducci\u00f3n certificada ante un int\u00e9rprete oficial.<\/p>\n<p>* Apostille \u2013 Convention de La Haye du 5 octobre 1961.<\/p>\n<p>Estudiantes sin prueba de suficiencia en espa\u00f1ol, pueden contactar<\/p>\n<\/div><div ><style type=\"text\/css\">.fusion-button.button-1 {border-radius:4px;}<\/style><a class=\"fusion-button button-flat fusion-button-default-size button-default button-1 fusion-button-default-span fusion-button-default-type\" target=\"_blank\" rel=\"noopener noreferrer\" href=\"https:\/\/sitios.udla.edu.ec\/admisiones-udla\/educacion-continua\/escuela-de-espanol\/\"><span class=\"fusion-button-text\">Escuela de Espa\u00f1ol UDLA<\/span><\/a><\/div><\/div><\/div><style type=\"text\/css\">.fusion-body .fusion-builder-column-1{width:75% !important;margin-top : 0px;margin-bottom : 20px;}.fusion-builder-column-1 > .fusion-column-wrapper {padding-top : 0px !important;padding-right : 0px !important;margin-right : 2.56%;padding-bottom : 0px !important;padding-left : 0px !important;margin-left : 2.56%;}@media only screen and (max-width:1024px) {.fusion-body .fusion-builder-column-1{width:75% !important;order : 0;}.fusion-builder-column-1 > .fusion-column-wrapper {margin-right : 2.56%;margin-left : 2.56%;}}@media only screen and (max-width:640px) {.fusion-body .fusion-builder-column-1{width:100% !important;order : 0;}.fusion-builder-column-1 > .fusion-column-wrapper {margin-right : 1.92%;margin-left : 1.92%;}}<\/style><\/div><style type=\"text\/css\">.fusion-body .fusion-flex-container.fusion-builder-row-1{ padding-top : 0px;margin-top : 0px;padding-right : 0px;padding-bottom : 0px;margin-bottom : 0px;padding-left : 0px;}<\/style><\/div><div class=\"fusion-fullwidth fullwidth-box fusion-builder-row-2 fusion-flex-container nonhundred-percent-fullwidth non-hundred-percent-height-scrolling\" style=\"background-color: rgba(255,255,255,0);background-position: center center;background-repeat: no-repeat;border-width: 0px 0px 0px 0px;border-color:#e2e2e2;border-style:solid;\" ><div class=\"fusion-builder-row fusion-row fusion-flex-align-items-center\" style=\"max-width:1248px;margin-left: calc(-4% \/ 2 );margin-right: calc(-4% \/ 2 );\"><div class=\"fusion-layout-column fusion_builder_column fusion-builder-column-2 fusion_builder_column_3_4 3_4 fusion-flex-column\"><div class=\"fusion-column-wrapper fusion-flex-justify-content-flex-start fusion-content-layout-column\" style=\"background-position:left top;background-repeat:no-repeat;-webkit-background-size:cover;-moz-background-size:cover;-o-background-size:cover;background-size:cover;padding: 0px 0px 0px 0px;\"><div class=\"fusion-text fusion-text-2\" style=\"text-align:left;\"><h3>Requisitos para estudiantes que soliciten proceso de homologaci\u00f3n<\/h3>\n<p>Requisitos para\u00a0estudiantes\u00a0de admisi\u00f3n regular:<\/p>\n<ul>\n<li>Pasaporte vigente<\/li>\n<li>Visa de Residente Temporal Estudiante o alguna Visa de Residencia Permanente en Ecuador<\/li>\n<li>Documentos que acrediten la finalizaci\u00f3n de la educaci\u00f3n secundaria debidamente apostillados*\n<ul>\n<li>T\u00edtulo<\/li>\n<li>Calificaciones<\/li>\n<\/ul>\n<\/li>\n<li>Documentos universitarios debidamente apostillados*\n<ul>\n<li>Record de materias aprobadas<\/li>\n<li>Malla curricular de la universidad de origen<\/li>\n<li>Syllabus de cada materia aprobada<\/li>\n<\/ul>\n<\/li>\n<\/ul>\n<blockquote>\n<p>Solo para aquellos estudiantes cuyo primer idioma no sea espa\u00f1ol:<\/p>\n<p>Prueba de\u00a0suficiencia del idioma espa\u00f1ol: DELE, SIELE o similar.<\/p>\n<\/blockquote>\n<p>Los documentos emitidos en otro idioma distinto al espa\u00f1ol, se deber\u00e1n realizar una traducci\u00f3n certificada ante un int\u00e9rprete oficial.<\/p>\n<p>* Apostille \u2013 Convention de La Haye du 5 octobre 1961.<\/p>\n<p>Estudiantes sin prueba de suficiencia en espa\u00f1ol, pueden contactar<\/p>\n<\/div><div ><style type=\"text\/css\">.fusion-button.button-2 {border-radius:4px;}<\/style><a class=\"fusion-button button-flat fusion-button-default-size button-default button-2 fusion-button-default-span fusion-button-default-type\" target=\"_blank\" rel=\"noopener noreferrer\" href=\"https:\/\/sitios.udla.edu.ec\/admisiones-udla\/educacion-continua\/escuela-de-espanol\/\"><span class=\"fusion-button-text\">Escuela de Espa\u00f1ol UDLA<\/span><\/a><\/div><div class=\"fusion-content-boxes content-boxes columns row fusion-columns-1 fusion-columns-total-1 fusion-content-boxes-1 content-boxes-icon-on-side content-left\" data-animationOffset=\"100%\" style=\"margin-top:25px;margin-bottom:25px;\"><style type=\"text\/css\">.fusion-content-boxes-1 .heading .content-box-heading {color:#212934;}\n\t\t\t\t\t.fusion-content-boxes-1 .fusion-content-box-hover .link-area-link-icon-hover .heading .content-box-heading,\n\t\t\t\t\t.fusion-content-boxes-1 .fusion-content-box-hover .link-area-link-icon-hover .heading .heading-link .content-box-heading,\n\t\t\t\t\t.fusion-content-boxes-1 .fusion-content-box-hover .link-area-box-hover .heading .content-box-heading,\n\t\t\t\t\t.fusion-content-boxes-1 .fusion-content-box-hover .link-area-box-hover .heading .heading-link .content-box-heading,\n\t\t\t\t\t.fusion-content-boxes-1 .fusion-content-box-hover .link-area-link-icon-hover.link-area-box .fusion-read-more,\n\t\t\t\t\t.fusion-content-boxes-1 .fusion-content-box-hover .link-area-link-icon-hover.link-area-box .fusion-read-more::after,\n\t\t\t\t\t.fusion-content-boxes-1 .fusion-content-box-hover .link-area-link-icon-hover.link-area-box .fusion-read-more::before,\n\t\t\t\t\t.fusion-content-boxes-1 .fusion-content-box-hover .fusion-read-more:hover:after,\n\t\t\t\t\t.fusion-content-boxes-1 .fusion-content-box-hover .fusion-read-more:hover:before,\n\t\t\t\t\t.fusion-content-boxes-1 .fusion-content-box-hover .fusion-read-more:hover,\n\t\t\t\t\t.fusion-content-boxes-1 .fusion-content-box-hover .link-area-box-hover.link-area-box .fusion-read-more,\n\t\t\t\t\t.fusion-content-boxes-1 .fusion-content-box-hover .link-area-box-hover.link-area-box .fusion-read-more::after,\n\t\t\t\t\t.fusion-content-boxes-1 .fusion-content-box-hover .link-area-box-hover.link-area-box .fusion-read-more::before,\n\t\t\t\t\t.fusion-content-boxes-1 .fusion-content-box-hover .link-area-link-icon-hover .icon .circle-no,\n\t\t\t\t\t.fusion-content-boxes-1 .heading .heading-link:hover .content-box-heading {\n\t\t\t\t\t\tcolor: #0b286a;\n\t\t\t\t\t}\n\t\t\t\t\t.fusion-content-boxes-1 .fusion-content-box-hover .link-area-box-hover .icon .circle-no {\n\t\t\t\t\t\tcolor: #0b286a !important;\n\t\t\t\t\t}.fusion-content-boxes-1 .fusion-content-box-hover .link-area-box.link-area-box-hover .fusion-content-box-button {background: #6f7271;color: #ffffff;}.fusion-content-boxes-1 .fusion-content-box-hover .link-area-box.link-area-box-hover .fusion-content-box-button .fusion-button-text {color: #ffffff;}\n\t\t\t\t\t.fusion-content-boxes-1 .fusion-content-box-hover .link-area-link-icon-hover .heading .icon > span {\n\t\t\t\t\t\tbackground-color: #0b286a !important;\n\t\t\t\t\t}\n\t\t\t\t\t.fusion-content-boxes-1 .fusion-content-box-hover .link-area-box-hover .heading .icon > span {\n\t\t\t\t\t\tborder-color: #0b286a !important;\n\t\t\t\t\t}<\/style><div class=\"fusion-column content-box-column content-box-column content-box-column-1 col-lg-12 col-md-12 col-sm-12 fusion-content-box-hover content-box-column-last content-box-column-last-in-row\"><div class=\"col content-box-wrapper content-wrapper link-area-link-icon content-icon-wrapper-yes icon-hover-animation-fade\" style=\"background-color:rgba(255,255,255,0);\" data-animationOffset=\"100%\"><div class=\"heading heading-with-icon icon-left\"><div class=\"icon\"><span style=\"height:42px;width:42px;line-height:22px;border-color:rgba(255,255,255,0);border-width:1px;border-style:solid;background-color:#212934;margin-right:20px;box-sizing:content-box;border-radius:50%;\"><i style=\"border-color:#212934;border-width:1px;background-color:#212934;box-sizing:content-box;height:40px;width:40px;line-height:40px;border-radius:50%;position:relative;top:auto;left:auto;margin:0;border-radius:50%;color:#ffffff;font-size:20px;\" aria-hidden=\"true\" class=\"fontawesome-icon fa-hands-helping fas circle-yes\"><\/i><\/span><\/div><h2 class=\"content-box-heading\" style=\"font-size:24px;line-height:29px;padding-left:64px;\">Contacto<\/h2><\/div><div class=\"fusion-clearfix\"><\/div><div class=\"content-container\" style=\"padding-left:64px;color:#4a4e57;\">\n<p>Carolina Cisneros &#8211; Subdirectora de Admisiones<\/p>\n<p><a href=\"mailto:carolina.cisneros@udla.edu.ec\">carolina.cisneros@udla.edu.ec<\/a><\/p>\n<p><a href=\"mailto:admision@udla.edu.ec\">admision@udla.edu.ec<\/a><\/p>\n<\/div><\/div><\/div><style type=\"text\/css\">\n\t\t\t\t\t\t.fusion-content-boxes-1 .fusion-content-box-hover .heading-link:hover .icon i.circle-yes,\n\t\t\t\t\t\t.fusion-content-boxes-1 .fusion-content-box-hover .link-area-box:hover .heading-link .icon i.circle-yes,\n\t\t\t\t\t\t.fusion-content-boxes-1 .fusion-content-box-hover .link-area-link-icon-hover .heading .icon i.circle-yes,\n\t\t\t\t\t\t.fusion-content-boxes-1 .fusion-content-box-hover .link-area-box-hover .heading .icon i.circle-yes {\n\t\t\t\t\t\t\tbackground-color: #0b286a !important;\n\t\t\t\t\t\t\tborder-color: #0b286a !important;\n\t\t\t\t\t\t}<\/style><div class=\"fusion-clearfix\"><\/div><\/div><\/div><\/div><style type=\"text\/css\">.fusion-body .fusion-builder-column-2{width:75% !important;margin-top : 0px;margin-bottom : 20px;}.fusion-builder-column-2 > .fusion-column-wrapper {padding-top : 0px !important;padding-right : 0px !important;margin-right : 2.56%;padding-bottom : 0px !important;padding-left : 0px !important;margin-left : 2.56%;}@media only screen and (max-width:1024px) {.fusion-body .fusion-builder-column-2{width:75% !important;order : 0;}.fusion-builder-column-2 > .fusion-column-wrapper {margin-right : 2.56%;margin-left : 2.56%;}}@media only screen and (max-width:640px) {.fusion-body .fusion-builder-column-2{width:100% !important;order : 0;}.fusion-builder-column-2 > .fusion-column-wrapper {margin-right : 1.92%;margin-left : 1.92%;}}<\/style><div class=\"fusion-layout-column fusion_builder_column fusion-builder-column-3 fusion_builder_column_1_4 1_4 fusion-flex-column\"><div class=\"fusion-column-wrapper fusion-flex-justify-content-flex-start fusion-content-layout-column\" style=\"background-position:left top;background-repeat:no-repeat;-webkit-background-size:cover;-moz-background-size:cover;-o-background-size:cover;background-size:cover;padding: 0px 0px 0px 0px;\"><div ><span class=\" fusion-imageframe imageframe-none imageframe-2 hover-type-none\" style=\"-webkit-border-radius:12px;-moz-border-radius:12px;border-radius:12px;\"><img decoding=\"async\" width=\"264\" image_height=\"750\" image_id=\"3667\" title=\"UDLAcampus\" src=\"https:\/\/sitios.udla.edu.ec\/internacional\/wp-content\/uploads\/2021\/02\/UDLAcampus.jpg\" class=\"img-responsive wp-image-3667\" srcset=\"https:\/\/sitios.udla.edu.ec\/internacional\/wp-content\/uploads\/2021\/02\/UDLAcampus-200x568.jpg 200w, https:\/\/sitios.udla.edu.ec\/internacional\/wp-content\/uploads\/2021\/02\/UDLAcampus.jpg 264w\" sizes=\"(max-width: 640px) 100vw, 264px\" \/><\/span><\/div><\/div><\/div><style type=\"text\/css\">.fusion-body .fusion-builder-column-3{width:25% !important;margin-top : 0px;margin-bottom : 20px;}.fusion-builder-column-3 > .fusion-column-wrapper {padding-top : 0px !important;padding-right : 0px !important;margin-right : 7.68%;padding-bottom : 0px !important;padding-left : 0px !important;margin-left : 7.68%;}@media only screen and (max-width:1024px) {.fusion-body .fusion-builder-column-3{width:25% !important;order : 0;}.fusion-builder-column-3 > .fusion-column-wrapper {margin-right : 7.68%;margin-left : 7.68%;}}@media only screen and (max-width:640px) {.fusion-body .fusion-builder-column-3{width:100% !important;order : 0;}.fusion-builder-column-3 > .fusion-column-wrapper {margin-right : 1.92%;margin-left : 1.92%;}}<\/style><\/div><style type=\"text\/css\">.fusion-body .fusion-flex-container.fusion-builder-row-2{ padding-top : 0px;margin-top : 0px;padding-right : 0px;padding-bottom : 0px;margin-bottom : 0px;padding-left : 0px;}<\/style><\/div><\/p>\n","protected":false},"excerpt":{"rendered":"","protected":false},"author":1,"featured_media":0,"parent":3476,"menu_order":1,"comment_status":"closed","ping_status":"closed","template":"","meta":{"content-type":"","footnotes":"","_links_to":"","_links_to_target":""},"class_list":["post-3500","page","type-page","status-publish","hentry"],"_links":{"self":[{"href":"https:\/\/sitios.udla.edu.ec\/internacional\/wp-json\/wp\/v2\/pages\/3500","targetHints":{"allow":["GET"]}}],"collection":[{"href":"https:\/\/sitios.udla.edu.ec\/internacional\/wp-json\/wp\/v2\/pages"}],"about":[{"href":"https:\/\/sitios.udla.edu.ec\/internacional\/wp-json\/wp\/v2\/types\/page"}],"author":[{"embeddable":true,"href":"https:\/\/sitios.udla.edu.ec\/internacional\/wp-json\/wp\/v2\/users\/1"}],"replies":[{"embeddable":true,"href":"https:\/\/sitios.udla.edu.ec\/internacional\/wp-json\/wp\/v2\/comments?post=3500"}],"version-history":[{"count":16,"href":"https:\/\/sitios.udla.edu.ec\/internacional\/wp-json\/wp\/v2\/pages\/3500\/revisions"}],"predecessor-version":[{"id":11573,"href":"https:\/\/sitios.udla.edu.ec\/internacional\/wp-json\/wp\/v2\/pages\/3500\/revisions\/11573"}],"up":[{"embeddable":true,"href":"https:\/\/sitios.udla.edu.ec\/internacional\/wp-json\/wp\/v2\/pages\/3476"}],"wp:attachment":[{"href":"https:\/\/sitios.udla.edu.ec\/internacional\/wp-json\/wp\/v2\/media?parent=3500"}],"curies":[{"name":"wp","href":"https:\/\/api.w.org\/{rel}","templated":true}]}}