{"id":2346,"date":"2020-08-05T20:51:51","date_gmt":"2020-08-06T01:51:51","guid":{"rendered":"https:\/\/sitios.udla.edu.ec\/internacional\/?page_id=2346"},"modified":"2021-12-15T19:02:28","modified_gmt":"2021-12-16T00:02:28","slug":"ecuador","status":"publish","type":"page","link":"https:\/\/sitios.udla.edu.ec\/internacional\/estudiantes-internacionales\/ecuador\/","title":{"rendered":"Ecuador"},"content":{"rendered":"<p><div class=\"fusion-fullwidth fullwidth-box fusion-builder-row-1 fusion-flex-container nonhundred-percent-fullwidth non-hundred-percent-height-scrolling\" style=\"background-color: rgba(255,255,255,0);background-position: center center;background-repeat: no-repeat;border-width: 0px 0px 0px 0px;border-color:#e2e2e2;border-style:solid;\" ><div class=\"fusion-builder-row fusion-row fusion-flex-align-items-flex-start\" style=\"max-width:1248px;margin-left: calc(-4% \/ 2 );margin-right: calc(-4% \/ 2 );\"><div class=\"fusion-layout-column fusion_builder_column fusion-builder-column-0 fusion_builder_column_1_4 1_4 fusion-flex-column\"><div class=\"fusion-column-wrapper fusion-flex-justify-content-flex-start fusion-content-layout-column\" style=\"background-position:left top;background-repeat:no-repeat;-webkit-background-size:cover;-moz-background-size:cover;-o-background-size:cover;background-size:cover;padding: 0px 0px 0px 0px;\"><div class=\"fusion-image-carousel fusion-image-carousel-auto fusion-carousel-border\"><div class=\"fusion-carousel\" data-autoplay=\"no\" data-columns=\"1\" data-itemmargin=\"13\" data-itemwidth=\"180\" data-touchscroll=\"no\" data-imagesize=\"auto\"><div class=\"fusion-carousel-positioner\"><ul class=\"fusion-carousel-holder\"><li class=\"fusion-carousel-item\"><div class=\"fusion-carousel-item-wrapper\"><div class=\"fusion-image-wrapper hover-type-none\"><img loading=\"lazy\" decoding=\"async\" width=\"450\" height=\"570\" src=\"https:\/\/sitios.udla.edu.ec\/internacional\/wp-content\/uploads\/2021\/02\/intercambiosUDLAquito.jpg\" class=\"attachment-full size-full\" alt=\"\" srcset=\"https:\/\/sitios.udla.edu.ec\/internacional\/wp-content\/uploads\/2021\/02\/intercambiosUDLAquito-200x253.jpg 200w, https:\/\/sitios.udla.edu.ec\/internacional\/wp-content\/uploads\/2021\/02\/intercambiosUDLAquito-237x300.jpg 237w, https:\/\/sitios.udla.edu.ec\/internacional\/wp-content\/uploads\/2021\/02\/intercambiosUDLAquito-400x507.jpg 400w, https:\/\/sitios.udla.edu.ec\/internacional\/wp-content\/uploads\/2021\/02\/intercambiosUDLAquito.jpg 450w\" sizes=\"auto, (max-width: 450px) 100vw, 450px\" \/><\/div><\/div><\/li><li class=\"fusion-carousel-item\"><div class=\"fusion-carousel-item-wrapper\"><div class=\"fusion-image-wrapper hover-type-none\"><img loading=\"lazy\" decoding=\"async\" width=\"264\" height=\"413\" src=\"https:\/\/sitios.udla.edu.ec\/internacional\/wp-content\/uploads\/2021\/02\/Galapagos-Ecuador.jpg\" class=\"attachment-full size-full\" alt=\"\" srcset=\"https:\/\/sitios.udla.edu.ec\/internacional\/wp-content\/uploads\/2021\/02\/Galapagos-Ecuador-192x300.jpg 192w, https:\/\/sitios.udla.edu.ec\/internacional\/wp-content\/uploads\/2021\/02\/Galapagos-Ecuador-200x313.jpg 200w, https:\/\/sitios.udla.edu.ec\/internacional\/wp-content\/uploads\/2021\/02\/Galapagos-Ecuador.jpg 264w\" sizes=\"auto, (max-width: 264px) 100vw, 264px\" \/><\/div><\/div><\/li><li class=\"fusion-carousel-item\"><div class=\"fusion-carousel-item-wrapper\"><div class=\"fusion-image-wrapper hover-type-none\"><img loading=\"lazy\" decoding=\"async\" width=\"264\" height=\"413\" src=\"https:\/\/sitios.udla.edu.ec\/internacional\/wp-content\/uploads\/2021\/02\/ingapirca-Ecuador.jpg\" class=\"attachment-full size-full\" alt=\"\" srcset=\"https:\/\/sitios.udla.edu.ec\/internacional\/wp-content\/uploads\/2021\/02\/ingapirca-Ecuador-192x300.jpg 192w, https:\/\/sitios.udla.edu.ec\/internacional\/wp-content\/uploads\/2021\/02\/ingapirca-Ecuador-200x313.jpg 200w, https:\/\/sitios.udla.edu.ec\/internacional\/wp-content\/uploads\/2021\/02\/ingapirca-Ecuador.jpg 264w\" sizes=\"auto, (max-width: 264px) 100vw, 264px\" \/><\/div><\/div><\/li><\/ul><div class=\"fusion-carousel-nav\"><span class=\"fusion-nav-prev\"><\/span><span class=\"fusion-nav-next\"><\/span><\/div><\/div><\/div><\/div><\/div><\/div><style type=\"text\/css\">.fusion-body .fusion-builder-column-0{width:25% !important;margin-top : 0px;margin-bottom : 20px;}.fusion-builder-column-0 > .fusion-column-wrapper {padding-top : 0px !important;padding-right : 0px !important;margin-right : 7.68%;padding-bottom : 0px !important;padding-left : 0px !important;margin-left : 7.68%;}@media only screen and (max-width:1024px) {.fusion-body .fusion-builder-column-0{width:25% !important;order : 0;}.fusion-builder-column-0 > .fusion-column-wrapper {margin-right : 7.68%;margin-left : 7.68%;}}@media only screen and (max-width:640px) {.fusion-body .fusion-builder-column-0{width:100% !important;order : 0;}.fusion-builder-column-0 > .fusion-column-wrapper {margin-right : 1.92%;margin-left : 1.92%;}}<\/style><div class=\"fusion-layout-column fusion_builder_column fusion-builder-column-1 fusion_builder_column_3_4 3_4 fusion-flex-column\"><div class=\"fusion-column-wrapper fusion-flex-justify-content-flex-start fusion-content-layout-column\" style=\"background-position:left top;background-repeat:no-repeat;-webkit-background-size:cover;-moz-background-size:cover;-o-background-size:cover;background-size:cover;padding: 0px 0px 0px 0px;\"><div class=\"fusion-text fusion-text-1\" style=\"text-align:left;\"><p>Ecuador es uno de los pa\u00edses m\u00e1s peque\u00f1os de Sudam\u00e9rica; sin embargo, es un pa\u00eds rico en diversidad cultural, geogr\u00e1fica y biol\u00f3gica.<\/p>\n<p>Ecuador, adem\u00e1s, se caracteriza por ser uno de los mejores pa\u00edses de Am\u00e9rica Latina para aprender espa\u00f1ol, debido a que su acento es neutro y su poblaci\u00f3n pronuncia las palabras completas.<\/p>\n<p>Nuestro pa\u00eds\u00a0tiene alrededor de 2.000 km de costa y manglares; una regi\u00f3n volc\u00e1nica que pertenece a la Cordillera de los Andes, nevados, manantiales, r\u00edos y cascadas en la zona andina; adem\u00e1s, cuenta con una regi\u00f3n amaz\u00f3nica, bosques h\u00famedos tropicales, grandes extensiones de parques y reservas ecol\u00f3gicas. Finalmente, la regi\u00f3n\u00a0insular o Gal\u00e1pagos ubicada en el Oc\u00e9ano Pac\u00edfico\u00a0a\u00a01.000 kil\u00f3metros entre la\u202f<a href=\"https:\/\/es.wikipedia.org\/wiki\/Pen%C3%ADnsula_de_Santa_Elena_(Santa_Elena)\" target=\"_blank\" rel=\"noopener noreferrer\">pen\u00ednsula de Santa Elena<\/a>\u00a0(costa ecuatoriana)\u202fy la\u202f<a href=\"https:\/\/es.wikipedia.org\/wiki\/Isla_de_San_Crist%C3%B3bal_(Ecuador)\" target=\"_blank\" rel=\"noopener noreferrer\">isla San Crist\u00f3bal<\/a>.<\/p>\n<p>Consulta nuestra gu\u00eda de estudiantes internacionales para\u00a0mayor informaci\u00f3n<\/p>\n<\/div><\/div><\/div><style type=\"text\/css\">.fusion-body .fusion-builder-column-1{width:75% !important;margin-top : 0px;margin-bottom : 20px;}.fusion-builder-column-1 > .fusion-column-wrapper {padding-top : 0px !important;padding-right : 0px !important;margin-right : 2.56%;padding-bottom : 0px !important;padding-left : 0px !important;margin-left : 2.56%;}@media only screen and (max-width:1024px) {.fusion-body .fusion-builder-column-1{width:75% !important;order : 0;}.fusion-builder-column-1 > .fusion-column-wrapper {margin-right : 2.56%;margin-left : 2.56%;}}@media only screen and (max-width:640px) {.fusion-body .fusion-builder-column-1{width:100% !important;order : 0;}.fusion-builder-column-1 > .fusion-column-wrapper {margin-right : 1.92%;margin-left : 1.92%;}}<\/style><\/div><style type=\"text\/css\">.fusion-body .fusion-flex-container.fusion-builder-row-1{ padding-top : 0px;margin-top : 0px;padding-right : 0px;padding-bottom : 0px;margin-bottom : 0px;padding-left : 0px;}<\/style><\/div><div class=\"fusion-fullwidth fullwidth-box fusion-builder-row-2 fusion-flex-container nonhundred-percent-fullwidth non-hundred-percent-height-scrolling\" style=\"background-color: rgba(255,255,255,0);background-position: center center;background-repeat: no-repeat;border-width: 0px 0px 0px 0px;border-color:#e2e2e2;border-style:solid;\" ><div class=\"fusion-builder-row fusion-row fusion-flex-align-items-flex-start\" style=\"max-width:1248px;margin-left: calc(-4% \/ 2 );margin-right: calc(-4% \/ 2 );\"><div class=\"fusion-layout-column fusion_builder_column fusion-builder-column-2 fusion_builder_column_1_1 1_1 fusion-flex-column\"><div class=\"fusion-column-wrapper fusion-flex-justify-content-flex-start fusion-content-layout-column\" style=\"background-position:left top;background-repeat:no-repeat;-webkit-background-size:cover;-moz-background-size:cover;-o-background-size:cover;background-size:cover;padding: 0px 0px 0px 0px;\"><style type=\"text\/css\">@media only screen and (max-width:1024px) {.fusion-title.fusion-title-1{margin-top:10px!important;margin-bottom:15px!important;}}@media only screen and (max-width:640px) {.fusion-title.fusion-title-1{margin-top:10px!important;margin-bottom:10px!important;}}<\/style><div class=\"fusion-title title fusion-title-1 fusion-sep-none fusion-title-text fusion-title-size-four\" style=\"margin-top:10px;margin-bottom:15px;\"><h4 class=\"title-heading-left\" style=\"margin:0;\">Conoce m\u00e1s<\/h4><\/div><\/div><\/div><style type=\"text\/css\">.fusion-body .fusion-builder-column-2{width:100% !important;margin-top : 0px;margin-bottom : 20px;}.fusion-builder-column-2 > .fusion-column-wrapper {padding-top : 0px !important;padding-right : 0px !important;margin-right : 1.92%;padding-bottom : 0px !important;padding-left : 0px !important;margin-left : 1.92%;}@media only screen and (max-width:1024px) {.fusion-body .fusion-builder-column-2{width:100% !important;order : 0;}.fusion-builder-column-2 > .fusion-column-wrapper {margin-right : 1.92%;margin-left : 1.92%;}}@media only screen and (max-width:640px) {.fusion-body .fusion-builder-column-2{width:100% !important;order : 0;}.fusion-builder-column-2 > .fusion-column-wrapper {margin-right : 1.92%;margin-left : 1.92%;}}<\/style><div class=\"fusion-layout-column fusion_builder_column fusion-builder-column-3 fusion_builder_column_1_3 1_3 fusion-flex-column\"><div class=\"fusion-column-wrapper fusion-flex-justify-content-flex-start fusion-content-layout-column\" style=\"background-position:left top;background-repeat:no-repeat;-webkit-background-size:cover;-moz-background-size:cover;-o-background-size:cover;background-size:cover;padding: 0px 0px 0px 0px;\"><div ><style type=\"text\/css\">.fusion-button.button-1 {border-radius:4px;}<\/style><a class=\"fusion-button button-flat fusion-button-default-size button-default button-1 fusion-button-default-span fusion-button-default-type\" target=\"_blank\" rel=\"noopener noreferrer\" href=\"https:\/\/ecuador.travel\/es\/ \"><span class=\"fusion-button-text\">Ecuador Travel \u2013 Ministerio de Turismo<\/span><\/a><\/div><\/div><\/div><style type=\"text\/css\">.fusion-body .fusion-builder-column-3{width:33.333333333333% !important;margin-top : 0px;margin-bottom : 20px;}.fusion-builder-column-3 > .fusion-column-wrapper {padding-top : 0px !important;padding-right : 0px !important;margin-right : 5.76%;padding-bottom : 0px !important;padding-left : 0px !important;margin-left : 5.76%;}@media only screen and (max-width:1024px) {.fusion-body .fusion-builder-column-3{width:33.333333333333% !important;order : 0;}.fusion-builder-column-3 > .fusion-column-wrapper {margin-right : 5.76%;margin-left : 5.76%;}}@media only screen and (max-width:640px) {.fusion-body .fusion-builder-column-3{width:100% !important;order : 0;}.fusion-builder-column-3 > .fusion-column-wrapper {margin-right : 1.92%;margin-left : 1.92%;}}<\/style><div class=\"fusion-layout-column fusion_builder_column fusion-builder-column-4 fusion_builder_column_1_3 1_3 fusion-flex-column\"><div class=\"fusion-column-wrapper fusion-flex-justify-content-flex-start fusion-content-layout-column\" style=\"background-position:left top;background-repeat:no-repeat;-webkit-background-size:cover;-moz-background-size:cover;-o-background-size:cover;background-size:cover;padding: 0px 0px 0px 0px;\"><div ><style type=\"text\/css\">.fusion-button.button-2 {border-radius:4px;}<\/style><a class=\"fusion-button button-flat fusion-button-default-size button-default button-2 fusion-button-default-span fusion-button-default-type\" target=\"_blank\" rel=\"noopener noreferrer\" href=\"https:\/\/issuu.com\/udlainternacional\/docs\/guia-ecuador-destino-seguro-final-espanol-compress\"><span class=\"fusion-button-text\">Gu\u00eda Ecuador Destino Seguro \u2013 Ministerio de Turismo<\/span><\/a><\/div><\/div><\/div><style type=\"text\/css\">.fusion-body .fusion-builder-column-4{width:33.333333333333% !important;margin-top : 0px;margin-bottom : 20px;}.fusion-builder-column-4 > .fusion-column-wrapper {padding-top : 0px !important;padding-right : 0px !important;margin-right : 5.76%;padding-bottom : 0px !important;padding-left : 0px !important;margin-left : 5.76%;}@media only screen and (max-width:1024px) {.fusion-body .fusion-builder-column-4{width:33.333333333333% !important;order : 0;}.fusion-builder-column-4 > .fusion-column-wrapper {margin-right : 5.76%;margin-left : 5.76%;}}@media only screen and (max-width:640px) {.fusion-body .fusion-builder-column-4{width:100% !important;order : 0;}.fusion-builder-column-4 > .fusion-column-wrapper {margin-right : 1.92%;margin-left : 1.92%;}}<\/style><div class=\"fusion-layout-column fusion_builder_column fusion-builder-column-5 fusion_builder_column_1_3 1_3 fusion-flex-column\"><div class=\"fusion-column-wrapper fusion-flex-justify-content-flex-start fusion-content-layout-column\" style=\"background-position:left top;background-repeat:no-repeat;-webkit-background-size:cover;-moz-background-size:cover;-o-background-size:cover;background-size:cover;padding: 0px 0px 0px 0px;\"><div ><style type=\"text\/css\">.fusion-button.button-3 {border-radius:4px;}<\/style><a class=\"fusion-button button-flat fusion-button-default-size button-default button-3 fusion-button-default-span fusion-button-default-type\" target=\"_blank\" rel=\"noopener noreferrer\" href=\"https:\/\/www.ecuadorinspira.org\/\"><span class=\"fusion-button-text\">Blog Ecuador Inspira \u2013 Escuela de Hospitalidad y Turismo UDLA<\/span><\/a><\/div><\/div><\/div><style type=\"text\/css\">.fusion-body .fusion-builder-column-5{width:33.333333333333% !important;margin-top : 0px;margin-bottom : 20px;}.fusion-builder-column-5 > .fusion-column-wrapper {padding-top : 0px !important;padding-right : 0px !important;margin-right : 5.76%;padding-bottom : 0px !important;padding-left : 0px !important;margin-left : 5.76%;}@media only screen and (max-width:1024px) {.fusion-body .fusion-builder-column-5{width:33.333333333333% !important;order : 0;}.fusion-builder-column-5 > .fusion-column-wrapper {margin-right : 5.76%;margin-left : 5.76%;}}@media only screen and (max-width:640px) {.fusion-body .fusion-builder-column-5{width:100% !important;order : 0;}.fusion-builder-column-5 > .fusion-column-wrapper {margin-right : 1.92%;margin-left : 1.92%;}}<\/style><\/div><style type=\"text\/css\">.fusion-body .fusion-flex-container.fusion-builder-row-2{ padding-top : 0px;margin-top : 0px;padding-right : 0px;padding-bottom : 0px;margin-bottom : 30px;padding-left : 0px;}<\/style><\/div><div class=\"fusion-fullwidth fullwidth-box fusion-builder-row-3 fusion-flex-container fusion-parallax-none nonhundred-percent-fullwidth non-hundred-percent-height-scrolling\" style=\"background-color: rgba(255,255,255,0);background-image: url(&quot;https:\/\/sitios.udla.edu.ec\/internacional\/wp-content\/uploads\/2021\/02\/quito-paisajes-UDLA.jpg&quot;);background-position: center center;background-repeat: no-repeat;border-width: 0px 0px 0px 0px;border-color:#e2e2e2;border-style:solid;-webkit-background-size:cover;-moz-background-size:cover;-o-background-size:cover;background-size:cover;\" id=\"quito\" ><div class=\"fusion-builder-row fusion-row fusion-flex-align-items-flex-start\" style=\"max-width:1248px;margin-left: calc(-4% \/ 2 );margin-right: calc(-4% \/ 2 );\"><div class=\"fusion-layout-column fusion_builder_column fusion-builder-column-6 fusion_builder_column_1_3 1_3 fusion-flex-column\"><div class=\"fusion-column-wrapper fusion-flex-justify-content-flex-start fusion-content-layout-column\" style=\"background-position:left top;background-repeat:no-repeat;-webkit-background-size:cover;-moz-background-size:cover;-o-background-size:cover;background-size:cover;padding: 0px 0px 0px 0px;\"><div class=\"fusion-text fusion-text-2\" style=\"text-align:left;\"><h4 style=\"text-align: left;\">Quito<\/h4>\n<p>Quito, capital de Ecuador,\u00a0es conocida como la ciudad de la \u201ceterna primavera\u201d.\u00a0\u00a0Al estar ubicada en el centro del pa\u00eds, resulta f\u00e1cil y accesible movilizarse a otras zonas del Ecuador; adicionalmente, en la capital los turistas pueden encontrar una amplia diversidad gastron\u00f3mica de todas las regiones.<\/p>\n<\/div><div class=\"fusion-separator fusion-full-width-sep\" style=\"align-self: center;margin-left: auto;margin-right: auto;margin-top:10px;margin-bottom:20px;width:100%;\"><\/div><\/div><\/div><style type=\"text\/css\">.fusion-body .fusion-builder-column-6{width:33.333333333333% !important;margin-top : 0px;margin-bottom : 20px;}.fusion-builder-column-6 > .fusion-column-wrapper {padding-top : 0px !important;padding-right : 0px !important;margin-right : 5.76%;padding-bottom : 0px !important;padding-left : 0px !important;margin-left : 5.76%;}@media only screen and (max-width:1024px) {.fusion-body .fusion-builder-column-6{width:33.333333333333% !important;order : 0;}.fusion-builder-column-6 > .fusion-column-wrapper {margin-right : 5.76%;margin-left : 5.76%;}}@media only screen and (max-width:640px) {.fusion-body .fusion-builder-column-6{width:100% !important;order : 0;}.fusion-builder-column-6 > .fusion-column-wrapper {margin-right : 1.92%;margin-left : 1.92%;}}<\/style><div class=\"fusion-layout-column fusion_builder_column fusion-builder-column-7 fusion_builder_column_1_3 1_3 fusion-flex-column\"><div class=\"fusion-column-wrapper fusion-flex-justify-content-flex-start fusion-content-layout-column\" style=\"background-position:left top;background-repeat:no-repeat;-webkit-background-size:cover;-moz-background-size:cover;-o-background-size:cover;background-size:cover;padding: 0px 0px 0px 0px;\"><\/div><\/div><style type=\"text\/css\">.fusion-body .fusion-builder-column-7{width:33.333333333333% !important;margin-top : 0px;margin-bottom : 20px;}.fusion-builder-column-7 > .fusion-column-wrapper {padding-top : 0px !important;padding-right : 0px !important;margin-right : 5.76%;padding-bottom : 0px !important;padding-left : 0px !important;margin-left : 5.76%;}@media only screen and (max-width:1024px) {.fusion-body .fusion-builder-column-7{width:33.333333333333% !important;order : 0;}.fusion-builder-column-7 > .fusion-column-wrapper {margin-right : 5.76%;margin-left : 5.76%;}}@media only screen and (max-width:640px) {.fusion-body .fusion-builder-column-7{width:100% !important;order : 0;}.fusion-builder-column-7 > .fusion-column-wrapper {margin-right : 1.92%;margin-left : 1.92%;}}<\/style><div class=\"fusion-layout-column fusion_builder_column fusion-builder-column-8 fusion_builder_column_1_3 1_3 fusion-flex-column\"><div class=\"fusion-column-wrapper fusion-flex-justify-content-flex-start fusion-content-layout-column\" style=\"background-position:left top;background-repeat:no-repeat;-webkit-background-size:cover;-moz-background-size:cover;-o-background-size:cover;background-size:cover;padding: 0px 0px 0px 0px;\"><div class=\"fusion-separator fusion-full-width-sep\" style=\"align-self: center;margin-left: auto;margin-right: auto;margin-top:40px;margin-bottom:20px;width:100%;\"><\/div><div class=\"fusion-text fusion-text-3\" style=\"text-align:left;\"><p>La temperatura en Quito var\u00eda entre 18\u00b0C durante el d\u00eda a 8\u00b0C en la noche. La estaci\u00f3n de verano tradicionalmente va de junio\u00a0a septiembre; y, la estaci\u00f3n de invierno, desde octubre a mayo.<\/p>\n<p>Consulta nuestra gu\u00eda de estudiantes internacionales para\u00a0mayor informaci\u00f3n:<\/p>\n<\/div><div ><style type=\"text\/css\">.fusion-button.button-4 {border-radius:4px;}<\/style><a class=\"fusion-button button-flat fusion-button-default-size button-default button-4 fusion-button-default-span fusion-button-default-type\" target=\"_blank\" rel=\"noopener noreferrer\" href=\"https:\/\/visitquito.ec\/ \"><span class=\"fusion-button-text\">Quito Turismo<\/span><\/a><\/div><\/div><\/div><style type=\"text\/css\">.fusion-body .fusion-builder-column-8{width:33.333333333333% !important;margin-top : 0px;margin-bottom : 20px;}.fusion-builder-column-8 > .fusion-column-wrapper {padding-top : 0px !important;padding-right : 0px !important;margin-right : 5.76%;padding-bottom : 0px !important;padding-left : 0px !important;margin-left : 5.76%;}@media only screen and (max-width:1024px) {.fusion-body .fusion-builder-column-8{width:33.333333333333% !important;order : 0;}.fusion-builder-column-8 > .fusion-column-wrapper {margin-right : 5.76%;margin-left : 5.76%;}}@media only screen and (max-width:640px) {.fusion-body .fusion-builder-column-8{width:100% !important;order : 0;}.fusion-builder-column-8 > .fusion-column-wrapper {margin-right : 1.92%;margin-left : 1.92%;}}<\/style><\/div><style type=\"text\/css\">.fusion-body .fusion-flex-container.fusion-builder-row-3{ padding-top : 30px;margin-top : 0px;padding-right : 0px;padding-bottom : 72px;margin-bottom : 0px;padding-left : 0px;}<\/style><\/div><\/p>\n","protected":false},"excerpt":{"rendered":"","protected":false},"author":1,"featured_media":0,"parent":7,"menu_order":3,"comment_status":"closed","ping_status":"closed","template":"100-width.php","meta":{"content-type":"","footnotes":"","_links_to":"","_links_to_target":""},"class_list":["post-2346","page","type-page","status-publish","hentry"],"_links":{"self":[{"href":"https:\/\/sitios.udla.edu.ec\/internacional\/wp-json\/wp\/v2\/pages\/2346","targetHints":{"allow":["GET"]}}],"collection":[{"href":"https:\/\/sitios.udla.edu.ec\/internacional\/wp-json\/wp\/v2\/pages"}],"about":[{"href":"https:\/\/sitios.udla.edu.ec\/internacional\/wp-json\/wp\/v2\/types\/page"}],"author":[{"embeddable":true,"href":"https:\/\/sitios.udla.edu.ec\/internacional\/wp-json\/wp\/v2\/users\/1"}],"replies":[{"embeddable":true,"href":"https:\/\/sitios.udla.edu.ec\/internacional\/wp-json\/wp\/v2\/comments?post=2346"}],"version-history":[{"count":23,"href":"https:\/\/sitios.udla.edu.ec\/internacional\/wp-json\/wp\/v2\/pages\/2346\/revisions"}],"predecessor-version":[{"id":7492,"href":"https:\/\/sitios.udla.edu.ec\/internacional\/wp-json\/wp\/v2\/pages\/2346\/revisions\/7492"}],"up":[{"embeddable":true,"href":"https:\/\/sitios.udla.edu.ec\/internacional\/wp-json\/wp\/v2\/pages\/7"}],"wp:attachment":[{"href":"https:\/\/sitios.udla.edu.ec\/internacional\/wp-json\/wp\/v2\/media?parent=2346"}],"curies":[{"name":"wp","href":"https:\/\/api.w.org\/{rel}","templated":true}]}}