{"id":2343,"date":"2020-08-05T20:50:29","date_gmt":"2020-08-06T01:50:29","guid":{"rendered":"https:\/\/sitios.udla.edu.ec\/internacional\/?page_id=2343"},"modified":"2025-03-31T05:55:31","modified_gmt":"2025-03-31T10:55:31","slug":"conoce-universidad-de-las-americas","status":"publish","type":"page","link":"https:\/\/sitios.udla.edu.ec\/internacional\/estudiantes-internacionales\/conoce-universidad-de-las-americas\/","title":{"rendered":"Universidad de Las Am\u00e9ricas"},"content":{"rendered":"<p><div class=\"fusion-fullwidth fullwidth-box fusion-builder-row-1 fusion-flex-container nonhundred-percent-fullwidth non-hundred-percent-height-scrolling\" style=\"background-color: rgba(255,255,255,0);background-position: center center;background-repeat: no-repeat;border-width: 0px 0px 0px 0px;border-color:#e2e2e2;border-style:solid;\" ><div class=\"fusion-builder-row fusion-row fusion-flex-align-items-flex-start\" style=\"max-width:1248px;margin-left: calc(-4% \/ 2 );margin-right: calc(-4% \/ 2 );\"><div class=\"fusion-layout-column fusion_builder_column fusion-builder-column-0 fusion_builder_column_1_2 1_2 fusion-flex-column\"><div class=\"fusion-column-wrapper fusion-flex-justify-content-flex-start fusion-content-layout-column\" style=\"background-position:left top;background-repeat:no-repeat;-webkit-background-size:cover;-moz-background-size:cover;-o-background-size:cover;background-size:cover;padding: 0px 0px 0px 0px;\"><div class=\"fusion-text fusion-text-1\" style=\"text-align:left;\"><p>A partir de su creaci\u00f3n,\u00a0<strong>el 21 de noviembre de 1995,<\/strong>\u00a0la Universidad de Las Am\u00e9ricas (UDLA) ha incorporado gradualmente a su oferta acad\u00e9mica una serie de carreras de pregrado que han sido ajustadas a las necesidades que el pa\u00eds requiere en sus diferentes \u00e1mbitos econ\u00f3micos y sociales. Con esta misi\u00f3n,\u00a0<strong>poco a poco se crearon distintas facultades y escuelas<\/strong>, de acuerdo con el siguiente orden de creaci\u00f3n: Ciencias Econ\u00f3micas y Administrativas, Arquitectura y Dise\u00f1o, Comunicaci\u00f3n y Artes Audiovisuales, Derecho, Ciencias Pol\u00edticas y Relaciones Internacionales, Ingenier\u00eda y Ciencias Aplicadas. Posteriormente se crearon: Hospitalidad y Turismo, Salud, Odontolog\u00eda, Medicina, Educaci\u00f3n, M\u00fasica, Psicolog\u00eda, Gastronom\u00eda y la Facultad de Formaci\u00f3n General.<\/p>\n<p>Actualmente,\u00a0<strong>la UDLA ofrece 46 carreras de pregrado<\/strong>\u00a0distribuidas en modalidades presencial y semipresencial y, en horarios diurno, vespertino y nocturno.<\/p>\n<p>En<strong>\u00a02006 ampliamos nuestra oferta acad\u00e9mica<\/strong>\u00a0con programas de posgrado, comenzando con la apertura de la Maestr\u00eda en Administraci\u00f3n de Empresas (MBA). Hoy en d\u00eda, la UDLA cuenta con\u00a0<strong>44 maestr\u00edas y 22 especializaciones<\/strong>\u00a0m\u00e9dicas, en enfermer\u00eda y odontolog\u00eda, dise\u00f1adas para que los profesionales del pa\u00eds perfeccionen sus talentos y alcancen el \u00e9xito.<\/p>\n<p>Entre las opciones m\u00e1s destacadas se encuentran la Maestr\u00eda en Administraci\u00f3n de Empresas, Direcci\u00f3n de Comunicaci\u00f3n Empresarial e Institucional, Direcci\u00f3n de Operaciones y Seguridad Industrial, Gesti\u00f3n de la Seguridad de la Informaci\u00f3n, y la Especializaci\u00f3n en Rehabilitaci\u00f3n Oral, entre otras.<\/p>\n<p><strong>A lo largo de este tiempo hemos crecido exponencialmente<\/strong>, no solo respecto a la infraestructura, que brinda mayores facilidades a nuestra comunidad universitaria, sino tambi\u00e9n en otros campos que nos consolidan como una universidad de vanguardia: investigaci\u00f3n, vinculaci\u00f3n con la comunidad y vida acad\u00e9mica.<\/p>\n<\/div><\/div><\/div><style type=\"text\/css\">.fusion-body .fusion-builder-column-0{width:50% !important;margin-top : 0px;margin-bottom : 20px;}.fusion-builder-column-0 > .fusion-column-wrapper {padding-top : 0px !important;padding-right : 0px !important;margin-right : 3.84%;padding-bottom : 0px !important;padding-left : 0px !important;margin-left : 3.84%;}@media only screen and (max-width:1024px) {.fusion-body .fusion-builder-column-0{width:50% !important;order : 0;}.fusion-builder-column-0 > .fusion-column-wrapper {margin-right : 3.84%;margin-left : 3.84%;}}@media only screen and (max-width:640px) {.fusion-body .fusion-builder-column-0{width:100% !important;order : 0;}.fusion-builder-column-0 > .fusion-column-wrapper {margin-right : 1.92%;margin-left : 1.92%;}}<\/style><div class=\"fusion-layout-column fusion_builder_column fusion-builder-column-1 fusion_builder_column_1_2 1_2 fusion-flex-column\"><div class=\"fusion-column-wrapper fusion-flex-justify-content-flex-start fusion-content-layout-column\" style=\"background-position:left top;background-repeat:no-repeat;-webkit-background-size:cover;-moz-background-size:cover;-o-background-size:cover;background-size:cover;padding: 0px 0px 0px 0px;\"><div ><span class=\" fusion-imageframe imageframe-none imageframe-1 hover-type-none\"><img decoding=\"async\" width=\"200\" image_height=\"300\" image_id=\"11577\" title=\"JAG-STUDIO-UDLA-CONTRACT-0766-WEB-RGB\" src=\"https:\/\/sitios.udla.edu.ec\/internacional\/wp-content\/uploads\/2025\/03\/JAG-STUDIO-UDLA-CONTRACT-0766-WEB-RGB-200x300.jpg\" class=\"img-responsive wp-image-11577\" srcset=\"https:\/\/sitios.udla.edu.ec\/internacional\/wp-content\/uploads\/2025\/03\/JAG-STUDIO-UDLA-CONTRACT-0766-WEB-RGB-200x300.jpg 200w, https:\/\/sitios.udla.edu.ec\/internacional\/wp-content\/uploads\/2025\/03\/JAG-STUDIO-UDLA-CONTRACT-0766-WEB-RGB-400x600.jpg 400w, https:\/\/sitios.udla.edu.ec\/internacional\/wp-content\/uploads\/2025\/03\/JAG-STUDIO-UDLA-CONTRACT-0766-WEB-RGB-600x900.jpg 600w, https:\/\/sitios.udla.edu.ec\/internacional\/wp-content\/uploads\/2025\/03\/JAG-STUDIO-UDLA-CONTRACT-0766-WEB-RGB-800x1200.jpg 800w, https:\/\/sitios.udla.edu.ec\/internacional\/wp-content\/uploads\/2025\/03\/JAG-STUDIO-UDLA-CONTRACT-0766-WEB-RGB-1200x1800.jpg 1200w, https:\/\/sitios.udla.edu.ec\/internacional\/wp-content\/uploads\/2025\/03\/JAG-STUDIO-UDLA-CONTRACT-0766-WEB-RGB.jpg 1280w\" sizes=\"(max-width: 640px) 100vw, 800px\" \/><\/span><\/div><\/div><\/div><style type=\"text\/css\">.fusion-body .fusion-builder-column-1{width:50% !important;margin-top : 0px;margin-bottom : 20px;}.fusion-builder-column-1 > .fusion-column-wrapper {padding-top : 0px !important;padding-right : 0px !important;margin-right : 3.84%;padding-bottom : 0px !important;padding-left : 0px !important;margin-left : 3.84%;}@media only screen and (max-width:1024px) {.fusion-body .fusion-builder-column-1{width:50% !important;order : 0;}.fusion-builder-column-1 > .fusion-column-wrapper {margin-right : 3.84%;margin-left : 3.84%;}}@media only screen and (max-width:640px) {.fusion-body .fusion-builder-column-1{width:100% !important;order : 0;}.fusion-builder-column-1 > .fusion-column-wrapper {margin-right : 1.92%;margin-left : 1.92%;}}<\/style><\/div><style type=\"text\/css\">.fusion-body .fusion-flex-container.fusion-builder-row-1{ padding-top : 0px;margin-top : 0px;padding-right : 0px;padding-bottom : 0px;margin-bottom : 0px;padding-left : 0px;}<\/style><\/div><div class=\"fusion-fullwidth fullwidth-box fusion-builder-row-2 fusion-flex-container nonhundred-percent-fullwidth non-hundred-percent-height-scrolling\" style=\"background-color: rgba(255,255,255,0);background-position: center center;background-repeat: no-repeat;border-width: 0px 0px 0px 0px;border-color:#e2e2e2;border-style:solid;\" ><div class=\"fusion-builder-row fusion-row fusion-flex-align-items-flex-start\" style=\"max-width:1248px;margin-left: calc(-4% \/ 2 );margin-right: calc(-4% \/ 2 );\"><div class=\"fusion-layout-column fusion_builder_column fusion-builder-column-2 fusion_builder_column_1_2 1_2 fusion-flex-column\"><div class=\"fusion-column-wrapper fusion-flex-justify-content-flex-start fusion-content-layout-column\" style=\"background-position:left top;background-repeat:no-repeat;-webkit-background-size:cover;-moz-background-size:cover;-o-background-size:cover;background-size:cover;padding: 0px 0px 0px 0px;\"><div class=\"fusion-image-carousel fusion-image-carousel-auto fusion-carousel-border\"><div class=\"fusion-carousel\" data-autoplay=\"yes\" data-columns=\"1\" data-itemmargin=\"13\" data-itemwidth=\"180\" data-touchscroll=\"no\" data-imagesize=\"auto\"><div class=\"fusion-carousel-positioner\"><ul class=\"fusion-carousel-holder\"><li class=\"fusion-carousel-item\"><div class=\"fusion-carousel-item-wrapper\"><div class=\"fusion-image-wrapper hover-type-none\"><img loading=\"lazy\" decoding=\"async\" width=\"645\" height=\"455\" src=\"https:\/\/sitios.udla.edu.ec\/internacional\/wp-content\/uploads\/2021\/02\/campusUDLA.jpg\" class=\"attachment-full size-full\" alt=\"\" srcset=\"https:\/\/sitios.udla.edu.ec\/internacional\/wp-content\/uploads\/2021\/02\/campusUDLA-200x141.jpg 200w, https:\/\/sitios.udla.edu.ec\/internacional\/wp-content\/uploads\/2021\/02\/campusUDLA-300x212.jpg 300w, https:\/\/sitios.udla.edu.ec\/internacional\/wp-content\/uploads\/2021\/02\/campusUDLA-400x282.jpg 400w, https:\/\/sitios.udla.edu.ec\/internacional\/wp-content\/uploads\/2021\/02\/campusUDLA-600x423.jpg 600w, https:\/\/sitios.udla.edu.ec\/internacional\/wp-content\/uploads\/2021\/02\/campusUDLA.jpg 645w\" sizes=\"auto, (max-width: 645px) 100vw, 645px\" \/><\/div><\/div><\/li><li class=\"fusion-carousel-item\"><div class=\"fusion-carousel-item-wrapper\"><div class=\"fusion-image-wrapper hover-type-none\"><img loading=\"lazy\" decoding=\"async\" width=\"645\" height=\"445\" src=\"https:\/\/sitios.udla.edu.ec\/internacional\/wp-content\/uploads\/2021\/02\/UDLApark5.jpg\" class=\"attachment-full size-full\" alt=\"\" srcset=\"https:\/\/sitios.udla.edu.ec\/internacional\/wp-content\/uploads\/2021\/02\/UDLApark5-200x138.jpg 200w, https:\/\/sitios.udla.edu.ec\/internacional\/wp-content\/uploads\/2021\/02\/UDLApark5-300x207.jpg 300w, https:\/\/sitios.udla.edu.ec\/internacional\/wp-content\/uploads\/2021\/02\/UDLApark5-400x276.jpg 400w, https:\/\/sitios.udla.edu.ec\/internacional\/wp-content\/uploads\/2021\/02\/UDLApark5-600x414.jpg 600w, https:\/\/sitios.udla.edu.ec\/internacional\/wp-content\/uploads\/2021\/02\/UDLApark5.jpg 645w\" sizes=\"auto, (max-width: 645px) 100vw, 645px\" \/><\/div><\/div><\/li><li class=\"fusion-carousel-item\"><div class=\"fusion-carousel-item-wrapper\"><div class=\"fusion-image-wrapper hover-type-none\"><img loading=\"lazy\" decoding=\"async\" width=\"645\" height=\"445\" src=\"https:\/\/sitios.udla.edu.ec\/internacional\/wp-content\/uploads\/2021\/02\/UDLApark4.jpg\" class=\"attachment-full size-full\" alt=\"\" srcset=\"https:\/\/sitios.udla.edu.ec\/internacional\/wp-content\/uploads\/2021\/02\/UDLApark4-200x138.jpg 200w, https:\/\/sitios.udla.edu.ec\/internacional\/wp-content\/uploads\/2021\/02\/UDLApark4-300x207.jpg 300w, https:\/\/sitios.udla.edu.ec\/internacional\/wp-content\/uploads\/2021\/02\/UDLApark4-400x276.jpg 400w, https:\/\/sitios.udla.edu.ec\/internacional\/wp-content\/uploads\/2021\/02\/UDLApark4-600x414.jpg 600w, https:\/\/sitios.udla.edu.ec\/internacional\/wp-content\/uploads\/2021\/02\/UDLApark4.jpg 645w\" sizes=\"auto, (max-width: 645px) 100vw, 645px\" \/><\/div><\/div><\/li><li class=\"fusion-carousel-item\"><div class=\"fusion-carousel-item-wrapper\"><div class=\"fusion-image-wrapper hover-type-none\"><img loading=\"lazy\" decoding=\"async\" width=\"645\" height=\"445\" src=\"https:\/\/sitios.udla.edu.ec\/internacional\/wp-content\/uploads\/2021\/02\/UDLApark2.jpg\" class=\"attachment-full size-full\" alt=\"\" srcset=\"https:\/\/sitios.udla.edu.ec\/internacional\/wp-content\/uploads\/2021\/02\/UDLApark2-200x138.jpg 200w, https:\/\/sitios.udla.edu.ec\/internacional\/wp-content\/uploads\/2021\/02\/UDLApark2-300x207.jpg 300w, https:\/\/sitios.udla.edu.ec\/internacional\/wp-content\/uploads\/2021\/02\/UDLApark2-400x276.jpg 400w, https:\/\/sitios.udla.edu.ec\/internacional\/wp-content\/uploads\/2021\/02\/UDLApark2-600x414.jpg 600w, https:\/\/sitios.udla.edu.ec\/internacional\/wp-content\/uploads\/2021\/02\/UDLApark2.jpg 645w\" sizes=\"auto, (max-width: 645px) 100vw, 645px\" \/><\/div><\/div><\/li><li class=\"fusion-carousel-item\"><div class=\"fusion-carousel-item-wrapper\"><div class=\"fusion-image-wrapper hover-type-none\"><img loading=\"lazy\" decoding=\"async\" width=\"645\" height=\"445\" src=\"https:\/\/sitios.udla.edu.ec\/internacional\/wp-content\/uploads\/2021\/02\/UDLApark3.jpg\" class=\"attachment-full size-full\" alt=\"\" srcset=\"https:\/\/sitios.udla.edu.ec\/internacional\/wp-content\/uploads\/2021\/02\/UDLApark3-200x138.jpg 200w, https:\/\/sitios.udla.edu.ec\/internacional\/wp-content\/uploads\/2021\/02\/UDLApark3-300x207.jpg 300w, https:\/\/sitios.udla.edu.ec\/internacional\/wp-content\/uploads\/2021\/02\/UDLApark3-400x276.jpg 400w, https:\/\/sitios.udla.edu.ec\/internacional\/wp-content\/uploads\/2021\/02\/UDLApark3-600x414.jpg 600w, https:\/\/sitios.udla.edu.ec\/internacional\/wp-content\/uploads\/2021\/02\/UDLApark3.jpg 645w\" sizes=\"auto, (max-width: 645px) 100vw, 645px\" \/><\/div><\/div><\/li><\/ul><div class=\"fusion-carousel-nav\"><span class=\"fusion-nav-prev\"><\/span><span class=\"fusion-nav-next\"><\/span><\/div><\/div><\/div><\/div><\/div><\/div><style type=\"text\/css\">.fusion-body .fusion-builder-column-2{width:50% !important;margin-top : 0px;margin-bottom : 20px;}.fusion-builder-column-2 > .fusion-column-wrapper {padding-top : 0px !important;padding-right : 0px !important;margin-right : 3.84%;padding-bottom : 0px !important;padding-left : 0px !important;margin-left : 3.84%;}@media only screen and (max-width:1024px) {.fusion-body .fusion-builder-column-2{width:50% !important;order : 0;}.fusion-builder-column-2 > .fusion-column-wrapper {margin-right : 3.84%;margin-left : 3.84%;}}@media only screen and (max-width:640px) {.fusion-body .fusion-builder-column-2{width:100% !important;order : 0;}.fusion-builder-column-2 > .fusion-column-wrapper {margin-right : 1.92%;margin-left : 1.92%;}}<\/style><div class=\"fusion-layout-column fusion_builder_column fusion-builder-column-3 fusion_builder_column_1_2 1_2 fusion-flex-column\"><div class=\"fusion-column-wrapper fusion-flex-justify-content-flex-start fusion-content-layout-column\" style=\"background-position:left top;background-repeat:no-repeat;-webkit-background-size:cover;-moz-background-size:cover;-o-background-size:cover;background-size:cover;padding: 0px 0px 0px 0px;\"><div class=\"fusion-text fusion-text-2\" style=\"text-align:left;\"><h4>Infraestructura<\/h4>\n<ul>\n<li>Campus UDLA Park<\/li>\n<li>Campus Granados<\/li>\n<li>Campus Col\u00f3n<\/li>\n<li>UDLA Arena<\/li>\n<li>Amanecer Biocentro Acad\u00e9mico<\/li>\n<li>Centros de Aprendizaje Aplicado<\/li>\n<\/ul>\n<\/div><\/div><\/div><style type=\"text\/css\">.fusion-body .fusion-builder-column-3{width:50% !important;margin-top : 0px;margin-bottom : 20px;}.fusion-builder-column-3 > .fusion-column-wrapper {padding-top : 0px !important;padding-right : 0px !important;margin-right : 3.84%;padding-bottom : 0px !important;padding-left : 0px !important;margin-left : 3.84%;}@media only screen and (max-width:1024px) {.fusion-body .fusion-builder-column-3{width:50% !important;order : 0;}.fusion-builder-column-3 > .fusion-column-wrapper {margin-right : 3.84%;margin-left : 3.84%;}}@media only screen and (max-width:640px) {.fusion-body .fusion-builder-column-3{width:100% !important;order : 0;}.fusion-builder-column-3 > .fusion-column-wrapper {margin-right : 1.92%;margin-left : 1.92%;}}<\/style><\/div><style type=\"text\/css\">.fusion-body .fusion-flex-container.fusion-builder-row-2{ padding-top : 0px;margin-top : 0px;padding-right : 0px;padding-bottom : 0px;margin-bottom : 0px;padding-left : 0px;}<\/style><\/div><div class=\"fusion-fullwidth fullwidth-box fusion-builder-row-3 fusion-flex-container nonhundred-percent-fullwidth non-hundred-percent-height-scrolling\" style=\"background-color: rgba(255,255,255,0);background-position: center center;background-repeat: no-repeat;border-width: 0px 0px 0px 0px;border-color:#e2e2e2;border-style:solid;\" ><div class=\"fusion-builder-row fusion-row fusion-flex-align-items-flex-start\" style=\"max-width:1248px;margin-left: calc(-4% \/ 2 );margin-right: calc(-4% \/ 2 );\"><div class=\"fusion-layout-column fusion_builder_column fusion-builder-column-4 fusion_builder_column_1_1 1_1 fusion-flex-column\"><div class=\"fusion-column-wrapper fusion-flex-justify-content-flex-start fusion-content-layout-column\" style=\"background-position:left top;background-repeat:no-repeat;-webkit-background-size:cover;-moz-background-size:cover;-o-background-size:cover;background-size:cover;padding: 0px 0px 0px 0px;\"><div class=\"fusion-text fusion-text-3\" style=\"text-align:left;\"><h4>UDLA tiene instalaciones modernas equipadas con alta tecnolog\u00eda:<\/h4>\n<p>El campus UDLAPark tiene incorporados paneles solares que generan un porcentaje del total de la energ\u00eda que consume, auditorios, bibliotecas, salas de exposici\u00f3n, salas de computadoras, patios al aire libre, patios internos, laboratorios de investigaci\u00f3n, talleres de dise\u00f1o, estudio fotogr\u00e1fico:<\/p>\n<ul>\n<li>UDLA\u00a0Channel<\/li>\n<li>Click\u00a0radio<\/li>\n<li>Sensibus\u00a0(restaurante)<\/li>\n<li>La Corteza (panader\u00eda y pasteler\u00eda)<\/li>\n<\/ul>\n<\/div><\/div><\/div><style type=\"text\/css\">.fusion-body .fusion-builder-column-4{width:100% !important;margin-top : 0px;margin-bottom : 20px;}.fusion-builder-column-4 > .fusion-column-wrapper {padding-top : 0px !important;padding-right : 0px !important;margin-right : 1.92%;padding-bottom : 0px !important;padding-left : 0px !important;margin-left : 1.92%;}@media only screen and (max-width:1024px) {.fusion-body .fusion-builder-column-4{width:100% !important;order : 0;}.fusion-builder-column-4 > .fusion-column-wrapper {margin-right : 1.92%;margin-left : 1.92%;}}@media only screen and (max-width:640px) {.fusion-body .fusion-builder-column-4{width:100% !important;order : 0;}.fusion-builder-column-4 > .fusion-column-wrapper {margin-right : 1.92%;margin-left : 1.92%;}}<\/style><\/div><style type=\"text\/css\">.fusion-body .fusion-flex-container.fusion-builder-row-3{ padding-top : 0px;margin-top : 0px;padding-right : 0px;padding-bottom : 0px;margin-bottom : 0px;padding-left : 0px;}<\/style><\/div><\/p>\n","protected":false},"excerpt":{"rendered":"","protected":false},"author":1,"featured_media":0,"parent":7,"menu_order":2,"comment_status":"closed","ping_status":"closed","template":"","meta":{"content-type":"","footnotes":"","_links_to":"","_links_to_target":""},"class_list":["post-2343","page","type-page","status-publish","hentry"],"_links":{"self":[{"href":"https:\/\/sitios.udla.edu.ec\/internacional\/wp-json\/wp\/v2\/pages\/2343","targetHints":{"allow":["GET"]}}],"collection":[{"href":"https:\/\/sitios.udla.edu.ec\/internacional\/wp-json\/wp\/v2\/pages"}],"about":[{"href":"https:\/\/sitios.udla.edu.ec\/internacional\/wp-json\/wp\/v2\/types\/page"}],"author":[{"embeddable":true,"href":"https:\/\/sitios.udla.edu.ec\/internacional\/wp-json\/wp\/v2\/users\/1"}],"replies":[{"embeddable":true,"href":"https:\/\/sitios.udla.edu.ec\/internacional\/wp-json\/wp\/v2\/comments?post=2343"}],"version-history":[{"count":16,"href":"https:\/\/sitios.udla.edu.ec\/internacional\/wp-json\/wp\/v2\/pages\/2343\/revisions"}],"predecessor-version":[{"id":11579,"href":"https:\/\/sitios.udla.edu.ec\/internacional\/wp-json\/wp\/v2\/pages\/2343\/revisions\/11579"}],"up":[{"embeddable":true,"href":"https:\/\/sitios.udla.edu.ec\/internacional\/wp-json\/wp\/v2\/pages\/7"}],"wp:attachment":[{"href":"https:\/\/sitios.udla.edu.ec\/internacional\/wp-json\/wp\/v2\/media?parent=2343"}],"curies":[{"name":"wp","href":"https:\/\/api.w.org\/{rel}","templated":true}]}}