{"id":2067,"date":"2020-07-01T21:34:35","date_gmt":"2020-07-02T02:34:35","guid":{"rendered":"https:\/\/sitios.udla.edu.ec\/internacional\/?page_id=2067"},"modified":"2021-07-23T19:41:48","modified_gmt":"2021-07-24T00:41:48","slug":"maria-isabel-salvador","status":"publish","type":"page","link":"https:\/\/sitios.udla.edu.ec\/internacional\/nuestro-equipo\/maria-isabel-salvador\/","title":{"rendered":"Mar\u00eda Isabel Salvador"},"content":{"rendered":"<div class=\"fusion-fullwidth fullwidth-box fusion-builder-row-1 fusion-flex-container nonhundred-percent-fullwidth non-hundred-percent-height-scrolling\" style=\"background-color: rgba(255,255,255,0);background-position: center center;background-repeat: no-repeat;border-width: 0px 0px 0px 0px;border-color:#e2e2e2;border-style:solid;\" ><div class=\"fusion-builder-row fusion-row fusion-flex-align-items-flex-start\" style=\"max-width:1248px;margin-left: calc(-4% \/ 2 );margin-right: calc(-4% \/ 2 );\"><div class=\"fusion-layout-column fusion_builder_column fusion-builder-column-0 fusion_builder_column_1_3 1_3 fusion-flex-column\"><div class=\"fusion-column-wrapper fusion-flex-justify-content-flex-start fusion-content-layout-column\" style=\"background-position:left top;background-repeat:no-repeat;-webkit-background-size:cover;-moz-background-size:cover;-o-background-size:cover;background-size:cover;padding: 0px 0px 0px 0px;\"><div ><span class=\" fusion-imageframe imageframe-dropshadow imageframe-1 hover-type-none fusion-animated\" style=\"-webkit-box-shadow: 2px 2px 6px rgba(0,0,0,0.3);box-shadow: 2px 2px 6px rgba(0,0,0,0.3);\" data-animationType=\"fadeIn\" data-animationDuration=\"0.3\" data-animationOffset=\"100%\"><img decoding=\"async\" width=\"500\" image_height=\"600\" image_id=\"250\" title=\"MariaIsabel\" src=\"https:\/\/sitios.udla.edu.ec\/internacional\/wp-content\/uploads\/2020\/04\/MariaIsabel.jpg\" class=\"img-responsive wp-image-250\" srcset=\"https:\/\/sitios.udla.edu.ec\/internacional\/wp-content\/uploads\/2020\/04\/MariaIsabel-200x240.jpg 200w, https:\/\/sitios.udla.edu.ec\/internacional\/wp-content\/uploads\/2020\/04\/MariaIsabel-400x480.jpg 400w, https:\/\/sitios.udla.edu.ec\/internacional\/wp-content\/uploads\/2020\/04\/MariaIsabel.jpg 500w\" sizes=\"(max-width: 640px) 100vw, 500px\" \/><\/span><\/div><\/div><\/div><style type=\"text\/css\">.fusion-body .fusion-builder-column-0{width:33.333333333333% !important;margin-top : 0px;margin-bottom : 20px;}.fusion-builder-column-0 > .fusion-column-wrapper {padding-top : 0px !important;padding-right : 0px !important;margin-right : 5.76%;padding-bottom : 0px !important;padding-left : 0px !important;margin-left : 5.76%;}@media only screen and (max-width:1024px) {.fusion-body .fusion-builder-column-0{width:33.333333333333% !important;}.fusion-builder-column-0 > .fusion-column-wrapper {margin-right : 5.76%;margin-left : 5.76%;}}@media only screen and (max-width:640px) {.fusion-body .fusion-builder-column-0{width:100% !important;}.fusion-builder-column-0 > .fusion-column-wrapper {margin-right : 1.92%;margin-left : 1.92%;}}<\/style><div class=\"fusion-layout-column fusion_builder_column fusion-builder-column-1 fusion_builder_column_2_3 2_3 fusion-flex-column\"><div class=\"fusion-column-wrapper fusion-flex-justify-content-flex-start fusion-content-layout-column\" style=\"background-position:left top;background-repeat:no-repeat;-webkit-background-size:cover;-moz-background-size:cover;-o-background-size:cover;background-size:cover;padding: 0px 0px 0px 0px;\"><div class=\"fusion-text fusion-text-1\" style=\"text-align:left;\"><p><strong>Mar\u00eda Isabel Salvador<\/strong><\/p>\n<p><strong>Directora de Relaciones Externas<\/strong><\/p>\n<\/div><div class=\"fusion-separator fusion-full-width-sep\" style=\"align-self: center;margin-left: auto;margin-right: auto;margin-top:25px;width:100%;\"><\/div><div class=\"fusion-text fusion-text-2\" style=\"text-align:left;\"><p>Estudi\u00f3 Derecho en la Universidad Cat\u00f3lica de Quito y en la Universidad de Cuenca. Es licenciada en Lengua y Civilizaci\u00f3n francesas, por la Universit\u00e9 de Geneve, Suiza, y diplomada en Gerencia por la USFQ, Ecuador. Obtuvo una Maestr\u00eda Internacional en Gesti\u00f3n, con doble titulaci\u00f3n de la Universidad Andr\u00e9s Bello de Chile y la Universidad Europea de Madrid.<\/p>\n<p>Por cerca de 15 a\u00f1os se desempe\u00f1\u00f3 como gerente general y representante legal para Ecuador de una importante aerol\u00ednea internacional. Fue directora por Ecuador ante la Federaci\u00f3n Internacional de Ejecutivas de Empresas Tur\u00edsticas; vicepresidenta de la Federaci\u00f3n Nacional de C\u00e1maras Provinciales de Turismo de Ecuador (FENACAPTUR); presidenta de la Asociaci\u00f3n de Representantes de L\u00edneas A\u00e9reas Ecuatorianas (ARLAE).<\/p>\n<p>Ha sido ministra de Turismo y de Relaciones Exteriores, Comercio e Integraci\u00f3n, Parlamentaria Andina por el Ecuador y embajadora representante permanente del Ecuador ante la OEA. Asimismo, ejerci\u00f3 el cargo de presidenta del Consejo de Gobierno del R\u00e9gimen Especial de Gal\u00e1pagos.<\/p>\n<\/div><\/div><\/div><style type=\"text\/css\">.fusion-body .fusion-builder-column-1{width:66.666666666667% !important;margin-top : 0px;margin-bottom : 20px;}.fusion-builder-column-1 > .fusion-column-wrapper {padding-top : 0px !important;padding-right : 0px !important;margin-right : 2.88%;padding-bottom : 0px !important;padding-left : 0px !important;margin-left : 2.88%;}@media only screen and (max-width:1024px) {.fusion-body .fusion-builder-column-1{width:66.666666666667% !important;}.fusion-builder-column-1 > .fusion-column-wrapper {margin-right : 2.88%;margin-left : 2.88%;}}@media only screen and (max-width:640px) {.fusion-body .fusion-builder-column-1{width:100% !important;}.fusion-builder-column-1 > .fusion-column-wrapper {margin-right : 1.92%;margin-left : 1.92%;}}<\/style><\/div><style type=\"text\/css\">.fusion-body .fusion-flex-container.fusion-builder-row-1{ padding-top : 0px;margin-top : 0px;padding-right : 0px;padding-bottom : 0px;margin-bottom : 0px;padding-left : 0px;}<\/style><\/div>\n","protected":false},"excerpt":{"rendered":"","protected":false},"author":1,"featured_media":0,"parent":1944,"menu_order":1,"comment_status":"closed","ping_status":"closed","template":"100-width.php","meta":{"content-type":"","footnotes":"","_links_to":"","_links_to_target":""},"class_list":["post-2067","page","type-page","status-publish","hentry"],"_links":{"self":[{"href":"https:\/\/sitios.udla.edu.ec\/internacional\/wp-json\/wp\/v2\/pages\/2067","targetHints":{"allow":["GET"]}}],"collection":[{"href":"https:\/\/sitios.udla.edu.ec\/internacional\/wp-json\/wp\/v2\/pages"}],"about":[{"href":"https:\/\/sitios.udla.edu.ec\/internacional\/wp-json\/wp\/v2\/types\/page"}],"author":[{"embeddable":true,"href":"https:\/\/sitios.udla.edu.ec\/internacional\/wp-json\/wp\/v2\/users\/1"}],"replies":[{"embeddable":true,"href":"https:\/\/sitios.udla.edu.ec\/internacional\/wp-json\/wp\/v2\/comments?post=2067"}],"version-history":[{"count":13,"href":"https:\/\/sitios.udla.edu.ec\/internacional\/wp-json\/wp\/v2\/pages\/2067\/revisions"}],"predecessor-version":[{"id":8959,"href":"https:\/\/sitios.udla.edu.ec\/internacional\/wp-json\/wp\/v2\/pages\/2067\/revisions\/8959"}],"up":[{"embeddable":true,"href":"https:\/\/sitios.udla.edu.ec\/internacional\/wp-json\/wp\/v2\/pages\/1944"}],"wp:attachment":[{"href":"https:\/\/sitios.udla.edu.ec\/internacional\/wp-json\/wp\/v2\/media?parent=2067"}],"curies":[{"name":"wp","href":"https:\/\/api.w.org\/{rel}","templated":true}]}}