{"id":7292,"date":"2023-06-22T16:12:19","date_gmt":"2023-06-22T21:12:19","guid":{"rendered":"https:\/\/sitios.udla.edu.ec\/fica\/?page_id=7292"},"modified":"2025-02-24T12:55:40","modified_gmt":"2025-02-24T17:55:40","slug":"docentes-ingenieria-en-ciberseguridad","status":"publish","type":"page","link":"https:\/\/sitios.udla.edu.ec\/fica\/docentes-ingenieria-en-ciberseguridad\/","title":{"rendered":"Docentes Ingenier\u00eda en Ciberseguridad"},"content":{"rendered":"\t\t<div data-elementor-type=\"wp-page\" data-elementor-id=\"7292\" class=\"elementor elementor-7292\" data-elementor-post-type=\"page\">\n\t\t\t\t\t\t<section class=\"elementor-section elementor-top-section elementor-element elementor-element-113acbb elementor-section-full_width elementor-section-height-default elementor-section-height-default\" data-id=\"113acbb\" data-element_type=\"section\">\n\t\t\t\t\t\t<div class=\"elementor-container elementor-column-gap-default\">\n\t\t\t\t\t<div class=\"elementor-column elementor-col-100 elementor-top-column elementor-element elementor-element-94aa6c6\" data-id=\"94aa6c6\" data-element_type=\"column\">\n\t\t\t<div class=\"elementor-widget-wrap elementor-element-populated\">\n\t\t\t\t\t\t<div class=\"elementor-element elementor-element-551e75c elementor-widget elementor-widget-heading\" data-id=\"551e75c\" data-element_type=\"widget\" data-widget_type=\"heading.default\">\n\t\t\t\t<div class=\"elementor-widget-container\">\n\t\t\t\t\t<h2 class=\"elementor-heading-title elementor-size-default\">Conoce nuestro cuerpo docente<\/h2>\t\t\t\t<\/div>\n\t\t\t\t<\/div>\n\t\t\t\t<div class=\"elementor-element elementor-element-9c67c2d elementor-widget-divider--view-line elementor-widget elementor-widget-divider\" data-id=\"9c67c2d\" data-element_type=\"widget\" data-widget_type=\"divider.default\">\n\t\t\t\t<div class=\"elementor-widget-container\">\n\t\t\t\t\t\t\t<div class=\"elementor-divider\">\n\t\t\t<span class=\"elementor-divider-separator\">\n\t\t\t\t\t\t<\/span>\n\t\t<\/div>\n\t\t\t\t\t\t<\/div>\n\t\t\t\t<\/div>\n\t\t\t\t<div class=\"elementor-element elementor-element-56fe820 elementor-widget elementor-widget-shortcode\" data-id=\"56fe820\" data-element_type=\"widget\" data-widget_type=\"shortcode.default\">\n\t\t\t\t<div class=\"elementor-widget-container\">\n\t\t\t\t\t\t\t<div class=\"elementor-shortcode\">\r\n<div class=\"wp-tsasp-team-wrp wp-tsasp-team-grid-wrp wptsasp-clearfix \" popup-conf=\"{&quot;popup_gallery&quot;:&quot;true&quot;}\">\r\n\t<div class=\"wp-teamshowcase-grid wp-tsasp-teamshowcase wp-tsasp-design-7 wp-tsasp-popup-js wp-tsasp-no-offset wp-tsasp-image-fit wptsasp-clearfix\" id=\"wp-tsasp-team-1\">\r\n<div class=\"wp-tsasp-team-grid wptsas-medium-3 wptsas-columns  wp-tsasp-team-7220 wp-tsasp-first wp-tsasp-no-img wp-tsasp-team-cat-141 wp-tsasp-team-cat-145\" style=\"\">\r\n\t<div class=\"wp-tsasp-team-member\">\r\n\t\t<div class=\"wp-tsasp-team-member-bg\">\r\n\t\t\t<div class=\"wp-tsasp-team-img wp-tsasp-team-avatar-bg\">\r\n\r\n\t\t\t\t\t\t\t\t\t<div class=\"wp-tsasp-link-outer\">\r\n\t\t\t\t\t\t<a class=\"wp-tsasp-popup-link\" href=\"javascript:void(0);\" data-mfp-src=\"#popup-2\"><i class=\"fa fa-info\"><\/i><\/a>\r\n\t\t\t\t\t<\/div>\r\n\t\t\t\t\r\n\t\t\t<\/div>\r\n\r\n\t\t\t<div class=\"wp-tsasp-team-detail\">\r\n\t\t\t\t<div class=\"wp-tsasp-team-name\">Iv\u00e1n Ortiz<\/div>\r\n\t\t\t\t\r\n\t\t\t\t\t\t\t\t\t<div class=\"wp-tsasp-team-data\">\r\n\t\t\t\t\t\tDocente Ingenier\u00eda en Ciberseguridad\t\t\t\t\t<\/div>\r\n\t\t\t\t\t\t\t\t<hr>\r\n\t\t\t\t\r\n\t\t\t\t\r\n\t\t\t<\/div>\r\n\t\t<\/div>\r\n\t<\/div>\r\n<\/div>\r\n<div class=\"wp-tsasp-team-grid wptsas-medium-3 wptsas-columns  wp-tsasp-team-7223 wp-tsasp-no-img wp-tsasp-team-cat-141 wp-tsasp-team-cat-145\" style=\"\">\r\n\t<div class=\"wp-tsasp-team-member\">\r\n\t\t<div class=\"wp-tsasp-team-member-bg\">\r\n\t\t\t<div class=\"wp-tsasp-team-img wp-tsasp-team-avatar-bg\">\r\n\r\n\t\t\t\t\t\t\t\t\t<div class=\"wp-tsasp-link-outer\">\r\n\t\t\t\t\t\t<a class=\"wp-tsasp-popup-link\" href=\"javascript:void(0);\" data-mfp-src=\"#popup-3\"><i class=\"fa fa-info\"><\/i><\/a>\r\n\t\t\t\t\t<\/div>\r\n\t\t\t\t\r\n\t\t\t<\/div>\r\n\r\n\t\t\t<div class=\"wp-tsasp-team-detail\">\r\n\t\t\t\t<div class=\"wp-tsasp-team-name\">William Villegas<\/div>\r\n\t\t\t\t\r\n\t\t\t\t\t\t\t\t\t<div class=\"wp-tsasp-team-data\">\r\n\t\t\t\t\t\tDocente Ingenier\u00eda en Ciberseguridad\t\t\t\t\t<\/div>\r\n\t\t\t\t\t\t\t\t<hr>\r\n\t\t\t\t\r\n\t\t\t\t\r\n\t\t\t<\/div>\r\n\t\t<\/div>\r\n\t<\/div>\r\n<\/div>\r\n<div class=\"wp-tsasp-team-grid wptsas-medium-3 wptsas-columns  wp-tsasp-team-9007 wp-tsasp-no-img wp-tsasp-team-cat-145\" style=\"\">\r\n\t<div class=\"wp-tsasp-team-member\">\r\n\t\t<div class=\"wp-tsasp-team-member-bg\">\r\n\t\t\t<div class=\"wp-tsasp-team-img wp-tsasp-team-avatar-bg\">\r\n\r\n\t\t\t\t\t\t\t\t\t<div class=\"wp-tsasp-link-outer\">\r\n\t\t\t\t\t\t<a class=\"wp-tsasp-popup-link\" href=\"javascript:void(0);\" data-mfp-src=\"#popup-4\"><i class=\"fa fa-info\"><\/i><\/a>\r\n\t\t\t\t\t<\/div>\r\n\t\t\t\t\r\n\t\t\t<\/div>\r\n\r\n\t\t\t<div class=\"wp-tsasp-team-detail\">\r\n\t\t\t\t<div class=\"wp-tsasp-team-name\">LUIS CRIOLLO<\/div>\r\n\t\t\t\t\r\n\t\t\t\t\t\t\t\t\t<div class=\"wp-tsasp-team-data\">\r\n\t\t\t\t\t\tDocente Ingenier\u00eda en Ciberseguridad\t\t\t\t\t<\/div>\r\n\t\t\t\t\t\t\t\t<hr>\r\n\t\t\t\t\r\n\t\t\t\t\r\n\t\t\t<\/div>\r\n\t\t<\/div>\r\n\t<\/div>\r\n<\/div>\r\n<div class=\"wp-tsasp-team-grid wptsas-medium-3 wptsas-columns  wp-tsasp-team-9008 wp-tsasp-no-img wp-tsasp-team-cat-145\" style=\"\">\r\n\t<div class=\"wp-tsasp-team-member\">\r\n\t\t<div class=\"wp-tsasp-team-member-bg\">\r\n\t\t\t<div class=\"wp-tsasp-team-img wp-tsasp-team-avatar-bg\">\r\n\r\n\t\t\t\t\t\t\t\t\t<div class=\"wp-tsasp-link-outer\">\r\n\t\t\t\t\t\t<a class=\"wp-tsasp-popup-link\" href=\"javascript:void(0);\" data-mfp-src=\"#popup-5\"><i class=\"fa fa-info\"><\/i><\/a>\r\n\t\t\t\t\t<\/div>\r\n\t\t\t\t\r\n\t\t\t<\/div>\r\n\r\n\t\t\t<div class=\"wp-tsasp-team-detail\">\r\n\t\t\t\t<div class=\"wp-tsasp-team-name\">CARLOS CH\u00c1VEZ<\/div>\r\n\t\t\t\t\r\n\t\t\t\t\t\t\t\t\t<div class=\"wp-tsasp-team-data\">\r\n\t\t\t\t\t\tDocente Ingenier\u00eda en Ciberseguridad\t\t\t\t\t<\/div>\r\n\t\t\t\t\t\t\t\t<hr>\r\n\t\t\t\t\r\n\t\t\t\t\r\n\t\t\t<\/div>\r\n\t\t<\/div>\r\n\t<\/div>\r\n<\/div>\r\n<div class=\"wp-tsasp-team-grid wptsas-medium-3 wptsas-columns  wp-tsasp-team-9009 wp-tsasp-first wp-tsasp-no-img wp-tsasp-team-cat-145\" style=\"\">\r\n\t<div class=\"wp-tsasp-team-member\">\r\n\t\t<div class=\"wp-tsasp-team-member-bg\">\r\n\t\t\t<div class=\"wp-tsasp-team-img wp-tsasp-team-avatar-bg\">\r\n\r\n\t\t\t\t\t\t\t\t\t<div class=\"wp-tsasp-link-outer\">\r\n\t\t\t\t\t\t<a class=\"wp-tsasp-popup-link\" href=\"javascript:void(0);\" data-mfp-src=\"#popup-6\"><i class=\"fa fa-info\"><\/i><\/a>\r\n\t\t\t\t\t<\/div>\r\n\t\t\t\t\r\n\t\t\t<\/div>\r\n\r\n\t\t\t<div class=\"wp-tsasp-team-detail\">\r\n\t\t\t\t<div class=\"wp-tsasp-team-name\">JUAN FIGUEROA<\/div>\r\n\t\t\t\t\r\n\t\t\t\t\t\t\t\t\t<div class=\"wp-tsasp-team-data\">\r\n\t\t\t\t\t\tDocente Ingenier\u00eda en Ciberseguridad\t\t\t\t\t<\/div>\r\n\t\t\t\t\t\t\t\t<hr>\r\n\t\t\t\t\r\n\t\t\t\t\r\n\t\t\t<\/div>\r\n\t\t<\/div>\r\n\t<\/div>\r\n<\/div>\r\n<div class=\"wp-tsasp-team-grid wptsas-medium-3 wptsas-columns  wp-tsasp-team-9245 wp-tsasp-no-img wp-tsasp-team-cat-145\" style=\"\">\r\n\t<div class=\"wp-tsasp-team-member\">\r\n\t\t<div class=\"wp-tsasp-team-member-bg\">\r\n\t\t\t<div class=\"wp-tsasp-team-img wp-tsasp-team-avatar-bg\">\r\n\r\n\t\t\t\t\t\t\t\t\t<div class=\"wp-tsasp-link-outer\">\r\n\t\t\t\t\t\t<a class=\"wp-tsasp-popup-link\" href=\"javascript:void(0);\" data-mfp-src=\"#popup-7\"><i class=\"fa fa-info\"><\/i><\/a>\r\n\t\t\t\t\t<\/div>\r\n\t\t\t\t\r\n\t\t\t<\/div>\r\n\r\n\t\t\t<div class=\"wp-tsasp-team-detail\">\r\n\t\t\t\t<div class=\"wp-tsasp-team-name\">DIEGO SILVA<\/div>\r\n\t\t\t\t\r\n\t\t\t\t\t\t\t\t\t<div class=\"wp-tsasp-team-data\">\r\n\t\t\t\t\t\tDocente Ingenier\u00eda en Ciberseguridad\t\t\t\t\t<\/div>\r\n\t\t\t\t\t\t\t\t<hr>\r\n\t\t\t\t\r\n\t\t\t\t\r\n\t\t\t<\/div>\r\n\t\t<\/div>\r\n\t<\/div>\r\n<\/div>\t<\/div>\r\n\r\n\t<\/div>\r\n<div id=\"popup-2\" class=\"wp-tsasp-popup-box wptsas-popup-design-1 wptsas-dark wp-tsasp-image-fit wp-tsasp-popup-content wptsasp-clearfix mfp-hide\">\r\n\t\r\n\t\r\n\t<div class=\"wp-tsasp-right-panel\">\r\n\t\t<div class=\"wp-tsasp-popup-header wp-tsasp-team-avatar-bg\">\r\n\r\n\t\t\t\r\n\t\t\t<span class=\"wp-tsasp-popup-close wp-tsasp-close-btn mfp-close\" title=\"Close\"><\/span>\r\n\r\n\t\t\t<div class=\"wp-tsasp-popup-member-info\">\r\n\t\t\t\t<div class=\"wp-tsasp-popup-member-name\">Iv\u00e1n Ortiz<\/div>\r\n\r\n\t\t\t\t\t\t\t\t\t<div class=\"wp-tsasp-popup-member-job\">\r\n\t\t\t\t\t\tDocente Ingenier\u00eda en Ciberseguridad\t\t\t\t\t<\/div>\r\n\t\t\t\t\t\t\t<\/div>\r\n\t\t<\/div>\r\n\r\n\t\t<div class=\"wp-tsasp-popup-body\">\r\n\r\n\t\t\t<p><strong>PERFIL<\/strong><\/p>\n<p>Mag\u00edster en Redes de Comunicaciones (Pontificia Universidad Cat\u00f3lica del Ecuador). Adem\u00e1s, poseo un Diplomado en gesti\u00f3n de la seguridad de la informaci\u00f3n (TEC de Monterrey, M\u00e9xico) y un Diplomado de Ense\u00f1anza y Aprendizaje Efectivo en Educaci\u00f3n Superior por la Universidad de las Am\u00e9ricas, en el campo de seguridad de la informaci\u00f3n tengo algunas certificaciones en distintas tecnolog\u00edas y normativas.<\/p>\n<p><strong>EXPERIENCIA<\/strong><\/p>\n<p>Iv\u00e1n Ortiz G. tiene m\u00e1s de 15 a\u00f1os de experiencia en Seguridad y Tecnolog\u00edas Informaci\u00f3n y Comunicaciones en el sector p\u00fablico (CELEC EP., CONSEJO DE LA JUDICATURA, MINISTERIO DE EDUCACI\u00d3N). Experiencia en auditor\u00edas de procesos para implementaci\u00f3n de Sistemas de Gesti\u00f3n de Calidad ISO 9001, Seguridad de la Informaci\u00f3n ISO 27001, Planificaci\u00f3n, Ejecuci\u00f3n, Seguimiento y Control de Proyectos Tecnol\u00f3gicos (WAN Educativa, Aseguramiento de Infraestructura Tecnol\u00f3gica para Complejos Judiciales, Sistemas SCADA Centrales El\u00e9ctricas). En la actualidad se desempe\u00f1a como docente a tiempo completo de la carrera de Ingenier\u00eda en Ciberseguridad, Director del Proyecto de Vinculaci\u00f3n con la Comunidad.<\/p>\n\t\t<\/div>\r\n\t<\/div>\r\n<\/div>\r\n<div id=\"popup-3\" class=\"wp-tsasp-popup-box wptsas-popup-design-1 wptsas-dark wp-tsasp-image-fit wp-tsasp-popup-content wptsasp-clearfix mfp-hide\">\r\n\t\r\n\t\r\n\t<div class=\"wp-tsasp-right-panel\">\r\n\t\t<div class=\"wp-tsasp-popup-header wp-tsasp-team-avatar-bg\">\r\n\r\n\t\t\t\r\n\t\t\t<span class=\"wp-tsasp-popup-close wp-tsasp-close-btn mfp-close\" title=\"Close\"><\/span>\r\n\r\n\t\t\t<div class=\"wp-tsasp-popup-member-info\">\r\n\t\t\t\t<div class=\"wp-tsasp-popup-member-name\">William Villegas<\/div>\r\n\r\n\t\t\t\t\t\t\t\t\t<div class=\"wp-tsasp-popup-member-job\">\r\n\t\t\t\t\t\tDocente Ingenier\u00eda en Ciberseguridad\t\t\t\t\t<\/div>\r\n\t\t\t\t\t\t\t<\/div>\r\n\t\t<\/div>\r\n\r\n\t\t<div class=\"wp-tsasp-popup-body\">\r\n\r\n\t\t\t<p><strong>PERFIL<\/strong><\/p>\n<p>William Villegas es PhD. en inform\u00e1tica por la Universidad de Alicante, Mag\u00edster en Redes de Comunicaciones por la Pontificia Universidad Cat\u00f3lica del Ecuador. Adem\u00e1s, es Ingeniero en sistema con una menci\u00f3n en rob\u00f3tica e inteligencia artificial por la Universidad Polit\u00e9cnica Salesiana. En la parte Acad\u00e9mica ha obtenido un Diplomado de Ense\u00f1anza y Aprendizaje Efectivo en Educaci\u00f3n Superior por la Universidad de las Am\u00e9ricas.<\/p>\n<p><strong>EXPERIENCIA<\/strong><\/p>\n<p>William Villegas tiene experiencia en el \u00e1rea empresarial por m\u00e1s de 7 a\u00f1os en el cargo de coordinador de redes e infraestructura, en la parte acad\u00e9mica cuenta con m\u00e1s 12 a\u00f1os de experiencia, siendo docente en el \u00e1rea de tecnolog\u00edas de la informaci\u00f3n y afines tanto en modalidades en l\u00ednea como en presencial. Al momento es parte del departamento de investigaci\u00f3n y cuanta con m\u00e1s de 40 publicaciones con un amplio porcentaje de estas indexadas en revistas de alto impacto en cuartiles Q1 y Q2.<\/p>\n\t\t<\/div>\r\n\t<\/div>\r\n<\/div>\r\n<div id=\"popup-4\" class=\"wp-tsasp-popup-box wptsas-popup-design-1 wptsas-dark wp-tsasp-image-fit wp-tsasp-popup-content wptsasp-clearfix mfp-hide\">\r\n\t\r\n\t\r\n\t<div class=\"wp-tsasp-right-panel\">\r\n\t\t<div class=\"wp-tsasp-popup-header wp-tsasp-team-avatar-bg\">\r\n\r\n\t\t\t\r\n\t\t\t<span class=\"wp-tsasp-popup-close wp-tsasp-close-btn mfp-close\" title=\"Close\"><\/span>\r\n\r\n\t\t\t<div class=\"wp-tsasp-popup-member-info\">\r\n\t\t\t\t<div class=\"wp-tsasp-popup-member-name\">LUIS CRIOLLO<\/div>\r\n\r\n\t\t\t\t\t\t\t\t\t<div class=\"wp-tsasp-popup-member-job\">\r\n\t\t\t\t\t\tDocente Ingenier\u00eda en Ciberseguridad\t\t\t\t\t<\/div>\r\n\t\t\t\t\t\t\t<\/div>\r\n\t\t<\/div>\r\n\r\n\t\t<div class=\"wp-tsasp-popup-body\">\r\n\r\n\t\t\t<p>Docente Ingenier\u00eda en Ciberseguridad<\/p>\n\t\t<\/div>\r\n\t<\/div>\r\n<\/div>\r\n<div id=\"popup-5\" class=\"wp-tsasp-popup-box wptsas-popup-design-1 wptsas-dark wp-tsasp-image-fit wp-tsasp-popup-content wptsasp-clearfix mfp-hide\">\r\n\t\r\n\t\r\n\t<div class=\"wp-tsasp-right-panel\">\r\n\t\t<div class=\"wp-tsasp-popup-header wp-tsasp-team-avatar-bg\">\r\n\r\n\t\t\t\r\n\t\t\t<span class=\"wp-tsasp-popup-close wp-tsasp-close-btn mfp-close\" title=\"Close\"><\/span>\r\n\r\n\t\t\t<div class=\"wp-tsasp-popup-member-info\">\r\n\t\t\t\t<div class=\"wp-tsasp-popup-member-name\">CARLOS CH\u00c1VEZ<\/div>\r\n\r\n\t\t\t\t\t\t\t\t\t<div class=\"wp-tsasp-popup-member-job\">\r\n\t\t\t\t\t\tDocente Ingenier\u00eda en Ciberseguridad\t\t\t\t\t<\/div>\r\n\t\t\t\t\t\t\t<\/div>\r\n\t\t<\/div>\r\n\r\n\t\t<div class=\"wp-tsasp-popup-body\">\r\n\r\n\t\t\t<p>Docente Ingenier\u00eda en Ciberseguridad<\/p>\n\t\t<\/div>\r\n\t<\/div>\r\n<\/div>\r\n<div id=\"popup-6\" class=\"wp-tsasp-popup-box wptsas-popup-design-1 wptsas-dark wp-tsasp-image-fit wp-tsasp-popup-content wptsasp-clearfix mfp-hide\">\r\n\t\r\n\t\r\n\t<div class=\"wp-tsasp-right-panel\">\r\n\t\t<div class=\"wp-tsasp-popup-header wp-tsasp-team-avatar-bg\">\r\n\r\n\t\t\t\r\n\t\t\t<span class=\"wp-tsasp-popup-close wp-tsasp-close-btn mfp-close\" title=\"Close\"><\/span>\r\n\r\n\t\t\t<div class=\"wp-tsasp-popup-member-info\">\r\n\t\t\t\t<div class=\"wp-tsasp-popup-member-name\">JUAN FIGUEROA<\/div>\r\n\r\n\t\t\t\t\t\t\t\t\t<div class=\"wp-tsasp-popup-member-job\">\r\n\t\t\t\t\t\tDocente Ingenier\u00eda en Ciberseguridad\t\t\t\t\t<\/div>\r\n\t\t\t\t\t\t\t<\/div>\r\n\t\t<\/div>\r\n\r\n\t\t<div class=\"wp-tsasp-popup-body\">\r\n\r\n\t\t\t<p>Docente Ingenier\u00eda en Ciberseguridad<\/p>\n\t\t<\/div>\r\n\t<\/div>\r\n<\/div>\r\n<div id=\"popup-7\" class=\"wp-tsasp-popup-box wptsas-popup-design-1 wptsas-dark wp-tsasp-image-fit wp-tsasp-popup-content wptsasp-clearfix mfp-hide\">\r\n\t\r\n\t\r\n\t<div class=\"wp-tsasp-right-panel\">\r\n\t\t<div class=\"wp-tsasp-popup-header wp-tsasp-team-avatar-bg\">\r\n\r\n\t\t\t\r\n\t\t\t<span class=\"wp-tsasp-popup-close wp-tsasp-close-btn mfp-close\" title=\"Close\"><\/span>\r\n\r\n\t\t\t<div class=\"wp-tsasp-popup-member-info\">\r\n\t\t\t\t<div class=\"wp-tsasp-popup-member-name\">DIEGO SILVA<\/div>\r\n\r\n\t\t\t\t\t\t\t\t\t<div class=\"wp-tsasp-popup-member-job\">\r\n\t\t\t\t\t\tDocente Ingenier\u00eda en Ciberseguridad\t\t\t\t\t<\/div>\r\n\t\t\t\t\t\t\t<\/div>\r\n\t\t<\/div>\r\n\r\n\t\t<div class=\"wp-tsasp-popup-body\">\r\n\r\n\t\t\t<p>Docente Ingenier\u00eda en Ciberseguridad<\/p>\n\t\t<\/div>\r\n\t<\/div>\r\n<\/div><\/div>\n\t\t\t\t\t\t<\/div>\n\t\t\t\t<\/div>\n\t\t\t\t\t<\/div>\n\t\t<\/div>\n\t\t\t\t\t<\/div>\n\t\t<\/section>\n\t\t\t\t<\/div>\n\t\t","protected":false},"excerpt":{"rendered":"<p>Conoce nuestro cuerpo docente<\/p>\n","protected":false},"author":1,"featured_media":0,"parent":0,"menu_order":0,"comment_status":"closed","ping_status":"closed","template":"","meta":{"_monsterinsights_skip_tracking":false,"_monsterinsights_sitenote_active":false,"_monsterinsights_sitenote_note":"","_monsterinsights_sitenote_category":0,"footnotes":""},"class_list":["post-7292","page","type-page","status-publish","hentry"],"yoast_head":"<!-- This site is optimized with the Yoast SEO plugin v25.4 - https:\/\/yoast.com\/wordpress\/plugins\/seo\/ -->\n<title>Docentes Ingenier\u00eda en Ciberseguridad - FICA - UDLA<\/title>\n<meta name=\"robots\" content=\"index, follow, max-snippet:-1, max-image-preview:large, max-video-preview:-1\" \/>\n<link rel=\"canonical\" href=\"https:\/\/sitios.udla.edu.ec\/fica\/docentes-ingenieria-en-ciberseguridad\/\" \/>\n<meta property=\"og:locale\" content=\"es_ES\" \/>\n<meta property=\"og:type\" content=\"article\" \/>\n<meta property=\"og:title\" content=\"Docentes Ingenier\u00eda en Ciberseguridad - FICA - UDLA\" \/>\n<meta property=\"og:description\" content=\"Conoce nuestro cuerpo docente\" \/>\n<meta property=\"og:url\" content=\"https:\/\/sitios.udla.edu.ec\/fica\/docentes-ingenieria-en-ciberseguridad\/\" \/>\n<meta property=\"og:site_name\" content=\"FICA - UDLA\" \/>\n<meta property=\"article:modified_time\" content=\"2025-02-24T17:55:40+00:00\" \/>\n<meta name=\"twitter:card\" content=\"summary_large_image\" \/>\n<meta name=\"twitter:label1\" content=\"Tiempo de lectura\" \/>\n\t<meta name=\"twitter:data1\" content=\"1 minuto\" \/>\n<script type=\"application\/ld+json\" class=\"yoast-schema-graph\">{\"@context\":\"https:\/\/schema.org\",\"@graph\":[{\"@type\":\"WebPage\",\"@id\":\"https:\/\/sitios.udla.edu.ec\/fica\/docentes-ingenieria-en-ciberseguridad\/\",\"url\":\"https:\/\/sitios.udla.edu.ec\/fica\/docentes-ingenieria-en-ciberseguridad\/\",\"name\":\"Docentes Ingenier\u00eda en Ciberseguridad - FICA - UDLA\",\"isPartOf\":{\"@id\":\"https:\/\/sitios.udla.edu.ec\/fica\/#website\"},\"datePublished\":\"2023-06-22T21:12:19+00:00\",\"dateModified\":\"2025-02-24T17:55:40+00:00\",\"breadcrumb\":{\"@id\":\"https:\/\/sitios.udla.edu.ec\/fica\/docentes-ingenieria-en-ciberseguridad\/#breadcrumb\"},\"inLanguage\":\"es\",\"potentialAction\":[{\"@type\":\"ReadAction\",\"target\":[\"https:\/\/sitios.udla.edu.ec\/fica\/docentes-ingenieria-en-ciberseguridad\/\"]}]},{\"@type\":\"BreadcrumbList\",\"@id\":\"https:\/\/sitios.udla.edu.ec\/fica\/docentes-ingenieria-en-ciberseguridad\/#breadcrumb\",\"itemListElement\":[{\"@type\":\"ListItem\",\"position\":1,\"name\":\"Portada\",\"item\":\"https:\/\/sitios.udla.edu.ec\/fica\/\"},{\"@type\":\"ListItem\",\"position\":2,\"name\":\"Docentes Ingenier\u00eda en Ciberseguridad\"}]},{\"@type\":\"WebSite\",\"@id\":\"https:\/\/sitios.udla.edu.ec\/fica\/#website\",\"url\":\"https:\/\/sitios.udla.edu.ec\/fica\/\",\"name\":\"FICA - UDLA\",\"description\":\"Sitio de la Facultad de Ingenier\u00eda y Ciencias Aplicadas\",\"publisher\":{\"@id\":\"https:\/\/sitios.udla.edu.ec\/fica\/#organization\"},\"potentialAction\":[{\"@type\":\"SearchAction\",\"target\":{\"@type\":\"EntryPoint\",\"urlTemplate\":\"https:\/\/sitios.udla.edu.ec\/fica\/?s={search_term_string}\"},\"query-input\":{\"@type\":\"PropertyValueSpecification\",\"valueRequired\":true,\"valueName\":\"search_term_string\"}}],\"inLanguage\":\"es\"},{\"@type\":\"Organization\",\"@id\":\"https:\/\/sitios.udla.edu.ec\/fica\/#organization\",\"name\":\"FICA - UDLA\",\"url\":\"https:\/\/sitios.udla.edu.ec\/fica\/\",\"logo\":{\"@type\":\"ImageObject\",\"inLanguage\":\"es\",\"@id\":\"https:\/\/sitios.udla.edu.ec\/fica\/#\/schema\/logo\/image\/\",\"url\":\"https:\/\/sitios.udla.edu.ec\/fica\/wp-content\/uploads\/2024\/11\/cropped-cropped-logo-fica-verde-1.jpg\",\"contentUrl\":\"https:\/\/sitios.udla.edu.ec\/fica\/wp-content\/uploads\/2024\/11\/cropped-cropped-logo-fica-verde-1.jpg\",\"width\":499,\"height\":109,\"caption\":\"FICA - UDLA\"},\"image\":{\"@id\":\"https:\/\/sitios.udla.edu.ec\/fica\/#\/schema\/logo\/image\/\"}}]}<\/script>\n<!-- \/ Yoast SEO plugin. -->","yoast_head_json":{"title":"Docentes Ingenier\u00eda en Ciberseguridad - FICA - UDLA","robots":{"index":"index","follow":"follow","max-snippet":"max-snippet:-1","max-image-preview":"max-image-preview:large","max-video-preview":"max-video-preview:-1"},"canonical":"https:\/\/sitios.udla.edu.ec\/fica\/docentes-ingenieria-en-ciberseguridad\/","og_locale":"es_ES","og_type":"article","og_title":"Docentes Ingenier\u00eda en Ciberseguridad - FICA - UDLA","og_description":"Conoce nuestro cuerpo docente","og_url":"https:\/\/sitios.udla.edu.ec\/fica\/docentes-ingenieria-en-ciberseguridad\/","og_site_name":"FICA - UDLA","article_modified_time":"2025-02-24T17:55:40+00:00","twitter_card":"summary_large_image","twitter_misc":{"Tiempo de lectura":"1 minuto"},"schema":{"@context":"https:\/\/schema.org","@graph":[{"@type":"WebPage","@id":"https:\/\/sitios.udla.edu.ec\/fica\/docentes-ingenieria-en-ciberseguridad\/","url":"https:\/\/sitios.udla.edu.ec\/fica\/docentes-ingenieria-en-ciberseguridad\/","name":"Docentes Ingenier\u00eda en Ciberseguridad - FICA - UDLA","isPartOf":{"@id":"https:\/\/sitios.udla.edu.ec\/fica\/#website"},"datePublished":"2023-06-22T21:12:19+00:00","dateModified":"2025-02-24T17:55:40+00:00","breadcrumb":{"@id":"https:\/\/sitios.udla.edu.ec\/fica\/docentes-ingenieria-en-ciberseguridad\/#breadcrumb"},"inLanguage":"es","potentialAction":[{"@type":"ReadAction","target":["https:\/\/sitios.udla.edu.ec\/fica\/docentes-ingenieria-en-ciberseguridad\/"]}]},{"@type":"BreadcrumbList","@id":"https:\/\/sitios.udla.edu.ec\/fica\/docentes-ingenieria-en-ciberseguridad\/#breadcrumb","itemListElement":[{"@type":"ListItem","position":1,"name":"Portada","item":"https:\/\/sitios.udla.edu.ec\/fica\/"},{"@type":"ListItem","position":2,"name":"Docentes Ingenier\u00eda en Ciberseguridad"}]},{"@type":"WebSite","@id":"https:\/\/sitios.udla.edu.ec\/fica\/#website","url":"https:\/\/sitios.udla.edu.ec\/fica\/","name":"FICA - UDLA","description":"Sitio de la Facultad de Ingenier\u00eda y Ciencias Aplicadas","publisher":{"@id":"https:\/\/sitios.udla.edu.ec\/fica\/#organization"},"potentialAction":[{"@type":"SearchAction","target":{"@type":"EntryPoint","urlTemplate":"https:\/\/sitios.udla.edu.ec\/fica\/?s={search_term_string}"},"query-input":{"@type":"PropertyValueSpecification","valueRequired":true,"valueName":"search_term_string"}}],"inLanguage":"es"},{"@type":"Organization","@id":"https:\/\/sitios.udla.edu.ec\/fica\/#organization","name":"FICA - UDLA","url":"https:\/\/sitios.udla.edu.ec\/fica\/","logo":{"@type":"ImageObject","inLanguage":"es","@id":"https:\/\/sitios.udla.edu.ec\/fica\/#\/schema\/logo\/image\/","url":"https:\/\/sitios.udla.edu.ec\/fica\/wp-content\/uploads\/2024\/11\/cropped-cropped-logo-fica-verde-1.jpg","contentUrl":"https:\/\/sitios.udla.edu.ec\/fica\/wp-content\/uploads\/2024\/11\/cropped-cropped-logo-fica-verde-1.jpg","width":499,"height":109,"caption":"FICA - UDLA"},"image":{"@id":"https:\/\/sitios.udla.edu.ec\/fica\/#\/schema\/logo\/image\/"}}]}},"_links":{"self":[{"href":"https:\/\/sitios.udla.edu.ec\/fica\/wp-json\/wp\/v2\/pages\/7292","targetHints":{"allow":["GET"]}}],"collection":[{"href":"https:\/\/sitios.udla.edu.ec\/fica\/wp-json\/wp\/v2\/pages"}],"about":[{"href":"https:\/\/sitios.udla.edu.ec\/fica\/wp-json\/wp\/v2\/types\/page"}],"author":[{"embeddable":true,"href":"https:\/\/sitios.udla.edu.ec\/fica\/wp-json\/wp\/v2\/users\/1"}],"replies":[{"embeddable":true,"href":"https:\/\/sitios.udla.edu.ec\/fica\/wp-json\/wp\/v2\/comments?post=7292"}],"version-history":[{"count":8,"href":"https:\/\/sitios.udla.edu.ec\/fica\/wp-json\/wp\/v2\/pages\/7292\/revisions"}],"predecessor-version":[{"id":9099,"href":"https:\/\/sitios.udla.edu.ec\/fica\/wp-json\/wp\/v2\/pages\/7292\/revisions\/9099"}],"wp:attachment":[{"href":"https:\/\/sitios.udla.edu.ec\/fica\/wp-json\/wp\/v2\/media?parent=7292"}],"curies":[{"name":"wp","href":"https:\/\/api.w.org\/{rel}","templated":true}]}}