{"id":6689,"date":"2023-06-20T15:08:44","date_gmt":"2023-06-20T20:08:44","guid":{"rendered":"https:\/\/sitios.udla.edu.ec\/fica\/?page_id=6689"},"modified":"2025-02-24T09:53:18","modified_gmt":"2025-02-24T14:53:18","slug":"laboratorios","status":"publish","type":"page","link":"https:\/\/sitios.udla.edu.ec\/fica\/laboratorios\/","title":{"rendered":"Laboratorios"},"content":{"rendered":"\t\t<div data-elementor-type=\"wp-page\" data-elementor-id=\"6689\" class=\"elementor elementor-6689\" data-elementor-post-type=\"page\">\n\t\t\t\t\t\t<section class=\"elementor-section elementor-top-section elementor-element elementor-element-87907bd elementor-section-boxed elementor-section-height-default elementor-section-height-default\" data-id=\"87907bd\" data-element_type=\"section\">\n\t\t\t\t\t\t<div class=\"elementor-container elementor-column-gap-default\">\n\t\t\t\t\t<div class=\"elementor-column elementor-col-100 elementor-top-column elementor-element elementor-element-ee8ac4d\" data-id=\"ee8ac4d\" data-element_type=\"column\">\n\t\t\t<div class=\"elementor-widget-wrap elementor-element-populated\">\n\t\t\t\t\t\t<div class=\"elementor-element elementor-element-42691e3 elementor-widget elementor-widget-heading\" data-id=\"42691e3\" data-element_type=\"widget\" data-widget_type=\"heading.default\">\n\t\t\t\t<div class=\"elementor-widget-container\">\n\t\t\t\t\t<h2 class=\"elementor-heading-title elementor-size-default\"><a href=\"https:\/\/sitios.udla.edu.ec\/tourvirtual\/?s=pano1602\">Biotecnolog\u00eda industrial<\/a><\/h2>\t\t\t\t<\/div>\n\t\t\t\t<\/div>\n\t\t\t\t<div class=\"elementor-element elementor-element-8e8b2ae elementor-widget elementor-widget-html\" data-id=\"8e8b2ae\" data-element_type=\"widget\" data-widget_type=\"html.default\">\n\t\t\t\t<div class=\"elementor-widget-container\">\n\t\t\t\t\t<iframe src=\"https:\/\/sitios.udla.edu.ec\/tourvirtual\/?s=pano1602\" style=\"border:0px #ffffff none;\" name=\"Centro simulaci\u00f3n clinica\" scrolling=\"no\" frameborder=\"1\" marginheight=\"0px\" marginwidth=\"0px\" height=\"400px\" width=\"600px\" allowfullscreen><\/iframe>\t\t\t\t<\/div>\n\t\t\t\t<\/div>\n\t\t\t\t\t<\/div>\n\t\t<\/div>\n\t\t\t\t\t<\/div>\n\t\t<\/section>\n\t\t\t\t<section class=\"elementor-section elementor-top-section elementor-element elementor-element-ce893c0 elementor-section-boxed elementor-section-height-default elementor-section-height-default\" data-id=\"ce893c0\" data-element_type=\"section\">\n\t\t\t\t\t\t<div class=\"elementor-container elementor-column-gap-default\">\n\t\t\t\t\t<div class=\"elementor-column elementor-col-100 elementor-top-column elementor-element elementor-element-6f08047\" data-id=\"6f08047\" data-element_type=\"column\">\n\t\t\t<div class=\"elementor-widget-wrap elementor-element-populated\">\n\t\t\t\t\t\t<div class=\"elementor-element elementor-element-a48dd33 elementor-widget elementor-widget-heading\" data-id=\"a48dd33\" data-element_type=\"widget\" data-widget_type=\"heading.default\">\n\t\t\t\t<div class=\"elementor-widget-container\">\n\t\t\t\t\t<h2 class=\"elementor-heading-title elementor-size-default\"><a href=\"https:\/\/sitios.udla.edu.ec\/tourvirtual\/?s=pano1609\">Biotecnolog\u00eda aplicada<\/a><\/h2>\t\t\t\t<\/div>\n\t\t\t\t<\/div>\n\t\t\t\t<div class=\"elementor-element elementor-element-ecec784 elementor-widget elementor-widget-html\" data-id=\"ecec784\" data-element_type=\"widget\" data-widget_type=\"html.default\">\n\t\t\t\t<div class=\"elementor-widget-container\">\n\t\t\t\t\t<iframe src=\"https:\/\/sitios.udla.edu.ec\/tourvirtual\/?s=pano1609\" style=\"border:0px #ffffff none;\" name=\"Centro simulaci\u00f3n clinica\" scrolling=\"no\" frameborder=\"1\" marginheight=\"0px\" marginwidth=\"0px\" height=\"400px\" width=\"600px\" allowfullscreen><\/iframe>\t\t\t\t<\/div>\n\t\t\t\t<\/div>\n\t\t\t\t\t<\/div>\n\t\t<\/div>\n\t\t\t\t\t<\/div>\n\t\t<\/section>\n\t\t\t\t<section class=\"elementor-section elementor-top-section elementor-element elementor-element-6a93976 elementor-section-boxed elementor-section-height-default elementor-section-height-default\" data-id=\"6a93976\" data-element_type=\"section\">\n\t\t\t\t\t\t<div class=\"elementor-container elementor-column-gap-default\">\n\t\t\t\t\t<div class=\"elementor-column elementor-col-100 elementor-top-column elementor-element elementor-element-a21a13d\" data-id=\"a21a13d\" data-element_type=\"column\">\n\t\t\t<div class=\"elementor-widget-wrap elementor-element-populated\">\n\t\t\t\t\t\t<div class=\"elementor-element elementor-element-df1eb47 elementor-widget elementor-widget-heading\" data-id=\"df1eb47\" data-element_type=\"widget\" data-widget_type=\"heading.default\">\n\t\t\t\t<div class=\"elementor-widget-container\">\n\t\t\t\t\t<h2 class=\"elementor-heading-title elementor-size-default\"><a href=\"https:\/\/sitios.udla.edu.ec\/tourvirtual\/?s=pano1621\">Tratamiento de aguas<\/a><\/h2>\t\t\t\t<\/div>\n\t\t\t\t<\/div>\n\t\t\t\t<div class=\"elementor-element elementor-element-36fd758 elementor-widget elementor-widget-html\" data-id=\"36fd758\" data-element_type=\"widget\" data-widget_type=\"html.default\">\n\t\t\t\t<div class=\"elementor-widget-container\">\n\t\t\t\t\t<iframe src=\"https:\/\/sitios.udla.edu.ec\/tourvirtual\/?s=pano1621\" style=\"border:0px #ffffff none;\" name=\"Centro simulaci\u00f3n clinica\" scrolling=\"no\" frameborder=\"1\" marginheight=\"0px\" marginwidth=\"0px\" height=\"400px\" width=\"600px\" allowfullscreen><\/iframe>\t\t\t\t<\/div>\n\t\t\t\t<\/div>\n\t\t\t\t\t<\/div>\n\t\t<\/div>\n\t\t\t\t\t<\/div>\n\t\t<\/section>\n\t\t\t\t<section class=\"elementor-section elementor-top-section elementor-element elementor-element-cef30a5 elementor-section-boxed elementor-section-height-default elementor-section-height-default\" data-id=\"cef30a5\" data-element_type=\"section\">\n\t\t\t\t\t\t<div class=\"elementor-container elementor-column-gap-default\">\n\t\t\t\t\t<div class=\"elementor-column elementor-col-100 elementor-top-column elementor-element elementor-element-35d9efb\" data-id=\"35d9efb\" data-element_type=\"column\">\n\t\t\t<div class=\"elementor-widget-wrap elementor-element-populated\">\n\t\t\t\t\t\t<div class=\"elementor-element elementor-element-2b4c185 elementor-widget elementor-widget-heading\" data-id=\"2b4c185\" data-element_type=\"widget\" data-widget_type=\"heading.default\">\n\t\t\t\t<div class=\"elementor-widget-container\">\n\t\t\t\t\t<h2 class=\"elementor-heading-title elementor-size-default\"><a href=\"https:\/\/sitios.udla.edu.ec\/tourvirtual\/?s=pano1622\">Tratamiento de suelos<\/a><\/h2>\t\t\t\t<\/div>\n\t\t\t\t<\/div>\n\t\t\t\t<div class=\"elementor-element elementor-element-7dc848c elementor-widget elementor-widget-html\" data-id=\"7dc848c\" data-element_type=\"widget\" data-widget_type=\"html.default\">\n\t\t\t\t<div class=\"elementor-widget-container\">\n\t\t\t\t\t<iframe src=\"https:\/\/sitios.udla.edu.ec\/tourvirtual\/?s=pano1622\" style=\"border:0px #ffffff none;\" name=\"Centro simulaci\u00f3n clinica\" scrolling=\"no\" frameborder=\"1\" marginheight=\"0px\" marginwidth=\"0px\" height=\"400px\" width=\"600px\" allowfullscreen><\/iframe>\t\t\t\t<\/div>\n\t\t\t\t<\/div>\n\t\t\t\t\t<\/div>\n\t\t<\/div>\n\t\t\t\t\t<\/div>\n\t\t<\/section>\n\t\t\t\t<section class=\"elementor-section elementor-top-section elementor-element elementor-element-2dd2a58 elementor-section-boxed elementor-section-height-default elementor-section-height-default\" data-id=\"2dd2a58\" data-element_type=\"section\">\n\t\t\t\t\t\t<div class=\"elementor-container elementor-column-gap-default\">\n\t\t\t\t\t<div class=\"elementor-column elementor-col-100 elementor-top-column elementor-element elementor-element-b066124\" data-id=\"b066124\" data-element_type=\"column\">\n\t\t\t<div class=\"elementor-widget-wrap elementor-element-populated\">\n\t\t\t\t\t\t<div class=\"elementor-element elementor-element-8497b7f elementor-widget elementor-widget-heading\" data-id=\"8497b7f\" data-element_type=\"widget\" data-widget_type=\"heading.default\">\n\t\t\t\t<div class=\"elementor-widget-container\">\n\t\t\t\t\t<h2 class=\"elementor-heading-title elementor-size-default\"><a href=\"https:\/\/sitios.udla.edu.ec\/tourvirtual\/?s=pano1618\">An\u00e1lisis sensorial<\/a><\/h2>\t\t\t\t<\/div>\n\t\t\t\t<\/div>\n\t\t\t\t<div class=\"elementor-element elementor-element-d62bb1f elementor-widget elementor-widget-html\" data-id=\"d62bb1f\" data-element_type=\"widget\" data-widget_type=\"html.default\">\n\t\t\t\t<div class=\"elementor-widget-container\">\n\t\t\t\t\t<iframe src=\"https:\/\/sitios.udla.edu.ec\/tourvirtual\/?s=pano1618\" style=\"border:0px #ffffff none;\" name=\"Centro simulaci\u00f3n clinica\" scrolling=\"no\" frameborder=\"1\" marginheight=\"0px\" marginwidth=\"0px\" height=\"400px\" width=\"600px\" allowfullscreen><\/iframe>\t\t\t\t<\/div>\n\t\t\t\t<\/div>\n\t\t\t\t\t<\/div>\n\t\t<\/div>\n\t\t\t\t\t<\/div>\n\t\t<\/section>\n\t\t\t\t<section class=\"elementor-section elementor-top-section elementor-element elementor-element-d7197a7 elementor-section-boxed elementor-section-height-default elementor-section-height-default\" data-id=\"d7197a7\" data-element_type=\"section\">\n\t\t\t\t\t\t<div class=\"elementor-container elementor-column-gap-default\">\n\t\t\t\t\t<div class=\"elementor-column elementor-col-100 elementor-top-column elementor-element elementor-element-e664e16\" data-id=\"e664e16\" data-element_type=\"column\">\n\t\t\t<div class=\"elementor-widget-wrap elementor-element-populated\">\n\t\t\t\t\t\t<div class=\"elementor-element elementor-element-e7dbb3a elementor-widget elementor-widget-heading\" data-id=\"e7dbb3a\" data-element_type=\"widget\" data-widget_type=\"heading.default\">\n\t\t\t\t<div class=\"elementor-widget-container\">\n\t\t\t\t\t<h2 class=\"elementor-heading-title elementor-size-default\"><a href=\"https:\/\/sitios.udla.edu.ec\/tourvirtual\/?s=pano1619\">Procesamiento de alimentos h\u00famedos<\/a><\/h2>\t\t\t\t<\/div>\n\t\t\t\t<\/div>\n\t\t\t\t<div class=\"elementor-element elementor-element-a6a8194 elementor-widget elementor-widget-html\" data-id=\"a6a8194\" data-element_type=\"widget\" data-widget_type=\"html.default\">\n\t\t\t\t<div class=\"elementor-widget-container\">\n\t\t\t\t\t<iframe src=\"https:\/\/sitios.udla.edu.ec\/tourvirtual\/?s=pano1619\" style=\"border:0px #ffffff none;\" name=\"Centro simulaci\u00f3n clinica\" scrolling=\"no\" frameborder=\"1\" marginheight=\"0px\" marginwidth=\"0px\" height=\"400px\" width=\"600px\" allowfullscreen><\/iframe>\t\t\t\t<\/div>\n\t\t\t\t<\/div>\n\t\t\t\t\t<\/div>\n\t\t<\/div>\n\t\t\t\t\t<\/div>\n\t\t<\/section>\n\t\t\t\t<section class=\"elementor-section elementor-top-section elementor-element elementor-element-6b28cc3 elementor-section-boxed elementor-section-height-default elementor-section-height-default\" data-id=\"6b28cc3\" data-element_type=\"section\">\n\t\t\t\t\t\t<div class=\"elementor-container elementor-column-gap-default\">\n\t\t\t\t\t<div class=\"elementor-column elementor-col-100 elementor-top-column elementor-element elementor-element-7bd0eee\" data-id=\"7bd0eee\" data-element_type=\"column\">\n\t\t\t<div class=\"elementor-widget-wrap elementor-element-populated\">\n\t\t\t\t\t\t<div class=\"elementor-element elementor-element-2bd4b9d elementor-widget elementor-widget-heading\" data-id=\"2bd4b9d\" data-element_type=\"widget\" data-widget_type=\"heading.default\">\n\t\t\t\t<div class=\"elementor-widget-container\">\n\t\t\t\t\t<h2 class=\"elementor-heading-title elementor-size-default\"><a href=\"https:\/\/sitios.udla.edu.ec\/tourvirtual\/?s=pano1620\">Procesamiento de alimentos secos<\/a><\/h2>\t\t\t\t<\/div>\n\t\t\t\t<\/div>\n\t\t\t\t<div class=\"elementor-element elementor-element-f70cca7 elementor-widget elementor-widget-html\" data-id=\"f70cca7\" data-element_type=\"widget\" data-widget_type=\"html.default\">\n\t\t\t\t<div class=\"elementor-widget-container\">\n\t\t\t\t\t<iframe src=\"https:\/\/sitios.udla.edu.ec\/tourvirtual\/?s=pano1620\" style=\"border:0px #ffffff none;\" name=\"Centro simulaci\u00f3n clinica\" scrolling=\"no\" frameborder=\"1\" marginheight=\"0px\" marginwidth=\"0px\" height=\"400px\" width=\"600px\" allowfullscreen><\/iframe>\t\t\t\t<\/div>\n\t\t\t\t<\/div>\n\t\t\t\t\t<\/div>\n\t\t<\/div>\n\t\t\t\t\t<\/div>\n\t\t<\/section>\n\t\t\t\t<section class=\"elementor-section elementor-top-section elementor-element elementor-element-22d06ec elementor-section-boxed elementor-section-height-default elementor-section-height-default\" data-id=\"22d06ec\" data-element_type=\"section\">\n\t\t\t\t\t\t<div class=\"elementor-container elementor-column-gap-default\">\n\t\t\t\t\t<div class=\"elementor-column elementor-col-100 elementor-top-column elementor-element elementor-element-ce1e1a2\" data-id=\"ce1e1a2\" data-element_type=\"column\">\n\t\t\t<div class=\"elementor-widget-wrap elementor-element-populated\">\n\t\t\t\t\t\t<div class=\"elementor-element elementor-element-d929a5c elementor-widget elementor-widget-heading\" data-id=\"d929a5c\" data-element_type=\"widget\" data-widget_type=\"heading.default\">\n\t\t\t\t<div class=\"elementor-widget-container\">\n\t\t\t\t\t<h2 class=\"elementor-heading-title elementor-size-default\"><a href=\"https:\/\/sitios.udla.edu.ec\/tourvirtual\/?s=pano1617\">Simulaci\u00f3n de procesos y manufactura<\/a><\/h2>\t\t\t\t<\/div>\n\t\t\t\t<\/div>\n\t\t\t\t<div class=\"elementor-element elementor-element-1aecbc1 elementor-widget elementor-widget-html\" data-id=\"1aecbc1\" data-element_type=\"widget\" data-widget_type=\"html.default\">\n\t\t\t\t<div class=\"elementor-widget-container\">\n\t\t\t\t\t<iframe src=\"https:\/\/sitios.udla.edu.ec\/tourvirtual\/?s=pano1617\" style=\"border:0px #ffffff none;\" name=\"Centro simulaci\u00f3n clinica\" scrolling=\"no\" frameborder=\"1\" marginheight=\"0px\" marginwidth=\"0px\" height=\"400px\" width=\"600px\" allowfullscreen><\/iframe>\t\t\t\t<\/div>\n\t\t\t\t<\/div>\n\t\t\t\t\t<\/div>\n\t\t<\/div>\n\t\t\t\t\t<\/div>\n\t\t<\/section>\n\t\t\t\t<section class=\"elementor-section elementor-top-section elementor-element elementor-element-39b9309 elementor-section-boxed elementor-section-height-default elementor-section-height-default\" data-id=\"39b9309\" data-element_type=\"section\">\n\t\t\t\t\t\t<div class=\"elementor-container elementor-column-gap-default\">\n\t\t\t\t\t<div class=\"elementor-column elementor-col-100 elementor-top-column elementor-element elementor-element-384093a\" data-id=\"384093a\" data-element_type=\"column\">\n\t\t\t<div class=\"elementor-widget-wrap elementor-element-populated\">\n\t\t\t\t\t\t<div class=\"elementor-element elementor-element-9866298 elementor-widget elementor-widget-heading\" data-id=\"9866298\" data-element_type=\"widget\" data-widget_type=\"heading.default\">\n\t\t\t\t<div class=\"elementor-widget-container\">\n\t\t\t\t\t<h2 class=\"elementor-heading-title elementor-size-default\"><a href=\"https:\/\/sitios.udla.edu.ec\/tourvirtual\/?s=pano1625\">Ciberseguridad<\/a><\/h2>\t\t\t\t<\/div>\n\t\t\t\t<\/div>\n\t\t\t\t<div class=\"elementor-element elementor-element-9cdee59 elementor-widget elementor-widget-html\" data-id=\"9cdee59\" data-element_type=\"widget\" data-widget_type=\"html.default\">\n\t\t\t\t<div class=\"elementor-widget-container\">\n\t\t\t\t\t<iframe src=\"https:\/\/sitios.udla.edu.ec\/tourvirtual\/?s=pano1625\" style=\"border:0px #ffffff none;\" name=\"Centro simulaci\u00f3n clinica\" scrolling=\"no\" frameborder=\"1\" marginheight=\"0px\" marginwidth=\"0px\" height=\"400px\" width=\"600px\" allowfullscreen><\/iframe>\t\t\t\t<\/div>\n\t\t\t\t<\/div>\n\t\t\t\t\t<\/div>\n\t\t<\/div>\n\t\t\t\t\t<\/div>\n\t\t<\/section>\n\t\t\t\t<section class=\"elementor-section elementor-top-section elementor-element elementor-element-946221c elementor-section-boxed elementor-section-height-default elementor-section-height-default\" data-id=\"946221c\" data-element_type=\"section\">\n\t\t\t\t\t\t<div class=\"elementor-container elementor-column-gap-default\">\n\t\t\t\t\t<div class=\"elementor-column elementor-col-100 elementor-top-column elementor-element elementor-element-0fec4a1\" data-id=\"0fec4a1\" data-element_type=\"column\">\n\t\t\t<div class=\"elementor-widget-wrap elementor-element-populated\">\n\t\t\t\t\t\t<div class=\"elementor-element elementor-element-03576b2 elementor-widget elementor-widget-heading\" data-id=\"03576b2\" data-element_type=\"widget\" data-widget_type=\"heading.default\">\n\t\t\t\t<div class=\"elementor-widget-container\">\n\t\t\t\t\t<h2 class=\"elementor-heading-title elementor-size-default\"><a href=\"https:\/\/sitios.udla.edu.ec\/tourvirtual\/?s=pano1395\">Estudio de grabaci\u00f3n \u2013 Ingenier\u00eda en Sonido y Ac\u00fastica<\/a><\/h2>\t\t\t\t<\/div>\n\t\t\t\t<\/div>\n\t\t\t\t<div class=\"elementor-element elementor-element-c959198 elementor-widget elementor-widget-html\" data-id=\"c959198\" data-element_type=\"widget\" data-widget_type=\"html.default\">\n\t\t\t\t<div class=\"elementor-widget-container\">\n\t\t\t\t\t<iframe src=\"https:\/\/sitios.udla.edu.ec\/tourvirtual\/?s=pano1395\" style=\"border:0px #ffffff none;\" name=\"Centro simulaci\u00f3n clinica\" scrolling=\"no\" frameborder=\"1\" marginheight=\"0px\" marginwidth=\"0px\" height=\"400px\" width=\"600px\" allowfullscreen><\/iframe>\t\t\t\t<\/div>\n\t\t\t\t<\/div>\n\t\t\t\t\t<\/div>\n\t\t<\/div>\n\t\t\t\t\t<\/div>\n\t\t<\/section>\n\t\t\t\t<\/div>\n\t\t","protected":false},"excerpt":{"rendered":"<p>Biotecnolog\u00eda industrial Biotecnolog\u00eda aplicada Tratamiento de aguas Tratamiento de suelos An\u00e1lisis sensorial Procesamiento de alimentos h\u00famedos Procesamiento de alimentos secos&#8230;<\/p>\n","protected":false},"author":1,"featured_media":0,"parent":0,"menu_order":0,"comment_status":"closed","ping_status":"closed","template":"","meta":{"_monsterinsights_skip_tracking":false,"_monsterinsights_sitenote_active":false,"_monsterinsights_sitenote_note":"","_monsterinsights_sitenote_category":0,"footnotes":""},"class_list":["post-6689","page","type-page","status-publish","hentry"],"yoast_head":"<!-- This site is optimized with the Yoast SEO plugin v25.4 - https:\/\/yoast.com\/wordpress\/plugins\/seo\/ -->\n<title>Laboratorios - FICA - UDLA<\/title>\n<meta name=\"robots\" content=\"index, follow, max-snippet:-1, max-image-preview:large, max-video-preview:-1\" \/>\n<link rel=\"canonical\" href=\"https:\/\/sitios.udla.edu.ec\/fica\/laboratorios\/\" \/>\n<meta property=\"og:locale\" content=\"es_ES\" \/>\n<meta property=\"og:type\" content=\"article\" \/>\n<meta property=\"og:title\" content=\"Laboratorios - FICA - UDLA\" \/>\n<meta property=\"og:description\" content=\"Biotecnolog\u00eda industrial Biotecnolog\u00eda aplicada Tratamiento de aguas Tratamiento de suelos An\u00e1lisis sensorial Procesamiento de alimentos h\u00famedos Procesamiento de alimentos secos...\" \/>\n<meta property=\"og:url\" content=\"https:\/\/sitios.udla.edu.ec\/fica\/laboratorios\/\" \/>\n<meta property=\"og:site_name\" content=\"FICA - UDLA\" \/>\n<meta property=\"article:modified_time\" content=\"2025-02-24T14:53:18+00:00\" \/>\n<meta name=\"twitter:card\" content=\"summary_large_image\" \/>\n<meta name=\"twitter:label1\" content=\"Tiempo de lectura\" \/>\n\t<meta name=\"twitter:data1\" content=\"1 minuto\" \/>\n<script type=\"application\/ld+json\" class=\"yoast-schema-graph\">{\"@context\":\"https:\/\/schema.org\",\"@graph\":[{\"@type\":\"WebPage\",\"@id\":\"https:\/\/sitios.udla.edu.ec\/fica\/laboratorios\/\",\"url\":\"https:\/\/sitios.udla.edu.ec\/fica\/laboratorios\/\",\"name\":\"Laboratorios - FICA - UDLA\",\"isPartOf\":{\"@id\":\"https:\/\/sitios.udla.edu.ec\/fica\/#website\"},\"datePublished\":\"2023-06-20T20:08:44+00:00\",\"dateModified\":\"2025-02-24T14:53:18+00:00\",\"breadcrumb\":{\"@id\":\"https:\/\/sitios.udla.edu.ec\/fica\/laboratorios\/#breadcrumb\"},\"inLanguage\":\"es\",\"potentialAction\":[{\"@type\":\"ReadAction\",\"target\":[\"https:\/\/sitios.udla.edu.ec\/fica\/laboratorios\/\"]}]},{\"@type\":\"BreadcrumbList\",\"@id\":\"https:\/\/sitios.udla.edu.ec\/fica\/laboratorios\/#breadcrumb\",\"itemListElement\":[{\"@type\":\"ListItem\",\"position\":1,\"name\":\"Portada\",\"item\":\"https:\/\/sitios.udla.edu.ec\/fica\/\"},{\"@type\":\"ListItem\",\"position\":2,\"name\":\"Laboratorios\"}]},{\"@type\":\"WebSite\",\"@id\":\"https:\/\/sitios.udla.edu.ec\/fica\/#website\",\"url\":\"https:\/\/sitios.udla.edu.ec\/fica\/\",\"name\":\"FICA - UDLA\",\"description\":\"Sitio de la Facultad de Ingenier\u00eda y Ciencias Aplicadas\",\"publisher\":{\"@id\":\"https:\/\/sitios.udla.edu.ec\/fica\/#organization\"},\"potentialAction\":[{\"@type\":\"SearchAction\",\"target\":{\"@type\":\"EntryPoint\",\"urlTemplate\":\"https:\/\/sitios.udla.edu.ec\/fica\/?s={search_term_string}\"},\"query-input\":{\"@type\":\"PropertyValueSpecification\",\"valueRequired\":true,\"valueName\":\"search_term_string\"}}],\"inLanguage\":\"es\"},{\"@type\":\"Organization\",\"@id\":\"https:\/\/sitios.udla.edu.ec\/fica\/#organization\",\"name\":\"FICA - UDLA\",\"url\":\"https:\/\/sitios.udla.edu.ec\/fica\/\",\"logo\":{\"@type\":\"ImageObject\",\"inLanguage\":\"es\",\"@id\":\"https:\/\/sitios.udla.edu.ec\/fica\/#\/schema\/logo\/image\/\",\"url\":\"https:\/\/sitios.udla.edu.ec\/fica\/wp-content\/uploads\/2024\/11\/cropped-cropped-logo-fica-verde-1.jpg\",\"contentUrl\":\"https:\/\/sitios.udla.edu.ec\/fica\/wp-content\/uploads\/2024\/11\/cropped-cropped-logo-fica-verde-1.jpg\",\"width\":499,\"height\":109,\"caption\":\"FICA - UDLA\"},\"image\":{\"@id\":\"https:\/\/sitios.udla.edu.ec\/fica\/#\/schema\/logo\/image\/\"}}]}<\/script>\n<!-- \/ Yoast SEO plugin. -->","yoast_head_json":{"title":"Laboratorios - FICA - UDLA","robots":{"index":"index","follow":"follow","max-snippet":"max-snippet:-1","max-image-preview":"max-image-preview:large","max-video-preview":"max-video-preview:-1"},"canonical":"https:\/\/sitios.udla.edu.ec\/fica\/laboratorios\/","og_locale":"es_ES","og_type":"article","og_title":"Laboratorios - FICA - UDLA","og_description":"Biotecnolog\u00eda industrial Biotecnolog\u00eda aplicada Tratamiento de aguas Tratamiento de suelos An\u00e1lisis sensorial Procesamiento de alimentos h\u00famedos Procesamiento de alimentos secos...","og_url":"https:\/\/sitios.udla.edu.ec\/fica\/laboratorios\/","og_site_name":"FICA - UDLA","article_modified_time":"2025-02-24T14:53:18+00:00","twitter_card":"summary_large_image","twitter_misc":{"Tiempo de lectura":"1 minuto"},"schema":{"@context":"https:\/\/schema.org","@graph":[{"@type":"WebPage","@id":"https:\/\/sitios.udla.edu.ec\/fica\/laboratorios\/","url":"https:\/\/sitios.udla.edu.ec\/fica\/laboratorios\/","name":"Laboratorios - FICA - UDLA","isPartOf":{"@id":"https:\/\/sitios.udla.edu.ec\/fica\/#website"},"datePublished":"2023-06-20T20:08:44+00:00","dateModified":"2025-02-24T14:53:18+00:00","breadcrumb":{"@id":"https:\/\/sitios.udla.edu.ec\/fica\/laboratorios\/#breadcrumb"},"inLanguage":"es","potentialAction":[{"@type":"ReadAction","target":["https:\/\/sitios.udla.edu.ec\/fica\/laboratorios\/"]}]},{"@type":"BreadcrumbList","@id":"https:\/\/sitios.udla.edu.ec\/fica\/laboratorios\/#breadcrumb","itemListElement":[{"@type":"ListItem","position":1,"name":"Portada","item":"https:\/\/sitios.udla.edu.ec\/fica\/"},{"@type":"ListItem","position":2,"name":"Laboratorios"}]},{"@type":"WebSite","@id":"https:\/\/sitios.udla.edu.ec\/fica\/#website","url":"https:\/\/sitios.udla.edu.ec\/fica\/","name":"FICA - UDLA","description":"Sitio de la Facultad de Ingenier\u00eda y Ciencias Aplicadas","publisher":{"@id":"https:\/\/sitios.udla.edu.ec\/fica\/#organization"},"potentialAction":[{"@type":"SearchAction","target":{"@type":"EntryPoint","urlTemplate":"https:\/\/sitios.udla.edu.ec\/fica\/?s={search_term_string}"},"query-input":{"@type":"PropertyValueSpecification","valueRequired":true,"valueName":"search_term_string"}}],"inLanguage":"es"},{"@type":"Organization","@id":"https:\/\/sitios.udla.edu.ec\/fica\/#organization","name":"FICA - UDLA","url":"https:\/\/sitios.udla.edu.ec\/fica\/","logo":{"@type":"ImageObject","inLanguage":"es","@id":"https:\/\/sitios.udla.edu.ec\/fica\/#\/schema\/logo\/image\/","url":"https:\/\/sitios.udla.edu.ec\/fica\/wp-content\/uploads\/2024\/11\/cropped-cropped-logo-fica-verde-1.jpg","contentUrl":"https:\/\/sitios.udla.edu.ec\/fica\/wp-content\/uploads\/2024\/11\/cropped-cropped-logo-fica-verde-1.jpg","width":499,"height":109,"caption":"FICA - UDLA"},"image":{"@id":"https:\/\/sitios.udla.edu.ec\/fica\/#\/schema\/logo\/image\/"}}]}},"_links":{"self":[{"href":"https:\/\/sitios.udla.edu.ec\/fica\/wp-json\/wp\/v2\/pages\/6689","targetHints":{"allow":["GET"]}}],"collection":[{"href":"https:\/\/sitios.udla.edu.ec\/fica\/wp-json\/wp\/v2\/pages"}],"about":[{"href":"https:\/\/sitios.udla.edu.ec\/fica\/wp-json\/wp\/v2\/types\/page"}],"author":[{"embeddable":true,"href":"https:\/\/sitios.udla.edu.ec\/fica\/wp-json\/wp\/v2\/users\/1"}],"replies":[{"embeddable":true,"href":"https:\/\/sitios.udla.edu.ec\/fica\/wp-json\/wp\/v2\/comments?post=6689"}],"version-history":[{"count":20,"href":"https:\/\/sitios.udla.edu.ec\/fica\/wp-json\/wp\/v2\/pages\/6689\/revisions"}],"predecessor-version":[{"id":9034,"href":"https:\/\/sitios.udla.edu.ec\/fica\/wp-json\/wp\/v2\/pages\/6689\/revisions\/9034"}],"wp:attachment":[{"href":"https:\/\/sitios.udla.edu.ec\/fica\/wp-json\/wp\/v2\/media?parent=6689"}],"curies":[{"name":"wp","href":"https:\/\/api.w.org\/{rel}","templated":true}]}}