{"id":6006,"date":"2023-06-15T11:10:07","date_gmt":"2023-06-15T16:10:07","guid":{"rendered":"https:\/\/sitios.udla.edu.ec\/fica\/?page_id=6006"},"modified":"2023-06-27T09:58:12","modified_gmt":"2023-06-27T14:58:12","slug":"contactanos","status":"publish","type":"page","link":"https:\/\/sitios.udla.edu.ec\/fica\/contactanos\/","title":{"rendered":"Cont\u00e1ctanos"},"content":{"rendered":"\t\t<div data-elementor-type=\"wp-page\" data-elementor-id=\"6006\" class=\"elementor elementor-6006\" data-elementor-post-type=\"page\">\n\t\t\t\t\t\t<section class=\"elementor-section elementor-top-section elementor-element elementor-element-e5c3e0e elementor-section-boxed elementor-section-height-default elementor-section-height-default\" data-id=\"e5c3e0e\" data-element_type=\"section\">\n\t\t\t\t\t\t<div class=\"elementor-container elementor-column-gap-default\">\n\t\t\t\t\t<div class=\"elementor-column elementor-col-50 elementor-top-column elementor-element elementor-element-d65d3db\" data-id=\"d65d3db\" data-element_type=\"column\">\n\t\t\t<div class=\"elementor-widget-wrap elementor-element-populated\">\n\t\t\t\t\t\t<div class=\"elementor-element elementor-element-d4ceffa elementor-widget elementor-widget-shortcode\" data-id=\"d4ceffa\" data-element_type=\"widget\" data-widget_type=\"shortcode.default\">\n\t\t\t\t<div class=\"elementor-widget-container\">\n\t\t\t\t\t\t\t<div class=\"elementor-shortcode\"><iframe src=\"https:\/\/go.udla.edu.ec\/l\/893551\/2020-10-27\/b4d\" width=\"100%\" height=\"550\" type=\"text\/html\" frameborder=\"0\" allowTransparency=\"true\" style=\"border: 0\"><\/iframe><\/div>\n\t\t\t\t\t\t<\/div>\n\t\t\t\t<\/div>\n\t\t\t\t\t<\/div>\n\t\t<\/div>\n\t\t\t\t<div class=\"elementor-column elementor-col-50 elementor-top-column elementor-element elementor-element-9debab3\" data-id=\"9debab3\" data-element_type=\"column\">\n\t\t\t<div class=\"elementor-widget-wrap elementor-element-populated\">\n\t\t\t\t\t\t<section class=\"elementor-section elementor-inner-section elementor-element elementor-element-9d83e4b elementor-section-boxed elementor-section-height-default elementor-section-height-default\" data-id=\"9d83e4b\" data-element_type=\"section\">\n\t\t\t\t\t\t<div class=\"elementor-container elementor-column-gap-default\">\n\t\t\t\t\t<div class=\"elementor-column elementor-col-100 elementor-inner-column elementor-element elementor-element-7517036\" data-id=\"7517036\" data-element_type=\"column\">\n\t\t\t<div class=\"elementor-widget-wrap elementor-element-populated\">\n\t\t\t\t\t\t<div class=\"elementor-element elementor-element-e9a0ba0 elementor-vertical-align-top elementor-widget elementor-widget-icon-box\" data-id=\"e9a0ba0\" data-element_type=\"widget\" data-widget_type=\"icon-box.default\">\n\t\t\t\t<div class=\"elementor-widget-container\">\n\t\t\t\t\t\t\t<div class=\"elementor-icon-box-wrapper\">\n\n\t\t\t\n\t\t\t\t\t\t<div class=\"elementor-icon-box-content\">\n\n\t\t\t\t\t\t\t\t\t<h5 class=\"elementor-icon-box-title\">\n\t\t\t\t\t\t<span  >\n\t\t\t\t\t\t\tEmail\t\t\t\t\t\t<\/span>\n\t\t\t\t\t<\/h5>\n\t\t\t\t\n\t\t\t\t\t\t\t\t\t<p class=\"elementor-icon-box-description\">\n\t\t\t\t\t\t<a href=\"mailto:admisiones@udla.edu.ec\"><span lang=\"ES-MX\">admisiones@udla.edu.ec<\/span><\/a>\t\t\t\t\t<\/p>\n\t\t\t\t\n\t\t\t<\/div>\n\t\t\t\n\t\t<\/div>\n\t\t\t\t\t\t<\/div>\n\t\t\t\t<\/div>\n\t\t\t\t<div class=\"elementor-element elementor-element-af60166 elementor-vertical-align-top elementor-widget elementor-widget-icon-box\" data-id=\"af60166\" data-element_type=\"widget\" data-widget_type=\"icon-box.default\">\n\t\t\t\t<div class=\"elementor-widget-container\">\n\t\t\t\t\t\t\t<div class=\"elementor-icon-box-wrapper\">\n\n\t\t\t\n\t\t\t\t\t\t<div class=\"elementor-icon-box-content\">\n\n\t\t\t\t\t\t\t\t\t<h5 class=\"elementor-icon-box-title\">\n\t\t\t\t\t\t<span  >\n\t\t\t\t\t\t\tTel\u00e9fono\t\t\t\t\t\t<\/span>\n\t\t\t\t\t<\/h5>\n\t\t\t\t\n\t\t\t\t\t\t\t\t\t<p class=\"elementor-icon-box-description\">\n\t\t\t\t\t\t+593 2 3981000\t\t\t\t\t<\/p>\n\t\t\t\t\n\t\t\t<\/div>\n\t\t\t\n\t\t<\/div>\n\t\t\t\t\t\t<\/div>\n\t\t\t\t<\/div>\n\t\t\t\t<div class=\"elementor-element elementor-element-0f784e9 elementor-vertical-align-top elementor-widget elementor-widget-icon-box\" data-id=\"0f784e9\" data-element_type=\"widget\" data-widget_type=\"icon-box.default\">\n\t\t\t\t<div class=\"elementor-widget-container\">\n\t\t\t\t\t\t\t<div class=\"elementor-icon-box-wrapper\">\n\n\t\t\t\n\t\t\t\t\t\t<div class=\"elementor-icon-box-content\">\n\n\t\t\t\t\t\t\t\t\t<h5 class=\"elementor-icon-box-title\">\n\t\t\t\t\t\t<span  >\n\t\t\t\t\t\t\tDirecci\u00f3n\t\t\t\t\t\t<\/span>\n\t\t\t\t\t<\/h5>\n\t\t\t\t\n\t\t\t\t\t\t\t\t\t<p class=\"elementor-icon-box-description\">\n\t\t\t\t\t\tRedondel del Ciclista, Antigua V\u00eda a Nay\u00f3n\t\t\t\t\t<\/p>\n\t\t\t\t\n\t\t\t<\/div>\n\t\t\t\n\t\t<\/div>\n\t\t\t\t\t\t<\/div>\n\t\t\t\t<\/div>\n\t\t\t\t\t<\/div>\n\t\t<\/div>\n\t\t\t\t\t<\/div>\n\t\t<\/section>\n\t\t\t\t<section class=\"elementor-section elementor-inner-section elementor-element elementor-element-3b1cdf3 elementor-section-boxed elementor-section-height-default elementor-section-height-default\" data-id=\"3b1cdf3\" data-element_type=\"section\">\n\t\t\t\t\t\t<div class=\"elementor-container elementor-column-gap-default\">\n\t\t\t\t\t<div class=\"elementor-column elementor-col-100 elementor-inner-column elementor-element elementor-element-0cb1a07\" data-id=\"0cb1a07\" data-element_type=\"column\">\n\t\t\t<div class=\"elementor-widget-wrap elementor-element-populated\">\n\t\t\t\t\t\t<div class=\"elementor-element elementor-element-2cbc883 elementor-widget elementor-widget-html\" data-id=\"2cbc883\" data-element_type=\"widget\" data-widget_type=\"html.default\">\n\t\t\t\t<div class=\"elementor-widget-container\">\n\t\t\t\t\t<iframe src=\"https:\/\/www.google.com\/maps\/embed?pb=!1m14!1m8!1m3!1d15959.208781647227!2d-78.4594686!3d-0.1628959!3m2!1i1024!2i768!4f13.1!3m3!1m2!1s0x0%3A0x494de438292c29b3!2sUniversidad%20de%20las%20Am%C3%A9ricas%20-%20Campus%20UDLAPARK!5e0!3m2!1ses!2sec!4v1675805557443!5m2!1ses!2sec\" width=\"600\" height=\"450\" style=\"border:0;\" allowfullscreen=\"\" loading=\"lazy\" referrerpolicy=\"no-referrer-when-downgrade\"><\/iframe>\t\t\t\t<\/div>\n\t\t\t\t<\/div>\n\t\t\t\t\t<\/div>\n\t\t<\/div>\n\t\t\t\t\t<\/div>\n\t\t<\/section>\n\t\t\t\t\t<\/div>\n\t\t<\/div>\n\t\t\t\t\t<\/div>\n\t\t<\/section>\n\t\t\t\t<\/div>\n\t\t","protected":false},"excerpt":{"rendered":"<p>Ponte en contacto con nosotros Informaci\u00f3n Email admisiones@udla.edu.ec Tel\u00e9fono +593 2 3981000 Direcci\u00f3n Redondel del Ciclista, Antigua V\u00eda a Nay\u00f3n<\/p>\n","protected":false},"author":1,"featured_media":0,"parent":0,"menu_order":0,"comment_status":"closed","ping_status":"closed","template":"","meta":{"_monsterinsights_skip_tracking":false,"_monsterinsights_sitenote_active":false,"_monsterinsights_sitenote_note":"","_monsterinsights_sitenote_category":0,"footnotes":""},"class_list":["post-6006","page","type-page","status-publish","hentry"],"yoast_head":"<!-- This site is optimized with the Yoast SEO plugin v25.4 - https:\/\/yoast.com\/wordpress\/plugins\/seo\/ -->\n<title>Cont\u00e1ctanos - FICA - UDLA<\/title>\n<meta name=\"robots\" content=\"index, follow, max-snippet:-1, max-image-preview:large, max-video-preview:-1\" \/>\n<link rel=\"canonical\" href=\"https:\/\/sitios.udla.edu.ec\/fica\/contactanos\/\" \/>\n<meta property=\"og:locale\" content=\"es_ES\" \/>\n<meta property=\"og:type\" content=\"article\" \/>\n<meta property=\"og:title\" content=\"Cont\u00e1ctanos - FICA - UDLA\" \/>\n<meta property=\"og:description\" content=\"Ponte en contacto con nosotros Informaci\u00f3n Email admisiones@udla.edu.ec Tel\u00e9fono +593 2 3981000 Direcci\u00f3n Redondel del Ciclista, Antigua V\u00eda a Nay\u00f3n\" \/>\n<meta property=\"og:url\" content=\"https:\/\/sitios.udla.edu.ec\/fica\/contactanos\/\" \/>\n<meta property=\"og:site_name\" content=\"FICA - UDLA\" \/>\n<meta property=\"article:modified_time\" content=\"2023-06-27T14:58:12+00:00\" \/>\n<meta name=\"twitter:card\" content=\"summary_large_image\" \/>\n<script type=\"application\/ld+json\" class=\"yoast-schema-graph\">{\"@context\":\"https:\/\/schema.org\",\"@graph\":[{\"@type\":\"WebPage\",\"@id\":\"https:\/\/sitios.udla.edu.ec\/fica\/contactanos\/\",\"url\":\"https:\/\/sitios.udla.edu.ec\/fica\/contactanos\/\",\"name\":\"Cont\u00e1ctanos - FICA - UDLA\",\"isPartOf\":{\"@id\":\"https:\/\/sitios.udla.edu.ec\/fica\/#website\"},\"datePublished\":\"2023-06-15T16:10:07+00:00\",\"dateModified\":\"2023-06-27T14:58:12+00:00\",\"breadcrumb\":{\"@id\":\"https:\/\/sitios.udla.edu.ec\/fica\/contactanos\/#breadcrumb\"},\"inLanguage\":\"es\",\"potentialAction\":[{\"@type\":\"ReadAction\",\"target\":[\"https:\/\/sitios.udla.edu.ec\/fica\/contactanos\/\"]}]},{\"@type\":\"BreadcrumbList\",\"@id\":\"https:\/\/sitios.udla.edu.ec\/fica\/contactanos\/#breadcrumb\",\"itemListElement\":[{\"@type\":\"ListItem\",\"position\":1,\"name\":\"Portada\",\"item\":\"https:\/\/sitios.udla.edu.ec\/fica\/\"},{\"@type\":\"ListItem\",\"position\":2,\"name\":\"Cont\u00e1ctanos\"}]},{\"@type\":\"WebSite\",\"@id\":\"https:\/\/sitios.udla.edu.ec\/fica\/#website\",\"url\":\"https:\/\/sitios.udla.edu.ec\/fica\/\",\"name\":\"FICA - UDLA\",\"description\":\"Sitio de la Facultad de Ingenier\u00eda y Ciencias Aplicadas\",\"publisher\":{\"@id\":\"https:\/\/sitios.udla.edu.ec\/fica\/#organization\"},\"potentialAction\":[{\"@type\":\"SearchAction\",\"target\":{\"@type\":\"EntryPoint\",\"urlTemplate\":\"https:\/\/sitios.udla.edu.ec\/fica\/?s={search_term_string}\"},\"query-input\":{\"@type\":\"PropertyValueSpecification\",\"valueRequired\":true,\"valueName\":\"search_term_string\"}}],\"inLanguage\":\"es\"},{\"@type\":\"Organization\",\"@id\":\"https:\/\/sitios.udla.edu.ec\/fica\/#organization\",\"name\":\"FICA - UDLA\",\"url\":\"https:\/\/sitios.udla.edu.ec\/fica\/\",\"logo\":{\"@type\":\"ImageObject\",\"inLanguage\":\"es\",\"@id\":\"https:\/\/sitios.udla.edu.ec\/fica\/#\/schema\/logo\/image\/\",\"url\":\"https:\/\/sitios.udla.edu.ec\/fica\/wp-content\/uploads\/2024\/11\/cropped-cropped-logo-fica-verde-1.jpg\",\"contentUrl\":\"https:\/\/sitios.udla.edu.ec\/fica\/wp-content\/uploads\/2024\/11\/cropped-cropped-logo-fica-verde-1.jpg\",\"width\":499,\"height\":109,\"caption\":\"FICA - UDLA\"},\"image\":{\"@id\":\"https:\/\/sitios.udla.edu.ec\/fica\/#\/schema\/logo\/image\/\"}}]}<\/script>\n<!-- \/ Yoast SEO plugin. -->","yoast_head_json":{"title":"Cont\u00e1ctanos - FICA - UDLA","robots":{"index":"index","follow":"follow","max-snippet":"max-snippet:-1","max-image-preview":"max-image-preview:large","max-video-preview":"max-video-preview:-1"},"canonical":"https:\/\/sitios.udla.edu.ec\/fica\/contactanos\/","og_locale":"es_ES","og_type":"article","og_title":"Cont\u00e1ctanos - FICA - UDLA","og_description":"Ponte en contacto con nosotros Informaci\u00f3n Email admisiones@udla.edu.ec Tel\u00e9fono +593 2 3981000 Direcci\u00f3n Redondel del Ciclista, Antigua V\u00eda a Nay\u00f3n","og_url":"https:\/\/sitios.udla.edu.ec\/fica\/contactanos\/","og_site_name":"FICA - UDLA","article_modified_time":"2023-06-27T14:58:12+00:00","twitter_card":"summary_large_image","schema":{"@context":"https:\/\/schema.org","@graph":[{"@type":"WebPage","@id":"https:\/\/sitios.udla.edu.ec\/fica\/contactanos\/","url":"https:\/\/sitios.udla.edu.ec\/fica\/contactanos\/","name":"Cont\u00e1ctanos - FICA - UDLA","isPartOf":{"@id":"https:\/\/sitios.udla.edu.ec\/fica\/#website"},"datePublished":"2023-06-15T16:10:07+00:00","dateModified":"2023-06-27T14:58:12+00:00","breadcrumb":{"@id":"https:\/\/sitios.udla.edu.ec\/fica\/contactanos\/#breadcrumb"},"inLanguage":"es","potentialAction":[{"@type":"ReadAction","target":["https:\/\/sitios.udla.edu.ec\/fica\/contactanos\/"]}]},{"@type":"BreadcrumbList","@id":"https:\/\/sitios.udla.edu.ec\/fica\/contactanos\/#breadcrumb","itemListElement":[{"@type":"ListItem","position":1,"name":"Portada","item":"https:\/\/sitios.udla.edu.ec\/fica\/"},{"@type":"ListItem","position":2,"name":"Cont\u00e1ctanos"}]},{"@type":"WebSite","@id":"https:\/\/sitios.udla.edu.ec\/fica\/#website","url":"https:\/\/sitios.udla.edu.ec\/fica\/","name":"FICA - UDLA","description":"Sitio de la Facultad de Ingenier\u00eda y Ciencias Aplicadas","publisher":{"@id":"https:\/\/sitios.udla.edu.ec\/fica\/#organization"},"potentialAction":[{"@type":"SearchAction","target":{"@type":"EntryPoint","urlTemplate":"https:\/\/sitios.udla.edu.ec\/fica\/?s={search_term_string}"},"query-input":{"@type":"PropertyValueSpecification","valueRequired":true,"valueName":"search_term_string"}}],"inLanguage":"es"},{"@type":"Organization","@id":"https:\/\/sitios.udla.edu.ec\/fica\/#organization","name":"FICA - UDLA","url":"https:\/\/sitios.udla.edu.ec\/fica\/","logo":{"@type":"ImageObject","inLanguage":"es","@id":"https:\/\/sitios.udla.edu.ec\/fica\/#\/schema\/logo\/image\/","url":"https:\/\/sitios.udla.edu.ec\/fica\/wp-content\/uploads\/2024\/11\/cropped-cropped-logo-fica-verde-1.jpg","contentUrl":"https:\/\/sitios.udla.edu.ec\/fica\/wp-content\/uploads\/2024\/11\/cropped-cropped-logo-fica-verde-1.jpg","width":499,"height":109,"caption":"FICA - UDLA"},"image":{"@id":"https:\/\/sitios.udla.edu.ec\/fica\/#\/schema\/logo\/image\/"}}]}},"_links":{"self":[{"href":"https:\/\/sitios.udla.edu.ec\/fica\/wp-json\/wp\/v2\/pages\/6006","targetHints":{"allow":["GET"]}}],"collection":[{"href":"https:\/\/sitios.udla.edu.ec\/fica\/wp-json\/wp\/v2\/pages"}],"about":[{"href":"https:\/\/sitios.udla.edu.ec\/fica\/wp-json\/wp\/v2\/types\/page"}],"author":[{"embeddable":true,"href":"https:\/\/sitios.udla.edu.ec\/fica\/wp-json\/wp\/v2\/users\/1"}],"replies":[{"embeddable":true,"href":"https:\/\/sitios.udla.edu.ec\/fica\/wp-json\/wp\/v2\/comments?post=6006"}],"version-history":[{"count":10,"href":"https:\/\/sitios.udla.edu.ec\/fica\/wp-json\/wp\/v2\/pages\/6006\/revisions"}],"predecessor-version":[{"id":7830,"href":"https:\/\/sitios.udla.edu.ec\/fica\/wp-json\/wp\/v2\/pages\/6006\/revisions\/7830"}],"wp:attachment":[{"href":"https:\/\/sitios.udla.edu.ec\/fica\/wp-json\/wp\/v2\/media?parent=6006"}],"curies":[{"name":"wp","href":"https:\/\/api.w.org\/{rel}","templated":true}]}}