{"id":6004,"date":"2023-06-15T11:09:39","date_gmt":"2023-06-15T16:09:39","guid":{"rendered":"https:\/\/sitios.udla.edu.ec\/fica\/?page_id=6004"},"modified":"2025-02-24T10:35:02","modified_gmt":"2025-02-24T15:35:02","slug":"noticias","status":"publish","type":"page","link":"https:\/\/sitios.udla.edu.ec\/fica\/noticias\/","title":{"rendered":"Noticias"},"content":{"rendered":"\t\t<div data-elementor-type=\"wp-page\" data-elementor-id=\"6004\" class=\"elementor elementor-6004\" data-elementor-post-type=\"page\">\n\t\t\t\t\t\t<section class=\"elementor-section elementor-top-section elementor-element elementor-element-9612e04 elementor-section-boxed elementor-section-height-default elementor-section-height-default\" data-id=\"9612e04\" data-element_type=\"section\">\n\t\t\t\t\t\t<div class=\"elementor-container elementor-column-gap-default\">\n\t\t\t\t\t<div class=\"elementor-column elementor-col-100 elementor-top-column elementor-element elementor-element-f891483\" data-id=\"f891483\" data-element_type=\"column\">\n\t\t\t<div class=\"elementor-widget-wrap elementor-element-populated\">\n\t\t\t\t\t\t<div class=\"elementor-element elementor-element-ce8e138 elementor-widget elementor-widget-ucaddon_post_grid\" data-id=\"ce8e138\" data-element_type=\"widget\" data-widget_type=\"ucaddon_post_grid.default\">\n\t\t\t\t<div class=\"elementor-widget-container\">\n\t\t\t\t\t\n<!-- start Post Grid -->\n\t\t<link id='font-awesome-css' href='https:\/\/sitios.udla.edu.ec\/fica\/wp-content\/plugins\/unlimited-elements-for-elementor\/assets_libraries\/font-awesome6\/fontawesome-all.min.css' type='text\/css' rel='stylesheet' >\n\t\t<link id='font-awesome-4-shim-css' href='https:\/\/sitios.udla.edu.ec\/fica\/wp-content\/plugins\/unlimited-elements-for-elementor\/assets_libraries\/font-awesome6\/fontawesome-v4-shims.min.css' type='text\/css' rel='stylesheet' >\n\n<style>\/* widget: Post Grid *\/\n\n\n\n#uc_post_grid_elementor_ce8e138.uc_post_grid_style_one .uc_post_grid_style_one_wrap {\n   display:grid;\n}\n\n\n\n#uc_post_grid_elementor_ce8e138 .uc_post_grid_style_one_item\n{\n  overflow:hidden;\n  position:relative;\n}\n\n#uc_post_grid_elementor_ce8e138 .uc_post_image\n{\n  transition:0.3s;\n  position:relative;\n  overflow:hidden;\n}\n\n#uc_post_grid_elementor_ce8e138 .uc_post_image img\n{\n  width:100%;\n  display:block;\n  transition:0.3s;\n}\n\n\n\t\n\n\n\n\n\n\n#uc_post_grid_elementor_ce8e138 .uc_post_image_overlay\n{\n  position:absolute;\n  top:0px;\n  left:0px;\n  height:100%;\n  width:100%;\n  transition:0.3s;\n}\n\n#uc_post_grid_elementor_ce8e138 .uc_more_btn{\n\n  display:inline-block;\n  text-align:center;\n  text-decoration:none;\n  transition:0.3s;\n}\n\n.ue-grid-item-category a\n{\n  display:inline-block;\n  font-size:10px;\n  \n}\n\n.uc_post_title\n{\n  font-size:21px;\n}\n\n\n#uc_post_grid_elementor_ce8e138 .ue_post_grid_item\n{\n  display:flex;\n  flex-direction:column;\n}\n\n#uc_post_grid_elementor_ce8e138.uc_post_grid_style_one .uc_content{\n flex-grow:1;\n}\n\n#uc_post_grid_elementor_ce8e138.uc_post_grid_style_one .uc_content > div\n{\n  height:100%;\n  display:flex;\n  flex-direction:column;\n}\n\n#uc_post_grid_elementor_ce8e138 .uc_post_button\n{\n  margin-top:auto;\n}\n\n\n\n\n\n\n\n\n\n\n\n\n\n\n\n\n\n\n\n\n\n\n\n\n#uc_post_grid_elementor_ce8e138 .ue-meta-data\n{\n  \n  display:flex;\n\n  flex-wrap: wrap;\n  line-height:1em;\n}\n\n#uc_post_grid_elementor_ce8e138 .ue-grid-item-meta-data\n{\n      display:inline-flex;\n      align-items:center;\n}\n\n#uc_post_grid_elementor_ce8e138 .ue-grid-item-meta-data a{\n  color:inherit;\n}\n\n.ue-grid-item-meta-data\n{\n  font-size:12px;\n}\n\n#uc_post_grid_elementor_ce8e138 .ue-grid-item-meta-data-icon\n{\n  line-height:1em;\n}\n\n#uc_post_grid_elementor_ce8e138 .ue-grid-item-meta-data-icon svg\n{\n  width:1em;\n  height:1em;\n}\n\n#uc_post_grid_elementor_ce8e138 .ue-debug-meta\n{\n  padding:10px;\n  border:1px solid red;\n  position:relative;\n  line-height:1.5em;\n  font-size:11px;\n  width:100%;\n}\n\n#uc_post_grid_elementor_ce8e138 .uc_btn_inner\n{\n  display:inline-flex;\n  align-items:center;\n}\n\n#uc_post_grid_elementor_ce8e138 .uc_btn_inner svg\n{\n  width:1em;\n  height:1em;\n}\n\n<\/style>\n\n<div class=\"uc_post_grid_style_one uc-filterable-grid \" id=\"uc_post_grid_elementor_ce8e138\"  data-ajax='true'  data-filterbehave='ajax'  querydata='{&quot;count_posts&quot;:2,&quot;total_posts&quot;:2,&quot;page&quot;:1,&quot;num_pages&quot;:1,&quot;orderdir&quot;:&quot;desc&quot;}' >\n\t\t<div class=\"uc_post_grid_style_one_wrap ue_post_grid uc-items-wrapper\">\n\t\t\t<div class=\"uc_post_grid_style_one_item ue_post_grid_item ue-item \">\n  \n      <a class=\"uc_post_grid_style_one_image \" href='https:\/\/sitios.udla.edu.ec\/fica\/2023\/06\/26\/nathaly-orozco-es-la-primera-docente-mujer-de-la-udla-en-alcanzar-el-grado-de-miembro-senior-en-el-ieee\/' target=\"_blank\">\n     <div class=\"uc_post_image\">\n     <img fetchpriority=\"high\" decoding=\"async\" src=\"https:\/\/sitios.udla.edu.ec\/fica\/wp-content\/uploads\/2023\/06\/noticia-IEEE-768x331.jpg\"  src=\"https:\/\/sitios.udla.edu.ec\/fica\/wp-content\/uploads\/2023\/06\/noticia-IEEE-768x331.jpg\" alt=\"noticia IEEE\" width=\"768\" height=\"331\">\n     <div class=\"uc_post_image_overlay\"><\/div>\n     <\/div>\n    <\/a>\n   \n  <div class=\"uc_content\">\n    <div>\n      \n             \n    \t        \t\t\t<div class=\"uc_post_title\"><a class=\"\" href='https:\/\/sitios.udla.edu.ec\/fica\/2023\/06\/26\/nathaly-orozco-es-la-primera-docente-mujer-de-la-udla-en-alcanzar-el-grado-de-miembro-senior-en-el-ieee\/' target=\"_blank\"><div>Nathaly Orozco Es La Primera Docente Mujer De La UDLA En Alcanzar El Grado De Miembro Senior en el IEEE<\/div><\/a><\/div>\n      \t  \t\n\t\t  \n      \t  <div class=\"ue-meta-data\">\n                        \n                        \n        \n\t\t\t\n                        \n                        \n                        \n                        \n            \t\t\t\n              \n            \n          <\/div>\n     \n     <div class=\"uc_post_text\">El Instituto de Ingenieros El\u00e9ctricos y Electr\u00f3nicos (IEEE, por sus siglas en ingl\u00e9s), reconoci\u00f3 a la...<\/div>          <div class=\"uc_post_button\">\n        <a class=\"uc_more_btn \" href=\"https:\/\/sitios.udla.edu.ec\/fica\/2023\/06\/26\/nathaly-orozco-es-la-primera-docente-mujer-de-la-udla-en-alcanzar-el-grado-de-miembro-senior-en-el-ieee\/\" target=\"_blank\" href='https:\/\/sitios.udla.edu.ec\/fica\/2023\/06\/26\/nathaly-orozco-es-la-primera-docente-mujer-de-la-udla-en-alcanzar-el-grado-de-miembro-senior-en-el-ieee\/'>\n          <div class=\"uc_btn_inner\">\n            <div class=\"uc_btn_txt\">M\u00e1s Informaci\u00f3n<\/div>\n                      <\/div>\n      <\/a>\n      <\/div> \t<\/div>\n  <\/div>\n<\/div>\n<div class=\"uc_post_grid_style_one_item ue_post_grid_item ue-item \">\n  \n      <a class=\"uc_post_grid_style_one_image \" href='https:\/\/sitios.udla.edu.ec\/fica\/2023\/06\/26\/estudiantes-de-la-udla-participaron-en-un-curso-corto-en-brasil\/' target=\"_blank\">\n     <div class=\"uc_post_image\">\n     <img decoding=\"async\" src=\"https:\/\/sitios.udla.edu.ec\/fica\/wp-content\/uploads\/2023\/06\/UNICAMP-768x432.jpg\"  src=\"https:\/\/sitios.udla.edu.ec\/fica\/wp-content\/uploads\/2023\/06\/UNICAMP-768x432.jpg\" alt=\"UNICAMP\" width=\"768\" height=\"432\">\n     <div class=\"uc_post_image_overlay\"><\/div>\n     <\/div>\n    <\/a>\n   \n  <div class=\"uc_content\">\n    <div>\n      \n             \n    \t        \t\t\t<div class=\"uc_post_title\"><a class=\"\" href='https:\/\/sitios.udla.edu.ec\/fica\/2023\/06\/26\/estudiantes-de-la-udla-participaron-en-un-curso-corto-en-brasil\/' target=\"_blank\"><div>Estudiantes de la UDLA participaron en un curso corto en Brasil<\/div><\/a><\/div>\n      \t  \t\n\t\t  \n      \t  <div class=\"ue-meta-data\">\n                        \n                        \n        \n\t\t\t\n                        \n                        \n                        \n                        \n            \t\t\t\n              \n            \n          <\/div>\n     \n     <div class=\"uc_post_text\">La mejor manera de complementar la vida universitaria, sin duda,\u00a0es poder vivir una experiencia internacional,...<\/div>          <div class=\"uc_post_button\">\n        <a class=\"uc_more_btn \" href=\"https:\/\/sitios.udla.edu.ec\/fica\/2023\/06\/26\/estudiantes-de-la-udla-participaron-en-un-curso-corto-en-brasil\/\" target=\"_blank\" href='https:\/\/sitios.udla.edu.ec\/fica\/2023\/06\/26\/estudiantes-de-la-udla-participaron-en-un-curso-corto-en-brasil\/'>\n          <div class=\"uc_btn_inner\">\n            <div class=\"uc_btn_txt\">M\u00e1s Informaci\u00f3n<\/div>\n                      <\/div>\n      <\/a>\n      <\/div> \t<\/div>\n  <\/div>\n<\/div>\n\n\t\t<\/div>\n\t<\/div>\n\n\n\n  <div id=\"uc_post_grid_elementor_ce8e138_empty_message\" class=\"ue-no-posts-found\"  style=\"display:none\" >No posts found<\/div>\n\n\n<!-- end Post Grid -->\t\t\t\t<\/div>\n\t\t\t\t<\/div>\n\t\t\t\t\t<\/div>\n\t\t<\/div>\n\t\t\t\t\t<\/div>\n\t\t<\/section>\n\t\t\t\t<\/div>\n\t\t","protected":false},"excerpt":{"rendered":"<p>Nathaly Orozco Es La Primera Docente Mujer De La UDLA En Alcanzar El Grado De Miembro Senior en el IEEE&#8230;<\/p>\n","protected":false},"author":1,"featured_media":0,"parent":0,"menu_order":0,"comment_status":"closed","ping_status":"closed","template":"","meta":{"_monsterinsights_skip_tracking":false,"_monsterinsights_sitenote_active":false,"_monsterinsights_sitenote_note":"","_monsterinsights_sitenote_category":0,"footnotes":""},"class_list":["post-6004","page","type-page","status-publish","hentry"],"yoast_head":"<!-- This site is optimized with the Yoast SEO plugin v25.4 - https:\/\/yoast.com\/wordpress\/plugins\/seo\/ -->\n<title>Noticias - FICA - UDLA<\/title>\n<meta name=\"robots\" content=\"index, follow, max-snippet:-1, max-image-preview:large, max-video-preview:-1\" \/>\n<link rel=\"canonical\" href=\"https:\/\/sitios.udla.edu.ec\/fica\/noticias\/\" \/>\n<meta property=\"og:locale\" content=\"es_ES\" \/>\n<meta property=\"og:type\" content=\"article\" \/>\n<meta property=\"og:title\" content=\"Noticias - FICA - UDLA\" \/>\n<meta property=\"og:description\" content=\"Nathaly Orozco Es La Primera Docente Mujer De La UDLA En Alcanzar El Grado De Miembro Senior en el IEEE...\" \/>\n<meta property=\"og:url\" content=\"https:\/\/sitios.udla.edu.ec\/fica\/noticias\/\" \/>\n<meta property=\"og:site_name\" content=\"FICA - UDLA\" \/>\n<meta property=\"article:modified_time\" content=\"2025-02-24T15:35:02+00:00\" \/>\n<meta property=\"og:image\" content=\"https:\/\/sitios.udla.edu.ec\/fica\/wp-content\/uploads\/2023\/06\/noticia-IEEE-768x331.jpg\" \/>\n<meta name=\"twitter:card\" content=\"summary_large_image\" \/>\n<meta name=\"twitter:label1\" content=\"Tiempo de lectura\" \/>\n\t<meta name=\"twitter:data1\" content=\"1 minuto\" \/>\n<script type=\"application\/ld+json\" class=\"yoast-schema-graph\">{\"@context\":\"https:\/\/schema.org\",\"@graph\":[{\"@type\":\"WebPage\",\"@id\":\"https:\/\/sitios.udla.edu.ec\/fica\/noticias\/\",\"url\":\"https:\/\/sitios.udla.edu.ec\/fica\/noticias\/\",\"name\":\"Noticias - FICA - UDLA\",\"isPartOf\":{\"@id\":\"https:\/\/sitios.udla.edu.ec\/fica\/#website\"},\"primaryImageOfPage\":{\"@id\":\"https:\/\/sitios.udla.edu.ec\/fica\/noticias\/#primaryimage\"},\"image\":{\"@id\":\"https:\/\/sitios.udla.edu.ec\/fica\/noticias\/#primaryimage\"},\"thumbnailUrl\":\"https:\/\/sitios.udla.edu.ec\/fica\/wp-content\/uploads\/2023\/06\/noticia-IEEE-768x331.jpg\",\"datePublished\":\"2023-06-15T16:09:39+00:00\",\"dateModified\":\"2025-02-24T15:35:02+00:00\",\"breadcrumb\":{\"@id\":\"https:\/\/sitios.udla.edu.ec\/fica\/noticias\/#breadcrumb\"},\"inLanguage\":\"es\",\"potentialAction\":[{\"@type\":\"ReadAction\",\"target\":[\"https:\/\/sitios.udla.edu.ec\/fica\/noticias\/\"]}]},{\"@type\":\"ImageObject\",\"inLanguage\":\"es\",\"@id\":\"https:\/\/sitios.udla.edu.ec\/fica\/noticias\/#primaryimage\",\"url\":\"https:\/\/sitios.udla.edu.ec\/fica\/wp-content\/uploads\/2023\/06\/noticia-IEEE.jpg\",\"contentUrl\":\"https:\/\/sitios.udla.edu.ec\/fica\/wp-content\/uploads\/2023\/06\/noticia-IEEE.jpg\",\"width\":790,\"height\":340,\"caption\":\"Nathaly Orozco\"},{\"@type\":\"BreadcrumbList\",\"@id\":\"https:\/\/sitios.udla.edu.ec\/fica\/noticias\/#breadcrumb\",\"itemListElement\":[{\"@type\":\"ListItem\",\"position\":1,\"name\":\"Portada\",\"item\":\"https:\/\/sitios.udla.edu.ec\/fica\/\"},{\"@type\":\"ListItem\",\"position\":2,\"name\":\"Noticias\"}]},{\"@type\":\"WebSite\",\"@id\":\"https:\/\/sitios.udla.edu.ec\/fica\/#website\",\"url\":\"https:\/\/sitios.udla.edu.ec\/fica\/\",\"name\":\"FICA - UDLA\",\"description\":\"Sitio de la Facultad de Ingenier\u00eda y Ciencias Aplicadas\",\"publisher\":{\"@id\":\"https:\/\/sitios.udla.edu.ec\/fica\/#organization\"},\"potentialAction\":[{\"@type\":\"SearchAction\",\"target\":{\"@type\":\"EntryPoint\",\"urlTemplate\":\"https:\/\/sitios.udla.edu.ec\/fica\/?s={search_term_string}\"},\"query-input\":{\"@type\":\"PropertyValueSpecification\",\"valueRequired\":true,\"valueName\":\"search_term_string\"}}],\"inLanguage\":\"es\"},{\"@type\":\"Organization\",\"@id\":\"https:\/\/sitios.udla.edu.ec\/fica\/#organization\",\"name\":\"FICA - UDLA\",\"url\":\"https:\/\/sitios.udla.edu.ec\/fica\/\",\"logo\":{\"@type\":\"ImageObject\",\"inLanguage\":\"es\",\"@id\":\"https:\/\/sitios.udla.edu.ec\/fica\/#\/schema\/logo\/image\/\",\"url\":\"https:\/\/sitios.udla.edu.ec\/fica\/wp-content\/uploads\/2024\/11\/cropped-cropped-logo-fica-verde-1.jpg\",\"contentUrl\":\"https:\/\/sitios.udla.edu.ec\/fica\/wp-content\/uploads\/2024\/11\/cropped-cropped-logo-fica-verde-1.jpg\",\"width\":499,\"height\":109,\"caption\":\"FICA - UDLA\"},\"image\":{\"@id\":\"https:\/\/sitios.udla.edu.ec\/fica\/#\/schema\/logo\/image\/\"}}]}<\/script>\n<!-- \/ Yoast SEO plugin. -->","yoast_head_json":{"title":"Noticias - FICA - UDLA","robots":{"index":"index","follow":"follow","max-snippet":"max-snippet:-1","max-image-preview":"max-image-preview:large","max-video-preview":"max-video-preview:-1"},"canonical":"https:\/\/sitios.udla.edu.ec\/fica\/noticias\/","og_locale":"es_ES","og_type":"article","og_title":"Noticias - FICA - UDLA","og_description":"Nathaly Orozco Es La Primera Docente Mujer De La UDLA En Alcanzar El Grado De Miembro Senior en el IEEE...","og_url":"https:\/\/sitios.udla.edu.ec\/fica\/noticias\/","og_site_name":"FICA - UDLA","article_modified_time":"2025-02-24T15:35:02+00:00","og_image":[{"url":"https:\/\/sitios.udla.edu.ec\/fica\/wp-content\/uploads\/2023\/06\/noticia-IEEE-768x331.jpg","type":"","width":"","height":""}],"twitter_card":"summary_large_image","twitter_misc":{"Tiempo de lectura":"1 minuto"},"schema":{"@context":"https:\/\/schema.org","@graph":[{"@type":"WebPage","@id":"https:\/\/sitios.udla.edu.ec\/fica\/noticias\/","url":"https:\/\/sitios.udla.edu.ec\/fica\/noticias\/","name":"Noticias - FICA - UDLA","isPartOf":{"@id":"https:\/\/sitios.udla.edu.ec\/fica\/#website"},"primaryImageOfPage":{"@id":"https:\/\/sitios.udla.edu.ec\/fica\/noticias\/#primaryimage"},"image":{"@id":"https:\/\/sitios.udla.edu.ec\/fica\/noticias\/#primaryimage"},"thumbnailUrl":"https:\/\/sitios.udla.edu.ec\/fica\/wp-content\/uploads\/2023\/06\/noticia-IEEE-768x331.jpg","datePublished":"2023-06-15T16:09:39+00:00","dateModified":"2025-02-24T15:35:02+00:00","breadcrumb":{"@id":"https:\/\/sitios.udla.edu.ec\/fica\/noticias\/#breadcrumb"},"inLanguage":"es","potentialAction":[{"@type":"ReadAction","target":["https:\/\/sitios.udla.edu.ec\/fica\/noticias\/"]}]},{"@type":"ImageObject","inLanguage":"es","@id":"https:\/\/sitios.udla.edu.ec\/fica\/noticias\/#primaryimage","url":"https:\/\/sitios.udla.edu.ec\/fica\/wp-content\/uploads\/2023\/06\/noticia-IEEE.jpg","contentUrl":"https:\/\/sitios.udla.edu.ec\/fica\/wp-content\/uploads\/2023\/06\/noticia-IEEE.jpg","width":790,"height":340,"caption":"Nathaly Orozco"},{"@type":"BreadcrumbList","@id":"https:\/\/sitios.udla.edu.ec\/fica\/noticias\/#breadcrumb","itemListElement":[{"@type":"ListItem","position":1,"name":"Portada","item":"https:\/\/sitios.udla.edu.ec\/fica\/"},{"@type":"ListItem","position":2,"name":"Noticias"}]},{"@type":"WebSite","@id":"https:\/\/sitios.udla.edu.ec\/fica\/#website","url":"https:\/\/sitios.udla.edu.ec\/fica\/","name":"FICA - UDLA","description":"Sitio de la Facultad de Ingenier\u00eda y Ciencias Aplicadas","publisher":{"@id":"https:\/\/sitios.udla.edu.ec\/fica\/#organization"},"potentialAction":[{"@type":"SearchAction","target":{"@type":"EntryPoint","urlTemplate":"https:\/\/sitios.udla.edu.ec\/fica\/?s={search_term_string}"},"query-input":{"@type":"PropertyValueSpecification","valueRequired":true,"valueName":"search_term_string"}}],"inLanguage":"es"},{"@type":"Organization","@id":"https:\/\/sitios.udla.edu.ec\/fica\/#organization","name":"FICA - UDLA","url":"https:\/\/sitios.udla.edu.ec\/fica\/","logo":{"@type":"ImageObject","inLanguage":"es","@id":"https:\/\/sitios.udla.edu.ec\/fica\/#\/schema\/logo\/image\/","url":"https:\/\/sitios.udla.edu.ec\/fica\/wp-content\/uploads\/2024\/11\/cropped-cropped-logo-fica-verde-1.jpg","contentUrl":"https:\/\/sitios.udla.edu.ec\/fica\/wp-content\/uploads\/2024\/11\/cropped-cropped-logo-fica-verde-1.jpg","width":499,"height":109,"caption":"FICA - UDLA"},"image":{"@id":"https:\/\/sitios.udla.edu.ec\/fica\/#\/schema\/logo\/image\/"}}]}},"_links":{"self":[{"href":"https:\/\/sitios.udla.edu.ec\/fica\/wp-json\/wp\/v2\/pages\/6004","targetHints":{"allow":["GET"]}}],"collection":[{"href":"https:\/\/sitios.udla.edu.ec\/fica\/wp-json\/wp\/v2\/pages"}],"about":[{"href":"https:\/\/sitios.udla.edu.ec\/fica\/wp-json\/wp\/v2\/types\/page"}],"author":[{"embeddable":true,"href":"https:\/\/sitios.udla.edu.ec\/fica\/wp-json\/wp\/v2\/users\/1"}],"replies":[{"embeddable":true,"href":"https:\/\/sitios.udla.edu.ec\/fica\/wp-json\/wp\/v2\/comments?post=6004"}],"version-history":[{"count":7,"href":"https:\/\/sitios.udla.edu.ec\/fica\/wp-json\/wp\/v2\/pages\/6004\/revisions"}],"predecessor-version":[{"id":9071,"href":"https:\/\/sitios.udla.edu.ec\/fica\/wp-json\/wp\/v2\/pages\/6004\/revisions\/9071"}],"wp:attachment":[{"href":"https:\/\/sitios.udla.edu.ec\/fica\/wp-json\/wp\/v2\/media?parent=6004"}],"curies":[{"name":"wp","href":"https:\/\/api.w.org\/{rel}","templated":true}]}}