{"id":6079,"date":"2022-06-07T12:40:19","date_gmt":"2022-06-07T17:40:19","guid":{"rendered":"https:\/\/sitios.udla.edu.ec\/econometria\/?page_id=6079"},"modified":"2025-03-28T17:26:10","modified_gmt":"2025-03-28T22:26:10","slug":"admision","status":"publish","type":"page","link":"https:\/\/sitios.udla.edu.ec\/econometria\/admision\/","title":{"rendered":"ADMISI\u00d3N"},"content":{"rendered":"\t\t<div data-elementor-type=\"wp-page\" data-elementor-id=\"6079\" class=\"elementor elementor-6079\" data-elementor-post-type=\"page\">\n\t\t\t\t\t\t<section class=\"elementor-section elementor-top-section elementor-element elementor-element-839514f elementor-section-boxed elementor-section-height-default elementor-section-height-default\" data-id=\"839514f\" data-element_type=\"section\">\n\t\t\t\t\t\t<div class=\"elementor-container elementor-column-gap-default\">\n\t\t\t\t\t<div class=\"elementor-column elementor-col-100 elementor-top-column elementor-element elementor-element-1dc40fc\" data-id=\"1dc40fc\" data-element_type=\"column\">\n\t\t\t<div class=\"elementor-widget-wrap elementor-element-populated\">\n\t\t\t\t\t\t<div class=\"elementor-element elementor-element-ba47096 elementor-widget elementor-widget-spacer\" data-id=\"ba47096\" data-element_type=\"widget\" data-widget_type=\"spacer.default\">\n\t\t\t\t<div class=\"elementor-widget-container\">\n\t\t\t\t\t<div class=\"elementor-spacer\">\n\t\t\t<div class=\"elementor-spacer-inner\"><\/div>\n\t\t<\/div>\n\t\t\t\t<\/div>\n\t\t\t\t<\/div>\n\t\t\t\t\t<\/div>\n\t\t<\/div>\n\t\t\t\t\t<\/div>\n\t\t<\/section>\n\t\t\t\t<section class=\"elementor-section elementor-top-section elementor-element elementor-element-b6f44c4 elementor-section-boxed elementor-section-height-default elementor-section-height-default\" data-id=\"b6f44c4\" data-element_type=\"section\">\n\t\t\t\t\t\t<div class=\"elementor-container elementor-column-gap-default\">\n\t\t\t\t\t<div class=\"elementor-column elementor-col-100 elementor-top-column elementor-element elementor-element-aeb52ee\" data-id=\"aeb52ee\" data-element_type=\"column\">\n\t\t\t<div class=\"elementor-widget-wrap elementor-element-populated\">\n\t\t\t\t\t\t<div class=\"elementor-element elementor-element-e67465f elementor-align-left elementor-fixed elementor-widget elementor-widget-button\" data-id=\"e67465f\" data-element_type=\"widget\" id=\"irwhatsapp\" data-settings=\"{&quot;_position&quot;:&quot;fixed&quot;}\" data-widget_type=\"button.default\">\n\t\t\t\t<div class=\"elementor-widget-container\">\n\t\t\t\t\t<div class=\"elementor-button-wrapper\">\n\t\t\t<a class=\"elementor-button elementor-button-link elementor-size-sm\" href=\"https:\/\/api.whatsapp.com\/send?phone=593991669495&#038;text=Hola,%20deseo%20obtener%20m%C3%A1s%20informaci%C3%B3n\" target=\"_blank\">\n\t\t\t\t\t\t<span class=\"elementor-button-content-wrapper\">\n\t\t\t\t\t\t<span class=\"elementor-button-icon\">\n\t\t\t\t<i aria-hidden=\"true\" class=\"fab fa-whatsapp\"><\/i>\t\t\t<\/span>\n\t\t\t\t\t\t\t\t<\/span>\n\t\t\t\t\t<\/a>\n\t\t<\/div>\n\t\t\t\t<\/div>\n\t\t\t\t<\/div>\n\t\t\t\t<div class=\"elementor-element elementor-element-7866807 elementor-fixed elementor-widget elementor-widget-button\" data-id=\"7866807\" data-element_type=\"widget\" id=\"irinformacion\" data-settings=\"{&quot;_position&quot;:&quot;fixed&quot;}\" data-widget_type=\"button.default\">\n\t\t\t\t<div class=\"elementor-widget-container\">\n\t\t\t\t\t<div class=\"elementor-button-wrapper\">\n\t\t\t<a class=\"elementor-button elementor-button-link elementor-size-sm\" href=\"#elementor-action%3Aaction%3Dpopup%3Aopen%26settings%3DeyJpZCI6Ijc4NTEiLCJ0b2dnbGUiOmZhbHNlfQ%3D%3D\">\n\t\t\t\t\t\t<span class=\"elementor-button-content-wrapper\">\n\t\t\t\t\t\t<span class=\"elementor-button-icon\">\n\t\t\t\t<i aria-hidden=\"true\" class=\"fas fa-info-circle\"><\/i>\t\t\t<\/span>\n\t\t\t\t\t\t\t\t<\/span>\n\t\t\t\t\t<\/a>\n\t\t<\/div>\n\t\t\t\t<\/div>\n\t\t\t\t<\/div>\n\t\t\t\t<div class=\"elementor-element elementor-element-4e2dcaa elementor-widget elementor-widget-html\" data-id=\"4e2dcaa\" data-element_type=\"widget\" data-widget_type=\"html.default\">\n\t\t\t\t<div class=\"elementor-widget-container\">\n\t\t\t<script> \r\njQuery(document).ready(function($) { \r\nvar delay = 1000; setTimeout(function() { \r\n    var win=$(window);\r\n    var totop = $('#irwhatsapp');    \r\n    win.on('scroll', function() {\r\n        if (win.scrollTop() > 150) {\r\n            totop.fadeIn();\r\n        } else {\r\n            totop.fadeOut();\r\n        }\r\n    });\r\n    \r\n    var totop1 = $('#irinformacion');    \r\n    win.on('scroll', function() {\r\n        if (win.scrollTop() > 150) {\r\n            totop1.fadeIn();\r\n        } else {\r\n            totop1.fadeOut();\r\n        }\r\n    });\r\n    \r\n}, delay); \r\n}); \r\n<\/script>\t\t<\/div>\n\t\t\t\t<\/div>\n\t\t\t\t\t<\/div>\n\t\t<\/div>\n\t\t\t\t\t<\/div>\n\t\t<\/section>\n\t\t\t\t<section class=\"elementor-section elementor-top-section elementor-element elementor-element-a7c40a4 elementor-section-boxed elementor-section-height-default elementor-section-height-default\" data-id=\"a7c40a4\" data-element_type=\"section\">\n\t\t\t\t\t\t<div class=\"elementor-container elementor-column-gap-default\">\n\t\t\t\t\t<div class=\"elementor-column elementor-col-100 elementor-top-column elementor-element elementor-element-e7c5647\" data-id=\"e7c5647\" data-element_type=\"column\">\n\t\t\t<div class=\"elementor-widget-wrap elementor-element-populated\">\n\t\t\t\t\t\t<div class=\"elementor-element elementor-element-cf98c45 elementor-widget elementor-widget-accordion\" data-id=\"cf98c45\" data-element_type=\"widget\" data-widget_type=\"accordion.default\">\n\t\t\t\t<div class=\"elementor-widget-container\">\n\t\t\t\t\t<div class=\"elementor-accordion\">\n\t\t\t\t\t\t\t<div class=\"elementor-accordion-item\">\n\t\t\t\t\t<div id=\"elementor-tab-title-2171\" class=\"elementor-tab-title\" data-tab=\"1\" role=\"button\" aria-controls=\"elementor-tab-content-2171\" aria-expanded=\"false\">\n\t\t\t\t\t\t\t\t\t\t\t\t\t<span class=\"elementor-accordion-icon elementor-accordion-icon-left\" aria-hidden=\"true\">\n\t\t\t\t\t\t\t\t\t\t\t\t\t\t\t<span class=\"elementor-accordion-icon-closed\"><i class=\"fas fa-plus\"><\/i><\/span>\n\t\t\t\t\t\t\t\t<span class=\"elementor-accordion-icon-opened\"><i class=\"fas fa-minus\"><\/i><\/span>\n\t\t\t\t\t\t\t\t\t\t\t\t\t\t<\/span>\n\t\t\t\t\t\t\t\t\t\t\t\t<a class=\"elementor-accordion-title\" tabindex=\"0\">Requisitos\u200b<\/a>\n\t\t\t\t\t<\/div>\n\t\t\t\t\t<div id=\"elementor-tab-content-2171\" class=\"elementor-tab-content elementor-clearfix\" data-tab=\"1\" role=\"region\" aria-labelledby=\"elementor-tab-title-2171\"><ul><li>Tener t\u00edtulo de tercer nivel registrado en el Sistema Nacional de Informaci\u00f3n de Educaci\u00f3n Superior del Ecuador (SNIESE).<\/li><li>Cumplir con los requisitos de admisi\u00f3n institucional.<\/li><\/ul><\/div>\n\t\t\t\t<\/div>\n\t\t\t\t\t\t\t<div class=\"elementor-accordion-item\">\n\t\t\t\t\t<div id=\"elementor-tab-title-2172\" class=\"elementor-tab-title\" data-tab=\"2\" role=\"button\" aria-controls=\"elementor-tab-content-2172\" aria-expanded=\"false\">\n\t\t\t\t\t\t\t\t\t\t\t\t\t<span class=\"elementor-accordion-icon elementor-accordion-icon-left\" aria-hidden=\"true\">\n\t\t\t\t\t\t\t\t\t\t\t\t\t\t\t<span class=\"elementor-accordion-icon-closed\"><i class=\"fas fa-plus\"><\/i><\/span>\n\t\t\t\t\t\t\t\t<span class=\"elementor-accordion-icon-opened\"><i class=\"fas fa-minus\"><\/i><\/span>\n\t\t\t\t\t\t\t\t\t\t\t\t\t\t<\/span>\n\t\t\t\t\t\t\t\t\t\t\t\t<a class=\"elementor-accordion-title\" tabindex=\"0\">Proceso<\/a>\n\t\t\t\t\t<\/div>\n\t\t\t\t\t<div id=\"elementor-tab-content-2172\" class=\"elementor-tab-content elementor-clearfix\" data-tab=\"2\" role=\"region\" aria-labelledby=\"elementor-tab-title-2172\"><p>Calendario 2025 \u2013 Pr\u00f3ximo inicio del programa.<\/p><p><strong>Inscripci\u00f3n y proceso de aplicaci\u00f3n:<\/strong> 1ero de abril de 2025 al 15 de septiembre de 2025.<\/p><p><strong>Inicio del periodo proped\u00e9utico:<\/strong> septiembre de 2025.<\/p><p><strong>Inicio de clases de la maestr\u00eda:<\/strong> marzo de 2026.<\/p><\/div>\n\t\t\t\t<\/div>\n\t\t\t\t\t\t\t\t<\/div>\n\t\t\t\t<\/div>\n\t\t\t\t<\/div>\n\t\t\t\t\t<\/div>\n\t\t<\/div>\n\t\t\t\t\t<\/div>\n\t\t<\/section>\n\t\t\t\t<section class=\"elementor-section elementor-top-section elementor-element elementor-element-55ed520 elementor-section-boxed elementor-section-height-default elementor-section-height-default\" data-id=\"55ed520\" data-element_type=\"section\">\n\t\t\t\t\t\t<div class=\"elementor-container elementor-column-gap-default\">\n\t\t\t\t\t<div class=\"elementor-column elementor-col-33 elementor-top-column elementor-element elementor-element-345d1ae\" data-id=\"345d1ae\" data-element_type=\"column\">\n\t\t\t<div class=\"elementor-widget-wrap elementor-element-populated\">\n\t\t\t\t\t\t<div class=\"elementor-element elementor-element-9646726 elementor-position-top elementor-widget elementor-widget-image-box\" data-id=\"9646726\" data-element_type=\"widget\" data-widget_type=\"image-box.default\">\n\t\t\t\t<div class=\"elementor-widget-container\">\n\t\t\t<div class=\"elementor-image-box-wrapper\"><figure class=\"elementor-image-box-img\"><img fetchpriority=\"high\" decoding=\"async\" width=\"2160\" height=\"2700\" src=\"https:\/\/sitios.udla.edu.ec\/econometria\/wp-content\/uploads\/2025\/03\/1.png\" class=\"attachment-full size-full wp-image-9610\" alt=\"\" srcset=\"https:\/\/sitios.udla.edu.ec\/econometria\/wp-content\/uploads\/2025\/03\/1.png 2160w, https:\/\/sitios.udla.edu.ec\/econometria\/wp-content\/uploads\/2025\/03\/1-240x300.png 240w, https:\/\/sitios.udla.edu.ec\/econometria\/wp-content\/uploads\/2025\/03\/1-819x1024.png 819w, https:\/\/sitios.udla.edu.ec\/econometria\/wp-content\/uploads\/2025\/03\/1-768x960.png 768w, https:\/\/sitios.udla.edu.ec\/econometria\/wp-content\/uploads\/2025\/03\/1-1229x1536.png 1229w, https:\/\/sitios.udla.edu.ec\/econometria\/wp-content\/uploads\/2025\/03\/1-1638x2048.png 1638w\" sizes=\"(max-width: 2160px) 100vw, 2160px\" \/><\/figure><div class=\"elementor-image-box-content\"><h3 class=\"elementor-image-box-title\">FASE 1<\/h3><p class=\"elementor-image-box-description\">Pago de la inscripci\u00f3n y contacto con el asesor de admisiones y entrega de documentos: hoja de vida, c\u00e9dula, r\u00e9cord acad\u00e9mico, carta de compromiso, print del Senescyt.<\/p><\/div><\/div>\t\t<\/div>\n\t\t\t\t<\/div>\n\t\t\t\t\t<\/div>\n\t\t<\/div>\n\t\t\t\t<div class=\"elementor-column elementor-col-33 elementor-top-column elementor-element elementor-element-3b385d5\" data-id=\"3b385d5\" data-element_type=\"column\">\n\t\t\t<div class=\"elementor-widget-wrap elementor-element-populated\">\n\t\t\t\t\t\t<div class=\"elementor-element elementor-element-3f7c961 elementor-position-top elementor-widget elementor-widget-image-box\" data-id=\"3f7c961\" data-element_type=\"widget\" data-widget_type=\"image-box.default\">\n\t\t\t\t<div class=\"elementor-widget-container\">\n\t\t\t<div class=\"elementor-image-box-wrapper\"><figure class=\"elementor-image-box-img\"><img decoding=\"async\" width=\"1229\" height=\"1536\" src=\"https:\/\/sitios.udla.edu.ec\/econometria\/wp-content\/uploads\/2025\/03\/Retrato-de-un-estudiante-universitario-hispano-que-lleva-una-mochila-y-esta-parado-en-un-pasillo-de-la-escuela-1-1229x1536.png\" class=\"attachment-1536x1536 size-1536x1536 wp-image-9613\" alt=\"\" srcset=\"https:\/\/sitios.udla.edu.ec\/econometria\/wp-content\/uploads\/2025\/03\/Retrato-de-un-estudiante-universitario-hispano-que-lleva-una-mochila-y-esta-parado-en-un-pasillo-de-la-escuela-1-1229x1536.png 1229w, https:\/\/sitios.udla.edu.ec\/econometria\/wp-content\/uploads\/2025\/03\/Retrato-de-un-estudiante-universitario-hispano-que-lleva-una-mochila-y-esta-parado-en-un-pasillo-de-la-escuela-1-240x300.png 240w, https:\/\/sitios.udla.edu.ec\/econometria\/wp-content\/uploads\/2025\/03\/Retrato-de-un-estudiante-universitario-hispano-que-lleva-una-mochila-y-esta-parado-en-un-pasillo-de-la-escuela-1-819x1024.png 819w, https:\/\/sitios.udla.edu.ec\/econometria\/wp-content\/uploads\/2025\/03\/Retrato-de-un-estudiante-universitario-hispano-que-lleva-una-mochila-y-esta-parado-en-un-pasillo-de-la-escuela-1-768x960.png 768w, https:\/\/sitios.udla.edu.ec\/econometria\/wp-content\/uploads\/2025\/03\/Retrato-de-un-estudiante-universitario-hispano-que-lleva-una-mochila-y-esta-parado-en-un-pasillo-de-la-escuela-1-1638x2048.png 1638w\" sizes=\"(max-width: 1229px) 100vw, 1229px\" \/><\/figure><div class=\"elementor-image-box-content\"><h3 class=\"elementor-image-box-title\">FASE 2<\/h3><p class=\"elementor-image-box-description\">\u25cf Examen de admisi\u00f3n.\n\n\u25cf Entrevista con el Director y Coordinador.\n\n\u25cf Admisi\u00f3n y asignaci\u00f3n al proped\u00e9utico o primer semestre.<\/p><\/div><\/div>\t\t<\/div>\n\t\t\t\t<\/div>\n\t\t\t\t\t<\/div>\n\t\t<\/div>\n\t\t\t\t<div class=\"elementor-column elementor-col-33 elementor-top-column elementor-element elementor-element-f48b5f5\" data-id=\"f48b5f5\" data-element_type=\"column\">\n\t\t\t<div class=\"elementor-widget-wrap elementor-element-populated\">\n\t\t\t\t\t\t<div class=\"elementor-element elementor-element-f01a1b3 elementor-position-top elementor-widget elementor-widget-image-box\" data-id=\"f01a1b3\" data-element_type=\"widget\" data-widget_type=\"image-box.default\">\n\t\t\t\t<div class=\"elementor-widget-container\">\n\t\t\t<div class=\"elementor-image-box-wrapper\"><figure class=\"elementor-image-box-img\"><img decoding=\"async\" width=\"2160\" height=\"2700\" src=\"https:\/\/sitios.udla.edu.ec\/econometria\/wp-content\/uploads\/2025\/03\/Retrato-de-un-estudiante-universitario-hispano-que-lleva-una-mochila-y-esta-parado-en-un-pasillo-de-la-escuela-2.png\" class=\"attachment-full size-full wp-image-9614\" alt=\"\" srcset=\"https:\/\/sitios.udla.edu.ec\/econometria\/wp-content\/uploads\/2025\/03\/Retrato-de-un-estudiante-universitario-hispano-que-lleva-una-mochila-y-esta-parado-en-un-pasillo-de-la-escuela-2.png 2160w, https:\/\/sitios.udla.edu.ec\/econometria\/wp-content\/uploads\/2025\/03\/Retrato-de-un-estudiante-universitario-hispano-que-lleva-una-mochila-y-esta-parado-en-un-pasillo-de-la-escuela-2-240x300.png 240w, https:\/\/sitios.udla.edu.ec\/econometria\/wp-content\/uploads\/2025\/03\/Retrato-de-un-estudiante-universitario-hispano-que-lleva-una-mochila-y-esta-parado-en-un-pasillo-de-la-escuela-2-819x1024.png 819w, https:\/\/sitios.udla.edu.ec\/econometria\/wp-content\/uploads\/2025\/03\/Retrato-de-un-estudiante-universitario-hispano-que-lleva-una-mochila-y-esta-parado-en-un-pasillo-de-la-escuela-2-768x960.png 768w, https:\/\/sitios.udla.edu.ec\/econometria\/wp-content\/uploads\/2025\/03\/Retrato-de-un-estudiante-universitario-hispano-que-lleva-una-mochila-y-esta-parado-en-un-pasillo-de-la-escuela-2-1229x1536.png 1229w, https:\/\/sitios.udla.edu.ec\/econometria\/wp-content\/uploads\/2025\/03\/Retrato-de-un-estudiante-universitario-hispano-que-lleva-una-mochila-y-esta-parado-en-un-pasillo-de-la-escuela-2-1638x2048.png 1638w\" sizes=\"(max-width: 2160px) 100vw, 2160px\" \/><\/figure><div class=\"elementor-image-box-content\"><h3 class=\"elementor-image-box-title\">FASE 3<\/h3><p class=\"elementor-image-box-description\">\u25cf Pago de matr\u00edcula y colegiatura (financiamiento).\n\n\u25cf Inicio de clases.<\/p><\/div><\/div>\t\t<\/div>\n\t\t\t\t<\/div>\n\t\t\t\t\t<\/div>\n\t\t<\/div>\n\t\t\t\t\t<\/div>\n\t\t<\/section>\n\t\t\t\t<section class=\"elementor-section elementor-top-section elementor-element elementor-element-c4c33e5 elementor-section-boxed elementor-section-height-default elementor-section-height-default\" data-id=\"c4c33e5\" data-element_type=\"section\">\n\t\t\t\t\t\t<div class=\"elementor-container elementor-column-gap-default\">\n\t\t\t\t\t<div class=\"elementor-column elementor-col-100 elementor-top-column elementor-element elementor-element-e7a8073\" data-id=\"e7a8073\" data-element_type=\"column\">\n\t\t\t<div class=\"elementor-widget-wrap elementor-element-populated\">\n\t\t\t\t\t\t<div class=\"elementor-element elementor-element-8c8064d elementor-widget elementor-widget-spacer\" data-id=\"8c8064d\" data-element_type=\"widget\" data-widget_type=\"spacer.default\">\n\t\t\t\t<div class=\"elementor-widget-container\">\n\t\t\t\t\t<div class=\"elementor-spacer\">\n\t\t\t<div class=\"elementor-spacer-inner\"><\/div>\n\t\t<\/div>\n\t\t\t\t<\/div>\n\t\t\t\t<\/div>\n\t\t\t\t\t<\/div>\n\t\t<\/div>\n\t\t\t\t\t<\/div>\n\t\t<\/section>\n\t\t\t\t<section class=\"elementor-section elementor-top-section elementor-element elementor-element-b1264e4 elementor-section-boxed elementor-section-height-default elementor-section-height-default\" data-id=\"b1264e4\" data-element_type=\"section\">\n\t\t\t\t\t\t<div class=\"elementor-container elementor-column-gap-default\">\n\t\t\t\t\t<div class=\"elementor-column elementor-col-100 elementor-top-column elementor-element elementor-element-f405287\" data-id=\"f405287\" data-element_type=\"column\">\n\t\t\t<div class=\"elementor-widget-wrap elementor-element-populated\">\n\t\t\t\t\t\t<div class=\"elementor-element elementor-element-36d0171 elementor-align-center elementor-widget elementor-widget-button\" data-id=\"36d0171\" data-element_type=\"widget\" data-widget_type=\"button.default\">\n\t\t\t\t<div class=\"elementor-widget-container\">\n\t\t\t\t\t<div class=\"elementor-button-wrapper\">\n\t\t\t<a class=\"elementor-button elementor-button-link elementor-size-sm\" href=\"#\">\n\t\t\t\t\t\t<span class=\"elementor-button-content-wrapper\">\n\t\t\t\t\t\t\t\t\t<span class=\"elementor-button-text\">Para m\u00e1s informaci\u00f3n comun\u00edcate con: admision@udla.edu.ec<\/span>\n\t\t\t\t\t<\/span>\n\t\t\t\t\t<\/a>\n\t\t<\/div>\n\t\t\t\t<\/div>\n\t\t\t\t<\/div>\n\t\t\t\t\t<\/div>\n\t\t<\/div>\n\t\t\t\t\t<\/div>\n\t\t<\/section>\n\t\t\t\t<\/div>\n\t\t","protected":false},"excerpt":{"rendered":"Requisitos\u200b Tener t\u00edtulo de tercer nivel registrado en el Sistema Nacional de Informaci\u00f3n de Educaci\u00f3n Superior del Ecuador (SNIESE).Cumplir con&#8230;","protected":false},"author":1,"featured_media":9279,"parent":0,"menu_order":0,"comment_status":"closed","ping_status":"closed","template":"","meta":{"_acf_changed":false,"footnotes":""},"class_list":["post-6079","page","type-page","status-publish","has-post-thumbnail","hentry"],"acf":[],"yoast_head":"<!-- This site is optimized with the Yoast SEO plugin v25.4 - https:\/\/yoast.com\/wordpress\/plugins\/seo\/ -->\n<title>ADMISI\u00d3N - Econometr\u00eda<\/title>\n<meta name=\"robots\" content=\"index, follow, max-snippet:-1, max-image-preview:large, max-video-preview:-1\" \/>\n<link rel=\"canonical\" href=\"https:\/\/sitios.udla.edu.ec\/econometria\/admision\/\" \/>\n<meta property=\"og:locale\" content=\"es_ES\" \/>\n<meta property=\"og:type\" content=\"article\" \/>\n<meta property=\"og:title\" content=\"ADMISI\u00d3N - Econometr\u00eda\" \/>\n<meta property=\"og:description\" content=\"Requisitos\u200b Tener t\u00edtulo de tercer nivel registrado en el Sistema Nacional de Informaci\u00f3n de Educaci\u00f3n Superior del Ecuador (SNIESE).Cumplir con...\" \/>\n<meta property=\"og:url\" content=\"https:\/\/sitios.udla.edu.ec\/econometria\/admision\/\" \/>\n<meta property=\"og:site_name\" content=\"Econometr\u00eda\" \/>\n<meta property=\"article:modified_time\" content=\"2025-03-28T22:26:10+00:00\" \/>\n<meta property=\"og:image\" content=\"https:\/\/sitios.udla.edu.ec\/econometria\/wp-content\/uploads\/2024\/01\/portadaEconometria-1-scaled.webp\" \/>\n\t<meta property=\"og:image:width\" content=\"2560\" \/>\n\t<meta property=\"og:image:height\" content=\"1440\" \/>\n\t<meta property=\"og:image:type\" content=\"image\/webp\" \/>\n<meta name=\"twitter:card\" content=\"summary_large_image\" \/>\n<meta name=\"twitter:label1\" content=\"Tiempo de lectura\" \/>\n\t<meta name=\"twitter:data1\" content=\"2 minutos\" \/>\n<script type=\"application\/ld+json\" class=\"yoast-schema-graph\">{\"@context\":\"https:\/\/schema.org\",\"@graph\":[{\"@type\":\"WebPage\",\"@id\":\"https:\/\/sitios.udla.edu.ec\/econometria\/admision\/\",\"url\":\"https:\/\/sitios.udla.edu.ec\/econometria\/admision\/\",\"name\":\"ADMISI\u00d3N - Econometr\u00eda\",\"isPartOf\":{\"@id\":\"https:\/\/sitios.udla.edu.ec\/econometria\/#website\"},\"primaryImageOfPage\":{\"@id\":\"https:\/\/sitios.udla.edu.ec\/econometria\/admision\/#primaryimage\"},\"image\":{\"@id\":\"https:\/\/sitios.udla.edu.ec\/econometria\/admision\/#primaryimage\"},\"thumbnailUrl\":\"https:\/\/sitios.udla.edu.ec\/econometria\/wp-content\/uploads\/2024\/01\/portadaEconometria-1-scaled.webp\",\"datePublished\":\"2022-06-07T17:40:19+00:00\",\"dateModified\":\"2025-03-28T22:26:10+00:00\",\"breadcrumb\":{\"@id\":\"https:\/\/sitios.udla.edu.ec\/econometria\/admision\/#breadcrumb\"},\"inLanguage\":\"es\",\"potentialAction\":[{\"@type\":\"ReadAction\",\"target\":[\"https:\/\/sitios.udla.edu.ec\/econometria\/admision\/\"]}]},{\"@type\":\"ImageObject\",\"inLanguage\":\"es\",\"@id\":\"https:\/\/sitios.udla.edu.ec\/econometria\/admision\/#primaryimage\",\"url\":\"https:\/\/sitios.udla.edu.ec\/econometria\/wp-content\/uploads\/2024\/01\/portadaEconometria-1-scaled.webp\",\"contentUrl\":\"https:\/\/sitios.udla.edu.ec\/econometria\/wp-content\/uploads\/2024\/01\/portadaEconometria-1-scaled.webp\",\"width\":2560,\"height\":1440},{\"@type\":\"BreadcrumbList\",\"@id\":\"https:\/\/sitios.udla.edu.ec\/econometria\/admision\/#breadcrumb\",\"itemListElement\":[{\"@type\":\"ListItem\",\"position\":1,\"name\":\"Portada\",\"item\":\"https:\/\/sitios.udla.edu.ec\/econometria\/\"},{\"@type\":\"ListItem\",\"position\":2,\"name\":\"ADMISI\u00d3N\"}]},{\"@type\":\"WebSite\",\"@id\":\"https:\/\/sitios.udla.edu.ec\/econometria\/#website\",\"url\":\"https:\/\/sitios.udla.edu.ec\/econometria\/\",\"name\":\"Econometr\u00eda\",\"description\":\"\",\"potentialAction\":[{\"@type\":\"SearchAction\",\"target\":{\"@type\":\"EntryPoint\",\"urlTemplate\":\"https:\/\/sitios.udla.edu.ec\/econometria\/?s={search_term_string}\"},\"query-input\":{\"@type\":\"PropertyValueSpecification\",\"valueRequired\":true,\"valueName\":\"search_term_string\"}}],\"inLanguage\":\"es\"}]}<\/script>\n<!-- \/ Yoast SEO plugin. -->","yoast_head_json":{"title":"ADMISI\u00d3N - Econometr\u00eda","robots":{"index":"index","follow":"follow","max-snippet":"max-snippet:-1","max-image-preview":"max-image-preview:large","max-video-preview":"max-video-preview:-1"},"canonical":"https:\/\/sitios.udla.edu.ec\/econometria\/admision\/","og_locale":"es_ES","og_type":"article","og_title":"ADMISI\u00d3N - Econometr\u00eda","og_description":"Requisitos\u200b Tener t\u00edtulo de tercer nivel registrado en el Sistema Nacional de Informaci\u00f3n de Educaci\u00f3n Superior del Ecuador (SNIESE).Cumplir con...","og_url":"https:\/\/sitios.udla.edu.ec\/econometria\/admision\/","og_site_name":"Econometr\u00eda","article_modified_time":"2025-03-28T22:26:10+00:00","og_image":[{"width":2560,"height":1440,"url":"https:\/\/sitios.udla.edu.ec\/econometria\/wp-content\/uploads\/2024\/01\/portadaEconometria-1-scaled.webp","type":"image\/webp"}],"twitter_card":"summary_large_image","twitter_misc":{"Tiempo de lectura":"2 minutos"},"schema":{"@context":"https:\/\/schema.org","@graph":[{"@type":"WebPage","@id":"https:\/\/sitios.udla.edu.ec\/econometria\/admision\/","url":"https:\/\/sitios.udla.edu.ec\/econometria\/admision\/","name":"ADMISI\u00d3N - Econometr\u00eda","isPartOf":{"@id":"https:\/\/sitios.udla.edu.ec\/econometria\/#website"},"primaryImageOfPage":{"@id":"https:\/\/sitios.udla.edu.ec\/econometria\/admision\/#primaryimage"},"image":{"@id":"https:\/\/sitios.udla.edu.ec\/econometria\/admision\/#primaryimage"},"thumbnailUrl":"https:\/\/sitios.udla.edu.ec\/econometria\/wp-content\/uploads\/2024\/01\/portadaEconometria-1-scaled.webp","datePublished":"2022-06-07T17:40:19+00:00","dateModified":"2025-03-28T22:26:10+00:00","breadcrumb":{"@id":"https:\/\/sitios.udla.edu.ec\/econometria\/admision\/#breadcrumb"},"inLanguage":"es","potentialAction":[{"@type":"ReadAction","target":["https:\/\/sitios.udla.edu.ec\/econometria\/admision\/"]}]},{"@type":"ImageObject","inLanguage":"es","@id":"https:\/\/sitios.udla.edu.ec\/econometria\/admision\/#primaryimage","url":"https:\/\/sitios.udla.edu.ec\/econometria\/wp-content\/uploads\/2024\/01\/portadaEconometria-1-scaled.webp","contentUrl":"https:\/\/sitios.udla.edu.ec\/econometria\/wp-content\/uploads\/2024\/01\/portadaEconometria-1-scaled.webp","width":2560,"height":1440},{"@type":"BreadcrumbList","@id":"https:\/\/sitios.udla.edu.ec\/econometria\/admision\/#breadcrumb","itemListElement":[{"@type":"ListItem","position":1,"name":"Portada","item":"https:\/\/sitios.udla.edu.ec\/econometria\/"},{"@type":"ListItem","position":2,"name":"ADMISI\u00d3N"}]},{"@type":"WebSite","@id":"https:\/\/sitios.udla.edu.ec\/econometria\/#website","url":"https:\/\/sitios.udla.edu.ec\/econometria\/","name":"Econometr\u00eda","description":"","potentialAction":[{"@type":"SearchAction","target":{"@type":"EntryPoint","urlTemplate":"https:\/\/sitios.udla.edu.ec\/econometria\/?s={search_term_string}"},"query-input":{"@type":"PropertyValueSpecification","valueRequired":true,"valueName":"search_term_string"}}],"inLanguage":"es"}]}},"_links":{"self":[{"href":"https:\/\/sitios.udla.edu.ec\/econometria\/wp-json\/wp\/v2\/pages\/6079","targetHints":{"allow":["GET"]}}],"collection":[{"href":"https:\/\/sitios.udla.edu.ec\/econometria\/wp-json\/wp\/v2\/pages"}],"about":[{"href":"https:\/\/sitios.udla.edu.ec\/econometria\/wp-json\/wp\/v2\/types\/page"}],"author":[{"embeddable":true,"href":"https:\/\/sitios.udla.edu.ec\/econometria\/wp-json\/wp\/v2\/users\/1"}],"replies":[{"embeddable":true,"href":"https:\/\/sitios.udla.edu.ec\/econometria\/wp-json\/wp\/v2\/comments?post=6079"}],"version-history":[{"count":202,"href":"https:\/\/sitios.udla.edu.ec\/econometria\/wp-json\/wp\/v2\/pages\/6079\/revisions"}],"predecessor-version":[{"id":9644,"href":"https:\/\/sitios.udla.edu.ec\/econometria\/wp-json\/wp\/v2\/pages\/6079\/revisions\/9644"}],"wp:featuredmedia":[{"embeddable":true,"href":"https:\/\/sitios.udla.edu.ec\/econometria\/wp-json\/wp\/v2\/media\/9279"}],"wp:attachment":[{"href":"https:\/\/sitios.udla.edu.ec\/econometria\/wp-json\/wp\/v2\/media?parent=6079"}],"curies":[{"name":"wp","href":"https:\/\/api.w.org\/{rel}","templated":true}]}}