{"id":11104,"date":"2024-03-30T00:25:45","date_gmt":"2024-03-30T00:25:45","guid":{"rendered":"https:\/\/sitios.udla.edu.ec\/direccion-investigacion-vinculacion\/?page_id=11104"},"modified":"2025-06-03T21:40:51","modified_gmt":"2025-06-03T21:40:51","slug":"eventos-vin","status":"publish","type":"page","link":"https:\/\/sitios.udla.edu.ec\/direccion-investigacion-vinculacion\/eventos-vin\/","title":{"rendered":"Eventos"},"content":{"rendered":"\t\t<div data-elementor-type=\"wp-page\" data-elementor-id=\"11104\" class=\"elementor elementor-11104\" data-elementor-post-type=\"page\">\n\t\t\t\t<div class=\"elementor-element elementor-element-065f537 e-flex e-con-boxed e-con e-parent\" data-id=\"065f537\" data-element_type=\"container\">\n\t\t\t\t\t<div class=\"e-con-inner\">\n\t\t\t\t\t<\/div>\n\t\t\t\t<\/div>\n\t\t<div class=\"elementor-element elementor-element-9a90149 e-flex e-con-boxed e-con e-parent\" data-id=\"9a90149\" data-element_type=\"container\">\n\t\t\t\t\t<div class=\"e-con-inner\">\n\t\t\t\t\t<\/div>\n\t\t\t\t<\/div>\n\t\t<div class=\"elementor-element elementor-element-91d9c91 e-flex e-con-boxed e-con e-parent\" data-id=\"91d9c91\" data-element_type=\"container\">\n\t\t\t\t\t<div class=\"e-con-inner\">\n\t\t<a class=\"eael-wrapper-link-545e568 --eael-wrapper-link-tag\" href=\"https:\/\/sitios.udla.edu.ec\/symposia\/\" target=\"_blank\"><\/a>\t\t<div data-eael-wrapper-link=\"eael-wrapper-link-545e568\" class=\"elementor-element elementor-element-545e568 elementor-widget elementor-widget-image\" data-id=\"545e568\" data-element_type=\"widget\" data-widget_type=\"image.default\">\n\t\t\t\t<div class=\"elementor-widget-container\">\n\t\t\t<style>\/*! elementor - v3.23.0 - 05-08-2024 *\/\n.elementor-widget-image{text-align:center}.elementor-widget-image a{display:inline-block}.elementor-widget-image a img[src$=\".svg\"]{width:48px}.elementor-widget-image img{vertical-align:middle;display:inline-block}<\/style>\t\t\t\t\t\t\t\t\t\t<img fetchpriority=\"high\" decoding=\"async\" width=\"1921\" height=\"901\" src=\"https:\/\/sitios.udla.edu.ec\/direccion-investigacion-vinculacion\/wp-content\/uploads\/2025\/06\/SYMPOSIA-mailing.png\" class=\"attachment-full size-full wp-image-15378\" alt=\"\" srcset=\"https:\/\/sitios.udla.edu.ec\/direccion-investigacion-vinculacion\/wp-content\/uploads\/2025\/06\/SYMPOSIA-mailing.png 1921w, https:\/\/sitios.udla.edu.ec\/direccion-investigacion-vinculacion\/wp-content\/uploads\/2025\/06\/SYMPOSIA-mailing-300x141.png 300w, https:\/\/sitios.udla.edu.ec\/direccion-investigacion-vinculacion\/wp-content\/uploads\/2025\/06\/SYMPOSIA-mailing-1024x480.png 1024w, https:\/\/sitios.udla.edu.ec\/direccion-investigacion-vinculacion\/wp-content\/uploads\/2025\/06\/SYMPOSIA-mailing-768x360.png 768w, https:\/\/sitios.udla.edu.ec\/direccion-investigacion-vinculacion\/wp-content\/uploads\/2025\/06\/SYMPOSIA-mailing-1536x720.png 1536w\" sizes=\"(max-width: 1921px) 100vw, 1921px\" \/>\t\t\t\t\t\t\t\t\t\t\t\t\t<\/div>\n\t\t\t\t<\/div>\n\t\t\t\t\t<\/div>\n\t\t\t\t<\/div>\n\t\t<div class=\"elementor-element elementor-element-dcc4b83 e-flex e-con-boxed e-con e-parent\" data-id=\"dcc4b83\" data-element_type=\"container\">\n\t\t\t\t\t<div class=\"e-con-inner\">\n\t\t\t\t<div class=\"elementor-element elementor-element-612a204 elementor-widget elementor-widget-spacer\" data-id=\"612a204\" data-element_type=\"widget\" data-widget_type=\"spacer.default\">\n\t\t\t\t<div class=\"elementor-widget-container\">\n\t\t\t<style>\/*! elementor - v3.23.0 - 05-08-2024 *\/\n.elementor-column .elementor-spacer-inner{height:var(--spacer-size)}.e-con{--container-widget-width:100%}.e-con-inner>.elementor-widget-spacer,.e-con>.elementor-widget-spacer{width:var(--container-widget-width,var(--spacer-size));--align-self:var(--container-widget-align-self,initial);--flex-shrink:0}.e-con-inner>.elementor-widget-spacer>.elementor-widget-container,.e-con>.elementor-widget-spacer>.elementor-widget-container{height:100%;width:100%}.e-con-inner>.elementor-widget-spacer>.elementor-widget-container>.elementor-spacer,.e-con>.elementor-widget-spacer>.elementor-widget-container>.elementor-spacer{height:100%}.e-con-inner>.elementor-widget-spacer>.elementor-widget-container>.elementor-spacer>.elementor-spacer-inner,.e-con>.elementor-widget-spacer>.elementor-widget-container>.elementor-spacer>.elementor-spacer-inner{height:var(--container-widget-height,var(--spacer-size))}.e-con-inner>.elementor-widget-spacer.elementor-widget-empty,.e-con>.elementor-widget-spacer.elementor-widget-empty{position:relative;min-height:22px;min-width:22px}.e-con-inner>.elementor-widget-spacer.elementor-widget-empty .elementor-widget-empty-icon,.e-con>.elementor-widget-spacer.elementor-widget-empty .elementor-widget-empty-icon{position:absolute;top:0;bottom:0;left:0;right:0;margin:auto;padding:0;width:22px;height:22px}<\/style>\t\t<div class=\"elementor-spacer\">\n\t\t\t<div class=\"elementor-spacer-inner\"><\/div>\n\t\t<\/div>\n\t\t\t\t<\/div>\n\t\t\t\t<\/div>\n\t\t\t\t\t<\/div>\n\t\t\t\t<\/div>\n\t\t\t\t<section class=\"elementor-section elementor-top-section elementor-element elementor-element-045f865 elementor-section-content-middle elementor-section-stretched elementor-section-boxed elementor-section-height-default elementor-section-height-default elementor-invisible\" data-id=\"045f865\" data-element_type=\"section\" data-settings=\"{&quot;stretch_section&quot;:&quot;section-stretched&quot;,&quot;background_background&quot;:&quot;classic&quot;,&quot;animation&quot;:&quot;fadeInRight&quot;}\">\n\t\t\t\t\t\t<div class=\"elementor-container elementor-column-gap-default\">\n\t\t\t\t\t<div class=\"elementor-column elementor-col-100 elementor-top-column elementor-element elementor-element-715bea8\" data-id=\"715bea8\" data-element_type=\"column\">\n\t\t\t<div class=\"elementor-widget-wrap elementor-element-populated\">\n\t\t\t\t\t\t<div class=\"elementor-element elementor-element-f2acc04 elementor-widget elementor-widget-ucaddon_post_grid\" data-id=\"f2acc04\" data-element_type=\"widget\" data-widget_type=\"ucaddon_post_grid.default\">\n\t\t\t\t<div class=\"elementor-widget-container\">\n\t\t\t<!-- start Post Grid -->\n\t\t<link id='font-awesome-css' href='https:\/\/sitios.udla.edu.ec\/direccion-investigacion-vinculacion\/wp-content\/plugins\/unlimited-elements-for-elementor-premium\/assets_libraries\/font-awesome5\/css\/fontawesome-all.min.css' type='text\/css' rel='stylesheet' >\n\t\t<link id='font-awesome-4-shim-css' href='https:\/\/sitios.udla.edu.ec\/direccion-investigacion-vinculacion\/wp-content\/plugins\/unlimited-elements-for-elementor-premium\/assets_libraries\/font-awesome5\/css\/fontawesome-v4-shims.css' type='text\/css' rel='stylesheet' >\n\n\t\t\t<style type=\"text\/css\">\/* widget: Post Grid *\/\n\n#uc_post_grid_elementor14941.uc_post_grid_style_one .uc_post_grid_style_one_wrap {\n   display:grid;\n}\n\n\n#uc_post_grid_elementor14941 .uc_post_grid_style_one_item\n{\n  position:relative;\n}\n\n#uc_post_grid_elementor14941 .uc_post_image\n{\n  transition:0.3s;\n  position:relative;\n  overflow:hidden;\n}\n\n#uc_post_grid_elementor14941 .uc_post_image img\n{\n  width:100%;\n  display:block;\n  transition:0.3s;\n}\n\n\n\t\n\n\n\n\n\n\n#uc_post_grid_elementor14941 .uc_post_image_overlay\n{\n  position:absolute;\n  top:0px;\n  left:0px;\n  height:100%;\n  width:100%;\n  transition:0.3s;\n}\n\n#uc_post_grid_elementor14941 .uc_more_btn-custom-field\n{\n  display:inline-block;\n  text-align:center;\n  text-decoration:none;\n  transition:0.3s;\n}\n\n#uc_post_grid_elementor14941 .uc_more_btn\n{\n  display:inline-block;\n  text-align:center;\n  text-decoration:none;\n  transition:0.3s;\n}\n\n.ue-grid-item-category a\n{\n  display:inline-block;\n  font-size:10px;\n  \n}\n.uc_post_title\n{\n  font-size:21px;\n}\n\n\n\n#uc_post_grid_elementor14941 .ue_post_grid_item\n{\n  display:flex;\n  flex-direction:column;\n}\n\n#uc_post_grid_elementor14941.uc_post_grid_style_one .uc_content{\n flex-grow:1;\n}\n\n#uc_post_grid_elementor14941.uc_post_grid_style_one .uc_content > div\n{\n  height:100%;\n  display:flex;\n  flex-direction:column;\n  }\n\n  \n\n\n\n\n\n\n\n\n\n\n\n\n\n\n\n\n\n\n\n\n\n\n#uc_post_grid_elementor14941 .ue-meta-data\n{\n  \n  display:flex;\n\n  flex-wrap: wrap;\n  line-height:1em;\n}\n\n#uc_post_grid_elementor14941 .ue-grid-item-meta-data\n{\n      display:inline-flex;\n      align-items:center;\n}\n\n#uc_post_grid_elementor14941 .ue-grid-item-meta-data a{\n  color:inherit;\n}\n\n.ue-grid-item-meta-data\n{\n  font-size:12px;\n}\n\n#uc_post_grid_elementor14941 .ue-grid-item-meta-data-icon\n{\n  line-height:1em;\n}\n\n#uc_post_grid_elementor14941 .ue-grid-item-meta-data-icon svg\n{\n  width:1em;\n  height:1em;\n}\n\n#uc_post_grid_elementor14941 .ue-debug-meta\n{\n  padding:10px;\n  border:1px solid red;\n  position:relative;\n  line-height:1.5em;\n  font-size:11px;\n  width:100%;\n}\n\n#uc_post_grid_elementor14941 .uc_btn_inner\n{\n  display:inline-flex;\n  align-items:center;\n}\n\n#uc_post_grid_elementor14941 .uc_btn_inner svg\n{\n  width:1em;\n  height:1em;\n}\n\n  #uc_post_grid_elementor14941 .ue_post_full_link{\n    position:absolute;\n    width:100%;\n    height:100%;\n    top:0;\n    left:0;\n  }\n\n  #uc_post_grid_elementor14941 .ue_tags_terms{\n    display: flex;\n  }\n\n  .ue_tags_terms{\n    font-size:12px;\n  }\n\n\n\n\n\n\n\n\n<\/style>\n\n\t\t\t<div class=\"uc_post_grid_style_one \" id=\"uc_post_grid_elementor14941\"  >\n\t\t<div class=\"uc_post_grid_style_one_wrap ue_post_grid uc-items-wrapper\">\n\t\t\t\n\n\n<div id=\"uc_post_grid_elementor14941_item1\" class=\"uc_post_grid_style_one_item ue_post_grid_item ue-item \">\n  \n      <a class=\"uc_post_grid_style_one_image \" href=\"#\"  target=\"_self\">\n     <div class=\"uc_post_image\">\n       <img decoding=\"async\" src=\"https:\/\/sitios.udla.edu.ec\/direccion-investigacion-vinculacion\/wp-content\/uploads\/2026\/04\/PORTADA-1-1-e1775708846754-768x546.png\"  src=\"https:\/\/sitios.udla.edu.ec\/direccion-investigacion-vinculacion\/wp-content\/uploads\/2026\/04\/PORTADA-1-1-e1775708846754-768x546.png\" alt=\"En la UDLA aprendemos a armar una computadora sin tocar una sola pieza, con realidad mixta\" width=\"768\" height=\"546\">\n       <div class=\"uc_post_image_overlay\"><\/div>\n     <\/div>\n    <\/a>\n   \n  <div class=\"uc_content\">\n    <div class=\"uc_content_inner\">\n      <div class=\"uc_content-info-wrapper\" >\n        \n       \n              \n\n            \t\t               \t<div class=\"uc_post_title\"><a href=\"#\"><div class=\"ue_p_title\">En la UDLA aprendemos a armar una computadora sin tocar una sola pieza, con realidad mixta<\/div><\/a><\/div>\n                  \t\n                      \n      \t      \n    <div class=\"ue_tags_terms\">   <\/div> \n \n        <div class=\"ue-meta-data\">\n            \n        \n                \n        \n\t\n                \n                \n                \n                \n    \t\t\t\n      \n            \n  <\/div>\t\n                           \n                            \n                                  \n     <\/div>                      \n                           \n \t<\/div>  <\/div>      \n  <a class=\"ue_post_full_link\" href=\"https:\/\/sitios.udla.edu.ec\/direccion-investigacion-vinculacion\/2026\/04\/09\/en-la-udla-aprendemos-a-armar-una-computadora-sin-tocar-una-sola-pieza-con-realidad-mixta\/\" ><\/a>      \n<\/div>\n\n\n\n<div id=\"uc_post_grid_elementor14941_item2\" class=\"uc_post_grid_style_one_item ue_post_grid_item ue-item \">\n  \n      <a class=\"uc_post_grid_style_one_image \" href=\"#\"  target=\"_self\">\n     <div class=\"uc_post_image\">\n       <img decoding=\"async\" src=\"https:\/\/sitios.udla.edu.ec\/direccion-investigacion-vinculacion\/wp-content\/uploads\/2026\/04\/recovery-of-elderly-woman-after-stroke-in-hospital-2026-03-24-03-23-10-utc-768x486.webp\"  src=\"https:\/\/sitios.udla.edu.ec\/direccion-investigacion-vinculacion\/wp-content\/uploads\/2026\/04\/recovery-of-elderly-woman-after-stroke-in-hospital-2026-03-24-03-23-10-utc-768x486.webp\" alt=\"\u00bfY si no necesitas una resonancia para detectar un derrame cerebral? Una investigaci\u00f3n podr\u00eda cambiar el diagn\u00f3stico en Ecuador\" width=\"768\" height=\"486\">\n       <div class=\"uc_post_image_overlay\"><\/div>\n     <\/div>\n    <\/a>\n   \n  <div class=\"uc_content\">\n    <div class=\"uc_content_inner\">\n      <div class=\"uc_content-info-wrapper\" >\n        \n       \n              \n\n            \t\t               \t<div class=\"uc_post_title\"><a href=\"#\"><div class=\"ue_p_title\">\u00bfY si no necesitas una resonancia para detectar un derrame cerebral? Una investigaci\u00f3n cambiar\u00eda el diagn\u00f3stico en Ecuador<\/div><\/a><\/div>\n                  \t\n                      \n      \t      \n    <div class=\"ue_tags_terms\">   <\/div> \n \n        <div class=\"ue-meta-data\">\n            \n        \n                \n        \n\t\n                \n                \n                \n                \n    \t\t\t\n      \n            \n  <\/div>\t\n                           \n                            \n                                  \n     <\/div>                      \n                           \n \t<\/div>  <\/div>      \n  <a class=\"ue_post_full_link\" href=\"https:\/\/sitios.udla.edu.ec\/direccion-investigacion-vinculacion\/2026\/04\/08\/y-si-no-necesitas-una-resonancia-para-detectar-un-derrame-cerebral-una-investigacion-cambiaria-el-diagnostico-en-ecuador\/\" ><\/a>      \n<\/div>\n\n\n\n<div id=\"uc_post_grid_elementor14941_item3\" class=\"uc_post_grid_style_one_item ue_post_grid_item ue-item \">\n  \n      <a class=\"uc_post_grid_style_one_image \" href=\"#\"  target=\"_self\">\n     <div class=\"uc_post_image\">\n       <img loading=\"lazy\" decoding=\"async\" src=\"https:\/\/sitios.udla.edu.ec\/direccion-investigacion-vinculacion\/wp-content\/uploads\/2026\/04\/concept-of-brain-diseases-mental-health-alzheime-2026-03-16-04-35-48-utc-768x513.webp\"  src=\"https:\/\/sitios.udla.edu.ec\/direccion-investigacion-vinculacion\/wp-content\/uploads\/2026\/04\/concept-of-brain-diseases-mental-health-alzheime-2026-03-16-04-35-48-utc-768x513.webp\" alt=\"La ketamina mejora la memoria en animales pero no en humanos: la UDLA advierte sobre su uso prematuro\" width=\"768\" height=\"513\">\n       <div class=\"uc_post_image_overlay\"><\/div>\n     <\/div>\n    <\/a>\n   \n  <div class=\"uc_content\">\n    <div class=\"uc_content_inner\">\n      <div class=\"uc_content-info-wrapper\" >\n        \n       \n              \n\n            \t\t               \t<div class=\"uc_post_title\"><a href=\"#\"><div class=\"ue_p_title\">93% de \u00e9xito en animales, 0% en humanos: por qu\u00e9 la ketamina a\u00fan no es la soluci\u00f3n para el cerebro<\/div><\/a><\/div>\n                  \t\n                      \n      \t      \n    <div class=\"ue_tags_terms\">   <\/div> \n \n        <div class=\"ue-meta-data\">\n            \n        \n                \n        \n\t\n                \n                \n                \n                \n    \t\t\t\n      \n            \n  <\/div>\t\n                           \n                            \n                                  \n     <\/div>                      \n                           \n \t<\/div>  <\/div>      \n  <a class=\"ue_post_full_link\" href=\"https:\/\/sitios.udla.edu.ec\/direccion-investigacion-vinculacion\/2026\/04\/08\/93-de-exito-en-animales-0-en-humanos-por-que-la-ketamina-aun-no-es-la-solucion-para-el-cerebro\/\" ><\/a>      \n<\/div>\n\n\n\n<div id=\"uc_post_grid_elementor14941_item4\" class=\"uc_post_grid_style_one_item ue_post_grid_item ue-item \">\n  \n      <a class=\"uc_post_grid_style_one_image \" href=\"#\"  target=\"_self\">\n     <div class=\"uc_post_image\">\n       <img loading=\"lazy\" decoding=\"async\" src=\"https:\/\/sitios.udla.edu.ec\/direccion-investigacion-vinculacion\/wp-content\/uploads\/2026\/04\/doctor-pointing-to-skull-xray-image-on-lightbox-2026-01-09-08-41-11-utc-768x512.webp\"  src=\"https:\/\/sitios.udla.edu.ec\/direccion-investigacion-vinculacion\/wp-content\/uploads\/2026\/04\/doctor-pointing-to-skull-xray-image-on-lightbox-2026-01-09-08-41-11-utc-768x512.webp\" alt=\"Cuando el c\u00e1ncer llega al cerebro: dos investigaciones de la UDLA abren nuevos frentes en el tratamiento\" width=\"768\" height=\"512\">\n       <div class=\"uc_post_image_overlay\"><\/div>\n     <\/div>\n    <\/a>\n   \n  <div class=\"uc_content\">\n    <div class=\"uc_content_inner\">\n      <div class=\"uc_content-info-wrapper\" >\n        \n       \n              \n\n            \t\t               \t<div class=\"uc_post_title\"><a href=\"#\"><div class=\"ue_p_title\">Cuando el c\u00e1ncer llega al cerebro: dos investigaciones de la UDLA abren nuevos frentes en el tratamiento<\/div><\/a><\/div>\n                  \t\n                      \n      \t      \n    <div class=\"ue_tags_terms\">   <\/div> \n \n        <div class=\"ue-meta-data\">\n            \n        \n                \n        \n\t\n                \n                \n                \n                \n    \t\t\t\n      \n            \n  <\/div>\t\n                           \n                            \n                                  \n     <\/div>                      \n                           \n \t<\/div>  <\/div>      \n  <a class=\"ue_post_full_link\" href=\"https:\/\/sitios.udla.edu.ec\/direccion-investigacion-vinculacion\/2026\/04\/08\/el-cerebro-tiene-un-sistema-de-limpieza-la-udla-descubre-como-el-cancer-lo-sabotea\/\" ><\/a>      \n<\/div>\n\n\n\n<div id=\"uc_post_grid_elementor14941_item5\" class=\"uc_post_grid_style_one_item ue_post_grid_item ue-item \">\n  \n      <a class=\"uc_post_grid_style_one_image \" href=\"#\"  target=\"_self\">\n     <div class=\"uc_post_image\">\n       <img loading=\"lazy\" decoding=\"async\" src=\"https:\/\/sitios.udla.edu.ec\/direccion-investigacion-vinculacion\/wp-content\/uploads\/2026\/04\/cusco-peru-may-14-side-walk-vendors-in-the-ci-2026-03-26-11-35-52-utc-768x512.webp\"  src=\"https:\/\/sitios.udla.edu.ec\/direccion-investigacion-vinculacion\/wp-content\/uploads\/2026\/04\/cusco-peru-may-14-side-walk-vendors-in-the-ci-2026-03-26-11-35-52-utc-768x512.webp\" alt=\"M\u00e1s crecimiento, mismo desempleo: la paradoja que una investigadora de la UDLA desnuda en Am\u00e9rica Latina\" width=\"768\" height=\"512\">\n       <div class=\"uc_post_image_overlay\"><\/div>\n     <\/div>\n    <\/a>\n   \n  <div class=\"uc_content\">\n    <div class=\"uc_content_inner\">\n      <div class=\"uc_content-info-wrapper\" >\n        \n       \n              \n\n            \t\t               \t<div class=\"uc_post_title\"><a href=\"#\"><div class=\"ue_p_title\">\u00bfPor qu\u00e9 la econom\u00eda crece pero el empleo no llega a todos? Una investigadora de la UDLA tiene la respuesta<\/div><\/a><\/div>\n                  \t\n                      \n      \t      \n    <div class=\"ue_tags_terms\">   <\/div> \n \n        <div class=\"ue-meta-data\">\n            \n        \n                \n        \n\t\n                \n                \n                \n                \n    \t\t\t\n      \n            \n  <\/div>\t\n                           \n                            \n                                  \n     <\/div>                      \n                           \n \t<\/div>  <\/div>      \n  <a class=\"ue_post_full_link\" href=\"https:\/\/sitios.udla.edu.ec\/direccion-investigacion-vinculacion\/2026\/04\/08\/por-que-la-economia-crece-pero-el-empleo-no-llega-a-todos-una-investigadora-de-la-udla-tiene-la-respuesta\/\" ><\/a>      \n<\/div>\n\n\n\n<div id=\"uc_post_grid_elementor14941_item6\" class=\"uc_post_grid_style_one_item ue_post_grid_item ue-item \">\n  \n      <a class=\"uc_post_grid_style_one_image \" href=\"#\"  target=\"_self\">\n     <div class=\"uc_post_image\">\n       <img loading=\"lazy\" decoding=\"async\" src=\"https:\/\/sitios.udla.edu.ec\/direccion-investigacion-vinculacion\/wp-content\/uploads\/2026\/04\/brain-with-various-food-products-healthy-food-2026-03-24-13-07-09-utc-768x512.webp\"  src=\"https:\/\/sitios.udla.edu.ec\/direccion-investigacion-vinculacion\/wp-content\/uploads\/2026\/04\/brain-with-various-food-products-healthy-food-2026-03-24-13-07-09-utc-768x512.webp\" alt=\"Tu intestino le habla a tu cerebro: un investigador de la UDLA estudia el v\u00ednculo entre las bacterias intestinales y los trastornos mentales\" width=\"768\" height=\"512\">\n       <div class=\"uc_post_image_overlay\"><\/div>\n     <\/div>\n    <\/a>\n   \n  <div class=\"uc_content\">\n    <div class=\"uc_content_inner\">\n      <div class=\"uc_content-info-wrapper\" >\n        \n       \n              \n\n            \t\t               \t<div class=\"uc_post_title\"><a href=\"#\"><div class=\"ue_p_title\">Tu intestino sabe m\u00e1s de tu mente de lo que crees: el v\u00ednculo entre las bacterias intestinales y los trastornos mentales<\/div><\/a><\/div>\n                  \t\n                      \n      \t      \n    <div class=\"ue_tags_terms\">   <\/div> \n \n        <div class=\"ue-meta-data\">\n            \n        \n                \n        \n\t\n                \n                \n                \n                \n    \t\t\t\n      \n            \n  <\/div>\t\n                           \n                            \n                                  \n     <\/div>                      \n                           \n \t<\/div>  <\/div>      \n  <a class=\"ue_post_full_link\" href=\"https:\/\/sitios.udla.edu.ec\/direccion-investigacion-vinculacion\/2026\/04\/08\/tu-intestino-sabe-mas-de-tu-mente-de-lo-que-crees-el-vinculo-entre-las-bacterias-intestinales-y-los-trastornos-mentales\/\" ><\/a>      \n<\/div>\n\n\t\t<\/div>\n\t<\/div>\n\n\n\n  <div id=\"uc_post_grid_elementor14941_empty_message\" class=\"ue-no-posts-found\"  style=\"display:none\" >No posts found<\/div>\n\n\n\t\t\t<!-- end Post Grid -->\t\t<\/div>\n\t\t\t\t<\/div>\n\t\t\t\t<div class=\"elementor-element elementor-element-b2165b7 texto-de-editor elementor-widget elementor-widget-text-editor\" data-id=\"b2165b7\" data-element_type=\"widget\" data-widget_type=\"text-editor.default\">\n\t\t\t\t<div class=\"elementor-widget-container\">\n\t\t\t<style>\/*! elementor - v3.23.0 - 05-08-2024 *\/\n.elementor-widget-text-editor.elementor-drop-cap-view-stacked .elementor-drop-cap{background-color:#69727d;color:#fff}.elementor-widget-text-editor.elementor-drop-cap-view-framed .elementor-drop-cap{color:#69727d;border:3px solid;background-color:transparent}.elementor-widget-text-editor:not(.elementor-drop-cap-view-default) .elementor-drop-cap{margin-top:8px}.elementor-widget-text-editor:not(.elementor-drop-cap-view-default) .elementor-drop-cap-letter{width:1em;height:1em}.elementor-widget-text-editor .elementor-drop-cap{float:left;text-align:center;line-height:1;font-size:50px}.elementor-widget-text-editor .elementor-drop-cap-letter{display:inline-block}<\/style>\t\t\t\t<p>Si est\u00e1 interesado en ver todas nuestras noticias, <a style=\"color: #940405;\" href=\"https:\/\/sitios.udla.edu.ec\/direccion-investigacion-vinculacion\/noticias\">haga clic aqu\u00ed.<\/a><\/p>\t\t\t\t\t\t<\/div>\n\t\t\t\t<\/div>\n\t\t\t\t\t<\/div>\n\t\t<\/div>\n\t\t\t\t\t<\/div>\n\t\t<\/section>\n\t\t\t\t<\/div>\n\t\t","protected":false},"excerpt":{"rendered":"<p>NUESTROS EVENTOS noticias LO M\u00c1S DESTACADO Descubren desde UDLA una nueva mol\u00e9cula con potencial para frenar la malaria Innovar para&#8230;<\/p>\n","protected":false},"author":1,"featured_media":0,"parent":0,"menu_order":0,"comment_status":"closed","ping_status":"closed","template":"","meta":{"om_disable_all_campaigns":false,"_monsterinsights_skip_tracking":false,"_monsterinsights_sitenote_active":false,"_monsterinsights_sitenote_note":"","_monsterinsights_sitenote_category":0,"footnotes":""},"aioseo_notices":[],"_links":{"self":[{"href":"https:\/\/sitios.udla.edu.ec\/direccion-investigacion-vinculacion\/wp-json\/wp\/v2\/pages\/11104"}],"collection":[{"href":"https:\/\/sitios.udla.edu.ec\/direccion-investigacion-vinculacion\/wp-json\/wp\/v2\/pages"}],"about":[{"href":"https:\/\/sitios.udla.edu.ec\/direccion-investigacion-vinculacion\/wp-json\/wp\/v2\/types\/page"}],"author":[{"embeddable":true,"href":"https:\/\/sitios.udla.edu.ec\/direccion-investigacion-vinculacion\/wp-json\/wp\/v2\/users\/1"}],"replies":[{"embeddable":true,"href":"https:\/\/sitios.udla.edu.ec\/direccion-investigacion-vinculacion\/wp-json\/wp\/v2\/comments?post=11104"}],"version-history":[{"count":31,"href":"https:\/\/sitios.udla.edu.ec\/direccion-investigacion-vinculacion\/wp-json\/wp\/v2\/pages\/11104\/revisions"}],"predecessor-version":[{"id":15388,"href":"https:\/\/sitios.udla.edu.ec\/direccion-investigacion-vinculacion\/wp-json\/wp\/v2\/pages\/11104\/revisions\/15388"}],"wp:attachment":[{"href":"https:\/\/sitios.udla.edu.ec\/direccion-investigacion-vinculacion\/wp-json\/wp\/v2\/media?parent=11104"}],"curies":[{"name":"wp","href":"https:\/\/api.w.org\/{rel}","templated":true}]}}