{"id":10537,"date":"2024-03-21T19:08:04","date_gmt":"2024-03-21T19:08:04","guid":{"rendered":"https:\/\/sitios.udla.edu.ec\/direccion-investigacion-vinculacion\/?page_id=10537"},"modified":"2026-05-04T14:38:38","modified_gmt":"2026-05-04T14:38:38","slug":"neos","status":"publish","type":"page","link":"https:\/\/sitios.udla.edu.ec\/direccion-investigacion-vinculacion\/grupos-de-investigacion\/neos\/","title":{"rendered":"Negocios, Econom\u00eda, Organizaciones y Sociedad\u00a0"},"content":{"rendered":"\t\t<div data-elementor-type=\"wp-page\" data-elementor-id=\"10537\" class=\"elementor elementor-10537\" data-elementor-post-type=\"page\">\n\t\t\t\t<div class=\"elementor-element elementor-element-bbf2db8 e-con-full e-flex e-con e-parent\" data-id=\"bbf2db8\" data-element_type=\"container\" data-e-type=\"container\">\n\t\t<div class=\"elementor-element elementor-element-9be533a e-con-full e-flex e-con e-child\" data-id=\"9be533a\" data-element_type=\"container\" data-e-type=\"container\">\n\t\t<div class=\"elementor-element elementor-element-0daa322 e-con-full e-flex e-con e-child\" data-id=\"0daa322\" data-element_type=\"container\" data-e-type=\"container\" data-settings=\"{&quot;sticky&quot;:&quot;top&quot;,&quot;sticky_parent&quot;:&quot;yes&quot;,&quot;sticky_on&quot;:[&quot;desktop&quot;,&quot;tablet&quot;,&quot;mobile&quot;],&quot;sticky_offset&quot;:0,&quot;sticky_effects_offset&quot;:0,&quot;sticky_anchor_link_offset&quot;:0}\">\n\t\t\t\t<div class=\"elementor-element elementor-element-6707865 elementor-nav-menu--dropdown-tablet elementor-nav-menu__text-align-aside elementor-widget elementor-widget-nav-menu\" data-id=\"6707865\" data-element_type=\"widget\" data-e-type=\"widget\" data-settings=\"{&quot;layout&quot;:&quot;vertical&quot;,&quot;submenu_icon&quot;:{&quot;value&quot;:&quot;&lt;svg aria-hidden=\\&quot;true\\&quot; class=\\&quot;e-font-icon-svg e-fas-caret-down\\&quot; viewBox=\\&quot;0 0 320 512\\&quot; xmlns=\\&quot;http:\\\/\\\/www.w3.org\\\/2000\\\/svg\\&quot;&gt;&lt;path d=\\&quot;M31.3 192h257.3c17.8 0 26.7 21.5 14.1 34.1L174.1 354.8c-7.8 7.8-20.5 7.8-28.3 0L17.2 226.1C4.6 213.5 13.5 192 31.3 192z\\&quot;&gt;&lt;\\\/path&gt;&lt;\\\/svg&gt;&quot;,&quot;library&quot;:&quot;fa-solid&quot;}}\" data-widget_type=\"nav-menu.default\">\n\t\t\t\t<div class=\"elementor-widget-container\">\n\t\t\t\t\t\t\t\t<nav aria-label=\"Men\u00fa\" class=\"elementor-nav-menu--main elementor-nav-menu__container elementor-nav-menu--layout-vertical e--pointer-background e--animation-fade\">\n\t\t\t\t<ul id=\"menu-1-6707865\" class=\"elementor-nav-menu sm-vertical\"><li class=\"menu-item menu-item-type-post_type menu-item-object-page menu-item-16936\"><a href=\"https:\/\/sitios.udla.edu.ec\/direccion-investigacion-vinculacion\/grupos-de-investigacion\/alimentos-y-agroindustria\/\" class=\"elementor-item\">ALIMENTOS Y AGROINDUSTRIA<\/a><\/li>\n<li class=\"menu-item menu-item-type-post_type menu-item-object-page menu-item-16423\"><a href=\"https:\/\/sitios.udla.edu.ec\/direccion-investigacion-vinculacion\/grupos-de-investigacion\/bienestar-salud-y-sociedad\/\" class=\"elementor-item\">BIENESTAR, SALUD Y SOCIEDAD<\/a><\/li>\n<li class=\"menu-item menu-item-type-custom menu-item-object-custom menu-item-16424\"><a href=\"https:\/\/sitios.udla.edu.ec\/direccion-investigacion-vinculacion\/grupos-de-investigacion\/biomas\/\" class=\"elementor-item\">BIODIVERSIDAD, MEDIO AMBIENTE Y SALUD<\/a><\/li>\n<li class=\"menu-item menu-item-type-custom menu-item-object-custom menu-item-16425\"><a href=\"https:\/\/sitios.udla.edu.ec\/direccion-investigacion-vinculacion\/grupos-de-investigacion\/bioquimio-informatica\/\" class=\"elementor-item\">BIO-QUIMIOINFORM\u00c1TICA<\/a><\/li>\n<li class=\"menu-item menu-item-type-custom menu-item-object-custom menu-item-16426\"><a href=\"https:\/\/sitios.udla.edu.ec\/direccion-investigacion-vinculacion\/grupos-de-investigacion\/cancer\/\" class=\"elementor-item\">C\u00c1NCER<\/a><\/li>\n<li class=\"menu-item menu-item-type-custom menu-item-object-custom menu-item-16429\"><a href=\"https:\/\/sitios.udla.edu.ec\/direccion-investigacion-vinculacion\/grupos-de-investigacion\/ingenierias\/\" class=\"elementor-item\">ELECTR\u00d3NICA, TELECOMUNICACIONES Y TELEM\u00c1TICA<\/a><\/li>\n<li class=\"menu-item menu-item-type-custom menu-item-object-custom menu-item-16430\"><a href=\"https:\/\/sitios.udla.edu.ec\/direccion-investigacion-vinculacion\/grupos-de-investigacion\/neos\/\" class=\"elementor-item\">NEGOCIOS, ECONOM\u00cdA, ORGANIZACIONES Y SOCIEDAD<\/a><\/li>\n<li class=\"menu-item menu-item-type-custom menu-item-object-custom menu-item-16431\"><a href=\"https:\/\/sitios.udla.edu.ec\/direccion-investigacion-vinculacion\/grupos-de-investigacion\/eetrop-ecologia-evolutiva-en-los-tropicos\/\" class=\"elementor-item\">ECOLOG\u00cdA Y EVOLUCI\u00d3N EN LOS TR\u00d3PICOS<\/a><\/li>\n<li class=\"menu-item menu-item-type-custom menu-item-object-custom menu-item-16432\"><a href=\"https:\/\/sitios.udla.edu.ec\/direccion-investigacion-vinculacion\/grupos-de-investigacion\/onehealth\/\" class=\"elementor-item\">ONE HEALTH<\/a><\/li>\n<li class=\"menu-item menu-item-type-custom menu-item-object-custom menu-item-16433\"><a href=\"https:\/\/sitios.udla.edu.ec\/direccion-investigacion-vinculacion\/grupos-de-investigacion\/si2lab\/\" class=\"elementor-item\">LABORATORIO DE SISTEMAS INTELIGENTES INTERACTIVOS<\/a><\/li>\n<li class=\"menu-item menu-item-type-custom menu-item-object-custom menu-item-16434\"><a href=\"https:\/\/sitios.udla.edu.ec\/direccion-investigacion-vinculacion\/grupos-de-investigacion\/fima\/\" class=\"elementor-item\">F\u00cdSICA Y MATEM\u00c1TICA<\/a><\/li>\n<\/ul>\t\t\t<\/nav>\n\t\t\t\t\t\t<nav class=\"elementor-nav-menu--dropdown elementor-nav-menu__container\" aria-hidden=\"true\">\n\t\t\t\t<ul id=\"menu-2-6707865\" class=\"elementor-nav-menu sm-vertical\"><li class=\"menu-item menu-item-type-post_type menu-item-object-page menu-item-16936\"><a href=\"https:\/\/sitios.udla.edu.ec\/direccion-investigacion-vinculacion\/grupos-de-investigacion\/alimentos-y-agroindustria\/\" class=\"elementor-item\" tabindex=\"-1\">ALIMENTOS Y AGROINDUSTRIA<\/a><\/li>\n<li class=\"menu-item menu-item-type-post_type menu-item-object-page menu-item-16423\"><a href=\"https:\/\/sitios.udla.edu.ec\/direccion-investigacion-vinculacion\/grupos-de-investigacion\/bienestar-salud-y-sociedad\/\" class=\"elementor-item\" tabindex=\"-1\">BIENESTAR, SALUD Y SOCIEDAD<\/a><\/li>\n<li class=\"menu-item menu-item-type-custom menu-item-object-custom menu-item-16424\"><a href=\"https:\/\/sitios.udla.edu.ec\/direccion-investigacion-vinculacion\/grupos-de-investigacion\/biomas\/\" class=\"elementor-item\" tabindex=\"-1\">BIODIVERSIDAD, MEDIO AMBIENTE Y SALUD<\/a><\/li>\n<li class=\"menu-item menu-item-type-custom menu-item-object-custom menu-item-16425\"><a href=\"https:\/\/sitios.udla.edu.ec\/direccion-investigacion-vinculacion\/grupos-de-investigacion\/bioquimio-informatica\/\" class=\"elementor-item\" tabindex=\"-1\">BIO-QUIMIOINFORM\u00c1TICA<\/a><\/li>\n<li class=\"menu-item menu-item-type-custom menu-item-object-custom menu-item-16426\"><a href=\"https:\/\/sitios.udla.edu.ec\/direccion-investigacion-vinculacion\/grupos-de-investigacion\/cancer\/\" class=\"elementor-item\" tabindex=\"-1\">C\u00c1NCER<\/a><\/li>\n<li class=\"menu-item menu-item-type-custom menu-item-object-custom menu-item-16429\"><a href=\"https:\/\/sitios.udla.edu.ec\/direccion-investigacion-vinculacion\/grupos-de-investigacion\/ingenierias\/\" class=\"elementor-item\" tabindex=\"-1\">ELECTR\u00d3NICA, TELECOMUNICACIONES Y TELEM\u00c1TICA<\/a><\/li>\n<li class=\"menu-item menu-item-type-custom menu-item-object-custom menu-item-16430\"><a href=\"https:\/\/sitios.udla.edu.ec\/direccion-investigacion-vinculacion\/grupos-de-investigacion\/neos\/\" class=\"elementor-item\" tabindex=\"-1\">NEGOCIOS, ECONOM\u00cdA, ORGANIZACIONES Y SOCIEDAD<\/a><\/li>\n<li class=\"menu-item menu-item-type-custom menu-item-object-custom menu-item-16431\"><a href=\"https:\/\/sitios.udla.edu.ec\/direccion-investigacion-vinculacion\/grupos-de-investigacion\/eetrop-ecologia-evolutiva-en-los-tropicos\/\" class=\"elementor-item\" tabindex=\"-1\">ECOLOG\u00cdA Y EVOLUCI\u00d3N EN LOS TR\u00d3PICOS<\/a><\/li>\n<li class=\"menu-item menu-item-type-custom menu-item-object-custom menu-item-16432\"><a href=\"https:\/\/sitios.udla.edu.ec\/direccion-investigacion-vinculacion\/grupos-de-investigacion\/onehealth\/\" class=\"elementor-item\" tabindex=\"-1\">ONE HEALTH<\/a><\/li>\n<li class=\"menu-item menu-item-type-custom menu-item-object-custom menu-item-16433\"><a href=\"https:\/\/sitios.udla.edu.ec\/direccion-investigacion-vinculacion\/grupos-de-investigacion\/si2lab\/\" class=\"elementor-item\" tabindex=\"-1\">LABORATORIO DE SISTEMAS INTELIGENTES INTERACTIVOS<\/a><\/li>\n<li class=\"menu-item menu-item-type-custom menu-item-object-custom menu-item-16434\"><a href=\"https:\/\/sitios.udla.edu.ec\/direccion-investigacion-vinculacion\/grupos-de-investigacion\/fima\/\" class=\"elementor-item\" tabindex=\"-1\">F\u00cdSICA Y MATEM\u00c1TICA<\/a><\/li>\n<\/ul>\t\t\t<\/nav>\n\t\t\t\t\t\t<\/div>\n\t\t\t\t<\/div>\n\t\t<div class=\"elementor-element elementor-element-77bcb3d e-con-full e-flex e-con e-child\" data-id=\"77bcb3d\" data-element_type=\"container\" data-e-type=\"container\">\n\t\t<div class=\"elementor-element elementor-element-3013951 e-grid e-con-full e-con e-child\" data-id=\"3013951\" data-element_type=\"container\" data-e-type=\"container\">\n\t\t\t\t<\/div>\n\t\t\t\t<\/div>\n\t\t\t\t<\/div>\n\t\t\t\t<\/div>\n\t\t<div class=\"elementor-element elementor-element-ac7b6f1 e-con-full e-flex e-con e-child\" data-id=\"ac7b6f1\" data-element_type=\"container\" data-e-type=\"container\">\n\t\t\t\t<div class=\"elementor-element elementor-element-69cc144 elementor-widget elementor-widget-text-editor\" data-id=\"69cc144\" data-element_type=\"widget\" data-e-type=\"widget\" data-widget_type=\"text-editor.default\">\n\t\t\t\t<div class=\"elementor-widget-container\">\n\t\t\t\t\t\t\t\t\t<p style=\"caret-color: #000000; color: #000000;\" data-start=\"101\" data-end=\"472\">El\u00a0Grupo de Investigaci\u00f3n Negocios, Econom\u00eda, Organizaciones y Sociedad (NEOS)\u00a0se enfoca en el estudio multidisciplinario de los factores econ\u00f3micos y sociales que impactan las estructuras organizativas y la toma de decisiones empresariales. Adem\u00e1s, analiza c\u00f3mo las organizaciones pueden contribuir al desarrollo econ\u00f3mico y al bienestar social de las comunidades.<\/p><p style=\"caret-color: #000000; color: #000000;\" data-start=\"474\" data-end=\"847\">Su trabajo abarca \u00e1reas clave como gesti\u00f3n empresarial, modelos de negocio inclusivos, sostenibilidad organizacional, innovaci\u00f3n y pol\u00edticas p\u00fablicas, evaluando su impacto en el entorno empresarial y social; <span lang=\"ES-EC\">con el objetivo de generar conocimiento en beneficio de la sociedad.<\/span><\/p>\t\t\t\t\t\t\t\t<\/div>\n\t\t\t\t<\/div>\n\t\t<div class=\"elementor-element elementor-element-91077fa e-con-full e-flex e-con e-child\" data-id=\"91077fa\" data-element_type=\"container\" data-e-type=\"container\" data-settings=\"{&quot;background_background&quot;:&quot;classic&quot;}\">\n\t\t<div class=\"elementor-element elementor-element-01c7ada e-grid e-con-full e-con e-child\" data-id=\"01c7ada\" data-element_type=\"container\" data-e-type=\"container\">\n\t\t\t\t<\/div>\n\t\t\t\t<\/div>\n\t\t<div class=\"elementor-element elementor-element-80dc7e6 e-con-full e-flex e-con e-child\" data-id=\"80dc7e6\" data-element_type=\"container\" data-e-type=\"container\">\n\t\t\t\t<div class=\"elementor-element elementor-element-bd3229f elementor-widget elementor-widget-heading\" data-id=\"bd3229f\" data-element_type=\"widget\" data-e-type=\"widget\" data-widget_type=\"heading.default\">\n\t\t\t\t<div class=\"elementor-widget-container\">\n\t\t\t\t\t<h5 class=\"elementor-heading-title elementor-size-default\">L\u00edneas de Investigaci\u00f3n<\/h5>\t\t\t\t<\/div>\n\t\t\t\t<\/div>\n\t\t\t\t<div class=\"elementor-element elementor-element-11519ee elementor-widget elementor-widget-text-editor\" data-id=\"11519ee\" data-element_type=\"widget\" data-e-type=\"widget\" data-widget_type=\"text-editor.default\">\n\t\t\t\t<div class=\"elementor-widget-container\">\n\t\t\t\t\t\t\t\t\t<ul><li>Finanzas corporativas, familiares, y personales.<\/li><li>Ecosistema empresarial.<\/li><li>Estrategia e innovaci\u00f3n empresarial.<\/li><li>Econom\u00eda de la innovaci\u00f3n.<\/li><li>Econom\u00eda de la educaci\u00f3n.<\/li><li class=\"p1\">Ecosistema empresarial.<\/li><li class=\"p1\">Econometr\u00eda aplicada.<\/li><li class=\"p1\">Estrategia e innovaci\u00f3n empresarial.<\/li><li class=\"p1\">Finanzas corporativas, familiares, y personales.<\/li><li class=\"p1\">Macroeconom\u00eda.\u00a0<\/li><li class=\"p1\">Mercado de valores.<\/li><li class=\"p1\">Mercado laboral.\u00a0<\/li><\/ul>\t\t\t\t\t\t\t\t<\/div>\n\t\t\t\t<\/div>\n\t\t\t\t<div class=\"elementor-element elementor-element-0a1e635 elementor-widget elementor-widget-heading\" data-id=\"0a1e635\" data-element_type=\"widget\" data-e-type=\"widget\" data-widget_type=\"heading.default\">\n\t\t\t\t<div class=\"elementor-widget-container\">\n\t\t\t\t\t<h5 class=\"elementor-heading-title elementor-size-default\">Alianzas Estrat\u00e9gicas<\/h5>\t\t\t\t<\/div>\n\t\t\t\t<\/div>\n\t\t\t\t<div class=\"elementor-element elementor-element-38b3471 elementor-widget elementor-widget-text-editor\" data-id=\"38b3471\" data-element_type=\"widget\" data-e-type=\"widget\" data-widget_type=\"text-editor.default\">\n\t\t\t\t<div class=\"elementor-widget-container\">\n\t\t\t\t\t\t\t\t\t<ul><li>Kumoh National Institute of Technology (Corea del Sur).<\/li><li>Hanyang University (Corea del Sur).<\/li><li>Universidad Polit\u00e9cnica de Catalu\u00f1a (Espa\u00f1a).<\/li><\/ul>\t\t\t\t\t\t\t\t<\/div>\n\t\t\t\t<\/div>\n\t\t\t\t<\/div>\n\t\t\t\t<\/div>\n\t\t\t\t<\/div>\n\t\t\t\t<section class=\"elementor-section elementor-top-section elementor-element elementor-element-a8bd29b elementor-section-content-middle elementor-section-stretched elementor-section-boxed elementor-section-height-default elementor-section-height-default elementor-invisible\" data-id=\"a8bd29b\" data-element_type=\"section\" data-e-type=\"section\" data-settings=\"{&quot;stretch_section&quot;:&quot;section-stretched&quot;,&quot;background_background&quot;:&quot;classic&quot;,&quot;animation&quot;:&quot;fadeInRight&quot;}\">\n\t\t\t\t\t\t<div class=\"elementor-container elementor-column-gap-default\">\n\t\t\t\t\t<div class=\"elementor-column elementor-col-100 elementor-top-column elementor-element elementor-element-35dceb4\" data-id=\"35dceb4\" data-element_type=\"column\" data-e-type=\"column\">\n\t\t\t<div class=\"elementor-widget-wrap elementor-element-populated\">\n\t\t\t\t\t\t<div class=\"elementor-element elementor-element-20f25bb texto-de-editor elementor-widget elementor-widget-text-editor\" data-id=\"20f25bb\" data-element_type=\"widget\" data-e-type=\"widget\" data-widget_type=\"text-editor.default\">\n\t\t\t\t<div class=\"elementor-widget-container\">\n\t\t\t\t\t\t\t\t\t<p><span class=\"TextRun SCXW80759819 BCX0\" lang=\"ES-ES\" xml:lang=\"ES-ES\" data-contrast=\"auto\"><span class=\"NormalTextRun SCXW80759819 BCX0\">Descubre m\u00e1s sobre nuestra<\/span> <span class=\"NormalTextRun SpellingErrorV2Themed SCXW80759819 BCX0\">pasi\u00f3n<\/span><span class=\"NormalTextRun SCXW80759819 BCX0\"> por la ciencia y la transformaci\u00f3n:<\/span><\/span>\u00a0<a style=\"color: #940405;\" href=\"https:\/\/sitios.udla.edu.ec\/direccion-investigacion-vinculacion\/noticias\"><strong><span style=\"color: #ffffff;\">haz clic aqu\u00ed<\/span><\/strong>.<\/a><\/p>\t\t\t\t\t\t\t\t<\/div>\n\t\t\t\t<\/div>\n\t\t\t\t\t<\/div>\n\t\t<\/div>\n\t\t\t\t\t<\/div>\n\t\t<\/section>\n\t\t\t\t<\/div>\n\t\t","protected":false},"excerpt":{"rendered":"<p>El\u00a0Grupo de Investigaci\u00f3n Negocios, Econom\u00eda, Organizaciones y Sociedad (NEOS)\u00a0se enfoca en el estudio multidisciplinario de los factores econ\u00f3micos y sociales que impactan las estructuras organizativas y la toma de decisiones empresariales. Adem\u00e1s, analiza c\u00f3mo las organizaciones pueden contribuir al desarrollo econ\u00f3mico y al bienestar social de las comunidades. Su trabajo abarca \u00e1reas clave como gesti\u00f3n&#8230;<\/p>\n","protected":false},"author":1,"featured_media":0,"parent":10266,"menu_order":0,"comment_status":"closed","ping_status":"closed","template":"","meta":{"om_disable_all_campaigns":false,"_monsterinsights_skip_tracking":false,"_monsterinsights_sitenote_active":false,"_monsterinsights_sitenote_note":"","_monsterinsights_sitenote_category":0,"footnotes":""},"class_list":["post-10537","page","type-page","status-publish","hentry"],"aioseo_notices":[],"_links":{"self":[{"href":"https:\/\/sitios.udla.edu.ec\/direccion-investigacion-vinculacion\/wp-json\/wp\/v2\/pages\/10537","targetHints":{"allow":["GET"]}}],"collection":[{"href":"https:\/\/sitios.udla.edu.ec\/direccion-investigacion-vinculacion\/wp-json\/wp\/v2\/pages"}],"about":[{"href":"https:\/\/sitios.udla.edu.ec\/direccion-investigacion-vinculacion\/wp-json\/wp\/v2\/types\/page"}],"author":[{"embeddable":true,"href":"https:\/\/sitios.udla.edu.ec\/direccion-investigacion-vinculacion\/wp-json\/wp\/v2\/users\/1"}],"replies":[{"embeddable":true,"href":"https:\/\/sitios.udla.edu.ec\/direccion-investigacion-vinculacion\/wp-json\/wp\/v2\/comments?post=10537"}],"version-history":[{"count":83,"href":"https:\/\/sitios.udla.edu.ec\/direccion-investigacion-vinculacion\/wp-json\/wp\/v2\/pages\/10537\/revisions"}],"predecessor-version":[{"id":17519,"href":"https:\/\/sitios.udla.edu.ec\/direccion-investigacion-vinculacion\/wp-json\/wp\/v2\/pages\/10537\/revisions\/17519"}],"up":[{"embeddable":true,"href":"https:\/\/sitios.udla.edu.ec\/direccion-investigacion-vinculacion\/wp-json\/wp\/v2\/pages\/10266"}],"wp:attachment":[{"href":"https:\/\/sitios.udla.edu.ec\/direccion-investigacion-vinculacion\/wp-json\/wp\/v2\/media?parent=10537"}],"curies":[{"name":"wp","href":"https:\/\/api.w.org\/{rel}","templated":true}]}}