{"id":7367,"date":"2026-01-08T12:45:04","date_gmt":"2026-01-08T17:45:04","guid":{"rendered":"https:\/\/sitios.udla.edu.ec\/ceoja\/?page_id=7367"},"modified":"2026-01-13T17:31:35","modified_gmt":"2026-01-13T22:31:35","slug":"publicaciones-de-integrantes-del-ceoja","status":"publish","type":"page","link":"https:\/\/sitios.udla.edu.ec\/ceoja\/publicaciones-de-integrantes-del-ceoja\/","title":{"rendered":"Publicaciones de integrantes del CEOJA"},"content":{"rendered":"\t\t<div data-elementor-type=\"wp-page\" data-elementor-id=\"7367\" class=\"elementor elementor-7367\" data-elementor-post-type=\"page\">\n\t\t\t\t\t\t<section class=\"elementor-section elementor-top-section elementor-element elementor-element-85211d4 elementor-section-boxed elementor-section-height-default elementor-section-height-default\" data-id=\"85211d4\" data-element_type=\"section\">\n\t\t\t\t\t\t<div class=\"elementor-container elementor-column-gap-default\">\n\t\t\t\t\t<div class=\"elementor-column elementor-col-100 elementor-top-column elementor-element elementor-element-26aa5fc\" data-id=\"26aa5fc\" data-element_type=\"column\">\n\t\t\t<div class=\"elementor-widget-wrap elementor-element-populated\">\n\t\t\t\t\t\t<div class=\"elementor-element elementor-element-4e1849e elementor-widget elementor-widget-heading\" data-id=\"4e1849e\" data-element_type=\"widget\" data-widget_type=\"heading.default\">\n\t\t\t\t<div class=\"elementor-widget-container\">\n\t\t\t<style>\/*! elementor - v3.22.0 - 24-06-2024 *\/\n.elementor-heading-title{padding:0;margin:0;line-height:1}.elementor-widget-heading .elementor-heading-title[class*=elementor-size-]>a{color:inherit;font-size:inherit;line-height:inherit}.elementor-widget-heading .elementor-heading-title.elementor-size-small{font-size:15px}.elementor-widget-heading .elementor-heading-title.elementor-size-medium{font-size:19px}.elementor-widget-heading .elementor-heading-title.elementor-size-large{font-size:29px}.elementor-widget-heading .elementor-heading-title.elementor-size-xl{font-size:39px}.elementor-widget-heading .elementor-heading-title.elementor-size-xxl{font-size:59px}<\/style><h2 class=\"elementor-heading-title elementor-size-default\"><p>Publicaciones de integrantes del CEOJA<\/p><\/h2>\t\t<\/div>\n\t\t\t\t<\/div>\n\t\t\t\t\t<\/div>\n\t\t<\/div>\n\t\t\t\t\t<\/div>\n\t\t<\/section>\n\t\t\t\t<section class=\"elementor-section elementor-top-section elementor-element elementor-element-a11c2d7 elementor-section-boxed elementor-section-height-default elementor-section-height-default\" data-id=\"a11c2d7\" data-element_type=\"section\">\n\t\t\t\t\t\t<div class=\"elementor-container elementor-column-gap-default\">\n\t\t\t\t\t<div class=\"elementor-column elementor-col-100 elementor-top-column elementor-element elementor-element-ce359fe\" data-id=\"ce359fe\" data-element_type=\"column\">\n\t\t\t<div class=\"elementor-widget-wrap elementor-element-populated\">\n\t\t\t\t\t\t<div class=\"elementor-element elementor-element-3de9930 elementor-widget elementor-widget-toggle\" data-id=\"3de9930\" data-element_type=\"widget\" data-widget_type=\"toggle.default\">\n\t\t\t\t<div class=\"elementor-widget-container\">\n\t\t\t<style>\/*! elementor - v3.22.0 - 24-06-2024 *\/\n.elementor-toggle{text-align:start}.elementor-toggle .elementor-tab-title{font-weight:700;line-height:1;margin:0;padding:15px;border-bottom:1px solid #d5d8dc;cursor:pointer;outline:none}.elementor-toggle .elementor-tab-title .elementor-toggle-icon{display:inline-block;width:1em}.elementor-toggle .elementor-tab-title .elementor-toggle-icon svg{margin-inline-start:-5px;width:1em;height:1em}.elementor-toggle .elementor-tab-title .elementor-toggle-icon.elementor-toggle-icon-right{float:right;text-align:right}.elementor-toggle .elementor-tab-title .elementor-toggle-icon.elementor-toggle-icon-left{float:left;text-align:left}.elementor-toggle .elementor-tab-title .elementor-toggle-icon .elementor-toggle-icon-closed{display:block}.elementor-toggle .elementor-tab-title .elementor-toggle-icon .elementor-toggle-icon-opened{display:none}.elementor-toggle .elementor-tab-title.elementor-active{border-bottom:none}.elementor-toggle .elementor-tab-title.elementor-active .elementor-toggle-icon-closed{display:none}.elementor-toggle .elementor-tab-title.elementor-active .elementor-toggle-icon-opened{display:block}.elementor-toggle .elementor-tab-content{padding:15px;border-bottom:1px solid #d5d8dc;display:none}@media (max-width:767px){.elementor-toggle .elementor-tab-title{padding:12px}.elementor-toggle .elementor-tab-content{padding:12px 10px}}.e-con-inner>.elementor-widget-toggle,.e-con>.elementor-widget-toggle{width:var(--container-widget-width);--flex-grow:var(--container-widget-flex-grow)}<\/style>\t\t<div class=\"elementor-toggle\">\n\t\t\t\t\t\t\t<div class=\"elementor-toggle-item\">\n\t\t\t\t\t<div id=\"elementor-tab-title-6491\" class=\"elementor-tab-title\" data-tab=\"1\" role=\"button\" aria-controls=\"elementor-tab-content-6491\" aria-expanded=\"false\">\n\t\t\t\t\t\t\t\t\t\t\t\t<span class=\"elementor-toggle-icon elementor-toggle-icon-left\" aria-hidden=\"true\">\n\t\t\t\t\t\t\t\t\t\t\t\t\t\t\t<span class=\"elementor-toggle-icon-closed\"><i class=\"fas fa-caret-right\"><\/i><\/span>\n\t\t\t\t\t\t\t\t<span class=\"elementor-toggle-icon-opened\"><i class=\"elementor-toggle-icon-opened fas fa-caret-up\"><\/i><\/span>\n\t\t\t\t\t\t\t\t\t\t\t\t\t<\/span>\n\t\t\t\t\t\t\t\t\t\t\t\t<a class=\"elementor-toggle-title\" tabindex=\"0\">Adri\u00e1n Borja - La garant\u00eda de la motivaci\u00f3n en la jurisprudencia de la Corte Constitucional  del Ecuador<\/a>\n\t\t\t\t\t<\/div>\n\n\t\t\t\t\t<div id=\"elementor-tab-content-6491\" class=\"elementor-tab-content elementor-clearfix\" data-tab=\"1\" role=\"region\" aria-labelledby=\"elementor-tab-title-6491\"><p><strong>\u2022 T\u00edtulo:<\/strong> La garant\u00eda de la motivaci\u00f3n en la jurisprudencia de la Corte Constitucional <br \/>del Ecuador<br \/><strong>\u2022 Fuente editorial:<\/strong> Revista Catalinaria Iuris \u2013 Universidad Indoamerica<br \/><strong>\u2022 Enlace:<\/strong> <a href=\"https:\/\/sitios.udla.edu.ec\/ceoja\/wp-content\/uploads\/2026\/01\/LA-GARANTIA-DE-LA-MOTIVACION-EN-EL-ORDENAMIENTO-JURIDICO-ECUATORIANO-REVISTA-CATALINA-IURIS.pdf\" target=\"_blank\" rel=\"noopener\">Ver publicaci\u00f3n\u00a0<\/a><\/p><\/div>\n\t\t\t\t<\/div>\n\t\t\t\t\t\t\t<div class=\"elementor-toggle-item\">\n\t\t\t\t\t<div id=\"elementor-tab-title-6492\" class=\"elementor-tab-title\" data-tab=\"2\" role=\"button\" aria-controls=\"elementor-tab-content-6492\" aria-expanded=\"false\">\n\t\t\t\t\t\t\t\t\t\t\t\t<span class=\"elementor-toggle-icon elementor-toggle-icon-left\" aria-hidden=\"true\">\n\t\t\t\t\t\t\t\t\t\t\t\t\t\t\t<span class=\"elementor-toggle-icon-closed\"><i class=\"fas fa-caret-right\"><\/i><\/span>\n\t\t\t\t\t\t\t\t<span class=\"elementor-toggle-icon-opened\"><i class=\"elementor-toggle-icon-opened fas fa-caret-up\"><\/i><\/span>\n\t\t\t\t\t\t\t\t\t\t\t\t\t<\/span>\n\t\t\t\t\t\t\t\t\t\t\t\t<a class=\"elementor-toggle-title\" tabindex=\"0\">Brian Valencia - Romper el C\u00edrculo: Una Voz Contra la Violencia Ecuatoriana<\/a>\n\t\t\t\t\t<\/div>\n\n\t\t\t\t\t<div id=\"elementor-tab-content-6492\" class=\"elementor-tab-content elementor-clearfix\" data-tab=\"2\" role=\"region\" aria-labelledby=\"elementor-tab-title-6492\"><p><strong>\u2022T\u00edtulo:<\/strong> Romper el C\u00edrculo: Una Voz Contra la Violencia Ecuatoriana<\/p><p><strong>\u2022Fuente editorial:<\/strong> Nexo Universitario (nexo.), Red de Prensa de la Universidad de las<br \/>Am\u00e9ricas<\/p><p><strong> \u2022Enlace:<\/strong> <a href=\"https:\/\/nexouniversitario.com\/romper-el-circulo\" target=\"_blank\" rel=\"noopener\">Ver publicaci\u00f3n\u00a0\u00a0<\/a><\/p><\/div>\n\t\t\t\t<\/div>\n\t\t\t\t\t\t\t<div class=\"elementor-toggle-item\">\n\t\t\t\t\t<div id=\"elementor-tab-title-6493\" class=\"elementor-tab-title\" data-tab=\"3\" role=\"button\" aria-controls=\"elementor-tab-content-6493\" aria-expanded=\"false\">\n\t\t\t\t\t\t\t\t\t\t\t\t<span class=\"elementor-toggle-icon elementor-toggle-icon-left\" aria-hidden=\"true\">\n\t\t\t\t\t\t\t\t\t\t\t\t\t\t\t<span class=\"elementor-toggle-icon-closed\"><i class=\"fas fa-caret-right\"><\/i><\/span>\n\t\t\t\t\t\t\t\t<span class=\"elementor-toggle-icon-opened\"><i class=\"elementor-toggle-icon-opened fas fa-caret-up\"><\/i><\/span>\n\t\t\t\t\t\t\t\t\t\t\t\t\t<\/span>\n\t\t\t\t\t\t\t\t\t\t\t\t<a class=\"elementor-toggle-title\" tabindex=\"0\">Anthony Narv\u00e1ez - Transici\u00f3n y cambio en Ecuador: una lectura de la nueva administraci\u00f3n. Cr\u00f3nica de una muerte cruzada.<\/a>\n\t\t\t\t\t<\/div>\n\n\t\t\t\t\t<div id=\"elementor-tab-content-6493\" class=\"elementor-tab-content elementor-clearfix\" data-tab=\"3\" role=\"region\" aria-labelledby=\"elementor-tab-title-6493\"><p><strong>\u2022 T\u00edtulo:<\/strong> Transici\u00f3n y cambio en Ecuador: una lectura de la nueva administraci\u00f3n.<br \/>Cr\u00f3nica de una muerte cruzada.<br \/><strong>\u2022 Fuente editorial:<\/strong> Nexo Universitario (nexo.), Red de Prensa de la Universidad de las<br \/>Am\u00e9ricas<br \/><strong>\u2022 Enlace:<\/strong> <a href=\"https:\/\/nexouniversitario.com\/transicion-y-cambio-en-ecuador\" target=\"_blank\" rel=\"noopener\">Ver publicaci\u00f3n<\/a>\u00a0\u00a0<\/p><\/div>\n\t\t\t\t<\/div>\n\t\t\t\t\t\t\t\t<\/div>\n\t\t\t\t<\/div>\n\t\t\t\t<\/div>\n\t\t\t\t\t<\/div>\n\t\t<\/div>\n\t\t\t\t\t<\/div>\n\t\t<\/section>\n\t\t\t\t<\/div>\n\t\t","protected":false},"excerpt":{"rendered":"<p>Publicaciones de integrantes del CEOJA Adri\u00e1n Borja &#8211; La garant\u00eda de la motivaci\u00f3n en la jurisprudencia de la Corte Constitucional&#8230;<\/p>\n","protected":false},"author":1,"featured_media":0,"parent":0,"menu_order":0,"comment_status":"closed","ping_status":"closed","template":"","meta":{"footnotes":""},"class_list":["post-7367","page","type-page","status-publish","hentry"],"yoast_head":"<!-- This site is optimized with the Yoast SEO plugin v25.4 - https:\/\/yoast.com\/wordpress\/plugins\/seo\/ -->\n<title>CEOJA - Nuestro Equipo<\/title>\n<meta name=\"robots\" content=\"index, follow, max-snippet:-1, max-image-preview:large, max-video-preview:-1\" \/>\n<link rel=\"canonical\" href=\"https:\/\/sitios.udla.edu.ec\/ceoja\/publicaciones-de-integrantes-del-ceoja\/\" \/>\n<meta property=\"og:locale\" content=\"es_ES\" \/>\n<meta property=\"og:type\" content=\"article\" \/>\n<meta property=\"og:title\" content=\"CEOJA - Nuestro Equipo\" \/>\n<meta property=\"og:description\" content=\"Publicaciones de integrantes del CEOJA Adri\u00e1n Borja &#8211; La garant\u00eda de la motivaci\u00f3n en la jurisprudencia de la Corte Constitucional...\" \/>\n<meta property=\"og:url\" content=\"https:\/\/sitios.udla.edu.ec\/ceoja\/publicaciones-de-integrantes-del-ceoja\/\" \/>\n<meta property=\"og:site_name\" content=\"CEOJA\" \/>\n<meta property=\"article:modified_time\" content=\"2026-01-13T22:31:35+00:00\" \/>\n<meta name=\"twitter:card\" content=\"summary_large_image\" \/>\n<meta name=\"twitter:label1\" content=\"Tiempo de lectura\" \/>\n\t<meta name=\"twitter:data1\" content=\"1 minuto\" \/>\n<script type=\"application\/ld+json\" class=\"yoast-schema-graph\">{\"@context\":\"https:\/\/schema.org\",\"@graph\":[{\"@type\":\"WebPage\",\"@id\":\"https:\/\/sitios.udla.edu.ec\/ceoja\/publicaciones-de-integrantes-del-ceoja\/\",\"url\":\"https:\/\/sitios.udla.edu.ec\/ceoja\/publicaciones-de-integrantes-del-ceoja\/\",\"name\":\"CEOJA - Nuestro Equipo\",\"isPartOf\":{\"@id\":\"https:\/\/sitios.udla.edu.ec\/ceoja\/#website\"},\"datePublished\":\"2026-01-08T17:45:04+00:00\",\"dateModified\":\"2026-01-13T22:31:35+00:00\",\"breadcrumb\":{\"@id\":\"https:\/\/sitios.udla.edu.ec\/ceoja\/publicaciones-de-integrantes-del-ceoja\/#breadcrumb\"},\"inLanguage\":\"es\",\"potentialAction\":[{\"@type\":\"ReadAction\",\"target\":[\"https:\/\/sitios.udla.edu.ec\/ceoja\/publicaciones-de-integrantes-del-ceoja\/\"]}]},{\"@type\":\"BreadcrumbList\",\"@id\":\"https:\/\/sitios.udla.edu.ec\/ceoja\/publicaciones-de-integrantes-del-ceoja\/#breadcrumb\",\"itemListElement\":[{\"@type\":\"ListItem\",\"position\":1,\"name\":\"Portada\",\"item\":\"https:\/\/sitios.udla.edu.ec\/ceoja\/\"},{\"@type\":\"ListItem\",\"position\":2,\"name\":\"Publicaciones de integrantes del CEOJA\"}]},{\"@type\":\"WebSite\",\"@id\":\"https:\/\/sitios.udla.edu.ec\/ceoja\/#website\",\"url\":\"https:\/\/sitios.udla.edu.ec\/ceoja\/\",\"name\":\"CEOJA\",\"description\":\"CEOJA UDLA\",\"publisher\":{\"@id\":\"https:\/\/sitios.udla.edu.ec\/ceoja\/#organization\"},\"potentialAction\":[{\"@type\":\"SearchAction\",\"target\":{\"@type\":\"EntryPoint\",\"urlTemplate\":\"https:\/\/sitios.udla.edu.ec\/ceoja\/?s={search_term_string}\"},\"query-input\":{\"@type\":\"PropertyValueSpecification\",\"valueRequired\":true,\"valueName\":\"search_term_string\"}}],\"inLanguage\":\"es\"},{\"@type\":\"Organization\",\"@id\":\"https:\/\/sitios.udla.edu.ec\/ceoja\/#organization\",\"name\":\"CEOJA\",\"url\":\"https:\/\/sitios.udla.edu.ec\/ceoja\/\",\"logo\":{\"@type\":\"ImageObject\",\"inLanguage\":\"es\",\"@id\":\"https:\/\/sitios.udla.edu.ec\/ceoja\/#\/schema\/logo\/image\/\",\"url\":\"https:\/\/sitios.udla.edu.ec\/ceoja\/wp-content\/uploads\/2023\/09\/cropped-cropped-cropped-ceoja-cuadrada-1-1.png\",\"contentUrl\":\"https:\/\/sitios.udla.edu.ec\/ceoja\/wp-content\/uploads\/2023\/09\/cropped-cropped-cropped-ceoja-cuadrada-1-1.png\",\"width\":250,\"height\":250,\"caption\":\"CEOJA\"},\"image\":{\"@id\":\"https:\/\/sitios.udla.edu.ec\/ceoja\/#\/schema\/logo\/image\/\"}}]}<\/script>\n<!-- \/ Yoast SEO plugin. -->","yoast_head_json":{"title":"CEOJA - Nuestro Equipo","robots":{"index":"index","follow":"follow","max-snippet":"max-snippet:-1","max-image-preview":"max-image-preview:large","max-video-preview":"max-video-preview:-1"},"canonical":"https:\/\/sitios.udla.edu.ec\/ceoja\/publicaciones-de-integrantes-del-ceoja\/","og_locale":"es_ES","og_type":"article","og_title":"CEOJA - Nuestro Equipo","og_description":"Publicaciones de integrantes del CEOJA Adri\u00e1n Borja &#8211; La garant\u00eda de la motivaci\u00f3n en la jurisprudencia de la Corte Constitucional...","og_url":"https:\/\/sitios.udla.edu.ec\/ceoja\/publicaciones-de-integrantes-del-ceoja\/","og_site_name":"CEOJA","article_modified_time":"2026-01-13T22:31:35+00:00","twitter_card":"summary_large_image","twitter_misc":{"Tiempo de lectura":"1 minuto"},"schema":{"@context":"https:\/\/schema.org","@graph":[{"@type":"WebPage","@id":"https:\/\/sitios.udla.edu.ec\/ceoja\/publicaciones-de-integrantes-del-ceoja\/","url":"https:\/\/sitios.udla.edu.ec\/ceoja\/publicaciones-de-integrantes-del-ceoja\/","name":"CEOJA - Nuestro Equipo","isPartOf":{"@id":"https:\/\/sitios.udla.edu.ec\/ceoja\/#website"},"datePublished":"2026-01-08T17:45:04+00:00","dateModified":"2026-01-13T22:31:35+00:00","breadcrumb":{"@id":"https:\/\/sitios.udla.edu.ec\/ceoja\/publicaciones-de-integrantes-del-ceoja\/#breadcrumb"},"inLanguage":"es","potentialAction":[{"@type":"ReadAction","target":["https:\/\/sitios.udla.edu.ec\/ceoja\/publicaciones-de-integrantes-del-ceoja\/"]}]},{"@type":"BreadcrumbList","@id":"https:\/\/sitios.udla.edu.ec\/ceoja\/publicaciones-de-integrantes-del-ceoja\/#breadcrumb","itemListElement":[{"@type":"ListItem","position":1,"name":"Portada","item":"https:\/\/sitios.udla.edu.ec\/ceoja\/"},{"@type":"ListItem","position":2,"name":"Publicaciones de integrantes del CEOJA"}]},{"@type":"WebSite","@id":"https:\/\/sitios.udla.edu.ec\/ceoja\/#website","url":"https:\/\/sitios.udla.edu.ec\/ceoja\/","name":"CEOJA","description":"CEOJA UDLA","publisher":{"@id":"https:\/\/sitios.udla.edu.ec\/ceoja\/#organization"},"potentialAction":[{"@type":"SearchAction","target":{"@type":"EntryPoint","urlTemplate":"https:\/\/sitios.udla.edu.ec\/ceoja\/?s={search_term_string}"},"query-input":{"@type":"PropertyValueSpecification","valueRequired":true,"valueName":"search_term_string"}}],"inLanguage":"es"},{"@type":"Organization","@id":"https:\/\/sitios.udla.edu.ec\/ceoja\/#organization","name":"CEOJA","url":"https:\/\/sitios.udla.edu.ec\/ceoja\/","logo":{"@type":"ImageObject","inLanguage":"es","@id":"https:\/\/sitios.udla.edu.ec\/ceoja\/#\/schema\/logo\/image\/","url":"https:\/\/sitios.udla.edu.ec\/ceoja\/wp-content\/uploads\/2023\/09\/cropped-cropped-cropped-ceoja-cuadrada-1-1.png","contentUrl":"https:\/\/sitios.udla.edu.ec\/ceoja\/wp-content\/uploads\/2023\/09\/cropped-cropped-cropped-ceoja-cuadrada-1-1.png","width":250,"height":250,"caption":"CEOJA"},"image":{"@id":"https:\/\/sitios.udla.edu.ec\/ceoja\/#\/schema\/logo\/image\/"}}]}},"_links":{"self":[{"href":"https:\/\/sitios.udla.edu.ec\/ceoja\/wp-json\/wp\/v2\/pages\/7367","targetHints":{"allow":["GET"]}}],"collection":[{"href":"https:\/\/sitios.udla.edu.ec\/ceoja\/wp-json\/wp\/v2\/pages"}],"about":[{"href":"https:\/\/sitios.udla.edu.ec\/ceoja\/wp-json\/wp\/v2\/types\/page"}],"author":[{"embeddable":true,"href":"https:\/\/sitios.udla.edu.ec\/ceoja\/wp-json\/wp\/v2\/users\/1"}],"replies":[{"embeddable":true,"href":"https:\/\/sitios.udla.edu.ec\/ceoja\/wp-json\/wp\/v2\/comments?post=7367"}],"version-history":[{"count":11,"href":"https:\/\/sitios.udla.edu.ec\/ceoja\/wp-json\/wp\/v2\/pages\/7367\/revisions"}],"predecessor-version":[{"id":7386,"href":"https:\/\/sitios.udla.edu.ec\/ceoja\/wp-json\/wp\/v2\/pages\/7367\/revisions\/7386"}],"wp:attachment":[{"href":"https:\/\/sitios.udla.edu.ec\/ceoja\/wp-json\/wp\/v2\/media?parent=7367"}],"curies":[{"name":"wp","href":"https:\/\/api.w.org\/{rel}","templated":true}]}}