{"id":7297,"date":"2025-11-18T14:52:55","date_gmt":"2025-11-18T19:52:55","guid":{"rendered":"https:\/\/sitios.udla.edu.ec\/ceoja\/?page_id=7297"},"modified":"2025-11-18T16:25:39","modified_gmt":"2025-11-18T21:25:39","slug":"innovacion-y-diferenciadores-academicos","status":"publish","type":"page","link":"https:\/\/sitios.udla.edu.ec\/ceoja\/innovacion-y-diferenciadores-academicos\/","title":{"rendered":"Innovaci\u00f3n y diferenciadores acad\u00e9micos"},"content":{"rendered":"\t\t<div data-elementor-type=\"wp-page\" data-elementor-id=\"7297\" class=\"elementor elementor-7297\" data-elementor-post-type=\"page\">\n\t\t\t\t\t\t<section class=\"elementor-section elementor-top-section elementor-element elementor-element-85211d4 elementor-section-boxed elementor-section-height-default elementor-section-height-default\" data-id=\"85211d4\" data-element_type=\"section\">\n\t\t\t\t\t\t<div class=\"elementor-container elementor-column-gap-default\">\n\t\t\t\t\t<div class=\"elementor-column elementor-col-100 elementor-top-column elementor-element elementor-element-26aa5fc\" data-id=\"26aa5fc\" data-element_type=\"column\">\n\t\t\t<div class=\"elementor-widget-wrap elementor-element-populated\">\n\t\t\t\t\t\t<div class=\"elementor-element elementor-element-4e1849e elementor-widget elementor-widget-heading\" data-id=\"4e1849e\" data-element_type=\"widget\" data-widget_type=\"heading.default\">\n\t\t\t\t<div class=\"elementor-widget-container\">\n\t\t\t<style>\/*! elementor - v3.22.0 - 24-06-2024 *\/\n.elementor-heading-title{padding:0;margin:0;line-height:1}.elementor-widget-heading .elementor-heading-title[class*=elementor-size-]>a{color:inherit;font-size:inherit;line-height:inherit}.elementor-widget-heading .elementor-heading-title.elementor-size-small{font-size:15px}.elementor-widget-heading .elementor-heading-title.elementor-size-medium{font-size:19px}.elementor-widget-heading .elementor-heading-title.elementor-size-large{font-size:29px}.elementor-widget-heading .elementor-heading-title.elementor-size-xl{font-size:39px}.elementor-widget-heading .elementor-heading-title.elementor-size-xxl{font-size:59px}<\/style><h2 class=\"elementor-heading-title elementor-size-default\"><p>INNOVACI\u00d3N Y DIFERENCIADORES ACAD\u00c9MICOS<\/p><\/h2>\t\t<\/div>\n\t\t\t\t<\/div>\n\t\t\t\t\t<\/div>\n\t\t<\/div>\n\t\t\t\t\t<\/div>\n\t\t<\/section>\n\t\t\t\t<section class=\"elementor-section elementor-top-section elementor-element elementor-element-a7bdad5 elementor-section-boxed elementor-section-height-default elementor-section-height-default\" data-id=\"a7bdad5\" data-element_type=\"section\">\n\t\t\t\t\t\t<div class=\"elementor-container elementor-column-gap-default\">\n\t\t\t\t\t<div class=\"elementor-column elementor-col-100 elementor-top-column elementor-element elementor-element-8a424e4\" data-id=\"8a424e4\" data-element_type=\"column\">\n\t\t\t<div class=\"elementor-widget-wrap elementor-element-populated\">\n\t\t\t\t\t\t<div class=\"elementor-element elementor-element-1be0288 elementor-widget elementor-widget-text-editor\" data-id=\"1be0288\" data-element_type=\"widget\" data-widget_type=\"text-editor.default\">\n\t\t\t\t<div class=\"elementor-widget-container\">\n\t\t\t<style>\/*! elementor - v3.22.0 - 24-06-2024 *\/\n.elementor-widget-text-editor.elementor-drop-cap-view-stacked .elementor-drop-cap{background-color:#69727d;color:#fff}.elementor-widget-text-editor.elementor-drop-cap-view-framed .elementor-drop-cap{color:#69727d;border:3px solid;background-color:transparent}.elementor-widget-text-editor:not(.elementor-drop-cap-view-default) .elementor-drop-cap{margin-top:8px}.elementor-widget-text-editor:not(.elementor-drop-cap-view-default) .elementor-drop-cap-letter{width:1em;height:1em}.elementor-widget-text-editor .elementor-drop-cap{float:left;text-align:center;line-height:1;font-size:50px}.elementor-widget-text-editor .elementor-drop-cap-letter{display:inline-block}<\/style>\t\t\t\t<p>El Centro de Escritura, Oralidad Jur\u00eddica y Argumentaci\u00f3n (CEOJA) representa una propuesta pedag\u00f3gica pionera en la formaci\u00f3n jur\u00eddica del pa\u00eds. Su modelo acad\u00e9mico se sustenta en el desarrollo de competencias comunicativas aplicadas al derecho, articulando innovaci\u00f3n, excelencia y compromiso \u00e9tico. A continuaci\u00f3n, se detallan sus principales diferenciadores:<\/p>\t\t\t\t\t\t<\/div>\n\t\t\t\t<\/div>\n\t\t\t\t\t<\/div>\n\t\t<\/div>\n\t\t\t\t\t<\/div>\n\t\t<\/section>\n\t\t\t\t<section class=\"elementor-section elementor-top-section elementor-element elementor-element-a11c2d7 elementor-section-boxed elementor-section-height-default elementor-section-height-default\" data-id=\"a11c2d7\" data-element_type=\"section\">\n\t\t\t\t\t\t<div class=\"elementor-container elementor-column-gap-default\">\n\t\t\t\t\t<div class=\"elementor-column elementor-col-100 elementor-top-column elementor-element elementor-element-ce359fe\" data-id=\"ce359fe\" data-element_type=\"column\">\n\t\t\t<div class=\"elementor-widget-wrap elementor-element-populated\">\n\t\t\t\t\t\t<div class=\"elementor-element elementor-element-3de9930 elementor-widget elementor-widget-toggle\" data-id=\"3de9930\" data-element_type=\"widget\" data-widget_type=\"toggle.default\">\n\t\t\t\t<div class=\"elementor-widget-container\">\n\t\t\t<style>\/*! elementor - v3.22.0 - 24-06-2024 *\/\n.elementor-toggle{text-align:start}.elementor-toggle .elementor-tab-title{font-weight:700;line-height:1;margin:0;padding:15px;border-bottom:1px solid #d5d8dc;cursor:pointer;outline:none}.elementor-toggle .elementor-tab-title .elementor-toggle-icon{display:inline-block;width:1em}.elementor-toggle .elementor-tab-title .elementor-toggle-icon svg{margin-inline-start:-5px;width:1em;height:1em}.elementor-toggle .elementor-tab-title .elementor-toggle-icon.elementor-toggle-icon-right{float:right;text-align:right}.elementor-toggle .elementor-tab-title .elementor-toggle-icon.elementor-toggle-icon-left{float:left;text-align:left}.elementor-toggle .elementor-tab-title .elementor-toggle-icon .elementor-toggle-icon-closed{display:block}.elementor-toggle .elementor-tab-title .elementor-toggle-icon .elementor-toggle-icon-opened{display:none}.elementor-toggle .elementor-tab-title.elementor-active{border-bottom:none}.elementor-toggle .elementor-tab-title.elementor-active .elementor-toggle-icon-closed{display:none}.elementor-toggle .elementor-tab-title.elementor-active .elementor-toggle-icon-opened{display:block}.elementor-toggle .elementor-tab-content{padding:15px;border-bottom:1px solid #d5d8dc;display:none}@media (max-width:767px){.elementor-toggle .elementor-tab-title{padding:12px}.elementor-toggle .elementor-tab-content{padding:12px 10px}}.e-con-inner>.elementor-widget-toggle,.e-con>.elementor-widget-toggle{width:var(--container-widget-width);--flex-grow:var(--container-widget-flex-grow)}<\/style>\t\t<div class=\"elementor-toggle\">\n\t\t\t\t\t\t\t<div class=\"elementor-toggle-item\">\n\t\t\t\t\t<div id=\"elementor-tab-title-6491\" class=\"elementor-tab-title\" data-tab=\"1\" role=\"button\" aria-controls=\"elementor-tab-content-6491\" aria-expanded=\"false\">\n\t\t\t\t\t\t\t\t\t\t\t\t<span class=\"elementor-toggle-icon elementor-toggle-icon-left\" aria-hidden=\"true\">\n\t\t\t\t\t\t\t\t\t\t\t\t\t\t\t<span class=\"elementor-toggle-icon-closed\"><i class=\"fas fa-caret-right\"><\/i><\/span>\n\t\t\t\t\t\t\t\t<span class=\"elementor-toggle-icon-opened\"><i class=\"elementor-toggle-icon-opened fas fa-caret-up\"><\/i><\/span>\n\t\t\t\t\t\t\t\t\t\t\t\t\t<\/span>\n\t\t\t\t\t\t\t\t\t\t\t\t<a class=\"elementor-toggle-title\" tabindex=\"0\">Tutor\u00eda entre pares especializada en derecho<\/a>\n\t\t\t\t\t<\/div>\n\n\t\t\t\t\t<div id=\"elementor-tab-content-6491\" class=\"elementor-tab-content elementor-clearfix\" data-tab=\"1\" role=\"region\" aria-labelledby=\"elementor-tab-title-6491\"><p>El CEOJA implementa un modelo de <strong>tutor\u00edas acad\u00e9micas entre pares<\/strong> centrado en la <strong>escritura jur\u00eddica, la oralidad y la argumentaci\u00f3n<\/strong>, donde estudiantes avanzados, previamente capacitados, acompa\u00f1an a sus compa\u00f1eros desde una pedagog\u00eda <strong>horizontal, rigurosa y emp\u00e1tica<\/strong>. Este modelo contribuye a una comprensi\u00f3n m\u00e1s t\u00e9cnica y accesible del derecho, promoviendo el <strong>aprendizaje colaborativo<\/strong> y el <strong>pensamiento cr\u00edtico<\/strong>.<\/p><\/div>\n\t\t\t\t<\/div>\n\t\t\t\t\t\t\t<div class=\"elementor-toggle-item\">\n\t\t\t\t\t<div id=\"elementor-tab-title-6492\" class=\"elementor-tab-title\" data-tab=\"2\" role=\"button\" aria-controls=\"elementor-tab-content-6492\" aria-expanded=\"false\">\n\t\t\t\t\t\t\t\t\t\t\t\t<span class=\"elementor-toggle-icon elementor-toggle-icon-left\" aria-hidden=\"true\">\n\t\t\t\t\t\t\t\t\t\t\t\t\t\t\t<span class=\"elementor-toggle-icon-closed\"><i class=\"fas fa-caret-right\"><\/i><\/span>\n\t\t\t\t\t\t\t\t<span class=\"elementor-toggle-icon-opened\"><i class=\"elementor-toggle-icon-opened fas fa-caret-up\"><\/i><\/span>\n\t\t\t\t\t\t\t\t\t\t\t\t\t<\/span>\n\t\t\t\t\t\t\t\t\t\t\t\t<a class=\"elementor-toggle-title\" tabindex=\"0\">Diagn\u00f3stico y seguimiento longitudinal de escritura jur\u00eddica<\/a>\n\t\t\t\t\t<\/div>\n\n\t\t\t\t\t<div id=\"elementor-tab-content-6492\" class=\"elementor-tab-content elementor-clearfix\" data-tab=\"2\" role=\"region\" aria-labelledby=\"elementor-tab-title-6492\"><p>Desde 2024, el CEOJA aplica <strong>diagn\u00f3sticos de escritura jur\u00eddica<\/strong> en programas de posgrado y desarrolla un <strong>seguimiento longitudinal<\/strong> del progreso de los estudiantes. Este proceso permite <strong>evaluar avances, detectar debilidades<\/strong> y dise\u00f1ar <strong>estrategias personalizadas de mejora<\/strong>, fortaleciendo la calidad de la redacci\u00f3n jur\u00eddica y el desarrollo sostenido de las competencias comunicativas<\/p><\/div>\n\t\t\t\t<\/div>\n\t\t\t\t\t\t\t<div class=\"elementor-toggle-item\">\n\t\t\t\t\t<div id=\"elementor-tab-title-6493\" class=\"elementor-tab-title\" data-tab=\"3\" role=\"button\" aria-controls=\"elementor-tab-content-6493\" aria-expanded=\"false\">\n\t\t\t\t\t\t\t\t\t\t\t\t<span class=\"elementor-toggle-icon elementor-toggle-icon-left\" aria-hidden=\"true\">\n\t\t\t\t\t\t\t\t\t\t\t\t\t\t\t<span class=\"elementor-toggle-icon-closed\"><i class=\"fas fa-caret-right\"><\/i><\/span>\n\t\t\t\t\t\t\t\t<span class=\"elementor-toggle-icon-opened\"><i class=\"elementor-toggle-icon-opened fas fa-caret-up\"><\/i><\/span>\n\t\t\t\t\t\t\t\t\t\t\t\t\t<\/span>\n\t\t\t\t\t\t\t\t\t\t\t\t<a class=\"elementor-toggle-title\" tabindex=\"0\">Producci\u00f3n propia de recursos acad\u00e9micos<\/a>\n\t\t\t\t\t<\/div>\n\n\t\t\t\t\t<div id=\"elementor-tab-content-6493\" class=\"elementor-tab-content elementor-clearfix\" data-tab=\"3\" role=\"region\" aria-labelledby=\"elementor-tab-title-6493\"><p>El CEOJA ha producido m\u00e1s de <strong>20 recursos did\u00e1cticos originales<\/strong>, entre ellos glosarios, c\u00e1psulas interactivas, manuales de normas APA, gu\u00edas de argumentaci\u00f3n y juegos pedag\u00f3gicos como Jutsu Jur\u00eddico. Estos materiales <strong>fortalecen la autonom\u00eda estudiantil, dinamizan el aprendizaje<\/strong> y <strong>facilitan el acceso a herramientas adaptadas al contexto jur\u00eddico ecuatoriano<\/strong>, consolidando un enfoque pedag\u00f3gico innovador.<\/p><\/div>\n\t\t\t\t<\/div>\n\t\t\t\t\t\t\t<div class=\"elementor-toggle-item\">\n\t\t\t\t\t<div id=\"elementor-tab-title-6494\" class=\"elementor-tab-title\" data-tab=\"4\" role=\"button\" aria-controls=\"elementor-tab-content-6494\" aria-expanded=\"false\">\n\t\t\t\t\t\t\t\t\t\t\t\t<span class=\"elementor-toggle-icon elementor-toggle-icon-left\" aria-hidden=\"true\">\n\t\t\t\t\t\t\t\t\t\t\t\t\t\t\t<span class=\"elementor-toggle-icon-closed\"><i class=\"fas fa-caret-right\"><\/i><\/span>\n\t\t\t\t\t\t\t\t<span class=\"elementor-toggle-icon-opened\"><i class=\"elementor-toggle-icon-opened fas fa-caret-up\"><\/i><\/span>\n\t\t\t\t\t\t\t\t\t\t\t\t\t<\/span>\n\t\t\t\t\t\t\t\t\t\t\t\t<a class=\"elementor-toggle-title\" tabindex=\"0\">Enfoque interdisciplinario e interfacultades<\/a>\n\t\t\t\t\t<\/div>\n\n\t\t\t\t\t<div id=\"elementor-tab-content-6494\" class=\"elementor-tab-content elementor-clearfix\" data-tab=\"4\" role=\"region\" aria-labelledby=\"elementor-tab-title-6494\"><p>El CEOJA colabora activamente con unidades acad\u00e9micas como la <strong>Escuela de Humanidades y Relaciones Internacionales<\/strong>, impulsando proyectos como el <strong>Concurso de Microensayos<\/strong> sobre dictaduras e inteligencia artificial. Esta interacci\u00f3n <strong>ampl\u00eda la formaci\u00f3n jur\u00eddica desde una perspectiva integral, \u00e9tica y humanista<\/strong>, enriqueciendo el aprendizaje y la reflexi\u00f3n cr\u00edtica entre disciplinas.<\/p><\/div>\n\t\t\t\t<\/div>\n\t\t\t\t\t\t\t<div class=\"elementor-toggle-item\">\n\t\t\t\t\t<div id=\"elementor-tab-title-6495\" class=\"elementor-tab-title\" data-tab=\"5\" role=\"button\" aria-controls=\"elementor-tab-content-6495\" aria-expanded=\"false\">\n\t\t\t\t\t\t\t\t\t\t\t\t<span class=\"elementor-toggle-icon elementor-toggle-icon-left\" aria-hidden=\"true\">\n\t\t\t\t\t\t\t\t\t\t\t\t\t\t\t<span class=\"elementor-toggle-icon-closed\"><i class=\"fas fa-caret-right\"><\/i><\/span>\n\t\t\t\t\t\t\t\t<span class=\"elementor-toggle-icon-opened\"><i class=\"elementor-toggle-icon-opened fas fa-caret-up\"><\/i><\/span>\n\t\t\t\t\t\t\t\t\t\t\t\t\t<\/span>\n\t\t\t\t\t\t\t\t\t\t\t\t<a class=\"elementor-toggle-title\" tabindex=\"0\">Internacionalizaci\u00f3n y movilidad estudiantil<\/a>\n\t\t\t\t\t<\/div>\n\n\t\t\t\t\t<div id=\"elementor-tab-content-6495\" class=\"elementor-tab-content elementor-clearfix\" data-tab=\"5\" role=\"region\" aria-labelledby=\"elementor-tab-title-6495\"><p>El CEOJA ha participado en destacados espacios internacionales como el <strong>Congreso I Latina (Per\u00fa)<\/strong> y el <strong>programa de formaci\u00f3n jur\u00eddica en Alemania<\/strong>, en colaboraci\u00f3n con la <strong>Europ\u00e4ische Akademie Otzenhausen y el Tecnol\u00f3gico de Monterrey<\/strong>. Estas experiencias <strong>promueven el di\u00e1logo jur\u00eddico internacional<\/strong>, fortalecen la <strong>visi\u00f3n comparada del derecho<\/strong> y potencian la <strong>inserci\u00f3n de los estudiantes en redes acad\u00e9micas globales<\/strong>.<\/p><\/div>\n\t\t\t\t<\/div>\n\t\t\t\t\t\t\t<div class=\"elementor-toggle-item\">\n\t\t\t\t\t<div id=\"elementor-tab-title-6496\" class=\"elementor-tab-title\" data-tab=\"6\" role=\"button\" aria-controls=\"elementor-tab-content-6496\" aria-expanded=\"false\">\n\t\t\t\t\t\t\t\t\t\t\t\t<span class=\"elementor-toggle-icon elementor-toggle-icon-left\" aria-hidden=\"true\">\n\t\t\t\t\t\t\t\t\t\t\t\t\t\t\t<span class=\"elementor-toggle-icon-closed\"><i class=\"fas fa-caret-right\"><\/i><\/span>\n\t\t\t\t\t\t\t\t<span class=\"elementor-toggle-icon-opened\"><i class=\"elementor-toggle-icon-opened fas fa-caret-up\"><\/i><\/span>\n\t\t\t\t\t\t\t\t\t\t\t\t\t<\/span>\n\t\t\t\t\t\t\t\t\t\t\t\t<a class=\"elementor-toggle-title\" tabindex=\"0\">Formaci\u00f3n continua de tutores<\/a>\n\t\t\t\t\t<\/div>\n\n\t\t\t\t\t<div id=\"elementor-tab-content-6496\" class=\"elementor-tab-content elementor-clearfix\" data-tab=\"6\" role=\"region\" aria-labelledby=\"elementor-tab-title-6496\"><p>El CEOJA ejecuta un <strong>programa de capacitaci\u00f3n continua<\/strong> para tutores, con m\u00e1s de <strong>30 horas semestrales<\/strong> en temas como razonamiento probatorio, uso acad\u00e9mico de la inteligencia artificial, oralidad judicial, escritura cient\u00edfica y metodolog\u00edas de ense\u00f1anza. Este proceso <strong>garantiza la calidad acad\u00e9mica del servicio y potencia el desarrollo profesional<\/strong> de los miembros del centro.<\/p><\/div>\n\t\t\t\t<\/div>\n\t\t\t\t\t\t\t<div class=\"elementor-toggle-item\">\n\t\t\t\t\t<div id=\"elementor-tab-title-6497\" class=\"elementor-tab-title\" data-tab=\"7\" role=\"button\" aria-controls=\"elementor-tab-content-6497\" aria-expanded=\"false\">\n\t\t\t\t\t\t\t\t\t\t\t\t<span class=\"elementor-toggle-icon elementor-toggle-icon-left\" aria-hidden=\"true\">\n\t\t\t\t\t\t\t\t\t\t\t\t\t\t\t<span class=\"elementor-toggle-icon-closed\"><i class=\"fas fa-caret-right\"><\/i><\/span>\n\t\t\t\t\t\t\t\t<span class=\"elementor-toggle-icon-opened\"><i class=\"elementor-toggle-icon-opened fas fa-caret-up\"><\/i><\/span>\n\t\t\t\t\t\t\t\t\t\t\t\t\t<\/span>\n\t\t\t\t\t\t\t\t\t\t\t\t<a class=\"elementor-toggle-title\" tabindex=\"0\">Plataforma de agendamiento (Bookeau)<\/a>\n\t\t\t\t\t<\/div>\n\n\t\t\t\t\t<div id=\"elementor-tab-content-6497\" class=\"elementor-tab-content elementor-clearfix\" data-tab=\"7\" role=\"region\" aria-labelledby=\"elementor-tab-title-6497\"><p>El centro utiliza <strong>Bookeau<\/strong>, una plataforma institucional de a<strong>gendamiento y registro de tutor\u00edas<\/strong> que facilita la generaci\u00f3n de reportes, el monitoreo de frecuencias y la transparencia en la gesti\u00f3n. Esta herramienta <strong>optimiza la eficiencia administrativa, sistematiza los procesos acad\u00e9micos y permite la toma de decisiones basadas en datos reales<\/strong>.<\/p><\/div>\n\t\t\t\t<\/div>\n\t\t\t\t\t\t\t<div class=\"elementor-toggle-item\">\n\t\t\t\t\t<div id=\"elementor-tab-title-6498\" class=\"elementor-tab-title\" data-tab=\"8\" role=\"button\" aria-controls=\"elementor-tab-content-6498\" aria-expanded=\"false\">\n\t\t\t\t\t\t\t\t\t\t\t\t<span class=\"elementor-toggle-icon elementor-toggle-icon-left\" aria-hidden=\"true\">\n\t\t\t\t\t\t\t\t\t\t\t\t\t\t\t<span class=\"elementor-toggle-icon-closed\"><i class=\"fas fa-caret-right\"><\/i><\/span>\n\t\t\t\t\t\t\t\t<span class=\"elementor-toggle-icon-opened\"><i class=\"elementor-toggle-icon-opened fas fa-caret-up\"><\/i><\/span>\n\t\t\t\t\t\t\t\t\t\t\t\t\t<\/span>\n\t\t\t\t\t\t\t\t\t\t\t\t<a class=\"elementor-toggle-title\" tabindex=\"0\">Visibilidad institucional y producci\u00f3n acad\u00e9mica estudiantil<\/a>\n\t\t\t\t\t<\/div>\n\n\t\t\t\t\t<div id=\"elementor-tab-content-6498\" class=\"elementor-tab-content elementor-clearfix\" data-tab=\"8\" role=\"region\" aria-labelledby=\"elementor-tab-title-6498\"><p>El CEOJA impulsa la <strong>autor\u00eda y participaci\u00f3n acad\u00e9mica estudiantil<\/strong> mediante publicaciones, ponencias y concursos en los que varios de sus miembros han sido reconocidos a nivel nacional e internacional. Estas acciones <strong>consolidan una cultura de investigaci\u00f3n, refuerzan la identidad acad\u00e9mica de la Facultad de Derecho y proyectan a sus estudiantes como protagonistas del pensamiento jur\u00eddico contempor\u00e1neo<\/strong>.<\/p><\/div>\n\t\t\t\t<\/div>\n\t\t\t\t\t\t\t\t<\/div>\n\t\t\t\t<\/div>\n\t\t\t\t<\/div>\n\t\t\t\t\t<\/div>\n\t\t<\/div>\n\t\t\t\t\t<\/div>\n\t\t<\/section>\n\t\t\t\t<\/div>\n\t\t","protected":false},"excerpt":{"rendered":"<p>INNOVACI\u00d3N Y DIFERENCIADORES ACAD\u00c9MICOS El Centro de Escritura, Oralidad Jur\u00eddica y Argumentaci\u00f3n (CEOJA) representa una propuesta pedag\u00f3gica pionera en la&#8230;<\/p>\n","protected":false},"author":1,"featured_media":0,"parent":0,"menu_order":0,"comment_status":"closed","ping_status":"closed","template":"","meta":{"footnotes":""},"class_list":["post-7297","page","type-page","status-publish","hentry"],"yoast_head":"<!-- This site is optimized with the Yoast SEO plugin v25.4 - https:\/\/yoast.com\/wordpress\/plugins\/seo\/ -->\n<title>CEOJA - Nuestro Equipo<\/title>\n<meta name=\"robots\" content=\"index, follow, max-snippet:-1, max-image-preview:large, max-video-preview:-1\" \/>\n<link rel=\"canonical\" href=\"https:\/\/sitios.udla.edu.ec\/ceoja\/innovacion-y-diferenciadores-academicos\/\" \/>\n<meta property=\"og:locale\" content=\"es_ES\" \/>\n<meta property=\"og:type\" content=\"article\" \/>\n<meta property=\"og:title\" content=\"CEOJA - Nuestro Equipo\" \/>\n<meta property=\"og:description\" content=\"INNOVACI\u00d3N Y DIFERENCIADORES ACAD\u00c9MICOS El Centro de Escritura, Oralidad Jur\u00eddica y Argumentaci\u00f3n (CEOJA) representa una propuesta pedag\u00f3gica pionera en la...\" \/>\n<meta property=\"og:url\" content=\"https:\/\/sitios.udla.edu.ec\/ceoja\/innovacion-y-diferenciadores-academicos\/\" \/>\n<meta property=\"og:site_name\" content=\"CEOJA\" \/>\n<meta property=\"article:modified_time\" content=\"2025-11-18T21:25:39+00:00\" \/>\n<meta name=\"twitter:card\" content=\"summary_large_image\" \/>\n<meta name=\"twitter:label1\" content=\"Tiempo de lectura\" \/>\n\t<meta name=\"twitter:data1\" content=\"3 minutos\" \/>\n<script type=\"application\/ld+json\" class=\"yoast-schema-graph\">{\"@context\":\"https:\/\/schema.org\",\"@graph\":[{\"@type\":\"WebPage\",\"@id\":\"https:\/\/sitios.udla.edu.ec\/ceoja\/innovacion-y-diferenciadores-academicos\/\",\"url\":\"https:\/\/sitios.udla.edu.ec\/ceoja\/innovacion-y-diferenciadores-academicos\/\",\"name\":\"CEOJA - Nuestro Equipo\",\"isPartOf\":{\"@id\":\"https:\/\/sitios.udla.edu.ec\/ceoja\/#website\"},\"datePublished\":\"2025-11-18T19:52:55+00:00\",\"dateModified\":\"2025-11-18T21:25:39+00:00\",\"breadcrumb\":{\"@id\":\"https:\/\/sitios.udla.edu.ec\/ceoja\/innovacion-y-diferenciadores-academicos\/#breadcrumb\"},\"inLanguage\":\"es\",\"potentialAction\":[{\"@type\":\"ReadAction\",\"target\":[\"https:\/\/sitios.udla.edu.ec\/ceoja\/innovacion-y-diferenciadores-academicos\/\"]}]},{\"@type\":\"BreadcrumbList\",\"@id\":\"https:\/\/sitios.udla.edu.ec\/ceoja\/innovacion-y-diferenciadores-academicos\/#breadcrumb\",\"itemListElement\":[{\"@type\":\"ListItem\",\"position\":1,\"name\":\"Portada\",\"item\":\"https:\/\/sitios.udla.edu.ec\/ceoja\/\"},{\"@type\":\"ListItem\",\"position\":2,\"name\":\"Innovaci\u00f3n y diferenciadores acad\u00e9micos\"}]},{\"@type\":\"WebSite\",\"@id\":\"https:\/\/sitios.udla.edu.ec\/ceoja\/#website\",\"url\":\"https:\/\/sitios.udla.edu.ec\/ceoja\/\",\"name\":\"CEOJA\",\"description\":\"CEOJA UDLA\",\"publisher\":{\"@id\":\"https:\/\/sitios.udla.edu.ec\/ceoja\/#organization\"},\"potentialAction\":[{\"@type\":\"SearchAction\",\"target\":{\"@type\":\"EntryPoint\",\"urlTemplate\":\"https:\/\/sitios.udla.edu.ec\/ceoja\/?s={search_term_string}\"},\"query-input\":{\"@type\":\"PropertyValueSpecification\",\"valueRequired\":true,\"valueName\":\"search_term_string\"}}],\"inLanguage\":\"es\"},{\"@type\":\"Organization\",\"@id\":\"https:\/\/sitios.udla.edu.ec\/ceoja\/#organization\",\"name\":\"CEOJA\",\"url\":\"https:\/\/sitios.udla.edu.ec\/ceoja\/\",\"logo\":{\"@type\":\"ImageObject\",\"inLanguage\":\"es\",\"@id\":\"https:\/\/sitios.udla.edu.ec\/ceoja\/#\/schema\/logo\/image\/\",\"url\":\"https:\/\/sitios.udla.edu.ec\/ceoja\/wp-content\/uploads\/2023\/09\/cropped-cropped-cropped-ceoja-cuadrada-1-1.png\",\"contentUrl\":\"https:\/\/sitios.udla.edu.ec\/ceoja\/wp-content\/uploads\/2023\/09\/cropped-cropped-cropped-ceoja-cuadrada-1-1.png\",\"width\":250,\"height\":250,\"caption\":\"CEOJA\"},\"image\":{\"@id\":\"https:\/\/sitios.udla.edu.ec\/ceoja\/#\/schema\/logo\/image\/\"}}]}<\/script>\n<!-- \/ Yoast SEO plugin. -->","yoast_head_json":{"title":"CEOJA - Nuestro Equipo","robots":{"index":"index","follow":"follow","max-snippet":"max-snippet:-1","max-image-preview":"max-image-preview:large","max-video-preview":"max-video-preview:-1"},"canonical":"https:\/\/sitios.udla.edu.ec\/ceoja\/innovacion-y-diferenciadores-academicos\/","og_locale":"es_ES","og_type":"article","og_title":"CEOJA - Nuestro Equipo","og_description":"INNOVACI\u00d3N Y DIFERENCIADORES ACAD\u00c9MICOS El Centro de Escritura, Oralidad Jur\u00eddica y Argumentaci\u00f3n (CEOJA) representa una propuesta pedag\u00f3gica pionera en la...","og_url":"https:\/\/sitios.udla.edu.ec\/ceoja\/innovacion-y-diferenciadores-academicos\/","og_site_name":"CEOJA","article_modified_time":"2025-11-18T21:25:39+00:00","twitter_card":"summary_large_image","twitter_misc":{"Tiempo de lectura":"3 minutos"},"schema":{"@context":"https:\/\/schema.org","@graph":[{"@type":"WebPage","@id":"https:\/\/sitios.udla.edu.ec\/ceoja\/innovacion-y-diferenciadores-academicos\/","url":"https:\/\/sitios.udla.edu.ec\/ceoja\/innovacion-y-diferenciadores-academicos\/","name":"CEOJA - Nuestro Equipo","isPartOf":{"@id":"https:\/\/sitios.udla.edu.ec\/ceoja\/#website"},"datePublished":"2025-11-18T19:52:55+00:00","dateModified":"2025-11-18T21:25:39+00:00","breadcrumb":{"@id":"https:\/\/sitios.udla.edu.ec\/ceoja\/innovacion-y-diferenciadores-academicos\/#breadcrumb"},"inLanguage":"es","potentialAction":[{"@type":"ReadAction","target":["https:\/\/sitios.udla.edu.ec\/ceoja\/innovacion-y-diferenciadores-academicos\/"]}]},{"@type":"BreadcrumbList","@id":"https:\/\/sitios.udla.edu.ec\/ceoja\/innovacion-y-diferenciadores-academicos\/#breadcrumb","itemListElement":[{"@type":"ListItem","position":1,"name":"Portada","item":"https:\/\/sitios.udla.edu.ec\/ceoja\/"},{"@type":"ListItem","position":2,"name":"Innovaci\u00f3n y diferenciadores acad\u00e9micos"}]},{"@type":"WebSite","@id":"https:\/\/sitios.udla.edu.ec\/ceoja\/#website","url":"https:\/\/sitios.udla.edu.ec\/ceoja\/","name":"CEOJA","description":"CEOJA UDLA","publisher":{"@id":"https:\/\/sitios.udla.edu.ec\/ceoja\/#organization"},"potentialAction":[{"@type":"SearchAction","target":{"@type":"EntryPoint","urlTemplate":"https:\/\/sitios.udla.edu.ec\/ceoja\/?s={search_term_string}"},"query-input":{"@type":"PropertyValueSpecification","valueRequired":true,"valueName":"search_term_string"}}],"inLanguage":"es"},{"@type":"Organization","@id":"https:\/\/sitios.udla.edu.ec\/ceoja\/#organization","name":"CEOJA","url":"https:\/\/sitios.udla.edu.ec\/ceoja\/","logo":{"@type":"ImageObject","inLanguage":"es","@id":"https:\/\/sitios.udla.edu.ec\/ceoja\/#\/schema\/logo\/image\/","url":"https:\/\/sitios.udla.edu.ec\/ceoja\/wp-content\/uploads\/2023\/09\/cropped-cropped-cropped-ceoja-cuadrada-1-1.png","contentUrl":"https:\/\/sitios.udla.edu.ec\/ceoja\/wp-content\/uploads\/2023\/09\/cropped-cropped-cropped-ceoja-cuadrada-1-1.png","width":250,"height":250,"caption":"CEOJA"},"image":{"@id":"https:\/\/sitios.udla.edu.ec\/ceoja\/#\/schema\/logo\/image\/"}}]}},"_links":{"self":[{"href":"https:\/\/sitios.udla.edu.ec\/ceoja\/wp-json\/wp\/v2\/pages\/7297","targetHints":{"allow":["GET"]}}],"collection":[{"href":"https:\/\/sitios.udla.edu.ec\/ceoja\/wp-json\/wp\/v2\/pages"}],"about":[{"href":"https:\/\/sitios.udla.edu.ec\/ceoja\/wp-json\/wp\/v2\/types\/page"}],"author":[{"embeddable":true,"href":"https:\/\/sitios.udla.edu.ec\/ceoja\/wp-json\/wp\/v2\/users\/1"}],"replies":[{"embeddable":true,"href":"https:\/\/sitios.udla.edu.ec\/ceoja\/wp-json\/wp\/v2\/comments?post=7297"}],"version-history":[{"count":10,"href":"https:\/\/sitios.udla.edu.ec\/ceoja\/wp-json\/wp\/v2\/pages\/7297\/revisions"}],"predecessor-version":[{"id":7337,"href":"https:\/\/sitios.udla.edu.ec\/ceoja\/wp-json\/wp\/v2\/pages\/7297\/revisions\/7337"}],"wp:attachment":[{"href":"https:\/\/sitios.udla.edu.ec\/ceoja\/wp-json\/wp\/v2\/media?parent=7297"}],"curies":[{"name":"wp","href":"https:\/\/api.w.org\/{rel}","templated":true}]}}