{"id":7280,"date":"2025-11-18T14:23:20","date_gmt":"2025-11-18T19:23:20","guid":{"rendered":"https:\/\/sitios.udla.edu.ec\/ceoja\/?page_id=7280"},"modified":"2025-11-18T16:18:26","modified_gmt":"2025-11-18T21:18:26","slug":"graduados-y-tutores-destacados","status":"publish","type":"page","link":"https:\/\/sitios.udla.edu.ec\/ceoja\/graduados-y-tutores-destacados\/","title":{"rendered":"Graduados y tutores destacados"},"content":{"rendered":"\t\t<div data-elementor-type=\"wp-page\" data-elementor-id=\"7280\" class=\"elementor elementor-7280\" data-elementor-post-type=\"page\">\n\t\t\t\t\t\t<section class=\"elementor-section elementor-top-section elementor-element elementor-element-85211d4 elementor-section-boxed elementor-section-height-default elementor-section-height-default\" data-id=\"85211d4\" data-element_type=\"section\">\n\t\t\t\t\t\t<div class=\"elementor-container elementor-column-gap-default\">\n\t\t\t\t\t<div class=\"elementor-column elementor-col-100 elementor-top-column elementor-element elementor-element-26aa5fc\" data-id=\"26aa5fc\" data-element_type=\"column\">\n\t\t\t<div class=\"elementor-widget-wrap elementor-element-populated\">\n\t\t\t\t\t\t<div class=\"elementor-element elementor-element-4e1849e elementor-widget elementor-widget-heading\" data-id=\"4e1849e\" data-element_type=\"widget\" data-widget_type=\"heading.default\">\n\t\t\t\t<div class=\"elementor-widget-container\">\n\t\t\t<style>\/*! elementor - v3.22.0 - 24-06-2024 *\/\n.elementor-heading-title{padding:0;margin:0;line-height:1}.elementor-widget-heading .elementor-heading-title[class*=elementor-size-]>a{color:inherit;font-size:inherit;line-height:inherit}.elementor-widget-heading .elementor-heading-title.elementor-size-small{font-size:15px}.elementor-widget-heading .elementor-heading-title.elementor-size-medium{font-size:19px}.elementor-widget-heading .elementor-heading-title.elementor-size-large{font-size:29px}.elementor-widget-heading .elementor-heading-title.elementor-size-xl{font-size:39px}.elementor-widget-heading .elementor-heading-title.elementor-size-xxl{font-size:59px}<\/style><h2 class=\"elementor-heading-title elementor-size-default\"><p>GRADUADOS Y TUTORES DESTACADOS<\/p><\/h2>\t\t<\/div>\n\t\t\t\t<\/div>\n\t\t\t\t\t<\/div>\n\t\t<\/div>\n\t\t\t\t\t<\/div>\n\t\t<\/section>\n\t\t\t\t<section class=\"elementor-section elementor-top-section elementor-element elementor-element-521ee58 elementor-section-boxed elementor-section-height-default elementor-section-height-default\" data-id=\"521ee58\" data-element_type=\"section\">\n\t\t\t\t\t\t<div class=\"elementor-container elementor-column-gap-default\">\n\t\t\t\t\t<div class=\"elementor-column elementor-col-100 elementor-top-column elementor-element elementor-element-e60bccf\" data-id=\"e60bccf\" data-element_type=\"column\">\n\t\t\t<div class=\"elementor-widget-wrap elementor-element-populated\">\n\t\t\t\t\t\t<div class=\"elementor-element elementor-element-7b61c62 elementor-widget elementor-widget-text-editor\" data-id=\"7b61c62\" data-element_type=\"widget\" data-widget_type=\"text-editor.default\">\n\t\t\t\t<div class=\"elementor-widget-container\">\n\t\t\t<style>\/*! elementor - v3.22.0 - 24-06-2024 *\/\n.elementor-widget-text-editor.elementor-drop-cap-view-stacked .elementor-drop-cap{background-color:#69727d;color:#fff}.elementor-widget-text-editor.elementor-drop-cap-view-framed .elementor-drop-cap{color:#69727d;border:3px solid;background-color:transparent}.elementor-widget-text-editor:not(.elementor-drop-cap-view-default) .elementor-drop-cap{margin-top:8px}.elementor-widget-text-editor:not(.elementor-drop-cap-view-default) .elementor-drop-cap-letter{width:1em;height:1em}.elementor-widget-text-editor .elementor-drop-cap{float:left;text-align:center;line-height:1;font-size:50px}.elementor-widget-text-editor .elementor-drop-cap-letter{display:inline-block}<\/style>\t\t\t\t<p>La primera promoci\u00f3n de tutores fundadores del CEOJA cumpli\u00f3 un a\u00f1o desde su egreso en 2024, lo que marca el inicio del seguimiento a su trayectoria profesional. Si bien a\u00fan no se cuenta con una base consolidada de graduados destacados, se reconocen perfiles sobresalientes que reflejan el impacto formativo del centro en el desarrollo acad\u00e9mico, profesional y ciudadano de sus integrantes.<\/p>\t\t\t\t\t\t<\/div>\n\t\t\t\t<\/div>\n\t\t\t\t\t<\/div>\n\t\t<\/div>\n\t\t\t\t\t<\/div>\n\t\t<\/section>\n\t\t\t\t<section class=\"elementor-section elementor-top-section elementor-element elementor-element-a11c2d7 elementor-section-boxed elementor-section-height-default elementor-section-height-default\" data-id=\"a11c2d7\" data-element_type=\"section\">\n\t\t\t\t\t\t<div class=\"elementor-container elementor-column-gap-default\">\n\t\t\t\t\t<div class=\"elementor-column elementor-col-100 elementor-top-column elementor-element elementor-element-ce359fe\" data-id=\"ce359fe\" data-element_type=\"column\">\n\t\t\t<div class=\"elementor-widget-wrap elementor-element-populated\">\n\t\t\t\t\t\t<div class=\"elementor-element elementor-element-9c0f65c elementor-widget elementor-widget-shortcode\" data-id=\"9c0f65c\" data-element_type=\"widget\" data-widget_type=\"shortcode.default\">\n\t\t\t\t<div class=\"elementor-widget-container\">\n\t\t\t\t\t<div class=\"elementor-shortcode\">\r\n<div class=\"wp-tsasp-team-wrp wp-tsasp-team-grid-wrp wptsasp-clearfix \" popup-conf=\"{&quot;popup_gallery&quot;:&quot;true&quot;}\">\r\n\t<div class=\"wp-teamshowcase-grid wp-tsasp-teamshowcase wp-tsasp-design-7 wp-tsasp-popup-js wp-tsasp-no-offset wp-tsasp-image-fit wptsasp-clearfix\" id=\"wp-tsasp-team-1\">\r\n<div class=\"wp-tsasp-team-grid wptsas-medium-4 wptsas-columns  wp-tsasp-team-7282 wp-tsasp-first wp-tsasp-team-cat-63\" style=\"\">\r\n\t<div class=\"wp-tsasp-team-member\">\r\n\t\t<div class=\"wp-tsasp-team-member-bg\">\r\n\t\t\t<div class=\"wp-tsasp-team-img wp-tsasp-team-avatar-bg\">\r\n\r\n\t\t\t\t\t\t\t\t\t<img decoding=\"async\" class=\"wp-tsasp-team-avatar\"  src=\"https:\/\/sitios.udla.edu.ec\/ceoja\/wp-content\/uploads\/2024\/11\/Joyce-Baus-Villavicencio-rotated.jpg\" alt=\"Joyce Baus Villavicencio\" \/>\r\n\t\t\t\t\t\t\t\t\t<div class=\"wp-tsasp-link-outer\">\r\n\t\t\t\t\t\t<a class=\"wp-tsasp-popup-link\" href=\"javascript:void(0);\" data-mfp-src=\"#popup-2\"><i class=\"fa fa-info\"><\/i><\/a>\r\n\t\t\t\t\t<\/div>\r\n\t\t\t\t\r\n\t\t\t<\/div>\r\n\r\n\t\t\t<div class=\"wp-tsasp-team-detail\">\r\n\t\t\t\t<div class=\"wp-tsasp-team-name\">Joyce Baus Villavicencio<\/div>\r\n\t\t\t\t\r\n\t\t\t\t\t\t\t\t<hr>\r\n\t\t\t\t\r\n\t\t\t\t\r\n\t\t\t<\/div>\r\n\t\t<\/div>\r\n\t<\/div>\r\n<\/div>\r\n<div class=\"wp-tsasp-team-grid wptsas-medium-4 wptsas-columns  wp-tsasp-team-7283 wp-tsasp-team-cat-63\" style=\"\">\r\n\t<div class=\"wp-tsasp-team-member\">\r\n\t\t<div class=\"wp-tsasp-team-member-bg\">\r\n\t\t\t<div class=\"wp-tsasp-team-img wp-tsasp-team-avatar-bg\">\r\n\r\n\t\t\t\t\t\t\t\t\t<img decoding=\"async\" class=\"wp-tsasp-team-avatar\"  src=\"https:\/\/sitios.udla.edu.ec\/ceoja\/wp-content\/uploads\/2023\/10\/ADRIAN-ANDRES-BORJA.jpg\" alt=\"Adri\u00e1n Borja Rold\u00e1n\" \/>\r\n\t\t\t\t\t\t\t\t\t<div class=\"wp-tsasp-link-outer\">\r\n\t\t\t\t\t\t<a class=\"wp-tsasp-popup-link\" href=\"javascript:void(0);\" data-mfp-src=\"#popup-3\"><i class=\"fa fa-info\"><\/i><\/a>\r\n\t\t\t\t\t<\/div>\r\n\t\t\t\t\r\n\t\t\t<\/div>\r\n\r\n\t\t\t<div class=\"wp-tsasp-team-detail\">\r\n\t\t\t\t<div class=\"wp-tsasp-team-name\">Adri\u00e1n Borja Rold\u00e1n<\/div>\r\n\t\t\t\t\r\n\t\t\t\t\t\t\t\t<hr>\r\n\t\t\t\t\r\n\t\t\t\t\r\n\t\t\t<\/div>\r\n\t\t<\/div>\r\n\t<\/div>\r\n<\/div>\r\n<div class=\"wp-tsasp-team-grid wptsas-medium-4 wptsas-columns  wp-tsasp-team-7284 wp-tsasp-team-cat-63\" style=\"\">\r\n\t<div class=\"wp-tsasp-team-member\">\r\n\t\t<div class=\"wp-tsasp-team-member-bg\">\r\n\t\t\t<div class=\"wp-tsasp-team-img wp-tsasp-team-avatar-bg\">\r\n\r\n\t\t\t\t\t\t\t\t\t<img decoding=\"async\" class=\"wp-tsasp-team-avatar\"  src=\"https:\/\/sitios.udla.edu.ec\/ceoja\/wp-content\/uploads\/2024\/11\/Daniel-Jaramillo-2.jpg\" alt=\"Daniel Jaramillo\" \/>\r\n\t\t\t\t\t\t\t\t\t<div class=\"wp-tsasp-link-outer\">\r\n\t\t\t\t\t\t<a class=\"wp-tsasp-popup-link\" href=\"javascript:void(0);\" data-mfp-src=\"#popup-4\"><i class=\"fa fa-info\"><\/i><\/a>\r\n\t\t\t\t\t<\/div>\r\n\t\t\t\t\r\n\t\t\t<\/div>\r\n\r\n\t\t\t<div class=\"wp-tsasp-team-detail\">\r\n\t\t\t\t<div class=\"wp-tsasp-team-name\">Daniel Jaramillo<\/div>\r\n\t\t\t\t\r\n\t\t\t\t\t\t\t\t<hr>\r\n\t\t\t\t\r\n\t\t\t\t\r\n\t\t\t<\/div>\r\n\t\t<\/div>\r\n\t<\/div>\r\n<\/div>\t<\/div>\r\n\r\n\t<\/div>\r\n<div id=\"popup-2\" class=\"wp-tsasp-popup-box wptsas-popup-design-1 wptsas-dark wp-tsasp-image-fit wp-tsasp-popup-content wptsasp-clearfix mfp-hide\">\r\n\t\r\n\t\r\n\t<div class=\"wp-tsasp-right-panel\">\r\n\t\t<div class=\"wp-tsasp-popup-header wp-tsasp-team-avatar-bg\">\r\n\r\n\t\t\t\t\t\t\t<img decoding=\"async\" class=\"wp-tsasp-team-avatar\" src=\"https:\/\/sitios.udla.edu.ec\/ceoja\/wp-content\/uploads\/2024\/11\/Joyce-Baus-Villavicencio-rotated.jpg\" alt=\"Joyce Baus Villavicencio\"\/>\r\n\t\t\t\r\n\t\t\t<span class=\"wp-tsasp-popup-close wp-tsasp-close-btn mfp-close\" title=\"Close\">x<\/span>\r\n\r\n\t\t\t<div class=\"wp-tsasp-popup-member-info\">\r\n\t\t\t\t<div class=\"wp-tsasp-popup-member-name\">Joyce Baus Villavicencio<\/div>\r\n\r\n\t\t\t\t\t\t\t<\/div>\r\n\t\t<\/div>\r\n\r\n\t\t<div class=\"wp-tsasp-popup-body\">\r\n\r\n\t\t\t<p>Abogada graduada cum laude de la Universidad de las Am\u00e9ricas (UDLA), con menci\u00f3n en derechos humanos y formaci\u00f3n adicional en historia, antropolog\u00eda y escritura acad\u00e9mica. Actualmente ejerce como ejecutiva de gesti\u00f3n del Centro de Escritura, Oralidad Jur\u00eddica y<br \/>\nArgumentaci\u00f3n (CEOJA), desde donde coordina actividades de formaci\u00f3n, tutor\u00eda y producci\u00f3n acad\u00e9mica en el campo del derecho. Su trayectoria se distingue por una prol\u00edfica labor investigativa y editorial: ha publicado art\u00edculos en revistas acad\u00e9micas indexadas,<br \/>\ncap\u00edtulos en libros colectivos y textos literarios. Entre sus obras destacan estudios sobre la seguridad jur\u00eddica y la jurisprudencia de la Corte Constitucional, el an\u00e1lisis del pre\u00e1mbulo constitucional desde un enfoque multidisciplinario y la exploraci\u00f3n narrativa de la memoria hist\u00f3rica local. Ha sido ponente en congresos internacionales y colaboradora en espacios legislativos, como la Asamblea Nacional del Ecuador.<\/p>\n\t\t<\/div>\r\n\t<\/div>\r\n<\/div>\r\n<div id=\"popup-3\" class=\"wp-tsasp-popup-box wptsas-popup-design-1 wptsas-dark wp-tsasp-image-fit wp-tsasp-popup-content wptsasp-clearfix mfp-hide\">\r\n\t\r\n\t\r\n\t<div class=\"wp-tsasp-right-panel\">\r\n\t\t<div class=\"wp-tsasp-popup-header wp-tsasp-team-avatar-bg\">\r\n\r\n\t\t\t\t\t\t\t<img decoding=\"async\" class=\"wp-tsasp-team-avatar\" src=\"https:\/\/sitios.udla.edu.ec\/ceoja\/wp-content\/uploads\/2023\/10\/ADRIAN-ANDRES-BORJA.jpg\" alt=\"Adri\u00e1n Borja Rold\u00e1n\"\/>\r\n\t\t\t\r\n\t\t\t<span class=\"wp-tsasp-popup-close wp-tsasp-close-btn mfp-close\" title=\"Close\">x<\/span>\r\n\r\n\t\t\t<div class=\"wp-tsasp-popup-member-info\">\r\n\t\t\t\t<div class=\"wp-tsasp-popup-member-name\">Adri\u00e1n Borja Rold\u00e1n<\/div>\r\n\r\n\t\t\t\t\t\t\t<\/div>\r\n\t\t<\/div>\r\n\r\n\t\t<div class=\"wp-tsasp-popup-body\">\r\n\r\n\t\t\t<p>Abogado y servidor p\u00fablico ecuatoriano con s\u00f3lida formaci\u00f3n en derechos humanos y justicia constitucional. Actualmente se desempe\u00f1a como Director de Asesor\u00eda Jur\u00eddica del Consejo Nacional para la Igualdad de G\u00e9nero, donde lidera los procesos legales y normativos de la instituci\u00f3n, emitiendo dict\u00e1menes, representando al Consejo ante instancias judiciales y fortaleciendo la gobernanza institucional con enfoque de g\u00e9nero. Su trayectoria incluye experiencia en el \u00e1mbito acad\u00e9mico como tutor fundador del Centro de Escritura, Oralidad Jur\u00eddica y Argumentaci\u00f3n (CEOJA) de la UDLA, as\u00ed como una destacada labor investigativa y editorial en temas de seguridad jur\u00eddica y jurisprudencia constitucional.<\/p>\n\t\t<\/div>\r\n\t<\/div>\r\n<\/div>\r\n<div id=\"popup-4\" class=\"wp-tsasp-popup-box wptsas-popup-design-1 wptsas-dark wp-tsasp-image-fit wp-tsasp-popup-content wptsasp-clearfix mfp-hide\">\r\n\t\r\n\t\r\n\t<div class=\"wp-tsasp-right-panel\">\r\n\t\t<div class=\"wp-tsasp-popup-header wp-tsasp-team-avatar-bg\">\r\n\r\n\t\t\t\t\t\t\t<img decoding=\"async\" class=\"wp-tsasp-team-avatar\" src=\"https:\/\/sitios.udla.edu.ec\/ceoja\/wp-content\/uploads\/2024\/11\/Daniel-Jaramillo-2.jpg\" alt=\"Daniel Jaramillo\"\/>\r\n\t\t\t\r\n\t\t\t<span class=\"wp-tsasp-popup-close wp-tsasp-close-btn mfp-close\" title=\"Close\">x<\/span>\r\n\r\n\t\t\t<div class=\"wp-tsasp-popup-member-info\">\r\n\t\t\t\t<div class=\"wp-tsasp-popup-member-name\">Daniel Jaramillo<\/div>\r\n\r\n\t\t\t\t\t\t\t<\/div>\r\n\t\t<\/div>\r\n\r\n\t\t<div class=\"wp-tsasp-popup-body\">\r\n\r\n\t\t\t<p>Estudiante de noveno semestre de Derecho y actual presidente de ASEUDLA Derecho. Es tutor del CEOJA desde 2023, con experiencia destacada en proyectos de liderazgo estudiantil como el videojuego Jutsu-jur\u00eddico, oralidad y participaci\u00f3n en espacios de representaci\u00f3n<br \/>\nacad\u00e9mica. Su rol integra la formaci\u00f3n jur\u00eddica con la acci\u00f3n colectiva estudiantil responsable.<\/p>\n\t\t<\/div>\r\n\t<\/div>\r\n<\/div><\/div>\n\t\t\t\t<\/div>\n\t\t\t\t<\/div>\n\t\t\t\t\t<\/div>\n\t\t<\/div>\n\t\t\t\t\t<\/div>\n\t\t<\/section>\n\t\t\t\t<\/div>\n\t\t","protected":false},"excerpt":{"rendered":"<p>GRADUADOS Y TUTORES DESTACADOS La primera promoci\u00f3n de tutores fundadores del CEOJA cumpli\u00f3 un a\u00f1o desde su egreso en 2024,&#8230;<\/p>\n","protected":false},"author":1,"featured_media":0,"parent":0,"menu_order":0,"comment_status":"closed","ping_status":"closed","template":"","meta":{"footnotes":""},"class_list":["post-7280","page","type-page","status-publish","hentry"],"yoast_head":"<!-- This site is optimized with the Yoast SEO plugin v25.4 - https:\/\/yoast.com\/wordpress\/plugins\/seo\/ -->\n<title>CEOJA - Nuestro Equipo<\/title>\n<meta name=\"robots\" content=\"index, follow, max-snippet:-1, max-image-preview:large, max-video-preview:-1\" \/>\n<link rel=\"canonical\" href=\"https:\/\/sitios.udla.edu.ec\/ceoja\/graduados-y-tutores-destacados\/\" \/>\n<meta property=\"og:locale\" content=\"es_ES\" \/>\n<meta property=\"og:type\" content=\"article\" \/>\n<meta property=\"og:title\" content=\"CEOJA - Nuestro Equipo\" \/>\n<meta property=\"og:description\" content=\"GRADUADOS Y TUTORES DESTACADOS La primera promoci\u00f3n de tutores fundadores del CEOJA cumpli\u00f3 un a\u00f1o desde su egreso en 2024,...\" \/>\n<meta property=\"og:url\" content=\"https:\/\/sitios.udla.edu.ec\/ceoja\/graduados-y-tutores-destacados\/\" \/>\n<meta property=\"og:site_name\" content=\"CEOJA\" \/>\n<meta property=\"article:modified_time\" content=\"2025-11-18T21:18:26+00:00\" \/>\n<meta name=\"twitter:card\" content=\"summary_large_image\" \/>\n<meta name=\"twitter:label1\" content=\"Tiempo de lectura\" \/>\n\t<meta name=\"twitter:data1\" content=\"1 minuto\" \/>\n<script type=\"application\/ld+json\" class=\"yoast-schema-graph\">{\"@context\":\"https:\/\/schema.org\",\"@graph\":[{\"@type\":\"WebPage\",\"@id\":\"https:\/\/sitios.udla.edu.ec\/ceoja\/graduados-y-tutores-destacados\/\",\"url\":\"https:\/\/sitios.udla.edu.ec\/ceoja\/graduados-y-tutores-destacados\/\",\"name\":\"CEOJA - Nuestro Equipo\",\"isPartOf\":{\"@id\":\"https:\/\/sitios.udla.edu.ec\/ceoja\/#website\"},\"datePublished\":\"2025-11-18T19:23:20+00:00\",\"dateModified\":\"2025-11-18T21:18:26+00:00\",\"breadcrumb\":{\"@id\":\"https:\/\/sitios.udla.edu.ec\/ceoja\/graduados-y-tutores-destacados\/#breadcrumb\"},\"inLanguage\":\"es\",\"potentialAction\":[{\"@type\":\"ReadAction\",\"target\":[\"https:\/\/sitios.udla.edu.ec\/ceoja\/graduados-y-tutores-destacados\/\"]}]},{\"@type\":\"BreadcrumbList\",\"@id\":\"https:\/\/sitios.udla.edu.ec\/ceoja\/graduados-y-tutores-destacados\/#breadcrumb\",\"itemListElement\":[{\"@type\":\"ListItem\",\"position\":1,\"name\":\"Portada\",\"item\":\"https:\/\/sitios.udla.edu.ec\/ceoja\/\"},{\"@type\":\"ListItem\",\"position\":2,\"name\":\"Graduados y tutores destacados\"}]},{\"@type\":\"WebSite\",\"@id\":\"https:\/\/sitios.udla.edu.ec\/ceoja\/#website\",\"url\":\"https:\/\/sitios.udla.edu.ec\/ceoja\/\",\"name\":\"CEOJA\",\"description\":\"CEOJA UDLA\",\"publisher\":{\"@id\":\"https:\/\/sitios.udla.edu.ec\/ceoja\/#organization\"},\"potentialAction\":[{\"@type\":\"SearchAction\",\"target\":{\"@type\":\"EntryPoint\",\"urlTemplate\":\"https:\/\/sitios.udla.edu.ec\/ceoja\/?s={search_term_string}\"},\"query-input\":{\"@type\":\"PropertyValueSpecification\",\"valueRequired\":true,\"valueName\":\"search_term_string\"}}],\"inLanguage\":\"es\"},{\"@type\":\"Organization\",\"@id\":\"https:\/\/sitios.udla.edu.ec\/ceoja\/#organization\",\"name\":\"CEOJA\",\"url\":\"https:\/\/sitios.udla.edu.ec\/ceoja\/\",\"logo\":{\"@type\":\"ImageObject\",\"inLanguage\":\"es\",\"@id\":\"https:\/\/sitios.udla.edu.ec\/ceoja\/#\/schema\/logo\/image\/\",\"url\":\"https:\/\/sitios.udla.edu.ec\/ceoja\/wp-content\/uploads\/2023\/09\/cropped-cropped-cropped-ceoja-cuadrada-1-1.png\",\"contentUrl\":\"https:\/\/sitios.udla.edu.ec\/ceoja\/wp-content\/uploads\/2023\/09\/cropped-cropped-cropped-ceoja-cuadrada-1-1.png\",\"width\":250,\"height\":250,\"caption\":\"CEOJA\"},\"image\":{\"@id\":\"https:\/\/sitios.udla.edu.ec\/ceoja\/#\/schema\/logo\/image\/\"}}]}<\/script>\n<!-- \/ Yoast SEO plugin. -->","yoast_head_json":{"title":"CEOJA - Nuestro Equipo","robots":{"index":"index","follow":"follow","max-snippet":"max-snippet:-1","max-image-preview":"max-image-preview:large","max-video-preview":"max-video-preview:-1"},"canonical":"https:\/\/sitios.udla.edu.ec\/ceoja\/graduados-y-tutores-destacados\/","og_locale":"es_ES","og_type":"article","og_title":"CEOJA - Nuestro Equipo","og_description":"GRADUADOS Y TUTORES DESTACADOS La primera promoci\u00f3n de tutores fundadores del CEOJA cumpli\u00f3 un a\u00f1o desde su egreso en 2024,...","og_url":"https:\/\/sitios.udla.edu.ec\/ceoja\/graduados-y-tutores-destacados\/","og_site_name":"CEOJA","article_modified_time":"2025-11-18T21:18:26+00:00","twitter_card":"summary_large_image","twitter_misc":{"Tiempo de lectura":"1 minuto"},"schema":{"@context":"https:\/\/schema.org","@graph":[{"@type":"WebPage","@id":"https:\/\/sitios.udla.edu.ec\/ceoja\/graduados-y-tutores-destacados\/","url":"https:\/\/sitios.udla.edu.ec\/ceoja\/graduados-y-tutores-destacados\/","name":"CEOJA - Nuestro Equipo","isPartOf":{"@id":"https:\/\/sitios.udla.edu.ec\/ceoja\/#website"},"datePublished":"2025-11-18T19:23:20+00:00","dateModified":"2025-11-18T21:18:26+00:00","breadcrumb":{"@id":"https:\/\/sitios.udla.edu.ec\/ceoja\/graduados-y-tutores-destacados\/#breadcrumb"},"inLanguage":"es","potentialAction":[{"@type":"ReadAction","target":["https:\/\/sitios.udla.edu.ec\/ceoja\/graduados-y-tutores-destacados\/"]}]},{"@type":"BreadcrumbList","@id":"https:\/\/sitios.udla.edu.ec\/ceoja\/graduados-y-tutores-destacados\/#breadcrumb","itemListElement":[{"@type":"ListItem","position":1,"name":"Portada","item":"https:\/\/sitios.udla.edu.ec\/ceoja\/"},{"@type":"ListItem","position":2,"name":"Graduados y tutores destacados"}]},{"@type":"WebSite","@id":"https:\/\/sitios.udla.edu.ec\/ceoja\/#website","url":"https:\/\/sitios.udla.edu.ec\/ceoja\/","name":"CEOJA","description":"CEOJA UDLA","publisher":{"@id":"https:\/\/sitios.udla.edu.ec\/ceoja\/#organization"},"potentialAction":[{"@type":"SearchAction","target":{"@type":"EntryPoint","urlTemplate":"https:\/\/sitios.udla.edu.ec\/ceoja\/?s={search_term_string}"},"query-input":{"@type":"PropertyValueSpecification","valueRequired":true,"valueName":"search_term_string"}}],"inLanguage":"es"},{"@type":"Organization","@id":"https:\/\/sitios.udla.edu.ec\/ceoja\/#organization","name":"CEOJA","url":"https:\/\/sitios.udla.edu.ec\/ceoja\/","logo":{"@type":"ImageObject","inLanguage":"es","@id":"https:\/\/sitios.udla.edu.ec\/ceoja\/#\/schema\/logo\/image\/","url":"https:\/\/sitios.udla.edu.ec\/ceoja\/wp-content\/uploads\/2023\/09\/cropped-cropped-cropped-ceoja-cuadrada-1-1.png","contentUrl":"https:\/\/sitios.udla.edu.ec\/ceoja\/wp-content\/uploads\/2023\/09\/cropped-cropped-cropped-ceoja-cuadrada-1-1.png","width":250,"height":250,"caption":"CEOJA"},"image":{"@id":"https:\/\/sitios.udla.edu.ec\/ceoja\/#\/schema\/logo\/image\/"}}]}},"_links":{"self":[{"href":"https:\/\/sitios.udla.edu.ec\/ceoja\/wp-json\/wp\/v2\/pages\/7280","targetHints":{"allow":["GET"]}}],"collection":[{"href":"https:\/\/sitios.udla.edu.ec\/ceoja\/wp-json\/wp\/v2\/pages"}],"about":[{"href":"https:\/\/sitios.udla.edu.ec\/ceoja\/wp-json\/wp\/v2\/types\/page"}],"author":[{"embeddable":true,"href":"https:\/\/sitios.udla.edu.ec\/ceoja\/wp-json\/wp\/v2\/users\/1"}],"replies":[{"embeddable":true,"href":"https:\/\/sitios.udla.edu.ec\/ceoja\/wp-json\/wp\/v2\/comments?post=7280"}],"version-history":[{"count":7,"href":"https:\/\/sitios.udla.edu.ec\/ceoja\/wp-json\/wp\/v2\/pages\/7280\/revisions"}],"predecessor-version":[{"id":7328,"href":"https:\/\/sitios.udla.edu.ec\/ceoja\/wp-json\/wp\/v2\/pages\/7280\/revisions\/7328"}],"wp:attachment":[{"href":"https:\/\/sitios.udla.edu.ec\/ceoja\/wp-json\/wp\/v2\/media?parent=7280"}],"curies":[{"name":"wp","href":"https:\/\/api.w.org\/{rel}","templated":true}]}}