{"id":7268,"date":"2025-11-18T13:04:18","date_gmt":"2025-11-18T18:04:18","guid":{"rendered":"https:\/\/sitios.udla.edu.ec\/ceoja\/?page_id=7268"},"modified":"2025-11-18T14:14:26","modified_gmt":"2025-11-18T19:14:26","slug":"convenios-vigentes","status":"publish","type":"page","link":"https:\/\/sitios.udla.edu.ec\/ceoja\/convenios-vigentes\/","title":{"rendered":"Convenios vigentes"},"content":{"rendered":"\t\t<div data-elementor-type=\"wp-page\" data-elementor-id=\"7268\" class=\"elementor elementor-7268\" data-elementor-post-type=\"page\">\n\t\t\t\t\t\t<section class=\"elementor-section elementor-top-section elementor-element elementor-element-85211d4 elementor-section-boxed elementor-section-height-default elementor-section-height-default\" data-id=\"85211d4\" data-element_type=\"section\">\n\t\t\t\t\t\t<div class=\"elementor-container elementor-column-gap-default\">\n\t\t\t\t\t<div class=\"elementor-column elementor-col-100 elementor-top-column elementor-element elementor-element-26aa5fc\" data-id=\"26aa5fc\" data-element_type=\"column\">\n\t\t\t<div class=\"elementor-widget-wrap elementor-element-populated\">\n\t\t\t\t\t\t<div class=\"elementor-element elementor-element-4e1849e elementor-widget elementor-widget-heading\" data-id=\"4e1849e\" data-element_type=\"widget\" data-widget_type=\"heading.default\">\n\t\t\t\t<div class=\"elementor-widget-container\">\n\t\t\t<style>\/*! elementor - v3.22.0 - 24-06-2024 *\/\n.elementor-heading-title{padding:0;margin:0;line-height:1}.elementor-widget-heading .elementor-heading-title[class*=elementor-size-]>a{color:inherit;font-size:inherit;line-height:inherit}.elementor-widget-heading .elementor-heading-title.elementor-size-small{font-size:15px}.elementor-widget-heading .elementor-heading-title.elementor-size-medium{font-size:19px}.elementor-widget-heading .elementor-heading-title.elementor-size-large{font-size:29px}.elementor-widget-heading .elementor-heading-title.elementor-size-xl{font-size:39px}.elementor-widget-heading .elementor-heading-title.elementor-size-xxl{font-size:59px}<\/style><h2 class=\"elementor-heading-title elementor-size-default\"><p>CONVENIOS VIGENTES<\/p><\/h2>\t\t<\/div>\n\t\t\t\t<\/div>\n\t\t\t\t\t<\/div>\n\t\t<\/div>\n\t\t\t\t\t<\/div>\n\t\t<\/section>\n\t\t\t\t<section class=\"elementor-section elementor-top-section elementor-element elementor-element-a11c2d7 elementor-section-boxed elementor-section-height-default elementor-section-height-default\" data-id=\"a11c2d7\" data-element_type=\"section\">\n\t\t\t\t\t\t<div class=\"elementor-container elementor-column-gap-default\">\n\t\t\t\t\t<div class=\"elementor-column elementor-col-100 elementor-top-column elementor-element elementor-element-ce359fe\" data-id=\"ce359fe\" data-element_type=\"column\">\n\t\t\t<div class=\"elementor-widget-wrap elementor-element-populated\">\n\t\t\t\t\t\t<div class=\"elementor-element elementor-element-9c0f65c elementor-widget elementor-widget-shortcode\" data-id=\"9c0f65c\" data-element_type=\"widget\" data-widget_type=\"shortcode.default\">\n\t\t\t\t<div class=\"elementor-widget-container\">\n\t\t\t\t\t<div class=\"elementor-shortcode\">\r\n<div class=\"wp-tsasp-team-wrp wp-tsasp-team-grid-wrp wptsasp-clearfix \" popup-conf=\"{&quot;popup_gallery&quot;:&quot;true&quot;}\">\r\n\t<div class=\"wp-teamshowcase-grid wp-tsasp-teamshowcase wp-tsasp-design-7 wp-tsasp-popup-js wp-tsasp-no-offset wp-tsasp-image-fit wptsasp-clearfix\" id=\"wp-tsasp-team-1\">\r\n<div class=\"wp-tsasp-team-grid wptsas-medium-4 wptsas-columns  wp-tsasp-team-7271 wp-tsasp-first wp-tsasp-team-cat-62\" style=\"\">\r\n\t<div class=\"wp-tsasp-team-member\">\r\n\t\t<div class=\"wp-tsasp-team-member-bg\">\r\n\t\t\t<div class=\"wp-tsasp-team-img wp-tsasp-team-avatar-bg\">\r\n\r\n\t\t\t\t\t\t\t\t\t<img decoding=\"async\" class=\"wp-tsasp-team-avatar\"  src=\"https:\/\/sitios.udla.edu.ec\/ceoja\/wp-content\/uploads\/2025\/11\/logo-escuela-de-formacion-general.png\" alt=\"Escuela de formaci\u00f3n general\" \/>\r\n\t\t\t\t\t\t\t\t\t<div class=\"wp-tsasp-link-outer\">\r\n\t\t\t\t\t\t<a class=\"wp-tsasp-popup-link\" href=\"javascript:void(0);\" data-mfp-src=\"#popup-2\"><i class=\"fa fa-info\"><\/i><\/a>\r\n\t\t\t\t\t<\/div>\r\n\t\t\t\t\r\n\t\t\t<\/div>\r\n\r\n\t\t\t<div class=\"wp-tsasp-team-detail\">\r\n\t\t\t\t<div class=\"wp-tsasp-team-name\">Escuela de formaci\u00f3n general<\/div>\r\n\t\t\t\t\r\n\t\t\t\t\t\t\t\t<hr>\r\n\t\t\t\t\r\n\t\t\t\t\r\n\t\t\t<\/div>\r\n\t\t<\/div>\r\n\t<\/div>\r\n<\/div>\r\n<div class=\"wp-tsasp-team-grid wptsas-medium-4 wptsas-columns  wp-tsasp-team-7273 wp-tsasp-team-cat-62\" style=\"\">\r\n\t<div class=\"wp-tsasp-team-member\">\r\n\t\t<div class=\"wp-tsasp-team-member-bg\">\r\n\t\t\t<div class=\"wp-tsasp-team-img wp-tsasp-team-avatar-bg\">\r\n\r\n\t\t\t\t\t\t\t\t\t<img decoding=\"async\" class=\"wp-tsasp-team-avatar\"  src=\"https:\/\/sitios.udla.edu.ec\/ceoja\/wp-content\/uploads\/2025\/11\/udla-tita.png\" alt=\"Tutor\u00edas para documento jur\u00eddico de titulaci\u00f3n (Programa TITA)\" \/>\r\n\t\t\t\t\t\t\t\t\t<div class=\"wp-tsasp-link-outer\">\r\n\t\t\t\t\t\t<a class=\"wp-tsasp-popup-link\" href=\"javascript:void(0);\" data-mfp-src=\"#popup-3\"><i class=\"fa fa-info\"><\/i><\/a>\r\n\t\t\t\t\t<\/div>\r\n\t\t\t\t\r\n\t\t\t<\/div>\r\n\r\n\t\t\t<div class=\"wp-tsasp-team-detail\">\r\n\t\t\t\t<div class=\"wp-tsasp-team-name\">Tutor\u00edas para documento jur\u00eddico de titulaci\u00f3n (Programa TITA)<\/div>\r\n\t\t\t\t\r\n\t\t\t\t\t\t\t\t<hr>\r\n\t\t\t\t\r\n\t\t\t\t\r\n\t\t\t<\/div>\r\n\t\t<\/div>\r\n\t<\/div>\r\n<\/div>\r\n<div class=\"wp-tsasp-team-grid wptsas-medium-4 wptsas-columns  wp-tsasp-team-7275 wp-tsasp-team-cat-62\" style=\"\">\r\n\t<div class=\"wp-tsasp-team-member\">\r\n\t\t<div class=\"wp-tsasp-team-member-bg\">\r\n\t\t\t<div class=\"wp-tsasp-team-img wp-tsasp-team-avatar-bg\">\r\n\r\n\t\t\t\t\t\t\t\t\t<img decoding=\"async\" class=\"wp-tsasp-team-avatar\"  src=\"https:\/\/sitios.udla.edu.ec\/ceoja\/wp-content\/uploads\/2025\/11\/nexo-universitario.png\" alt=\"Convenio con Nexo Universitario\" \/>\r\n\t\t\t\t\t\t\t\t\t<div class=\"wp-tsasp-link-outer\">\r\n\t\t\t\t\t\t<a class=\"wp-tsasp-popup-link\" href=\"javascript:void(0);\" data-mfp-src=\"#popup-4\"><i class=\"fa fa-info\"><\/i><\/a>\r\n\t\t\t\t\t<\/div>\r\n\t\t\t\t\r\n\t\t\t<\/div>\r\n\r\n\t\t\t<div class=\"wp-tsasp-team-detail\">\r\n\t\t\t\t<div class=\"wp-tsasp-team-name\">Convenio con Nexo Universitario<\/div>\r\n\t\t\t\t\r\n\t\t\t\t\t\t\t\t<hr>\r\n\t\t\t\t\r\n\t\t\t\t\r\n\t\t\t<\/div>\r\n\t\t<\/div>\r\n\t<\/div>\r\n<\/div>\t<\/div>\r\n\r\n\t<\/div>\r\n<div id=\"popup-2\" class=\"wp-tsasp-popup-box wptsas-popup-design-1 wptsas-dark wp-tsasp-image-fit wp-tsasp-popup-content wptsasp-clearfix mfp-hide\">\r\n\t\r\n\t\r\n\t<div class=\"wp-tsasp-right-panel\">\r\n\t\t<div class=\"wp-tsasp-popup-header wp-tsasp-team-avatar-bg\">\r\n\r\n\t\t\t\t\t\t\t<img decoding=\"async\" class=\"wp-tsasp-team-avatar\" src=\"https:\/\/sitios.udla.edu.ec\/ceoja\/wp-content\/uploads\/2025\/11\/logo-escuela-de-formacion-general.png\" alt=\"Escuela de formaci\u00f3n general\"\/>\r\n\t\t\t\r\n\t\t\t<span class=\"wp-tsasp-popup-close wp-tsasp-close-btn mfp-close\" title=\"Close\">x<\/span>\r\n\r\n\t\t\t<div class=\"wp-tsasp-popup-member-info\">\r\n\t\t\t\t<div class=\"wp-tsasp-popup-member-name\">Escuela de formaci\u00f3n general<\/div>\r\n\r\n\t\t\t\t\t\t\t<\/div>\r\n\t\t<\/div>\r\n\r\n\t\t<div class=\"wp-tsasp-popup-body\">\r\n\r\n\t\t\t<p>Desde 2024, el CEOJA y la Escuela de formaci\u00f3n general\u00a0organizan conjuntamente concursos de escritura, como el de microensayos y, en el semestre 2026-10, el de rese\u00f1a cr\u00edtica, ambos orientados a promover la reflexi\u00f3n sobre problem\u00e1ticas contempor\u00e1neas como las dictaduras, la guerra y el uso de la inteligencia artificial. Este trabajo colaborativo se complementa con ponencias y espacios de an\u00e1lisis interdisciplinario, fomentando la escritura cr\u00edtica con enfoque humanista, potenciando la capacidad de an\u00e1lisis desde diversas disciplinas y fortaleciendo el compromiso \u00e9tico con los derechos humanos y el debate p\u00fablico.<\/p>\n\t\t<\/div>\r\n\t<\/div>\r\n<\/div>\r\n<div id=\"popup-3\" class=\"wp-tsasp-popup-box wptsas-popup-design-1 wptsas-dark wp-tsasp-image-fit wp-tsasp-popup-content wptsasp-clearfix mfp-hide\">\r\n\t\r\n\t\r\n\t<div class=\"wp-tsasp-right-panel\">\r\n\t\t<div class=\"wp-tsasp-popup-header wp-tsasp-team-avatar-bg\">\r\n\r\n\t\t\t\t\t\t\t<img decoding=\"async\" class=\"wp-tsasp-team-avatar\" src=\"https:\/\/sitios.udla.edu.ec\/ceoja\/wp-content\/uploads\/2025\/11\/udla-tita.png\" alt=\"Tutor\u00edas para documento jur\u00eddico de titulaci\u00f3n (Programa TITA)\"\/>\r\n\t\t\t\r\n\t\t\t<span class=\"wp-tsasp-popup-close wp-tsasp-close-btn mfp-close\" title=\"Close\">x<\/span>\r\n\r\n\t\t\t<div class=\"wp-tsasp-popup-member-info\">\r\n\t\t\t\t<div class=\"wp-tsasp-popup-member-name\">Tutor\u00edas para documento jur\u00eddico de titulaci\u00f3n (Programa TITA)<\/div>\r\n\r\n\t\t\t\t\t\t\t<\/div>\r\n\t\t<\/div>\r\n\r\n\t\t<div class=\"wp-tsasp-popup-body\">\r\n\r\n\t\t\t<p>Mediante un acuerdo con el \u00c1rea de Titulaci\u00f3n, el CEOJA ofrece un programa de tutor\u00edas especializadas dirigido a estudiantes en etapa de titulaci\u00f3n. Estas sesiones brindan acompa\u00f1amiento t\u00e9cnico en redacci\u00f3n jur\u00eddica, estructura argumentativa, uso adecuado de fuentes normativas y revisi\u00f3n final del documento, lo que contribuye a mejorar la calidad de los trabajos de titulaci\u00f3n, optimizar los tiempos de entrega y aprobaci\u00f3n, y consolidar competencias escriturales esenciales para el ejercicio profesional del derecho.<\/p>\n\t\t<\/div>\r\n\t<\/div>\r\n<\/div>\r\n<div id=\"popup-4\" class=\"wp-tsasp-popup-box wptsas-popup-design-1 wptsas-dark wp-tsasp-image-fit wp-tsasp-popup-content wptsasp-clearfix mfp-hide\">\r\n\t\r\n\t\r\n\t<div class=\"wp-tsasp-right-panel\">\r\n\t\t<div class=\"wp-tsasp-popup-header wp-tsasp-team-avatar-bg\">\r\n\r\n\t\t\t\t\t\t\t<img decoding=\"async\" class=\"wp-tsasp-team-avatar\" src=\"https:\/\/sitios.udla.edu.ec\/ceoja\/wp-content\/uploads\/2025\/11\/nexo-universitario.png\" alt=\"Convenio con Nexo Universitario\"\/>\r\n\t\t\t\r\n\t\t\t<span class=\"wp-tsasp-popup-close wp-tsasp-close-btn mfp-close\" title=\"Close\">x<\/span>\r\n\r\n\t\t\t<div class=\"wp-tsasp-popup-member-info\">\r\n\t\t\t\t<div class=\"wp-tsasp-popup-member-name\">Convenio con Nexo Universitario<\/div>\r\n\r\n\t\t\t\t\t\t\t<\/div>\r\n\t\t<\/div>\r\n\r\n\t\t<div class=\"wp-tsasp-popup-body\">\r\n\r\n\t\t\t<p>Desde septiembre de 2025, el CEOJA y Nexo Universitario mantienen un convenio de cooperaci\u00f3n acad\u00e9mica orientado al fortalecimiento de la escritura, la argumentaci\u00f3n y la producci\u00f3n de contenido de opini\u00f3n en la comunidad universitaria. Nexo Universitario, como red de prensa estudiantil, promueve la libertad de expresi\u00f3n y el di\u00e1logo plural dentro de la comunidad UDLA. En este contexto, el Centro de Escritura, Oralidad Jur\u00eddica y Argumentaci\u00f3n (CEOJA) brinda tutor\u00edas personalizadas enfocadas en redacci\u00f3n argumentativa, acad\u00e9mica, escritura period\u00edstica y organizaci\u00f3n de ideas, potenciando las habilidades comunicativas y el pensamiento cr\u00edtico desde una perspectiva ciudadana, as\u00ed como la aplicaci\u00f3n de herramientas de argumentaci\u00f3n jur\u00eddica en formatos de divulgaci\u00f3n. A partir del periodo acad\u00e9mico 2026-20, esta colaboraci\u00f3n se fortalece con un nuevo proyecto editorial que incorpora cinco columnistas fijos del CEOJA, quienes publican de manera quincenal, garantizando una producci\u00f3n constante de contenido revisado y validado, y consolidando un espacio sostenido de escritura acad\u00e9mica y opini\u00f3n cr\u00edtica.<\/p>\n\t\t<\/div>\r\n\t<\/div>\r\n<\/div><\/div>\n\t\t\t\t<\/div>\n\t\t\t\t<\/div>\n\t\t\t\t\t<\/div>\n\t\t<\/div>\n\t\t\t\t\t<\/div>\n\t\t<\/section>\n\t\t\t\t<\/div>\n\t\t","protected":false},"excerpt":{"rendered":"<p>CONVENIOS VIGENTES<\/p>\n","protected":false},"author":1,"featured_media":0,"parent":0,"menu_order":0,"comment_status":"closed","ping_status":"closed","template":"","meta":{"footnotes":""},"class_list":["post-7268","page","type-page","status-publish","hentry"],"yoast_head":"<!-- This site is optimized with the Yoast SEO plugin v25.4 - https:\/\/yoast.com\/wordpress\/plugins\/seo\/ -->\n<title>CEOJA - Nuestro Equipo<\/title>\n<meta name=\"robots\" content=\"index, follow, max-snippet:-1, max-image-preview:large, max-video-preview:-1\" \/>\n<link rel=\"canonical\" href=\"https:\/\/sitios.udla.edu.ec\/ceoja\/convenios-vigentes\/\" \/>\n<meta property=\"og:locale\" content=\"es_ES\" \/>\n<meta property=\"og:type\" content=\"article\" \/>\n<meta property=\"og:title\" content=\"CEOJA - Nuestro Equipo\" \/>\n<meta property=\"og:description\" content=\"CONVENIOS VIGENTES\" \/>\n<meta property=\"og:url\" content=\"https:\/\/sitios.udla.edu.ec\/ceoja\/convenios-vigentes\/\" \/>\n<meta property=\"og:site_name\" content=\"CEOJA\" \/>\n<meta property=\"article:modified_time\" content=\"2025-11-18T19:14:26+00:00\" \/>\n<meta name=\"twitter:card\" content=\"summary_large_image\" \/>\n<meta name=\"twitter:label1\" content=\"Tiempo de lectura\" \/>\n\t<meta name=\"twitter:data1\" content=\"1 minuto\" \/>\n<script type=\"application\/ld+json\" class=\"yoast-schema-graph\">{\"@context\":\"https:\/\/schema.org\",\"@graph\":[{\"@type\":\"WebPage\",\"@id\":\"https:\/\/sitios.udla.edu.ec\/ceoja\/convenios-vigentes\/\",\"url\":\"https:\/\/sitios.udla.edu.ec\/ceoja\/convenios-vigentes\/\",\"name\":\"CEOJA - Nuestro Equipo\",\"isPartOf\":{\"@id\":\"https:\/\/sitios.udla.edu.ec\/ceoja\/#website\"},\"datePublished\":\"2025-11-18T18:04:18+00:00\",\"dateModified\":\"2025-11-18T19:14:26+00:00\",\"breadcrumb\":{\"@id\":\"https:\/\/sitios.udla.edu.ec\/ceoja\/convenios-vigentes\/#breadcrumb\"},\"inLanguage\":\"es\",\"potentialAction\":[{\"@type\":\"ReadAction\",\"target\":[\"https:\/\/sitios.udla.edu.ec\/ceoja\/convenios-vigentes\/\"]}]},{\"@type\":\"BreadcrumbList\",\"@id\":\"https:\/\/sitios.udla.edu.ec\/ceoja\/convenios-vigentes\/#breadcrumb\",\"itemListElement\":[{\"@type\":\"ListItem\",\"position\":1,\"name\":\"Portada\",\"item\":\"https:\/\/sitios.udla.edu.ec\/ceoja\/\"},{\"@type\":\"ListItem\",\"position\":2,\"name\":\"Convenios vigentes\"}]},{\"@type\":\"WebSite\",\"@id\":\"https:\/\/sitios.udla.edu.ec\/ceoja\/#website\",\"url\":\"https:\/\/sitios.udla.edu.ec\/ceoja\/\",\"name\":\"CEOJA\",\"description\":\"CEOJA UDLA\",\"publisher\":{\"@id\":\"https:\/\/sitios.udla.edu.ec\/ceoja\/#organization\"},\"potentialAction\":[{\"@type\":\"SearchAction\",\"target\":{\"@type\":\"EntryPoint\",\"urlTemplate\":\"https:\/\/sitios.udla.edu.ec\/ceoja\/?s={search_term_string}\"},\"query-input\":{\"@type\":\"PropertyValueSpecification\",\"valueRequired\":true,\"valueName\":\"search_term_string\"}}],\"inLanguage\":\"es\"},{\"@type\":\"Organization\",\"@id\":\"https:\/\/sitios.udla.edu.ec\/ceoja\/#organization\",\"name\":\"CEOJA\",\"url\":\"https:\/\/sitios.udla.edu.ec\/ceoja\/\",\"logo\":{\"@type\":\"ImageObject\",\"inLanguage\":\"es\",\"@id\":\"https:\/\/sitios.udla.edu.ec\/ceoja\/#\/schema\/logo\/image\/\",\"url\":\"https:\/\/sitios.udla.edu.ec\/ceoja\/wp-content\/uploads\/2023\/09\/cropped-cropped-cropped-ceoja-cuadrada-1-1.png\",\"contentUrl\":\"https:\/\/sitios.udla.edu.ec\/ceoja\/wp-content\/uploads\/2023\/09\/cropped-cropped-cropped-ceoja-cuadrada-1-1.png\",\"width\":250,\"height\":250,\"caption\":\"CEOJA\"},\"image\":{\"@id\":\"https:\/\/sitios.udla.edu.ec\/ceoja\/#\/schema\/logo\/image\/\"}}]}<\/script>\n<!-- \/ Yoast SEO plugin. -->","yoast_head_json":{"title":"CEOJA - Nuestro Equipo","robots":{"index":"index","follow":"follow","max-snippet":"max-snippet:-1","max-image-preview":"max-image-preview:large","max-video-preview":"max-video-preview:-1"},"canonical":"https:\/\/sitios.udla.edu.ec\/ceoja\/convenios-vigentes\/","og_locale":"es_ES","og_type":"article","og_title":"CEOJA - Nuestro Equipo","og_description":"CONVENIOS VIGENTES","og_url":"https:\/\/sitios.udla.edu.ec\/ceoja\/convenios-vigentes\/","og_site_name":"CEOJA","article_modified_time":"2025-11-18T19:14:26+00:00","twitter_card":"summary_large_image","twitter_misc":{"Tiempo de lectura":"1 minuto"},"schema":{"@context":"https:\/\/schema.org","@graph":[{"@type":"WebPage","@id":"https:\/\/sitios.udla.edu.ec\/ceoja\/convenios-vigentes\/","url":"https:\/\/sitios.udla.edu.ec\/ceoja\/convenios-vigentes\/","name":"CEOJA - Nuestro Equipo","isPartOf":{"@id":"https:\/\/sitios.udla.edu.ec\/ceoja\/#website"},"datePublished":"2025-11-18T18:04:18+00:00","dateModified":"2025-11-18T19:14:26+00:00","breadcrumb":{"@id":"https:\/\/sitios.udla.edu.ec\/ceoja\/convenios-vigentes\/#breadcrumb"},"inLanguage":"es","potentialAction":[{"@type":"ReadAction","target":["https:\/\/sitios.udla.edu.ec\/ceoja\/convenios-vigentes\/"]}]},{"@type":"BreadcrumbList","@id":"https:\/\/sitios.udla.edu.ec\/ceoja\/convenios-vigentes\/#breadcrumb","itemListElement":[{"@type":"ListItem","position":1,"name":"Portada","item":"https:\/\/sitios.udla.edu.ec\/ceoja\/"},{"@type":"ListItem","position":2,"name":"Convenios vigentes"}]},{"@type":"WebSite","@id":"https:\/\/sitios.udla.edu.ec\/ceoja\/#website","url":"https:\/\/sitios.udla.edu.ec\/ceoja\/","name":"CEOJA","description":"CEOJA UDLA","publisher":{"@id":"https:\/\/sitios.udla.edu.ec\/ceoja\/#organization"},"potentialAction":[{"@type":"SearchAction","target":{"@type":"EntryPoint","urlTemplate":"https:\/\/sitios.udla.edu.ec\/ceoja\/?s={search_term_string}"},"query-input":{"@type":"PropertyValueSpecification","valueRequired":true,"valueName":"search_term_string"}}],"inLanguage":"es"},{"@type":"Organization","@id":"https:\/\/sitios.udla.edu.ec\/ceoja\/#organization","name":"CEOJA","url":"https:\/\/sitios.udla.edu.ec\/ceoja\/","logo":{"@type":"ImageObject","inLanguage":"es","@id":"https:\/\/sitios.udla.edu.ec\/ceoja\/#\/schema\/logo\/image\/","url":"https:\/\/sitios.udla.edu.ec\/ceoja\/wp-content\/uploads\/2023\/09\/cropped-cropped-cropped-ceoja-cuadrada-1-1.png","contentUrl":"https:\/\/sitios.udla.edu.ec\/ceoja\/wp-content\/uploads\/2023\/09\/cropped-cropped-cropped-ceoja-cuadrada-1-1.png","width":250,"height":250,"caption":"CEOJA"},"image":{"@id":"https:\/\/sitios.udla.edu.ec\/ceoja\/#\/schema\/logo\/image\/"}}]}},"_links":{"self":[{"href":"https:\/\/sitios.udla.edu.ec\/ceoja\/wp-json\/wp\/v2\/pages\/7268","targetHints":{"allow":["GET"]}}],"collection":[{"href":"https:\/\/sitios.udla.edu.ec\/ceoja\/wp-json\/wp\/v2\/pages"}],"about":[{"href":"https:\/\/sitios.udla.edu.ec\/ceoja\/wp-json\/wp\/v2\/types\/page"}],"author":[{"embeddable":true,"href":"https:\/\/sitios.udla.edu.ec\/ceoja\/wp-json\/wp\/v2\/users\/1"}],"replies":[{"embeddable":true,"href":"https:\/\/sitios.udla.edu.ec\/ceoja\/wp-json\/wp\/v2\/comments?post=7268"}],"version-history":[{"count":4,"href":"https:\/\/sitios.udla.edu.ec\/ceoja\/wp-json\/wp\/v2\/pages\/7268\/revisions"}],"predecessor-version":[{"id":7279,"href":"https:\/\/sitios.udla.edu.ec\/ceoja\/wp-json\/wp\/v2\/pages\/7268\/revisions\/7279"}],"wp:attachment":[{"href":"https:\/\/sitios.udla.edu.ec\/ceoja\/wp-json\/wp\/v2\/media?parent=7268"}],"curies":[{"name":"wp","href":"https:\/\/api.w.org\/{rel}","templated":true}]}}