{"id":7257,"date":"2025-11-18T12:47:55","date_gmt":"2025-11-18T17:47:55","guid":{"rendered":"https:\/\/sitios.udla.edu.ec\/ceoja\/?page_id=7257"},"modified":"2026-03-23T14:52:42","modified_gmt":"2026-03-23T19:52:42","slug":"acreditaciones-obtenidas","status":"publish","type":"page","link":"https:\/\/sitios.udla.edu.ec\/ceoja\/acreditaciones-obtenidas\/","title":{"rendered":"Acreditaciones obtenidas"},"content":{"rendered":"\t\t<div data-elementor-type=\"wp-page\" data-elementor-id=\"7257\" class=\"elementor elementor-7257\" data-elementor-post-type=\"page\">\n\t\t\t\t\t\t<section class=\"elementor-section elementor-top-section elementor-element elementor-element-85211d4 elementor-section-boxed elementor-section-height-default elementor-section-height-default\" data-id=\"85211d4\" data-element_type=\"section\">\n\t\t\t\t\t\t<div class=\"elementor-container elementor-column-gap-default\">\n\t\t\t\t\t<div class=\"elementor-column elementor-col-100 elementor-top-column elementor-element elementor-element-26aa5fc\" data-id=\"26aa5fc\" data-element_type=\"column\">\n\t\t\t<div class=\"elementor-widget-wrap elementor-element-populated\">\n\t\t\t\t\t\t<div class=\"elementor-element elementor-element-4e1849e elementor-widget elementor-widget-heading\" data-id=\"4e1849e\" data-element_type=\"widget\" data-widget_type=\"heading.default\">\n\t\t\t\t<div class=\"elementor-widget-container\">\n\t\t\t<style>\/*! elementor - v3.22.0 - 24-06-2024 *\/\n.elementor-heading-title{padding:0;margin:0;line-height:1}.elementor-widget-heading .elementor-heading-title[class*=elementor-size-]>a{color:inherit;font-size:inherit;line-height:inherit}.elementor-widget-heading .elementor-heading-title.elementor-size-small{font-size:15px}.elementor-widget-heading .elementor-heading-title.elementor-size-medium{font-size:19px}.elementor-widget-heading .elementor-heading-title.elementor-size-large{font-size:29px}.elementor-widget-heading .elementor-heading-title.elementor-size-xl{font-size:39px}.elementor-widget-heading .elementor-heading-title.elementor-size-xxl{font-size:59px}<\/style><h2 class=\"elementor-heading-title elementor-size-default\">ACREDITACIONES OBTENIDAS<\/h2>\t\t<\/div>\n\t\t\t\t<\/div>\n\t\t\t\t\t<\/div>\n\t\t<\/div>\n\t\t\t\t\t<\/div>\n\t\t<\/section>\n\t\t\t\t<section class=\"elementor-section elementor-top-section elementor-element elementor-element-248e9d5 elementor-section-boxed elementor-section-height-default elementor-section-height-default\" data-id=\"248e9d5\" data-element_type=\"section\">\n\t\t\t\t\t\t<div class=\"elementor-container elementor-column-gap-default\">\n\t\t\t\t\t<div class=\"elementor-column elementor-col-25 elementor-top-column elementor-element elementor-element-21c23bf\" data-id=\"21c23bf\" data-element_type=\"column\">\n\t\t\t<div class=\"elementor-widget-wrap\">\n\t\t\t\t\t\t\t<\/div>\n\t\t<\/div>\n\t\t\t\t<div class=\"elementor-column elementor-col-50 elementor-top-column elementor-element elementor-element-6aebefb\" data-id=\"6aebefb\" data-element_type=\"column\">\n\t\t\t<div class=\"elementor-widget-wrap elementor-element-populated\">\n\t\t\t\t\t\t<div class=\"elementor-element elementor-element-9c0f65c elementor-widget__width-initial elementor-widget elementor-widget-shortcode\" data-id=\"9c0f65c\" data-element_type=\"widget\" data-widget_type=\"shortcode.default\">\n\t\t\t\t<div class=\"elementor-widget-container\">\n\t\t\t\t\t<div class=\"elementor-shortcode\">\r\n<div class=\"wp-tsasp-team-wrp wp-tsasp-team-grid-wrp wptsasp-clearfix \" popup-conf=\"{&quot;popup_gallery&quot;:&quot;true&quot;}\">\r\n\t<div class=\"wp-teamshowcase-grid wp-tsasp-teamshowcase wp-tsasp-design-7 wp-tsasp-popup-js wp-tsasp-no-offset wp-tsasp-image-fit wptsasp-clearfix\" id=\"wp-tsasp-team-1\">\r\n<div class=\"wp-tsasp-team-grid wptsas-medium-12 wptsas-columns  wp-tsasp-team-7264 wp-tsasp-team-cat-61\" style=\"\">\r\n\t<div class=\"wp-tsasp-team-member\">\r\n\t\t<div class=\"wp-tsasp-team-member-bg\">\r\n\t\t\t<div class=\"wp-tsasp-team-img wp-tsasp-team-avatar-bg\">\r\n\r\n\t\t\t\t\t\t\t\t\t<img decoding=\"async\" class=\"wp-tsasp-team-avatar\"  src=\"https:\/\/sitios.udla.edu.ec\/ceoja\/wp-content\/uploads\/2025\/11\/Red-latinoamerica2.png\" alt=\"Red Latinoamericana de Centros y Programas de Escritura (RLCPE)\" \/>\r\n\t\t\t\t\t\t\t\t\t<div class=\"wp-tsasp-link-outer\">\r\n\t\t\t\t\t\t<a class=\"wp-tsasp-popup-link\" href=\"javascript:void(0);\" data-mfp-src=\"#popup-2\"><i class=\"fa fa-info\"><\/i><\/a>\r\n\t\t\t\t\t<\/div>\r\n\t\t\t\t\r\n\t\t\t<\/div>\r\n\r\n\t\t\t<div class=\"wp-tsasp-team-detail\">\r\n\t\t\t\t<div class=\"wp-tsasp-team-name\">Red Latinoamericana de Centros y Programas de Escritura (RLCPE)<\/div>\r\n\t\t\t\t\r\n\t\t\t\t\t\t\t\t<hr>\r\n\t\t\t\t\r\n\t\t\t\t\r\n\t\t\t<\/div>\r\n\t\t<\/div>\r\n\t<\/div>\r\n<\/div>\r\n<div class=\"wp-tsasp-team-grid wptsas-medium-12 wptsas-columns  wp-tsasp-team-7466 wp-tsasp-team-cat-61\" style=\"\">\r\n\t<div class=\"wp-tsasp-team-member\">\r\n\t\t<div class=\"wp-tsasp-team-member-bg\">\r\n\t\t\t<div class=\"wp-tsasp-team-img wp-tsasp-team-avatar-bg\">\r\n\r\n\t\t\t\t\t\t\t\t\t<img decoding=\"async\" class=\"wp-tsasp-team-avatar\"  src=\"https:\/\/sitios.udla.edu.ec\/ceoja\/wp-content\/uploads\/2026\/03\/IWCA.jpg\" alt=\"International Writing  Centers Association (IWCA)\" \/>\r\n\t\t\t\t\t\t\t\t\t<div class=\"wp-tsasp-link-outer\">\r\n\t\t\t\t\t\t<a class=\"wp-tsasp-popup-link\" href=\"javascript:void(0);\" data-mfp-src=\"#popup-3\"><i class=\"fa fa-info\"><\/i><\/a>\r\n\t\t\t\t\t<\/div>\r\n\t\t\t\t\r\n\t\t\t<\/div>\r\n\r\n\t\t\t<div class=\"wp-tsasp-team-detail\">\r\n\t\t\t\t<div class=\"wp-tsasp-team-name\">International Writing  Centers Association (IWCA)<\/div>\r\n\t\t\t\t\r\n\t\t\t\t\t\t\t\t<hr>\r\n\t\t\t\t\r\n\t\t\t\t\r\n\t\t\t<\/div>\r\n\t\t<\/div>\r\n\t<\/div>\r\n<\/div>\t<\/div>\r\n\r\n\t<\/div>\r\n<div id=\"popup-2\" class=\"wp-tsasp-popup-box wptsas-popup-design-1 wptsas-dark wp-tsasp-image-fit wp-tsasp-popup-content wptsasp-clearfix mfp-hide\">\r\n\t\r\n\t\r\n\t<div class=\"wp-tsasp-right-panel\">\r\n\t\t<div class=\"wp-tsasp-popup-header wp-tsasp-team-avatar-bg\">\r\n\r\n\t\t\t\t\t\t\t<img decoding=\"async\" class=\"wp-tsasp-team-avatar\" src=\"https:\/\/sitios.udla.edu.ec\/ceoja\/wp-content\/uploads\/2025\/11\/Red-latinoamerica2.png\" alt=\"Red Latinoamericana de Centros y Programas de Escritura (RLCPE)\"\/>\r\n\t\t\t\r\n\t\t\t<span class=\"wp-tsasp-popup-close wp-tsasp-close-btn mfp-close\" title=\"Close\">x<\/span>\r\n\r\n\t\t\t<div class=\"wp-tsasp-popup-member-info\">\r\n\t\t\t\t<div class=\"wp-tsasp-popup-member-name\">Red Latinoamericana de Centros y Programas de Escritura (RLCPE)<\/div>\r\n\r\n\t\t\t\t\t\t\t<\/div>\r\n\t\t<\/div>\r\n\r\n\t\t<div class=\"wp-tsasp-popup-body\">\r\n\r\n\t\t\t<p><strong>Miembro de la Red Latinoamericana de Centros y Programas de Escritura (RLCPE)<\/strong> Desde 2024, el CEOJA forma parte de esta red acad\u00e9mica vinculada a la\u00a0<strong>International Writing Centers Association (IWCA)<\/strong>. Esta acreditaci\u00f3n fortalece su posicionamiento como referente regional en pedagog\u00eda de la escritura y fomenta el intercambio acad\u00e9mico y metodol\u00f3gico con universidades de Am\u00e9rica Latina, facilitando la participaci\u00f3n de tutores y docentes en programas internacionales de formaci\u00f3n y colaboraci\u00f3n<\/p>\n\t\t<\/div>\r\n\t<\/div>\r\n<\/div>\r\n<div id=\"popup-3\" class=\"wp-tsasp-popup-box wptsas-popup-design-1 wptsas-dark wp-tsasp-image-fit wp-tsasp-popup-content wptsasp-clearfix mfp-hide\">\r\n\t\r\n\t\r\n\t<div class=\"wp-tsasp-right-panel\">\r\n\t\t<div class=\"wp-tsasp-popup-header wp-tsasp-team-avatar-bg\">\r\n\r\n\t\t\t\t\t\t\t<img decoding=\"async\" class=\"wp-tsasp-team-avatar\" src=\"https:\/\/sitios.udla.edu.ec\/ceoja\/wp-content\/uploads\/2026\/03\/IWCA.jpg\" alt=\"International Writing  Centers Association (IWCA)\"\/>\r\n\t\t\t\r\n\t\t\t<span class=\"wp-tsasp-popup-close wp-tsasp-close-btn mfp-close\" title=\"Close\">x<\/span>\r\n\r\n\t\t\t<div class=\"wp-tsasp-popup-member-info\">\r\n\t\t\t\t<div class=\"wp-tsasp-popup-member-name\">International Writing  Centers Association (IWCA)<\/div>\r\n\r\n\t\t\t\t\t\t\t<\/div>\r\n\t\t<\/div>\r\n\r\n\t\t<div class=\"wp-tsasp-popup-body\">\r\n\r\n\t\t\t<p>Gracias al apoyo de la Facultad de Derecho y de las distintas \u00e1reas administrativas, como adquisiciones y financiera, contamos con la membres\u00eda que nos permite formar parte de la International Writing Centers Association (IWCA).<\/p>\n<p>La IWCA es una organizaci\u00f3n internacional sin fines de lucro, fundada en 1983 y afiliada al NCTE, dedicada a fortalecer los centros de escritura universitarios. Su labor se orienta a fomentar el desarrollo profesional de directores y tutores, impulsar la investigaci\u00f3n en el \u00e1rea y ofrecer un foro global para compartir recursos y mejores pr\u00e1cticas.<\/p>\n<p><strong>Objetivos:<\/strong> Desarrollar al personal de los centros de escritura, fomentar la investigaci\u00f3n acad\u00e9mica sobre escritura y ofrecer un espacio de intercambio internacional.<br \/>\n<strong><br \/>\nMembres\u00eda y beneficios:<\/strong> Est\u00e1 abierta a profesionales y tutores, y ofrece mentor\u00edas, becas, premios, acceso a publicaciones y descuentos en eventos.<br \/>\n<strong><br \/>\nAlcance:<\/strong> Promueve una definici\u00f3n amplia y evolutiva de la alfabetizaci\u00f3n, la comunicaci\u00f3n y los centros de escritura, reconociendo diversos contextos culturales y globales.<br \/>\n<strong><br \/>\nAfiliaciones regionales:<\/strong> Cuenta con 17 grupos afiliados, incluyendo redes en Latinoam\u00e9rica, con el fin de fortalecer el apoyo regional.<br \/>\n<strong><br \/>\nActividades:<\/strong> Organiza conferencias, talleres y publica investigaciones sobre centros de escritura.<\/p>\n\t\t<\/div>\r\n\t<\/div>\r\n<\/div><\/div>\n\t\t\t\t<\/div>\n\t\t\t\t<\/div>\n\t\t\t\t\t<\/div>\n\t\t<\/div>\n\t\t\t\t<div class=\"elementor-column elementor-col-25 elementor-top-column elementor-element elementor-element-add94ea\" data-id=\"add94ea\" data-element_type=\"column\">\n\t\t\t<div class=\"elementor-widget-wrap\">\n\t\t\t\t\t\t\t<\/div>\n\t\t<\/div>\n\t\t\t\t\t<\/div>\n\t\t<\/section>\n\t\t\t\t<section class=\"elementor-section elementor-top-section elementor-element elementor-element-a11c2d7 elementor-section-boxed elementor-section-height-default elementor-section-height-default\" data-id=\"a11c2d7\" data-element_type=\"section\">\n\t\t\t\t\t\t<div class=\"elementor-container elementor-column-gap-default\">\n\t\t\t\t\t<div class=\"elementor-column elementor-col-100 elementor-top-column elementor-element elementor-element-ce359fe\" data-id=\"ce359fe\" data-element_type=\"column\">\n\t\t\t<div class=\"elementor-widget-wrap\">\n\t\t\t\t\t\t\t<\/div>\n\t\t<\/div>\n\t\t\t\t\t<\/div>\n\t\t<\/section>\n\t\t\t\t<\/div>\n\t\t","protected":false},"excerpt":{"rendered":"<p>ACREDITACIONES OBTENIDAS<\/p>\n","protected":false},"author":1,"featured_media":0,"parent":0,"menu_order":0,"comment_status":"closed","ping_status":"closed","template":"","meta":{"footnotes":""},"class_list":["post-7257","page","type-page","status-publish","hentry"],"yoast_head":"<!-- This site is optimized with the Yoast SEO plugin v25.4 - https:\/\/yoast.com\/wordpress\/plugins\/seo\/ -->\n<title>CEOJA - Nuestro Equipo<\/title>\n<meta name=\"robots\" content=\"index, follow, max-snippet:-1, max-image-preview:large, max-video-preview:-1\" \/>\n<link rel=\"canonical\" href=\"https:\/\/sitios.udla.edu.ec\/ceoja\/acreditaciones-obtenidas\/\" \/>\n<meta property=\"og:locale\" content=\"es_ES\" \/>\n<meta property=\"og:type\" content=\"article\" \/>\n<meta property=\"og:title\" content=\"CEOJA - Nuestro Equipo\" \/>\n<meta property=\"og:description\" content=\"ACREDITACIONES OBTENIDAS\" \/>\n<meta property=\"og:url\" content=\"https:\/\/sitios.udla.edu.ec\/ceoja\/acreditaciones-obtenidas\/\" \/>\n<meta property=\"og:site_name\" content=\"CEOJA\" \/>\n<meta property=\"article:modified_time\" content=\"2026-03-23T19:52:42+00:00\" \/>\n<meta name=\"twitter:card\" content=\"summary_large_image\" \/>\n<meta name=\"twitter:label1\" content=\"Tiempo de lectura\" \/>\n\t<meta name=\"twitter:data1\" content=\"1 minuto\" \/>\n<script type=\"application\/ld+json\" class=\"yoast-schema-graph\">{\"@context\":\"https:\/\/schema.org\",\"@graph\":[{\"@type\":\"WebPage\",\"@id\":\"https:\/\/sitios.udla.edu.ec\/ceoja\/acreditaciones-obtenidas\/\",\"url\":\"https:\/\/sitios.udla.edu.ec\/ceoja\/acreditaciones-obtenidas\/\",\"name\":\"CEOJA - Nuestro Equipo\",\"isPartOf\":{\"@id\":\"https:\/\/sitios.udla.edu.ec\/ceoja\/#website\"},\"datePublished\":\"2025-11-18T17:47:55+00:00\",\"dateModified\":\"2026-03-23T19:52:42+00:00\",\"breadcrumb\":{\"@id\":\"https:\/\/sitios.udla.edu.ec\/ceoja\/acreditaciones-obtenidas\/#breadcrumb\"},\"inLanguage\":\"es\",\"potentialAction\":[{\"@type\":\"ReadAction\",\"target\":[\"https:\/\/sitios.udla.edu.ec\/ceoja\/acreditaciones-obtenidas\/\"]}]},{\"@type\":\"BreadcrumbList\",\"@id\":\"https:\/\/sitios.udla.edu.ec\/ceoja\/acreditaciones-obtenidas\/#breadcrumb\",\"itemListElement\":[{\"@type\":\"ListItem\",\"position\":1,\"name\":\"Portada\",\"item\":\"https:\/\/sitios.udla.edu.ec\/ceoja\/\"},{\"@type\":\"ListItem\",\"position\":2,\"name\":\"Acreditaciones obtenidas\"}]},{\"@type\":\"WebSite\",\"@id\":\"https:\/\/sitios.udla.edu.ec\/ceoja\/#website\",\"url\":\"https:\/\/sitios.udla.edu.ec\/ceoja\/\",\"name\":\"CEOJA\",\"description\":\"CEOJA UDLA\",\"publisher\":{\"@id\":\"https:\/\/sitios.udla.edu.ec\/ceoja\/#organization\"},\"potentialAction\":[{\"@type\":\"SearchAction\",\"target\":{\"@type\":\"EntryPoint\",\"urlTemplate\":\"https:\/\/sitios.udla.edu.ec\/ceoja\/?s={search_term_string}\"},\"query-input\":{\"@type\":\"PropertyValueSpecification\",\"valueRequired\":true,\"valueName\":\"search_term_string\"}}],\"inLanguage\":\"es\"},{\"@type\":\"Organization\",\"@id\":\"https:\/\/sitios.udla.edu.ec\/ceoja\/#organization\",\"name\":\"CEOJA\",\"url\":\"https:\/\/sitios.udla.edu.ec\/ceoja\/\",\"logo\":{\"@type\":\"ImageObject\",\"inLanguage\":\"es\",\"@id\":\"https:\/\/sitios.udla.edu.ec\/ceoja\/#\/schema\/logo\/image\/\",\"url\":\"https:\/\/sitios.udla.edu.ec\/ceoja\/wp-content\/uploads\/2023\/09\/cropped-cropped-cropped-ceoja-cuadrada-1-1.png\",\"contentUrl\":\"https:\/\/sitios.udla.edu.ec\/ceoja\/wp-content\/uploads\/2023\/09\/cropped-cropped-cropped-ceoja-cuadrada-1-1.png\",\"width\":250,\"height\":250,\"caption\":\"CEOJA\"},\"image\":{\"@id\":\"https:\/\/sitios.udla.edu.ec\/ceoja\/#\/schema\/logo\/image\/\"}}]}<\/script>\n<!-- \/ Yoast SEO plugin. -->","yoast_head_json":{"title":"CEOJA - Nuestro Equipo","robots":{"index":"index","follow":"follow","max-snippet":"max-snippet:-1","max-image-preview":"max-image-preview:large","max-video-preview":"max-video-preview:-1"},"canonical":"https:\/\/sitios.udla.edu.ec\/ceoja\/acreditaciones-obtenidas\/","og_locale":"es_ES","og_type":"article","og_title":"CEOJA - Nuestro Equipo","og_description":"ACREDITACIONES OBTENIDAS","og_url":"https:\/\/sitios.udla.edu.ec\/ceoja\/acreditaciones-obtenidas\/","og_site_name":"CEOJA","article_modified_time":"2026-03-23T19:52:42+00:00","twitter_card":"summary_large_image","twitter_misc":{"Tiempo de lectura":"1 minuto"},"schema":{"@context":"https:\/\/schema.org","@graph":[{"@type":"WebPage","@id":"https:\/\/sitios.udla.edu.ec\/ceoja\/acreditaciones-obtenidas\/","url":"https:\/\/sitios.udla.edu.ec\/ceoja\/acreditaciones-obtenidas\/","name":"CEOJA - Nuestro Equipo","isPartOf":{"@id":"https:\/\/sitios.udla.edu.ec\/ceoja\/#website"},"datePublished":"2025-11-18T17:47:55+00:00","dateModified":"2026-03-23T19:52:42+00:00","breadcrumb":{"@id":"https:\/\/sitios.udla.edu.ec\/ceoja\/acreditaciones-obtenidas\/#breadcrumb"},"inLanguage":"es","potentialAction":[{"@type":"ReadAction","target":["https:\/\/sitios.udla.edu.ec\/ceoja\/acreditaciones-obtenidas\/"]}]},{"@type":"BreadcrumbList","@id":"https:\/\/sitios.udla.edu.ec\/ceoja\/acreditaciones-obtenidas\/#breadcrumb","itemListElement":[{"@type":"ListItem","position":1,"name":"Portada","item":"https:\/\/sitios.udla.edu.ec\/ceoja\/"},{"@type":"ListItem","position":2,"name":"Acreditaciones obtenidas"}]},{"@type":"WebSite","@id":"https:\/\/sitios.udla.edu.ec\/ceoja\/#website","url":"https:\/\/sitios.udla.edu.ec\/ceoja\/","name":"CEOJA","description":"CEOJA UDLA","publisher":{"@id":"https:\/\/sitios.udla.edu.ec\/ceoja\/#organization"},"potentialAction":[{"@type":"SearchAction","target":{"@type":"EntryPoint","urlTemplate":"https:\/\/sitios.udla.edu.ec\/ceoja\/?s={search_term_string}"},"query-input":{"@type":"PropertyValueSpecification","valueRequired":true,"valueName":"search_term_string"}}],"inLanguage":"es"},{"@type":"Organization","@id":"https:\/\/sitios.udla.edu.ec\/ceoja\/#organization","name":"CEOJA","url":"https:\/\/sitios.udla.edu.ec\/ceoja\/","logo":{"@type":"ImageObject","inLanguage":"es","@id":"https:\/\/sitios.udla.edu.ec\/ceoja\/#\/schema\/logo\/image\/","url":"https:\/\/sitios.udla.edu.ec\/ceoja\/wp-content\/uploads\/2023\/09\/cropped-cropped-cropped-ceoja-cuadrada-1-1.png","contentUrl":"https:\/\/sitios.udla.edu.ec\/ceoja\/wp-content\/uploads\/2023\/09\/cropped-cropped-cropped-ceoja-cuadrada-1-1.png","width":250,"height":250,"caption":"CEOJA"},"image":{"@id":"https:\/\/sitios.udla.edu.ec\/ceoja\/#\/schema\/logo\/image\/"}}]}},"_links":{"self":[{"href":"https:\/\/sitios.udla.edu.ec\/ceoja\/wp-json\/wp\/v2\/pages\/7257","targetHints":{"allow":["GET"]}}],"collection":[{"href":"https:\/\/sitios.udla.edu.ec\/ceoja\/wp-json\/wp\/v2\/pages"}],"about":[{"href":"https:\/\/sitios.udla.edu.ec\/ceoja\/wp-json\/wp\/v2\/types\/page"}],"author":[{"embeddable":true,"href":"https:\/\/sitios.udla.edu.ec\/ceoja\/wp-json\/wp\/v2\/users\/1"}],"replies":[{"embeddable":true,"href":"https:\/\/sitios.udla.edu.ec\/ceoja\/wp-json\/wp\/v2\/comments?post=7257"}],"version-history":[{"count":16,"href":"https:\/\/sitios.udla.edu.ec\/ceoja\/wp-json\/wp\/v2\/pages\/7257\/revisions"}],"predecessor-version":[{"id":7473,"href":"https:\/\/sitios.udla.edu.ec\/ceoja\/wp-json\/wp\/v2\/pages\/7257\/revisions\/7473"}],"wp:attachment":[{"href":"https:\/\/sitios.udla.edu.ec\/ceoja\/wp-json\/wp\/v2\/media?parent=7257"}],"curies":[{"name":"wp","href":"https:\/\/api.w.org\/{rel}","templated":true}]}}