{"id":6228,"date":"2023-09-21T15:11:12","date_gmt":"2023-09-21T20:11:12","guid":{"rendered":"https:\/\/sitios.udla.edu.ec\/ceoja\/?page_id=6228"},"modified":"2024-06-24T12:35:34","modified_gmt":"2024-06-24T17:35:34","slug":"nuestras-estrategias","status":"publish","type":"page","link":"https:\/\/sitios.udla.edu.ec\/ceoja\/nuestras-estrategias\/","title":{"rendered":"Nuestras estrategias"},"content":{"rendered":"\t\t<div data-elementor-type=\"wp-page\" data-elementor-id=\"6228\" class=\"elementor elementor-6228\" data-elementor-post-type=\"page\">\n\t\t\t\t\t\t<section class=\"elementor-section elementor-top-section elementor-element elementor-element-0daaaee elementor-section-stretched elementor-section-height-min-height elementor-section-boxed elementor-section-height-default elementor-section-items-middle\" data-id=\"0daaaee\" data-element_type=\"section\" data-settings=\"{&quot;stretch_section&quot;:&quot;section-stretched&quot;,&quot;background_background&quot;:&quot;classic&quot;}\">\n\t\t\t\t\t\t\t<div class=\"elementor-background-overlay\"><\/div>\n\t\t\t\t\t\t\t<div class=\"elementor-container elementor-column-gap-default\">\n\t\t\t\t\t<div class=\"elementor-column elementor-col-100 elementor-top-column elementor-element elementor-element-484584d\" data-id=\"484584d\" data-element_type=\"column\">\n\t\t\t<div class=\"elementor-widget-wrap elementor-element-populated\">\n\t\t\t\t\t\t<div class=\"elementor-element elementor-element-f6ea656 elementor-widget elementor-widget-heading\" data-id=\"f6ea656\" data-element_type=\"widget\" data-widget_type=\"heading.default\">\n\t\t\t\t<div class=\"elementor-widget-container\">\n\t\t\t<style>\/*! elementor - v3.22.0 - 24-06-2024 *\/\n.elementor-heading-title{padding:0;margin:0;line-height:1}.elementor-widget-heading .elementor-heading-title[class*=elementor-size-]>a{color:inherit;font-size:inherit;line-height:inherit}.elementor-widget-heading .elementor-heading-title.elementor-size-small{font-size:15px}.elementor-widget-heading .elementor-heading-title.elementor-size-medium{font-size:19px}.elementor-widget-heading .elementor-heading-title.elementor-size-large{font-size:29px}.elementor-widget-heading .elementor-heading-title.elementor-size-xl{font-size:39px}.elementor-widget-heading .elementor-heading-title.elementor-size-xxl{font-size:59px}<\/style><h2 class=\"elementor-heading-title elementor-size-default\">Nuestras estrategias<\/h2>\t\t<\/div>\n\t\t\t\t<\/div>\n\t\t\t\t<section class=\"elementor-section elementor-inner-section elementor-element elementor-element-f652ba9 elementor-section-boxed elementor-section-height-default elementor-section-height-default\" data-id=\"f652ba9\" data-element_type=\"section\">\n\t\t\t\t\t\t<div class=\"elementor-container elementor-column-gap-default\">\n\t\t\t\t\t<div class=\"elementor-column elementor-col-33 elementor-inner-column elementor-element elementor-element-5c1a84b\" data-id=\"5c1a84b\" data-element_type=\"column\" data-settings=\"{&quot;background_background&quot;:&quot;gradient&quot;}\">\n\t\t\t<div class=\"elementor-widget-wrap elementor-element-populated\">\n\t\t\t\t\t\t<section class=\"elementor-section elementor-inner-section elementor-element elementor-element-aa3c620 elementor-section-boxed elementor-section-height-default elementor-section-height-default\" data-id=\"aa3c620\" data-element_type=\"section\">\n\t\t\t\t\t\t<div class=\"elementor-container elementor-column-gap-default\">\n\t\t\t\t\t<div class=\"elementor-column elementor-col-100 elementor-inner-column elementor-element elementor-element-01a463e\" data-id=\"01a463e\" data-element_type=\"column\">\n\t\t\t<div class=\"elementor-widget-wrap elementor-element-populated\">\n\t\t\t\t\t\t<div class=\"elementor-element elementor-element-4b6527c elementor-widget__width-auto elementor-widget elementor-widget-heading\" data-id=\"4b6527c\" data-element_type=\"widget\" data-widget_type=\"heading.default\">\n\t\t\t\t<div class=\"elementor-widget-container\">\n\t\t\t<h4 class=\"elementor-heading-title elementor-size-default\">Estrategias para profesores<\/h4>\t\t<\/div>\n\t\t\t\t<\/div>\n\t\t\t\t\t<\/div>\n\t\t<\/div>\n\t\t\t\t\t<\/div>\n\t\t<\/section>\n\t\t\t\t\t<\/div>\n\t\t<\/div>\n\t\t\t\t<div class=\"elementor-column elementor-col-33 elementor-inner-column elementor-element elementor-element-ccd45f0\" data-id=\"ccd45f0\" data-element_type=\"column\" data-settings=\"{&quot;background_background&quot;:&quot;gradient&quot;}\">\n\t\t\t<div class=\"elementor-widget-wrap elementor-element-populated\">\n\t\t\t\t\t\t<section class=\"elementor-section elementor-inner-section elementor-element elementor-element-f23834e elementor-section-boxed elementor-section-height-default elementor-section-height-default\" data-id=\"f23834e\" data-element_type=\"section\">\n\t\t\t\t\t\t<div class=\"elementor-container elementor-column-gap-default\">\n\t\t\t\t\t<div class=\"elementor-column elementor-col-100 elementor-inner-column elementor-element elementor-element-59f728c\" data-id=\"59f728c\" data-element_type=\"column\">\n\t\t\t<div class=\"elementor-widget-wrap elementor-element-populated\">\n\t\t\t\t\t\t<div class=\"elementor-element elementor-element-858a4a5 elementor-widget__width-auto elementor-widget elementor-widget-heading\" data-id=\"858a4a5\" data-element_type=\"widget\" data-widget_type=\"heading.default\">\n\t\t\t\t<div class=\"elementor-widget-container\">\n\t\t\t<h4 class=\"elementor-heading-title elementor-size-default\">Estrategias para estudiantes<\/h4>\t\t<\/div>\n\t\t\t\t<\/div>\n\t\t\t\t\t<\/div>\n\t\t<\/div>\n\t\t\t\t\t<\/div>\n\t\t<\/section>\n\t\t\t\t\t<\/div>\n\t\t<\/div>\n\t\t\t\t<div class=\"elementor-column elementor-col-33 elementor-inner-column elementor-element elementor-element-61f2797\" data-id=\"61f2797\" data-element_type=\"column\" data-settings=\"{&quot;background_background&quot;:&quot;gradient&quot;}\">\n\t\t\t<div class=\"elementor-widget-wrap elementor-element-populated\">\n\t\t\t\t\t\t<section class=\"elementor-section elementor-inner-section elementor-element elementor-element-b42b38a elementor-section-boxed elementor-section-height-default elementor-section-height-default\" data-id=\"b42b38a\" data-element_type=\"section\">\n\t\t\t\t\t\t<div class=\"elementor-container elementor-column-gap-default\">\n\t\t\t\t\t<div class=\"elementor-column elementor-col-100 elementor-inner-column elementor-element elementor-element-bcbfc6d\" data-id=\"bcbfc6d\" data-element_type=\"column\">\n\t\t\t<div class=\"elementor-widget-wrap elementor-element-populated\">\n\t\t\t\t\t\t<div class=\"elementor-element elementor-element-bcdcd36 elementor-widget elementor-widget-heading\" data-id=\"bcdcd36\" data-element_type=\"widget\" data-widget_type=\"heading.default\">\n\t\t\t\t<div class=\"elementor-widget-container\">\n\t\t\t<h4 class=\"elementor-heading-title elementor-size-default\">Evaluaci\u00f3n<\/h4>\t\t<\/div>\n\t\t\t\t<\/div>\n\t\t\t\t\t<\/div>\n\t\t<\/div>\n\t\t\t\t\t<\/div>\n\t\t<\/section>\n\t\t\t\t\t<\/div>\n\t\t<\/div>\n\t\t\t\t\t<\/div>\n\t\t<\/section>\n\t\t\t\t<section class=\"elementor-section elementor-inner-section elementor-element elementor-element-2336624 elementor-section-boxed elementor-section-height-default elementor-section-height-default\" data-id=\"2336624\" data-element_type=\"section\">\n\t\t\t\t\t\t<div class=\"elementor-container elementor-column-gap-default\">\n\t\t\t\t\t<div class=\"elementor-column elementor-col-33 elementor-inner-column elementor-element elementor-element-edbc58e\" data-id=\"edbc58e\" data-element_type=\"column\" data-settings=\"{&quot;background_background&quot;:&quot;gradient&quot;}\">\n\t\t\t<div class=\"elementor-widget-wrap elementor-element-populated\">\n\t\t\t\t\t\t<section class=\"elementor-section elementor-inner-section elementor-element elementor-element-cc9f300 elementor-section-boxed elementor-section-height-default elementor-section-height-default\" data-id=\"cc9f300\" data-element_type=\"section\">\n\t\t\t\t\t\t<div class=\"elementor-container elementor-column-gap-default\">\n\t\t\t\t\t<div class=\"elementor-column elementor-col-100 elementor-inner-column elementor-element elementor-element-b444452\" data-id=\"b444452\" data-element_type=\"column\">\n\t\t\t<div class=\"elementor-widget-wrap elementor-element-populated\">\n\t\t\t\t\t\t<div class=\"elementor-element elementor-element-0f208ae elementor-widget elementor-widget-text-editor\" data-id=\"0f208ae\" data-element_type=\"widget\" data-widget_type=\"text-editor.default\">\n\t\t\t\t<div class=\"elementor-widget-container\">\n\t\t\t<style>\/*! elementor - v3.22.0 - 24-06-2024 *\/\n.elementor-widget-text-editor.elementor-drop-cap-view-stacked .elementor-drop-cap{background-color:#69727d;color:#fff}.elementor-widget-text-editor.elementor-drop-cap-view-framed .elementor-drop-cap{color:#69727d;border:3px solid;background-color:transparent}.elementor-widget-text-editor:not(.elementor-drop-cap-view-default) .elementor-drop-cap{margin-top:8px}.elementor-widget-text-editor:not(.elementor-drop-cap-view-default) .elementor-drop-cap-letter{width:1em;height:1em}.elementor-widget-text-editor .elementor-drop-cap{float:left;text-align:center;line-height:1;font-size:50px}.elementor-widget-text-editor .elementor-drop-cap-letter{display:inline-block}<\/style>\t\t\t\t<p style=\"text-align: center;\"><span style=\"color: #000000; font-size: 20px;\">Apoyo <\/br>para el dise\u00f1o curricular<\/span><\/p>\t\t\t\t\t\t<\/div>\n\t\t\t\t<\/div>\n\t\t\t\t\t<\/div>\n\t\t<\/div>\n\t\t\t\t\t<\/div>\n\t\t<\/section>\n\t\t\t\t\t<\/div>\n\t\t<\/div>\n\t\t\t\t<div class=\"elementor-column elementor-col-33 elementor-inner-column elementor-element elementor-element-cc6160e\" data-id=\"cc6160e\" data-element_type=\"column\" data-settings=\"{&quot;background_background&quot;:&quot;gradient&quot;}\">\n\t\t\t<div class=\"elementor-widget-wrap elementor-element-populated\">\n\t\t\t\t\t\t<div class=\"elementor-element elementor-element-cd05721 elementor-widget elementor-widget-text-editor\" data-id=\"cd05721\" data-element_type=\"widget\" data-widget_type=\"text-editor.default\">\n\t\t\t\t<div class=\"elementor-widget-container\">\n\t\t\t\t\t\t\t<p style=\"text-align: center;\"><span style=\"color: #000000; font-size: 20px;\">Tutor\u00edas presenciales y virtuales<\/span><\/p>\t\t\t\t\t\t<\/div>\n\t\t\t\t<\/div>\n\t\t\t\t\t<\/div>\n\t\t<\/div>\n\t\t\t\t<div class=\"elementor-column elementor-col-33 elementor-inner-column elementor-element elementor-element-ea0a6bd\" data-id=\"ea0a6bd\" data-element_type=\"column\" data-settings=\"{&quot;background_background&quot;:&quot;gradient&quot;}\">\n\t\t\t<div class=\"elementor-widget-wrap elementor-element-populated\">\n\t\t\t\t\t\t<div class=\"elementor-element elementor-element-5e40daf elementor-widget elementor-widget-text-editor\" data-id=\"5e40daf\" data-element_type=\"widget\" data-widget_type=\"text-editor.default\">\n\t\t\t\t<div class=\"elementor-widget-container\">\n\t\t\t\t\t\t\t<p style=\"text-align: center;\"><span style=\"color: #000000; font-size: 20px;\">Pruebas de diagn\u00f3stico de ingreso y egreso<\/span><\/p>\t\t\t\t\t\t<\/div>\n\t\t\t\t<\/div>\n\t\t\t\t\t<\/div>\n\t\t<\/div>\n\t\t\t\t\t<\/div>\n\t\t<\/section>\n\t\t\t\t<section class=\"elementor-section elementor-inner-section elementor-element elementor-element-d4805cc elementor-section-boxed elementor-section-height-default elementor-section-height-default\" data-id=\"d4805cc\" data-element_type=\"section\">\n\t\t\t\t\t\t<div class=\"elementor-container elementor-column-gap-default\">\n\t\t\t\t\t<div class=\"elementor-column elementor-col-33 elementor-inner-column elementor-element elementor-element-95ee363\" data-id=\"95ee363\" data-element_type=\"column\" data-settings=\"{&quot;background_background&quot;:&quot;gradient&quot;}\">\n\t\t\t<div class=\"elementor-widget-wrap elementor-element-populated\">\n\t\t\t\t\t\t<section class=\"elementor-section elementor-inner-section elementor-element elementor-element-e115d54 elementor-section-boxed elementor-section-height-default elementor-section-height-default\" data-id=\"e115d54\" data-element_type=\"section\">\n\t\t\t\t\t\t<div class=\"elementor-container elementor-column-gap-default\">\n\t\t\t\t\t<div class=\"elementor-column elementor-col-100 elementor-inner-column elementor-element elementor-element-e7a9472\" data-id=\"e7a9472\" data-element_type=\"column\">\n\t\t\t<div class=\"elementor-widget-wrap elementor-element-populated\">\n\t\t\t\t\t\t<div class=\"elementor-element elementor-element-525778a elementor-widget elementor-widget-text-editor\" data-id=\"525778a\" data-element_type=\"widget\" data-widget_type=\"text-editor.default\">\n\t\t\t\t<div class=\"elementor-widget-container\">\n\t\t\t\t\t\t\t<p style=\"text-align: center;\"><span style=\"color: #000000; font-size: 20px;\">Centro virtual de recursos para profesores<\/span><\/p>\t\t\t\t\t\t<\/div>\n\t\t\t\t<\/div>\n\t\t\t\t\t<\/div>\n\t\t<\/div>\n\t\t\t\t\t<\/div>\n\t\t<\/section>\n\t\t\t\t\t<\/div>\n\t\t<\/div>\n\t\t\t\t<div class=\"elementor-column elementor-col-33 elementor-inner-column elementor-element elementor-element-cd7924f\" data-id=\"cd7924f\" data-element_type=\"column\" data-settings=\"{&quot;background_background&quot;:&quot;gradient&quot;}\">\n\t\t\t<div class=\"elementor-widget-wrap elementor-element-populated\">\n\t\t\t\t\t\t<section class=\"elementor-section elementor-inner-section elementor-element elementor-element-a15b607 elementor-section-boxed elementor-section-height-default elementor-section-height-default\" data-id=\"a15b607\" data-element_type=\"section\">\n\t\t\t\t\t\t<div class=\"elementor-container elementor-column-gap-default\">\n\t\t\t\t\t<div class=\"elementor-column elementor-col-100 elementor-inner-column elementor-element elementor-element-aa0a418\" data-id=\"aa0a418\" data-element_type=\"column\">\n\t\t\t<div class=\"elementor-widget-wrap elementor-element-populated\">\n\t\t\t\t\t\t<div class=\"elementor-element elementor-element-23dbf05 elementor-widget elementor-widget-text-editor\" data-id=\"23dbf05\" data-element_type=\"widget\" data-widget_type=\"text-editor.default\">\n\t\t\t\t<div class=\"elementor-widget-container\">\n\t\t\t\t\t\t\t<p style=\"text-align: center;\"><span style=\"color: #000000; font-size: 20px;\">Centro virtual de recursos para estudiantes<\/span><\/p>\t\t\t\t\t\t<\/div>\n\t\t\t\t<\/div>\n\t\t\t\t\t<\/div>\n\t\t<\/div>\n\t\t\t\t\t<\/div>\n\t\t<\/section>\n\t\t\t\t\t<\/div>\n\t\t<\/div>\n\t\t\t\t<div class=\"elementor-column elementor-col-33 elementor-inner-column elementor-element elementor-element-36e3e37\" data-id=\"36e3e37\" data-element_type=\"column\" data-settings=\"{&quot;background_background&quot;:&quot;gradient&quot;}\">\n\t\t\t<div class=\"elementor-widget-wrap elementor-element-populated\">\n\t\t\t\t\t\t<section class=\"elementor-section elementor-inner-section elementor-element elementor-element-1541c80 elementor-section-boxed elementor-section-height-default elementor-section-height-default\" data-id=\"1541c80\" data-element_type=\"section\">\n\t\t\t\t\t\t<div class=\"elementor-container elementor-column-gap-default\">\n\t\t\t\t\t<div class=\"elementor-column elementor-col-100 elementor-inner-column elementor-element elementor-element-5318aee\" data-id=\"5318aee\" data-element_type=\"column\">\n\t\t\t<div class=\"elementor-widget-wrap elementor-element-populated\">\n\t\t\t\t\t\t<div class=\"elementor-element elementor-element-e4782b6 elementor-widget elementor-widget-text-editor\" data-id=\"e4782b6\" data-element_type=\"widget\" data-widget_type=\"text-editor.default\">\n\t\t\t\t<div class=\"elementor-widget-container\">\n\t\t\t\t\t\t\t<p style=\"text-align: center;\"><span style=\"color: #000000; font-size: 20px;\">Sistematizaci\u00f3n de informaci\u00f3n para la producci\u00f3n de conocimiento<\/span><\/p>\t\t\t\t\t\t<\/div>\n\t\t\t\t<\/div>\n\t\t\t\t\t<\/div>\n\t\t<\/div>\n\t\t\t\t\t<\/div>\n\t\t<\/section>\n\t\t\t\t\t<\/div>\n\t\t<\/div>\n\t\t\t\t\t<\/div>\n\t\t<\/section>\n\t\t\t\t\t<\/div>\n\t\t<\/div>\n\t\t\t\t\t<\/div>\n\t\t<\/section>\n\t\t\t\t<\/div>\n\t\t","protected":false},"excerpt":{"rendered":"<p>Nuestras estrategias Estrategias para profesores Estrategias para estudiantes Evaluaci\u00f3n Apoyo para el dise\u00f1o curricular Tutor\u00edas presenciales y virtuales Pruebas de&#8230;<\/p>\n","protected":false},"author":1,"featured_media":0,"parent":0,"menu_order":0,"comment_status":"closed","ping_status":"closed","template":"","meta":{"footnotes":""},"class_list":["post-6228","page","type-page","status-publish","hentry"],"yoast_head":"<!-- This site is optimized with the Yoast SEO plugin v25.4 - https:\/\/yoast.com\/wordpress\/plugins\/seo\/ -->\n<title>Nuestras estrategias - CEOJA<\/title>\n<meta name=\"robots\" content=\"index, follow, max-snippet:-1, max-image-preview:large, max-video-preview:-1\" \/>\n<link rel=\"canonical\" href=\"https:\/\/sitios.udla.edu.ec\/ceoja\/nuestras-estrategias\/\" \/>\n<meta property=\"og:locale\" content=\"es_ES\" \/>\n<meta property=\"og:type\" content=\"article\" \/>\n<meta property=\"og:title\" content=\"Nuestras estrategias - CEOJA\" \/>\n<meta property=\"og:description\" content=\"Nuestras estrategias Estrategias para profesores Estrategias para estudiantes Evaluaci\u00f3n Apoyo para el dise\u00f1o curricular Tutor\u00edas presenciales y virtuales Pruebas de...\" \/>\n<meta property=\"og:url\" content=\"https:\/\/sitios.udla.edu.ec\/ceoja\/nuestras-estrategias\/\" \/>\n<meta property=\"og:site_name\" content=\"CEOJA\" \/>\n<meta property=\"article:modified_time\" content=\"2024-06-24T17:35:34+00:00\" \/>\n<meta name=\"twitter:card\" content=\"summary_large_image\" \/>\n<meta name=\"twitter:label1\" content=\"Tiempo de lectura\" \/>\n\t<meta name=\"twitter:data1\" content=\"1 minuto\" \/>\n<script type=\"application\/ld+json\" class=\"yoast-schema-graph\">{\"@context\":\"https:\/\/schema.org\",\"@graph\":[{\"@type\":\"WebPage\",\"@id\":\"https:\/\/sitios.udla.edu.ec\/ceoja\/nuestras-estrategias\/\",\"url\":\"https:\/\/sitios.udla.edu.ec\/ceoja\/nuestras-estrategias\/\",\"name\":\"Nuestras estrategias - CEOJA\",\"isPartOf\":{\"@id\":\"https:\/\/sitios.udla.edu.ec\/ceoja\/#website\"},\"datePublished\":\"2023-09-21T20:11:12+00:00\",\"dateModified\":\"2024-06-24T17:35:34+00:00\",\"breadcrumb\":{\"@id\":\"https:\/\/sitios.udla.edu.ec\/ceoja\/nuestras-estrategias\/#breadcrumb\"},\"inLanguage\":\"es\",\"potentialAction\":[{\"@type\":\"ReadAction\",\"target\":[\"https:\/\/sitios.udla.edu.ec\/ceoja\/nuestras-estrategias\/\"]}]},{\"@type\":\"BreadcrumbList\",\"@id\":\"https:\/\/sitios.udla.edu.ec\/ceoja\/nuestras-estrategias\/#breadcrumb\",\"itemListElement\":[{\"@type\":\"ListItem\",\"position\":1,\"name\":\"Portada\",\"item\":\"https:\/\/sitios.udla.edu.ec\/ceoja\/\"},{\"@type\":\"ListItem\",\"position\":2,\"name\":\"Nuestras estrategias\"}]},{\"@type\":\"WebSite\",\"@id\":\"https:\/\/sitios.udla.edu.ec\/ceoja\/#website\",\"url\":\"https:\/\/sitios.udla.edu.ec\/ceoja\/\",\"name\":\"CEOJA\",\"description\":\"CEOJA UDLA\",\"publisher\":{\"@id\":\"https:\/\/sitios.udla.edu.ec\/ceoja\/#organization\"},\"potentialAction\":[{\"@type\":\"SearchAction\",\"target\":{\"@type\":\"EntryPoint\",\"urlTemplate\":\"https:\/\/sitios.udla.edu.ec\/ceoja\/?s={search_term_string}\"},\"query-input\":{\"@type\":\"PropertyValueSpecification\",\"valueRequired\":true,\"valueName\":\"search_term_string\"}}],\"inLanguage\":\"es\"},{\"@type\":\"Organization\",\"@id\":\"https:\/\/sitios.udla.edu.ec\/ceoja\/#organization\",\"name\":\"CEOJA\",\"url\":\"https:\/\/sitios.udla.edu.ec\/ceoja\/\",\"logo\":{\"@type\":\"ImageObject\",\"inLanguage\":\"es\",\"@id\":\"https:\/\/sitios.udla.edu.ec\/ceoja\/#\/schema\/logo\/image\/\",\"url\":\"https:\/\/sitios.udla.edu.ec\/ceoja\/wp-content\/uploads\/2023\/09\/cropped-cropped-cropped-ceoja-cuadrada-1-1.png\",\"contentUrl\":\"https:\/\/sitios.udla.edu.ec\/ceoja\/wp-content\/uploads\/2023\/09\/cropped-cropped-cropped-ceoja-cuadrada-1-1.png\",\"width\":250,\"height\":250,\"caption\":\"CEOJA\"},\"image\":{\"@id\":\"https:\/\/sitios.udla.edu.ec\/ceoja\/#\/schema\/logo\/image\/\"}}]}<\/script>\n<!-- \/ Yoast SEO plugin. -->","yoast_head_json":{"title":"Nuestras estrategias - CEOJA","robots":{"index":"index","follow":"follow","max-snippet":"max-snippet:-1","max-image-preview":"max-image-preview:large","max-video-preview":"max-video-preview:-1"},"canonical":"https:\/\/sitios.udla.edu.ec\/ceoja\/nuestras-estrategias\/","og_locale":"es_ES","og_type":"article","og_title":"Nuestras estrategias - CEOJA","og_description":"Nuestras estrategias Estrategias para profesores Estrategias para estudiantes Evaluaci\u00f3n Apoyo para el dise\u00f1o curricular Tutor\u00edas presenciales y virtuales Pruebas de...","og_url":"https:\/\/sitios.udla.edu.ec\/ceoja\/nuestras-estrategias\/","og_site_name":"CEOJA","article_modified_time":"2024-06-24T17:35:34+00:00","twitter_card":"summary_large_image","twitter_misc":{"Tiempo de lectura":"1 minuto"},"schema":{"@context":"https:\/\/schema.org","@graph":[{"@type":"WebPage","@id":"https:\/\/sitios.udla.edu.ec\/ceoja\/nuestras-estrategias\/","url":"https:\/\/sitios.udla.edu.ec\/ceoja\/nuestras-estrategias\/","name":"Nuestras estrategias - CEOJA","isPartOf":{"@id":"https:\/\/sitios.udla.edu.ec\/ceoja\/#website"},"datePublished":"2023-09-21T20:11:12+00:00","dateModified":"2024-06-24T17:35:34+00:00","breadcrumb":{"@id":"https:\/\/sitios.udla.edu.ec\/ceoja\/nuestras-estrategias\/#breadcrumb"},"inLanguage":"es","potentialAction":[{"@type":"ReadAction","target":["https:\/\/sitios.udla.edu.ec\/ceoja\/nuestras-estrategias\/"]}]},{"@type":"BreadcrumbList","@id":"https:\/\/sitios.udla.edu.ec\/ceoja\/nuestras-estrategias\/#breadcrumb","itemListElement":[{"@type":"ListItem","position":1,"name":"Portada","item":"https:\/\/sitios.udla.edu.ec\/ceoja\/"},{"@type":"ListItem","position":2,"name":"Nuestras estrategias"}]},{"@type":"WebSite","@id":"https:\/\/sitios.udla.edu.ec\/ceoja\/#website","url":"https:\/\/sitios.udla.edu.ec\/ceoja\/","name":"CEOJA","description":"CEOJA UDLA","publisher":{"@id":"https:\/\/sitios.udla.edu.ec\/ceoja\/#organization"},"potentialAction":[{"@type":"SearchAction","target":{"@type":"EntryPoint","urlTemplate":"https:\/\/sitios.udla.edu.ec\/ceoja\/?s={search_term_string}"},"query-input":{"@type":"PropertyValueSpecification","valueRequired":true,"valueName":"search_term_string"}}],"inLanguage":"es"},{"@type":"Organization","@id":"https:\/\/sitios.udla.edu.ec\/ceoja\/#organization","name":"CEOJA","url":"https:\/\/sitios.udla.edu.ec\/ceoja\/","logo":{"@type":"ImageObject","inLanguage":"es","@id":"https:\/\/sitios.udla.edu.ec\/ceoja\/#\/schema\/logo\/image\/","url":"https:\/\/sitios.udla.edu.ec\/ceoja\/wp-content\/uploads\/2023\/09\/cropped-cropped-cropped-ceoja-cuadrada-1-1.png","contentUrl":"https:\/\/sitios.udla.edu.ec\/ceoja\/wp-content\/uploads\/2023\/09\/cropped-cropped-cropped-ceoja-cuadrada-1-1.png","width":250,"height":250,"caption":"CEOJA"},"image":{"@id":"https:\/\/sitios.udla.edu.ec\/ceoja\/#\/schema\/logo\/image\/"}}]}},"_links":{"self":[{"href":"https:\/\/sitios.udla.edu.ec\/ceoja\/wp-json\/wp\/v2\/pages\/6228","targetHints":{"allow":["GET"]}}],"collection":[{"href":"https:\/\/sitios.udla.edu.ec\/ceoja\/wp-json\/wp\/v2\/pages"}],"about":[{"href":"https:\/\/sitios.udla.edu.ec\/ceoja\/wp-json\/wp\/v2\/types\/page"}],"author":[{"embeddable":true,"href":"https:\/\/sitios.udla.edu.ec\/ceoja\/wp-json\/wp\/v2\/users\/1"}],"replies":[{"embeddable":true,"href":"https:\/\/sitios.udla.edu.ec\/ceoja\/wp-json\/wp\/v2\/comments?post=6228"}],"version-history":[{"count":10,"href":"https:\/\/sitios.udla.edu.ec\/ceoja\/wp-json\/wp\/v2\/pages\/6228\/revisions"}],"predecessor-version":[{"id":7107,"href":"https:\/\/sitios.udla.edu.ec\/ceoja\/wp-json\/wp\/v2\/pages\/6228\/revisions\/7107"}],"wp:attachment":[{"href":"https:\/\/sitios.udla.edu.ec\/ceoja\/wp-json\/wp\/v2\/media?parent=6228"}],"curies":[{"name":"wp","href":"https:\/\/api.w.org\/{rel}","templated":true}]}}