{"id":6199,"date":"2023-09-20T12:07:31","date_gmt":"2023-09-20T17:07:31","guid":{"rendered":"https:\/\/sitios.udla.edu.ec\/ceoja\/?page_id=6199"},"modified":"2024-06-24T12:35:57","modified_gmt":"2024-06-24T17:35:57","slug":"nuestros-principios","status":"publish","type":"page","link":"https:\/\/sitios.udla.edu.ec\/ceoja\/nuestros-principios\/","title":{"rendered":"Nuestros principios"},"content":{"rendered":"\t\t<div data-elementor-type=\"wp-page\" data-elementor-id=\"6199\" class=\"elementor elementor-6199\" data-elementor-post-type=\"page\">\n\t\t\t\t\t\t<section class=\"elementor-section elementor-top-section elementor-element elementor-element-8b46e37 elementor-section-stretched elementor-section-height-min-height elementor-section-boxed elementor-section-height-default elementor-section-items-middle\" data-id=\"8b46e37\" data-element_type=\"section\" data-settings=\"{&quot;stretch_section&quot;:&quot;section-stretched&quot;,&quot;background_background&quot;:&quot;classic&quot;}\">\n\t\t\t\t\t\t\t<div class=\"elementor-background-overlay\"><\/div>\n\t\t\t\t\t\t\t<div class=\"elementor-container elementor-column-gap-default\">\n\t\t\t\t\t<div class=\"elementor-column elementor-col-100 elementor-top-column elementor-element elementor-element-0d45c82\" data-id=\"0d45c82\" data-element_type=\"column\">\n\t\t\t<div class=\"elementor-widget-wrap elementor-element-populated\">\n\t\t\t\t\t\t<div class=\"elementor-element elementor-element-8c10501 elementor-widget elementor-widget-heading\" data-id=\"8c10501\" data-element_type=\"widget\" data-widget_type=\"heading.default\">\n\t\t\t\t<div class=\"elementor-widget-container\">\n\t\t\t<style>\/*! elementor - v3.22.0 - 24-06-2024 *\/\n.elementor-heading-title{padding:0;margin:0;line-height:1}.elementor-widget-heading .elementor-heading-title[class*=elementor-size-]>a{color:inherit;font-size:inherit;line-height:inherit}.elementor-widget-heading .elementor-heading-title.elementor-size-small{font-size:15px}.elementor-widget-heading .elementor-heading-title.elementor-size-medium{font-size:19px}.elementor-widget-heading .elementor-heading-title.elementor-size-large{font-size:29px}.elementor-widget-heading .elementor-heading-title.elementor-size-xl{font-size:39px}.elementor-widget-heading .elementor-heading-title.elementor-size-xxl{font-size:59px}<\/style><h2 class=\"elementor-heading-title elementor-size-default\">Nuestros principios<\/h2>\t\t<\/div>\n\t\t\t\t<\/div>\n\t\t\t\t<div class=\"elementor-element elementor-element-1eb91bb elementor-widget elementor-widget-text-editor\" data-id=\"1eb91bb\" data-element_type=\"widget\" data-widget_type=\"text-editor.default\">\n\t\t\t\t<div class=\"elementor-widget-container\">\n\t\t\t<style>\/*! elementor - v3.22.0 - 24-06-2024 *\/\n.elementor-widget-text-editor.elementor-drop-cap-view-stacked .elementor-drop-cap{background-color:#69727d;color:#fff}.elementor-widget-text-editor.elementor-drop-cap-view-framed .elementor-drop-cap{color:#69727d;border:3px solid;background-color:transparent}.elementor-widget-text-editor:not(.elementor-drop-cap-view-default) .elementor-drop-cap{margin-top:8px}.elementor-widget-text-editor:not(.elementor-drop-cap-view-default) .elementor-drop-cap-letter{width:1em;height:1em}.elementor-widget-text-editor .elementor-drop-cap{float:left;text-align:center;line-height:1;font-size:50px}.elementor-widget-text-editor .elementor-drop-cap-letter{display:inline-block}<\/style>\t\t\t\t<p>El Centro de Escritura, Oralidad Jur\u00eddica y Argumentaci\u00f3n es una comunidad de pr\u00e1ctica en la que todos y todas estamos en un proceso de aprendizaje. Por eso, construimos el saber individual y colectivo a trav\u00e9s de relaciones pedag\u00f3gicas horizontales.\u200b<\/p>\t\t\t\t\t\t<\/div>\n\t\t\t\t<\/div>\n\t\t\t\t<div class=\"elementor-element elementor-element-ed6ec98 elementor-hidden-desktop elementor-hidden-tablet elementor-hidden-mobile elementor-widget elementor-widget-text-editor\" data-id=\"ed6ec98\" data-element_type=\"widget\" data-widget_type=\"text-editor.default\">\n\t\t\t\t<div class=\"elementor-widget-container\">\n\t\t\t\t\t\t\t<p>El Centro de Escritura, Oralidad Jur\u00eddica y Argumentaci\u00f3n es una comunidad de pr\u00e1ctica en la que todos y todas estamos en un proceso de aprendizaje. Por eso, construimos el saber individual y colectivo a trav\u00e9s de relaciones pedag\u00f3gicas horizontales.\u200b<\/p><p>El argumentar significa ofrecer un conjunto de razones o de pruebas en apoyo de una conclusi\u00f3n.<\/p><p>La escritura no es, en s\u00ed misma, un fin de la educaci\u00f3n superior; es un medio para que los estudiantes desarrollen estructuras de pensamiento y alcancen comprensiones propias de su disciplina, mediante el orden de la escritura.\u200b<\/p><p>El aprendizaje es un proceso social y culturalmente situado que ocurre a trav\u00e9s de la participaci\u00f3n en pr\u00e1cticas cotidianas y de la observaci\u00f3n de las pr\u00e1cticas de miembros m\u00e1s expertos de la comunidad.\u200b<\/p><p>El Derecho, en el Estado Constitucional, es una pr\u00e1ctica social, cuyos materiales (normas) est\u00e1n avalados por las convicciones morales de buena parte de la sociedad y por la legitimidad otorgada a una autoridad elegida democr\u00e1ticamente, como productora de disposiciones jur\u00eddicas. Estas disposiciones persiguen una pretensi\u00f3n de justicia y se integran como un sistema ordenado y l\u00f3gico, cuyo prop\u00f3sito como funci\u00f3n social es facilitar la cooperaci\u00f3n y superar conflicto<\/p>\t\t\t\t\t\t<\/div>\n\t\t\t\t<\/div>\n\t\t\t\t\t<\/div>\n\t\t<\/div>\n\t\t\t\t\t<\/div>\n\t\t<\/section>\n\t\t\t\t<\/div>\n\t\t","protected":false},"excerpt":{"rendered":"<p>Nuestros principios El Centro de Escritura, Oralidad Jur\u00eddica y Argumentaci\u00f3n es una comunidad de pr\u00e1ctica en la que todos y&#8230;<\/p>\n","protected":false},"author":1,"featured_media":0,"parent":0,"menu_order":0,"comment_status":"closed","ping_status":"closed","template":"","meta":{"footnotes":""},"class_list":["post-6199","page","type-page","status-publish","hentry"],"yoast_head":"<!-- This site is optimized with the Yoast SEO plugin v25.4 - https:\/\/yoast.com\/wordpress\/plugins\/seo\/ -->\n<title>Nuestros principios - CEOJA<\/title>\n<meta name=\"robots\" content=\"index, follow, max-snippet:-1, max-image-preview:large, max-video-preview:-1\" \/>\n<link rel=\"canonical\" href=\"https:\/\/sitios.udla.edu.ec\/ceoja\/nuestros-principios\/\" \/>\n<meta property=\"og:locale\" content=\"es_ES\" \/>\n<meta property=\"og:type\" content=\"article\" \/>\n<meta property=\"og:title\" content=\"Nuestros principios - CEOJA\" \/>\n<meta property=\"og:description\" content=\"Nuestros principios El Centro de Escritura, Oralidad Jur\u00eddica y Argumentaci\u00f3n es una comunidad de pr\u00e1ctica en la que todos y...\" \/>\n<meta property=\"og:url\" content=\"https:\/\/sitios.udla.edu.ec\/ceoja\/nuestros-principios\/\" \/>\n<meta property=\"og:site_name\" content=\"CEOJA\" \/>\n<meta property=\"article:modified_time\" content=\"2024-06-24T17:35:57+00:00\" \/>\n<meta name=\"twitter:card\" content=\"summary_large_image\" \/>\n<meta name=\"twitter:label1\" content=\"Tiempo de lectura\" \/>\n\t<meta name=\"twitter:data1\" content=\"2 minutos\" \/>\n<script type=\"application\/ld+json\" class=\"yoast-schema-graph\">{\"@context\":\"https:\/\/schema.org\",\"@graph\":[{\"@type\":\"WebPage\",\"@id\":\"https:\/\/sitios.udla.edu.ec\/ceoja\/nuestros-principios\/\",\"url\":\"https:\/\/sitios.udla.edu.ec\/ceoja\/nuestros-principios\/\",\"name\":\"Nuestros principios - CEOJA\",\"isPartOf\":{\"@id\":\"https:\/\/sitios.udla.edu.ec\/ceoja\/#website\"},\"datePublished\":\"2023-09-20T17:07:31+00:00\",\"dateModified\":\"2024-06-24T17:35:57+00:00\",\"breadcrumb\":{\"@id\":\"https:\/\/sitios.udla.edu.ec\/ceoja\/nuestros-principios\/#breadcrumb\"},\"inLanguage\":\"es\",\"potentialAction\":[{\"@type\":\"ReadAction\",\"target\":[\"https:\/\/sitios.udla.edu.ec\/ceoja\/nuestros-principios\/\"]}]},{\"@type\":\"BreadcrumbList\",\"@id\":\"https:\/\/sitios.udla.edu.ec\/ceoja\/nuestros-principios\/#breadcrumb\",\"itemListElement\":[{\"@type\":\"ListItem\",\"position\":1,\"name\":\"Portada\",\"item\":\"https:\/\/sitios.udla.edu.ec\/ceoja\/\"},{\"@type\":\"ListItem\",\"position\":2,\"name\":\"Nuestros principios\"}]},{\"@type\":\"WebSite\",\"@id\":\"https:\/\/sitios.udla.edu.ec\/ceoja\/#website\",\"url\":\"https:\/\/sitios.udla.edu.ec\/ceoja\/\",\"name\":\"CEOJA\",\"description\":\"CEOJA UDLA\",\"publisher\":{\"@id\":\"https:\/\/sitios.udla.edu.ec\/ceoja\/#organization\"},\"potentialAction\":[{\"@type\":\"SearchAction\",\"target\":{\"@type\":\"EntryPoint\",\"urlTemplate\":\"https:\/\/sitios.udla.edu.ec\/ceoja\/?s={search_term_string}\"},\"query-input\":{\"@type\":\"PropertyValueSpecification\",\"valueRequired\":true,\"valueName\":\"search_term_string\"}}],\"inLanguage\":\"es\"},{\"@type\":\"Organization\",\"@id\":\"https:\/\/sitios.udla.edu.ec\/ceoja\/#organization\",\"name\":\"CEOJA\",\"url\":\"https:\/\/sitios.udla.edu.ec\/ceoja\/\",\"logo\":{\"@type\":\"ImageObject\",\"inLanguage\":\"es\",\"@id\":\"https:\/\/sitios.udla.edu.ec\/ceoja\/#\/schema\/logo\/image\/\",\"url\":\"https:\/\/sitios.udla.edu.ec\/ceoja\/wp-content\/uploads\/2023\/09\/cropped-cropped-cropped-ceoja-cuadrada-1-1.png\",\"contentUrl\":\"https:\/\/sitios.udla.edu.ec\/ceoja\/wp-content\/uploads\/2023\/09\/cropped-cropped-cropped-ceoja-cuadrada-1-1.png\",\"width\":250,\"height\":250,\"caption\":\"CEOJA\"},\"image\":{\"@id\":\"https:\/\/sitios.udla.edu.ec\/ceoja\/#\/schema\/logo\/image\/\"}}]}<\/script>\n<!-- \/ Yoast SEO plugin. -->","yoast_head_json":{"title":"Nuestros principios - CEOJA","robots":{"index":"index","follow":"follow","max-snippet":"max-snippet:-1","max-image-preview":"max-image-preview:large","max-video-preview":"max-video-preview:-1"},"canonical":"https:\/\/sitios.udla.edu.ec\/ceoja\/nuestros-principios\/","og_locale":"es_ES","og_type":"article","og_title":"Nuestros principios - CEOJA","og_description":"Nuestros principios El Centro de Escritura, Oralidad Jur\u00eddica y Argumentaci\u00f3n es una comunidad de pr\u00e1ctica en la que todos y...","og_url":"https:\/\/sitios.udla.edu.ec\/ceoja\/nuestros-principios\/","og_site_name":"CEOJA","article_modified_time":"2024-06-24T17:35:57+00:00","twitter_card":"summary_large_image","twitter_misc":{"Tiempo de lectura":"2 minutos"},"schema":{"@context":"https:\/\/schema.org","@graph":[{"@type":"WebPage","@id":"https:\/\/sitios.udla.edu.ec\/ceoja\/nuestros-principios\/","url":"https:\/\/sitios.udla.edu.ec\/ceoja\/nuestros-principios\/","name":"Nuestros principios - CEOJA","isPartOf":{"@id":"https:\/\/sitios.udla.edu.ec\/ceoja\/#website"},"datePublished":"2023-09-20T17:07:31+00:00","dateModified":"2024-06-24T17:35:57+00:00","breadcrumb":{"@id":"https:\/\/sitios.udla.edu.ec\/ceoja\/nuestros-principios\/#breadcrumb"},"inLanguage":"es","potentialAction":[{"@type":"ReadAction","target":["https:\/\/sitios.udla.edu.ec\/ceoja\/nuestros-principios\/"]}]},{"@type":"BreadcrumbList","@id":"https:\/\/sitios.udla.edu.ec\/ceoja\/nuestros-principios\/#breadcrumb","itemListElement":[{"@type":"ListItem","position":1,"name":"Portada","item":"https:\/\/sitios.udla.edu.ec\/ceoja\/"},{"@type":"ListItem","position":2,"name":"Nuestros principios"}]},{"@type":"WebSite","@id":"https:\/\/sitios.udla.edu.ec\/ceoja\/#website","url":"https:\/\/sitios.udla.edu.ec\/ceoja\/","name":"CEOJA","description":"CEOJA UDLA","publisher":{"@id":"https:\/\/sitios.udla.edu.ec\/ceoja\/#organization"},"potentialAction":[{"@type":"SearchAction","target":{"@type":"EntryPoint","urlTemplate":"https:\/\/sitios.udla.edu.ec\/ceoja\/?s={search_term_string}"},"query-input":{"@type":"PropertyValueSpecification","valueRequired":true,"valueName":"search_term_string"}}],"inLanguage":"es"},{"@type":"Organization","@id":"https:\/\/sitios.udla.edu.ec\/ceoja\/#organization","name":"CEOJA","url":"https:\/\/sitios.udla.edu.ec\/ceoja\/","logo":{"@type":"ImageObject","inLanguage":"es","@id":"https:\/\/sitios.udla.edu.ec\/ceoja\/#\/schema\/logo\/image\/","url":"https:\/\/sitios.udla.edu.ec\/ceoja\/wp-content\/uploads\/2023\/09\/cropped-cropped-cropped-ceoja-cuadrada-1-1.png","contentUrl":"https:\/\/sitios.udla.edu.ec\/ceoja\/wp-content\/uploads\/2023\/09\/cropped-cropped-cropped-ceoja-cuadrada-1-1.png","width":250,"height":250,"caption":"CEOJA"},"image":{"@id":"https:\/\/sitios.udla.edu.ec\/ceoja\/#\/schema\/logo\/image\/"}}]}},"_links":{"self":[{"href":"https:\/\/sitios.udla.edu.ec\/ceoja\/wp-json\/wp\/v2\/pages\/6199","targetHints":{"allow":["GET"]}}],"collection":[{"href":"https:\/\/sitios.udla.edu.ec\/ceoja\/wp-json\/wp\/v2\/pages"}],"about":[{"href":"https:\/\/sitios.udla.edu.ec\/ceoja\/wp-json\/wp\/v2\/types\/page"}],"author":[{"embeddable":true,"href":"https:\/\/sitios.udla.edu.ec\/ceoja\/wp-json\/wp\/v2\/users\/1"}],"replies":[{"embeddable":true,"href":"https:\/\/sitios.udla.edu.ec\/ceoja\/wp-json\/wp\/v2\/comments?post=6199"}],"version-history":[{"count":35,"href":"https:\/\/sitios.udla.edu.ec\/ceoja\/wp-json\/wp\/v2\/pages\/6199\/revisions"}],"predecessor-version":[{"id":7110,"href":"https:\/\/sitios.udla.edu.ec\/ceoja\/wp-json\/wp\/v2\/pages\/6199\/revisions\/7110"}],"wp:attachment":[{"href":"https:\/\/sitios.udla.edu.ec\/ceoja\/wp-json\/wp\/v2\/media?parent=6199"}],"curies":[{"name":"wp","href":"https:\/\/api.w.org\/{rel}","templated":true}]}}