{"id":985,"date":"2024-05-21T11:35:16","date_gmt":"2024-05-21T16:35:16","guid":{"rendered":"https:\/\/sitios.udla.edu.ec\/blogs\/smart-links\/?page_id=985"},"modified":"2026-03-27T10:37:11","modified_gmt":"2026-03-27T15:37:11","slug":"posgrados-link-en-bio","status":"publish","type":"page","link":"https:\/\/sitios.udla.edu.ec\/blogs\/smart-links\/posgrados-link-en-bio\/","title":{"rendered":"POSGRADOS &#8211; LINK EN BIO"},"content":{"rendered":"\t\t<div data-elementor-type=\"wp-page\" data-elementor-id=\"985\" class=\"elementor elementor-985\" data-elementor-post-type=\"page\">\n\t\t\t\t\t\t<section class=\"elementor-section elementor-top-section elementor-element elementor-element-8ada267 elementor-section-boxed elementor-section-height-default elementor-section-height-default\" data-id=\"8ada267\" data-element_type=\"section\">\n\t\t\t\t\t\t<div class=\"elementor-container elementor-column-gap-default\">\n\t\t\t\t\t<div class=\"elementor-column elementor-col-100 elementor-top-column elementor-element elementor-element-4f783e6\" data-id=\"4f783e6\" data-element_type=\"column\">\n\t\t\t<div class=\"elementor-widget-wrap elementor-element-populated\">\n\t\t\t\t\t\t<div class=\"elementor-element elementor-element-b876283 elementor-widget elementor-widget-image\" data-id=\"b876283\" data-element_type=\"widget\" data-widget_type=\"image.default\">\n\t\t\t\t<div class=\"elementor-widget-container\">\n\t\t\t\t\t\t\t\t\t\t\t\t\t<img decoding=\"async\" src=\"https:\/\/sitios.udla.edu.ec\/blogs\/smart-links\/wp-content\/uploads\/sites\/7\/elementor\/thumbs\/368244975_604346188554381_3308856671819686208_n-1-qohvcug7u52wv6urskhy2i2tu74wud00cf8qr81bl4.jpg\" title=\"368244975_604346188554381_3308856671819686208_n (1)\" alt=\"368244975_604346188554381_3308856671819686208_n (1)\" loading=\"lazy\" \/>\t\t\t\t\t\t\t\t\t\t\t\t\t<\/div>\n\t\t\t\t<\/div>\n\t\t\t\t<div class=\"elementor-element elementor-element-0265437 elementor-widget elementor-widget-heading\" data-id=\"0265437\" data-element_type=\"widget\" data-widget_type=\"heading.default\">\n\t\t\t\t<div class=\"elementor-widget-container\">\n\t\t\t<h2 class=\"elementor-heading-title elementor-size-default\"><a class=\"x1i10hfl xjbqb8w x1ejq31n xd10rxx x1sy0etr x17r0tee x972fbf xcfux6l x1qhh985 xm0m39n x9f619 x1ypdohk xt0psk2 xe8uvvx xdj266r x11i5rnm xat24cr x1mh8g0r xexx8yu x4uap5 x18d9i69 xkhd6sd x16tdsg8 x1hl2dhg xggy1nq x1a2a7pz x1sur9pj xkrqix3 xzsf02u x1s688f\" href=\"https:\/\/www.facebook.com\/udlaposgrados?__tn__=-UC*F\" role=\"link\" style=\"font-family: inherit;font-size: 0.9375rem;text-align: inherit;background-color: transparent;cursor: pointer;margin: 0px;border-style: none;padding: 0px;border-width: 0px\">UDLA Posgrados - Educaci\u00f3n Continua<\/a><\/h2>\t\t<\/div>\n\t\t\t\t<\/div>\n\t\t\t\t<div class=\"elementor-element elementor-element-01828a2 elementor-align-center elementor-icon-list--layout-traditional elementor-list-item-link-full_width elementor-widget elementor-widget-icon-list\" data-id=\"01828a2\" data-element_type=\"widget\" data-widget_type=\"icon-list.default\">\n\t\t\t\t<div class=\"elementor-widget-container\">\n\t\t\t\t\t<ul class=\"elementor-icon-list-items\">\n\t\t\t\t\t\t\t<li class=\"elementor-icon-list-item\">\n\t\t\t\t\t\t\t\t\t\t\t<span class=\"elementor-icon-list-icon\">\n\t\t\t\t\t\t\t<i aria-hidden=\"true\" class=\"fas fa-map-marker-alt\"><\/i>\t\t\t\t\t\t<\/span>\n\t\t\t\t\t\t\t\t\t\t<span class=\"elementor-icon-list-text\">Quito Ecuador<\/span>\n\t\t\t\t\t\t\t\t\t<\/li>\n\t\t\t\t\t\t<\/ul>\n\t\t\t\t<\/div>\n\t\t\t\t<\/div>\n\t\t\t\t<div class=\"elementor-element elementor-element-a755089 elementor-shape-rounded elementor-grid-0 e-grid-align-center elementor-widget elementor-widget-social-icons\" data-id=\"a755089\" data-element_type=\"widget\" data-widget_type=\"social-icons.default\">\n\t\t\t\t<div class=\"elementor-widget-container\">\n\t\t\t\t\t<div class=\"elementor-social-icons-wrapper elementor-grid\">\n\t\t\t\t\t\t\t<span class=\"elementor-grid-item\">\n\t\t\t\t\t<a class=\"elementor-icon elementor-social-icon elementor-social-icon-envelope elementor-repeater-item-af348a7\" href=\"mailto:userudla@gmail.com\" target=\"_blank\">\n\t\t\t\t\t\t<span class=\"elementor-screen-only\">Envelope<\/span>\n\t\t\t\t\t\t<i class=\"fas fa-envelope\"><\/i>\t\t\t\t\t<\/a>\n\t\t\t\t<\/span>\n\t\t\t\t\t\t\t<span class=\"elementor-grid-item\">\n\t\t\t\t\t<a class=\"elementor-icon elementor-social-icon elementor-social-icon- elementor-repeater-item-634ce11\" href=\"https:\/\/bit.ly\/3SrlMNA\" target=\"_blank\">\n\t\t\t\t\t\t<span class=\"elementor-screen-only\"><\/span>\n\t\t\t\t\t\t<svg xmlns=\"http:\/\/www.w3.org\/2000\/svg\" viewBox=\"0 0 448 512\"><path d=\"M448,209.91a210.06,210.06,0,0,1-122.77-39.25V349.38A162.55,162.55,0,1,1,185,188.31V278.2a74.62,74.62,0,1,0,52.23,71.18V0l88,0a121.18,121.18,0,0,0,1.86,22.17h0A122.18,122.18,0,0,0,381,102.39a121.43,121.43,0,0,0,67,20.14Z\"><\/path><\/svg>\t\t\t\t\t<\/a>\n\t\t\t\t<\/span>\n\t\t\t\t\t\t\t<span class=\"elementor-grid-item\">\n\t\t\t\t\t<a class=\"elementor-icon elementor-social-icon elementor-social-icon-instagram elementor-repeater-item-4f6937e\" href=\"https:\/\/www.instagram.com\/posgradosudla\/\" target=\"_blank\">\n\t\t\t\t\t\t<span class=\"elementor-screen-only\">Instagram<\/span>\n\t\t\t\t\t\t<i class=\"fab fa-instagram\"><\/i>\t\t\t\t\t<\/a>\n\t\t\t\t<\/span>\n\t\t\t\t\t\t\t<span class=\"elementor-grid-item\">\n\t\t\t\t\t<a class=\"elementor-icon elementor-social-icon elementor-social-icon- elementor-repeater-item-f2bbcf8\" href=\"https:\/\/bit.ly\/3HApCPn\" target=\"_blank\">\n\t\t\t\t\t\t<span class=\"elementor-screen-only\"><\/span>\n\t\t\t\t\t\t<svg xmlns=\"http:\/\/www.w3.org\/2000\/svg\" viewBox=\"0 0 512 512\"><path d=\"M389.2 48h70.6L305.6 224.2 487 464H345L233.7 318.6 106.5 464H35.8L200.7 275.5 26.8 48H172.4L272.9 180.9 389.2 48zM364.4 421.8h39.1L151.1 88h-42L364.4 421.8z\"><\/path><\/svg>\t\t\t\t\t<\/a>\n\t\t\t\t<\/span>\n\t\t\t\t\t\t\t<span class=\"elementor-grid-item\">\n\t\t\t\t\t<a class=\"elementor-icon elementor-social-icon elementor-social-icon-youtube elementor-repeater-item-7e88b0c\" href=\"https:\/\/bit.ly\/3HFEJHc\" target=\"_blank\">\n\t\t\t\t\t\t<span class=\"elementor-screen-only\">Youtube<\/span>\n\t\t\t\t\t\t<i class=\"fab fa-youtube\"><\/i>\t\t\t\t\t<\/a>\n\t\t\t\t<\/span>\n\t\t\t\t\t\t\t<span class=\"elementor-grid-item\">\n\t\t\t\t\t<a class=\"elementor-icon elementor-social-icon elementor-social-icon- elementor-repeater-item-f0175a8\" href=\"https:\/\/www.facebook.com\/udlaposgrados\" target=\"_blank\">\n\t\t\t\t\t\t<span class=\"elementor-screen-only\"><\/span>\n\t\t\t\t\t\t<svg xmlns=\"http:\/\/www.w3.org\/2000\/svg\" viewBox=\"0 0 448 512\"><path d=\"M400 32H48A48 48 0 0 0 0 80v352a48 48 0 0 0 48 48h137.25V327.69h-63V256h63v-54.64c0-62.15 37-96.48 93.67-96.48 27.14 0 55.52 4.84 55.52 4.84v61h-31.27c-30.81 0-40.42 19.12-40.42 38.73V256h68.78l-11 71.69h-57.78V480H400a48 48 0 0 0 48-48V80a48 48 0 0 0-48-48z\"><\/path><\/svg>\t\t\t\t\t<\/a>\n\t\t\t\t<\/span>\n\t\t\t\t\t<\/div>\n\t\t\t\t<\/div>\n\t\t\t\t<\/div>\n\t\t\t\t<div class=\"elementor-element elementor-element-c3d8fae elementor-widget elementor-widget-text-editor\" data-id=\"c3d8fae\" data-element_type=\"widget\" data-widget_type=\"text-editor.default\">\n\t\t\t\t<div class=\"elementor-widget-container\">\n\t\t\t\t\t\t\t<p>El mundo necesita&nbsp; gente que ame lo que hace<\/p>\t\t\t\t\t\t<\/div>\n\t\t\t\t<\/div>\n\t\t\t\t<section class=\"elementor-section elementor-inner-section elementor-element elementor-element-ff523d7 elementor-section-boxed elementor-section-height-default elementor-section-height-default\" data-id=\"ff523d7\" data-element_type=\"section\">\n\t\t\t\t\t\t<div class=\"elementor-container elementor-column-gap-default\">\n\t\t\t\t\t<div class=\"elementor-column elementor-col-33 elementor-inner-column elementor-element elementor-element-13f60ad\" data-id=\"13f60ad\" data-element_type=\"column\">\n\t\t\t<div class=\"elementor-widget-wrap\">\n\t\t\t\t\t\t\t<\/div>\n\t\t<\/div>\n\t\t\t\t<div class=\"elementor-column elementor-col-33 elementor-inner-column elementor-element elementor-element-9e70fb5\" data-id=\"9e70fb5\" data-element_type=\"column\">\n\t\t\t<div class=\"elementor-widget-wrap elementor-element-populated\">\n\t\t\t\t\t\t<div class=\"elementor-element elementor-element-656c132 elementor-align-justify elementor-widget elementor-widget-button\" data-id=\"656c132\" data-element_type=\"widget\" data-widget_type=\"button.default\">\n\t\t\t\t<div class=\"elementor-widget-container\">\n\t\t\t\t\t<div class=\"elementor-button-wrapper\">\n\t\t\t<a class=\"elementor-button elementor-button-link elementor-size-lg elementor-animation-grow\" href=\"http:\/\/bit.ly\/4bP4zpb\" target=\"_blank\">\n\t\t\t\t\t\t<span class=\"elementor-button-content-wrapper\">\n\t\t\t\t\t\t<span class=\"elementor-button-icon elementor-align-icon-left\">\n\t\t\t\t<i aria-hidden=\"true\" class=\"fas fa-book-reader\"><\/i>\t\t\t<\/span>\n\t\t\t\t\t\t\t\t\t<span class=\"elementor-button-text\">Webinar - El valor del Controller de Gesti\u00f3n y la IA<\/span>\n\t\t\t\t\t<\/span>\n\t\t\t\t\t<\/a>\n\t\t<\/div>\n\t\t\t\t<\/div>\n\t\t\t\t<\/div>\n\t\t\t\t<div class=\"elementor-element elementor-element-868124c elementor-align-justify elementor-widget elementor-widget-button\" data-id=\"868124c\" data-element_type=\"widget\" data-widget_type=\"button.default\">\n\t\t\t\t<div class=\"elementor-widget-container\">\n\t\t\t\t\t<div class=\"elementor-button-wrapper\">\n\t\t\t<a class=\"elementor-button elementor-button-link elementor-size-lg elementor-animation-grow\" href=\"http:\/\/bit.ly\/4bP4zpb\" target=\"_blank\">\n\t\t\t\t\t\t<span class=\"elementor-button-content-wrapper\">\n\t\t\t\t\t\t<span class=\"elementor-button-icon elementor-align-icon-left\">\n\t\t\t\t<i aria-hidden=\"true\" class=\"fas fa-book-reader\"><\/i>\t\t\t<\/span>\n\t\t\t\t\t\t\t\t\t<span class=\"elementor-button-text\">Descubre tu Posgrado<\/span>\n\t\t\t\t\t<\/span>\n\t\t\t\t\t<\/a>\n\t\t<\/div>\n\t\t\t\t<\/div>\n\t\t\t\t<\/div>\n\t\t\t\t<div class=\"elementor-element elementor-element-d158f67 elementor-align-justify elementor-widget elementor-widget-button\" data-id=\"d158f67\" data-element_type=\"widget\" data-widget_type=\"button.default\">\n\t\t\t\t<div class=\"elementor-widget-container\">\n\t\t\t\t\t<div class=\"elementor-button-wrapper\">\n\t\t\t<a class=\"elementor-button elementor-button-link elementor-size-lg elementor-animation-grow\" href=\"https:\/\/bit.ly\/3ZFU6rW\" target=\"_blank\">\n\t\t\t\t\t\t<span class=\"elementor-button-content-wrapper\">\n\t\t\t\t\t\t<span class=\"elementor-button-icon elementor-align-icon-left\">\n\t\t\t\t<i aria-hidden=\"true\" class=\"fas fa-hand-holding-medical\"><\/i>\t\t\t<\/span>\n\t\t\t\t\t\t\t\t\t<span class=\"elementor-button-text\">Especialidades M\u00e9dicas<\/span>\n\t\t\t\t\t<\/span>\n\t\t\t\t\t<\/a>\n\t\t<\/div>\n\t\t\t\t<\/div>\n\t\t\t\t<\/div>\n\t\t\t\t<div class=\"elementor-element elementor-element-834ee2d elementor-align-justify elementor-widget elementor-widget-button\" data-id=\"834ee2d\" data-element_type=\"widget\" data-widget_type=\"button.default\">\n\t\t\t\t<div class=\"elementor-widget-container\">\n\t\t\t\t\t<div class=\"elementor-button-wrapper\">\n\t\t\t<a class=\"elementor-button elementor-button-link elementor-size-lg elementor-animation-grow\" href=\"https:\/\/bit.ly\/3XE980C\" target=\"_blank\">\n\t\t\t\t\t\t<span class=\"elementor-button-content-wrapper\">\n\t\t\t\t\t\t<span class=\"elementor-button-icon elementor-align-icon-left\">\n\t\t\t\t<i aria-hidden=\"true\" class=\"fas fa-medal\"><\/i>\t\t\t<\/span>\n\t\t\t\t\t\t\t\t\t<span class=\"elementor-button-text\">Acreditaci\u00f3n ACBSP<\/span>\n\t\t\t\t\t<\/span>\n\t\t\t\t\t<\/a>\n\t\t<\/div>\n\t\t\t\t<\/div>\n\t\t\t\t<\/div>\n\t\t\t\t<div class=\"elementor-element elementor-element-273c744 elementor-align-justify elementor-widget elementor-widget-button\" data-id=\"273c744\" data-element_type=\"widget\" data-widget_type=\"button.default\">\n\t\t\t\t<div class=\"elementor-widget-container\">\n\t\t\t\t\t<div class=\"elementor-button-wrapper\">\n\t\t\t<a class=\"elementor-button elementor-button-link elementor-size-lg elementor-animation-grow\" href=\"https:\/\/bit.ly\/4mQtVsG\" target=\"_blank\">\n\t\t\t\t\t\t<span class=\"elementor-button-content-wrapper\">\n\t\t\t\t\t\t<span class=\"elementor-button-icon elementor-align-icon-left\">\n\t\t\t\t<i aria-hidden=\"true\" class=\"fas fa-book\"><\/i>\t\t\t<\/span>\n\t\t\t\t\t\t\t\t\t<span class=\"elementor-button-text\">Lifelong Learning<\/span>\n\t\t\t\t\t<\/span>\n\t\t\t\t\t<\/a>\n\t\t<\/div>\n\t\t\t\t<\/div>\n\t\t\t\t<\/div>\n\t\t\t\t<div class=\"elementor-element elementor-element-7e6f9f0 elementor-align-justify elementor-widget elementor-widget-button\" data-id=\"7e6f9f0\" data-element_type=\"widget\" data-widget_type=\"button.default\">\n\t\t\t\t<div class=\"elementor-widget-container\">\n\t\t\t\t\t<div class=\"elementor-button-wrapper\">\n\t\t\t<a class=\"elementor-button elementor-button-link elementor-size-lg elementor-animation-grow\" href=\"https:\/\/walink.co\/5ea8d5\" target=\"_blank\">\n\t\t\t\t\t\t<span class=\"elementor-button-content-wrapper\">\n\t\t\t\t\t\t<span class=\"elementor-button-icon elementor-align-icon-left\">\n\t\t\t\t<i aria-hidden=\"true\" class=\"far fa-comment\"><\/i>\t\t\t<\/span>\n\t\t\t\t\t\t\t\t\t<span class=\"elementor-button-text\">Chatea con nosotros<\/span>\n\t\t\t\t\t<\/span>\n\t\t\t\t\t<\/a>\n\t\t<\/div>\n\t\t\t\t<\/div>\n\t\t\t\t<\/div>\n\t\t\t\t<div class=\"elementor-element elementor-element-e4d12eb elementor-align-justify elementor-widget elementor-widget-button\" data-id=\"e4d12eb\" data-element_type=\"widget\" data-widget_type=\"button.default\">\n\t\t\t\t<div class=\"elementor-widget-container\">\n\t\t\t\t\t<div class=\"elementor-button-wrapper\">\n\t\t\t<a class=\"elementor-button elementor-button-link elementor-size-lg elementor-animation-grow\" href=\"https:\/\/online.udla.edu.ec\/\" target=\"_blank\">\n\t\t\t\t\t\t<span class=\"elementor-button-content-wrapper\">\n\t\t\t\t\t\t<span class=\"elementor-button-icon elementor-align-icon-left\">\n\t\t\t\t<i aria-hidden=\"true\" class=\"fas fa-laptop\"><\/i>\t\t\t<\/span>\n\t\t\t\t\t\t\t\t\t<span class=\"elementor-button-text\">UDLA Online<\/span>\n\t\t\t\t\t<\/span>\n\t\t\t\t\t<\/a>\n\t\t<\/div>\n\t\t\t\t<\/div>\n\t\t\t\t<\/div>\n\t\t\t\t<div class=\"elementor-element elementor-element-d002561 elementor-align-justify elementor-widget elementor-widget-button\" data-id=\"d002561\" data-element_type=\"widget\" data-widget_type=\"button.default\">\n\t\t\t\t<div class=\"elementor-widget-container\">\n\t\t\t\t\t<div class=\"elementor-button-wrapper\">\n\t\t\t<a class=\"elementor-button elementor-button-link elementor-size-lg elementor-animation-grow\" href=\"https:\/\/www.udla.edu.ec\/estudios\/educacion-continua\/\" target=\"_blank\">\n\t\t\t\t\t\t<span class=\"elementor-button-content-wrapper\">\n\t\t\t\t\t\t<span class=\"elementor-button-icon elementor-align-icon-left\">\n\t\t\t\t<i aria-hidden=\"true\" class=\"fas fa-book-open\"><\/i>\t\t\t<\/span>\n\t\t\t\t\t\t\t\t\t<span class=\"elementor-button-text\">Educaci\u00f3n Continua<\/span>\n\t\t\t\t\t<\/span>\n\t\t\t\t\t<\/a>\n\t\t<\/div>\n\t\t\t\t<\/div>\n\t\t\t\t<\/div>\n\t\t\t\t<div class=\"elementor-element elementor-element-e26ee49 elementor-align-justify elementor-widget elementor-widget-button\" data-id=\"e26ee49\" data-element_type=\"widget\" data-widget_type=\"button.default\">\n\t\t\t\t<div class=\"elementor-widget-container\">\n\t\t\t\t\t<div class=\"elementor-button-wrapper\">\n\t\t\t<a class=\"elementor-button elementor-button-link elementor-size-lg elementor-animation-grow\" href=\"https:\/\/open.spotify.com\/show\/6lV7MqAZu9aCoo4h3cbwq2\" target=\"_blank\">\n\t\t\t\t\t\t<span class=\"elementor-button-content-wrapper\">\n\t\t\t\t\t\t<span class=\"elementor-button-icon elementor-align-icon-left\">\n\t\t\t\t<i aria-hidden=\"true\" class=\"fas fa-microphone-alt\"><\/i>\t\t\t<\/span>\n\t\t\t\t\t\t\t\t\t<span class=\"elementor-button-text\">Podcast UDLA PLAY: Gerencia Tributaria<\/span>\n\t\t\t\t\t<\/span>\n\t\t\t\t\t<\/a>\n\t\t<\/div>\n\t\t\t\t<\/div>\n\t\t\t\t<\/div>\n\t\t\t\t<div class=\"elementor-element elementor-element-9a9ab25 elementor-align-justify elementor-widget elementor-widget-button\" data-id=\"9a9ab25\" data-element_type=\"widget\" data-widget_type=\"button.default\">\n\t\t\t\t<div class=\"elementor-widget-container\">\n\t\t\t\t\t<div class=\"elementor-button-wrapper\">\n\t\t\t<a class=\"elementor-button elementor-button-link elementor-size-lg elementor-animation-grow\" href=\"https:\/\/bit.ly\/3Hx4QjB\" target=\"_blank\">\n\t\t\t\t\t\t<span class=\"elementor-button-content-wrapper\">\n\t\t\t\t\t\t<span class=\"elementor-button-icon elementor-align-icon-left\">\n\t\t\t\t<i aria-hidden=\"true\" class=\"fas fa-home\"><\/i>\t\t\t<\/span>\n\t\t\t\t\t\t\t\t\t<span class=\"elementor-button-text\">Tour virtual<\/span>\n\t\t\t\t\t<\/span>\n\t\t\t\t\t<\/a>\n\t\t<\/div>\n\t\t\t\t<\/div>\n\t\t\t\t<\/div>\n\t\t\t\t\t<\/div>\n\t\t<\/div>\n\t\t\t\t<div class=\"elementor-column elementor-col-33 elementor-inner-column elementor-element elementor-element-643e5b2\" data-id=\"643e5b2\" data-element_type=\"column\">\n\t\t\t<div class=\"elementor-widget-wrap\">\n\t\t\t\t\t\t\t<\/div>\n\t\t<\/div>\n\t\t\t\t\t<\/div>\n\t\t<\/section>\n\t\t\t\t\t<\/div>\n\t\t<\/div>\n\t\t\t\t\t<\/div>\n\t\t<\/section>\n\t\t\t\t<\/div>\n\t\t","protected":false},"excerpt":{"rendered":"<p>UDLA Posgrados &#8211; Educaci\u00f3n Continua Quito Ecuador Envelope Instagram Youtube El mundo necesita&nbsp; gente que ame lo que hace Webinar &#8211; El valor del Controller de Gesti\u00f3n y la IA Descubre tu Posgrado Especialidades M\u00e9dicas Acreditaci\u00f3n ACBSP Lifelong Learning Chatea con nosotros UDLA Online Educaci\u00f3n Continua Podcast UDLA PLAY: Gerencia Tributaria Tour virtual<\/p>\n","protected":false},"author":4,"featured_media":0,"parent":0,"menu_order":0,"comment_status":"closed","ping_status":"closed","template":"elementor_canvas","meta":{"_mc_calendar":[],"_links_to":"","_links_to_target":""},"yoast_head":"<!-- This site is optimized with the Yoast SEO plugin v20.12 - https:\/\/yoast.com\/wordpress\/plugins\/seo\/ -->\n<title>POSGRADOS - LINK EN BIO - Smart Links<\/title>\n<meta name=\"robots\" content=\"index, follow, max-snippet:-1, max-image-preview:large, max-video-preview:-1\" \/>\n<link rel=\"canonical\" href=\"https:\/\/sitios.udla.edu.ec\/blogs\/smart-links\/posgrados-link-en-bio\/\" \/>\n<meta property=\"og:locale\" content=\"es_ES\" \/>\n<meta property=\"og:type\" content=\"article\" \/>\n<meta property=\"og:title\" content=\"POSGRADOS - LINK EN BIO - Smart Links\" \/>\n<meta property=\"og:description\" content=\"UDLA Posgrados &#8211; Educaci\u00f3n Continua Quito Ecuador Envelope Instagram Youtube El mundo necesita&nbsp; gente que ame lo que hace Webinar &#8211; El valor del Controller de Gesti\u00f3n y la IA Descubre tu Posgrado Especialidades M\u00e9dicas Acreditaci\u00f3n ACBSP Lifelong Learning Chatea con nosotros UDLA Online Educaci\u00f3n Continua Podcast UDLA PLAY: Gerencia Tributaria Tour virtual\" \/>\n<meta property=\"og:url\" content=\"https:\/\/sitios.udla.edu.ec\/blogs\/smart-links\/posgrados-link-en-bio\/\" \/>\n<meta property=\"og:site_name\" content=\"Smart Links\" \/>\n<meta property=\"article:modified_time\" content=\"2026-03-27T15:37:11+00:00\" \/>\n<meta property=\"og:image\" content=\"https:\/\/sitios.udla.edu.ec\/blogs\/smart-links\/wp-content\/uploads\/sites\/7\/elementor\/thumbs\/368244975_604346188554381_3308856671819686208_n-1-qohvcug7u52wv6urskhy2i2tu74wud00cf8qr81bl4.jpg\" \/>\n<meta name=\"twitter:card\" content=\"summary_large_image\" \/>\n<meta name=\"twitter:label1\" content=\"Tiempo de lectura\" \/>\n\t<meta name=\"twitter:data1\" content=\"1 minuto\" \/>\n<script type=\"application\/ld+json\" class=\"yoast-schema-graph\">{\"@context\":\"https:\/\/schema.org\",\"@graph\":[{\"@type\":\"WebPage\",\"@id\":\"https:\/\/sitios.udla.edu.ec\/blogs\/smart-links\/posgrados-link-en-bio\/\",\"url\":\"https:\/\/sitios.udla.edu.ec\/blogs\/smart-links\/posgrados-link-en-bio\/\",\"name\":\"POSGRADOS - LINK EN BIO - Smart Links\",\"isPartOf\":{\"@id\":\"https:\/\/sitios.udla.edu.ec\/blogs\/smart-links\/#website\"},\"datePublished\":\"2024-05-21T16:35:16+00:00\",\"dateModified\":\"2026-03-27T15:37:11+00:00\",\"inLanguage\":\"es\",\"potentialAction\":[{\"@type\":\"ReadAction\",\"target\":[\"https:\/\/sitios.udla.edu.ec\/blogs\/smart-links\/posgrados-link-en-bio\/\"]}]},{\"@type\":\"WebSite\",\"@id\":\"https:\/\/sitios.udla.edu.ec\/blogs\/smart-links\/#website\",\"url\":\"https:\/\/sitios.udla.edu.ec\/blogs\/smart-links\/\",\"name\":\"Smart Links\",\"description\":\"\",\"potentialAction\":[{\"@type\":\"SearchAction\",\"target\":{\"@type\":\"EntryPoint\",\"urlTemplate\":\"https:\/\/sitios.udla.edu.ec\/blogs\/smart-links\/?s={search_term_string}\"},\"query-input\":\"required name=search_term_string\"}],\"inLanguage\":\"es\"}]}<\/script>\n<!-- \/ Yoast SEO plugin. -->","yoast_head_json":{"title":"POSGRADOS - LINK EN BIO - Smart Links","robots":{"index":"index","follow":"follow","max-snippet":"max-snippet:-1","max-image-preview":"max-image-preview:large","max-video-preview":"max-video-preview:-1"},"canonical":"https:\/\/sitios.udla.edu.ec\/blogs\/smart-links\/posgrados-link-en-bio\/","og_locale":"es_ES","og_type":"article","og_title":"POSGRADOS - LINK EN BIO - Smart Links","og_description":"UDLA Posgrados &#8211; Educaci\u00f3n Continua Quito Ecuador Envelope Instagram Youtube El mundo necesita&nbsp; gente que ame lo que hace Webinar &#8211; El valor del Controller de Gesti\u00f3n y la IA Descubre tu Posgrado Especialidades M\u00e9dicas Acreditaci\u00f3n ACBSP Lifelong Learning Chatea con nosotros UDLA Online Educaci\u00f3n Continua Podcast UDLA PLAY: Gerencia Tributaria Tour virtual","og_url":"https:\/\/sitios.udla.edu.ec\/blogs\/smart-links\/posgrados-link-en-bio\/","og_site_name":"Smart Links","article_modified_time":"2026-03-27T15:37:11+00:00","og_image":[{"url":"https:\/\/sitios.udla.edu.ec\/blogs\/smart-links\/wp-content\/uploads\/sites\/7\/elementor\/thumbs\/368244975_604346188554381_3308856671819686208_n-1-qohvcug7u52wv6urskhy2i2tu74wud00cf8qr81bl4.jpg"}],"twitter_card":"summary_large_image","twitter_misc":{"Tiempo de lectura":"1 minuto"},"schema":{"@context":"https:\/\/schema.org","@graph":[{"@type":"WebPage","@id":"https:\/\/sitios.udla.edu.ec\/blogs\/smart-links\/posgrados-link-en-bio\/","url":"https:\/\/sitios.udla.edu.ec\/blogs\/smart-links\/posgrados-link-en-bio\/","name":"POSGRADOS - LINK EN BIO - Smart Links","isPartOf":{"@id":"https:\/\/sitios.udla.edu.ec\/blogs\/smart-links\/#website"},"datePublished":"2024-05-21T16:35:16+00:00","dateModified":"2026-03-27T15:37:11+00:00","inLanguage":"es","potentialAction":[{"@type":"ReadAction","target":["https:\/\/sitios.udla.edu.ec\/blogs\/smart-links\/posgrados-link-en-bio\/"]}]},{"@type":"WebSite","@id":"https:\/\/sitios.udla.edu.ec\/blogs\/smart-links\/#website","url":"https:\/\/sitios.udla.edu.ec\/blogs\/smart-links\/","name":"Smart Links","description":"","potentialAction":[{"@type":"SearchAction","target":{"@type":"EntryPoint","urlTemplate":"https:\/\/sitios.udla.edu.ec\/blogs\/smart-links\/?s={search_term_string}"},"query-input":"required name=search_term_string"}],"inLanguage":"es"}]}},"_links":{"self":[{"href":"https:\/\/sitios.udla.edu.ec\/blogs\/smart-links\/wp-json\/wp\/v2\/pages\/985"}],"collection":[{"href":"https:\/\/sitios.udla.edu.ec\/blogs\/smart-links\/wp-json\/wp\/v2\/pages"}],"about":[{"href":"https:\/\/sitios.udla.edu.ec\/blogs\/smart-links\/wp-json\/wp\/v2\/types\/page"}],"author":[{"embeddable":true,"href":"https:\/\/sitios.udla.edu.ec\/blogs\/smart-links\/wp-json\/wp\/v2\/users\/4"}],"replies":[{"embeddable":true,"href":"https:\/\/sitios.udla.edu.ec\/blogs\/smart-links\/wp-json\/wp\/v2\/comments?post=985"}],"version-history":[{"count":51,"href":"https:\/\/sitios.udla.edu.ec\/blogs\/smart-links\/wp-json\/wp\/v2\/pages\/985\/revisions"}],"predecessor-version":[{"id":1724,"href":"https:\/\/sitios.udla.edu.ec\/blogs\/smart-links\/wp-json\/wp\/v2\/pages\/985\/revisions\/1724"}],"wp:attachment":[{"href":"https:\/\/sitios.udla.edu.ec\/blogs\/smart-links\/wp-json\/wp\/v2\/media?parent=985"}],"curies":[{"name":"wp","href":"https:\/\/api.w.org\/{rel}","templated":true}]}}