{"id":20,"date":"2023-09-29T10:54:46","date_gmt":"2023-09-29T15:54:46","guid":{"rendered":"https:\/\/sitios.udla.edu.ec\/blogs\/minecraft-education\/?page_id=20"},"modified":"2023-11-24T12:59:09","modified_gmt":"2023-11-24T17:59:09","slug":"blog","status":"publish","type":"page","link":"https:\/\/sitios.udla.edu.ec\/blogs\/minecraft-education\/blog\/","title":{"rendered":"Blog"},"content":{"rendered":"\t\t<div data-elementor-type=\"wp-page\" data-elementor-id=\"20\" class=\"elementor elementor-20\" data-elementor-post-type=\"page\">\n\t\t\t\t\t\t<section class=\"elementor-section elementor-top-section elementor-element elementor-element-9fd8296 elementor-section-height-min-height elementor-section-boxed elementor-section-height-default elementor-section-items-middle\" data-id=\"9fd8296\" data-element_type=\"section\" data-settings=\"{&quot;background_background&quot;:&quot;classic&quot;}\">\n\t\t\t\t\t\t\t<div class=\"elementor-background-overlay\"><\/div>\n\t\t\t\t\t\t\t<div class=\"elementor-container elementor-column-gap-default\">\n\t\t\t\t\t<div class=\"elementor-column elementor-col-100 elementor-top-column elementor-element elementor-element-4606a62\" data-id=\"4606a62\" data-element_type=\"column\">\n\t\t\t<div class=\"elementor-widget-wrap elementor-element-populated\">\n\t\t\t\t\t\t<div class=\"elementor-element elementor-element-3edfa64 elementor-widget elementor-widget-heading\" data-id=\"3edfa64\" data-element_type=\"widget\" data-widget_type=\"heading.default\">\n\t\t\t\t<div class=\"elementor-widget-container\">\n\t\t\t<h2 class=\"elementor-heading-title elementor-size-default\">BLOG<\/h2>\t\t<\/div>\n\t\t\t\t<\/div>\n\t\t\t\t\t<\/div>\n\t\t<\/div>\n\t\t\t\t\t<\/div>\n\t\t<\/section>\n\t\t\t\t<section class=\"elementor-section elementor-top-section elementor-element elementor-element-02b176e elementor-section-boxed elementor-section-height-default elementor-section-height-default\" data-id=\"02b176e\" data-element_type=\"section\">\n\t\t\t\t\t\t<div class=\"elementor-container elementor-column-gap-default\">\n\t\t\t\t\t<div class=\"elementor-column elementor-col-100 elementor-top-column elementor-element elementor-element-f7b11bf\" data-id=\"f7b11bf\" data-element_type=\"column\">\n\t\t\t<div class=\"elementor-widget-wrap elementor-element-populated\">\n\t\t\t\t\t\t<div class=\"elementor-element elementor-element-5626b5d title_position_default title_hover_border_default title-default img_hover_animation_default readmore-btn-default-style grid-hover-overlay-type-always tpg-el-box-border-enable tpg-border-bottom-disable elementor-widget elementor-widget-tpg-grid-layout\" data-id=\"5626b5d\" data-element_type=\"widget\" data-widget_type=\"tpg-grid-layout.default\">\n\t\t\t\t<div class=\"elementor-widget-container\">\n\t\t\t\t\t<div class=\"rt-container-fluid rt-tpg-container tpg-el-main-wrapper clearfix grid-layout1-main \"\n\t\t\t id=\"rt-tpg-container-1746298652\"\n\t\t\t data-layout=\"grid-layout1\"\n\t\t\t data-grid-style=\"tpg-full-height\"\n\t\t\t data-sc-id=\"elementor\"\n\t\t\t data-el-settings=''\n\t\t\t data-el-query=''\n\t\t\t data-el-path=''\n\t\t>\n\t\t\t\t\t\t<div class='tpg-header-wrapper '>\n\t\t\t\t\t\t\t<\/div>\n\n\t\t\t<div data-title=\"Loading ...\" class=\"rt-row rt-content-loader grid-layout1 grid-behaviour tpg-full-height grid_layout_wrapper\">\n\t\t\t\t<div class=\"rt-col-md-4 rt-col-sm-6 rt-col-xs-12 default rt-grid-item post-241 post type-post status-publish format-standard has-post-thumbnail hentry category-blog\"\t\tdata-id=\"241\">\n\t<div class=\"rt-holder tpg-post-holder\">\n\t\t<div class=\"rt-detail rt-el-content-wrapper\">\n\t\t\t\t\t\t\t<div class=\"rt-img-holder tpg-el-image-wrap has-thumbnail\">\n\t\t\t\t\t<a data-id=\"241\" href=\"https:\/\/sitios.udla.edu.ec\/blogs\/minecraft-education\/2023\/11\/09\/primera-clase-en-el-metaverso\/\" class=\"tpg-post-link\" target=\"_self\">                        <img fetchpriority=\"high\" decoding=\"async\" src=\"https:\/\/sitios.udla.edu.ec\/blogs\/minecraft-education\/wp-content\/uploads\/sites\/6\/2023\/11\/primera-clase-metaverso2.png\"\n                             class=\"rt-img-responsive\"\n                             width=\"600\"\n                             height=\"400\"\n                             alt=\"PRIMERA CLASE EN EL METAVERSO\">\n\t\t\t\t\t\t\n\t\t\t\t\t\t\t\n\t\t<\/a>\n\t\t        <div class=\"overlay grid-hover-content\"><\/div>\n\t\t\t\t\t\t<\/div>\n\t\t\t\n\t\t\t<div class=\"entry-title-wrapper\"><h3 class=\"entry-title\"><a data-id=\"241\" href=\"https:\/\/sitios.udla.edu.ec\/blogs\/minecraft-education\/2023\/11\/09\/primera-clase-en-el-metaverso\/\" class=\"tpg-post-link\" target=\"_self\">PRIMERA CLASE EN EL METAVERSO<\/a><\/h3><\/div>\n\t\t\t\n\n\t\t\t\t\t\t\t<div class=\"tpg-excerpt tpg-el-excerpt\">\n\t\t\t\t\t\t\t\t\t\t\t<div class=\"tpg-excerpt-inner\">\n\t\t\t\t\t\t\tLa era digital ha tra\u00eddo consigo innumerables avances y transformaciones en todos los \u00e1mbitos de la vida. En el mundo acad\u00e9mico, estos cambios se sienten con fuerza y nos llevan a replantearnos la...\t\t\t\t\t\t<\/div>\n\t\t\t\t\t\t\t\t\t\t\t\t\t\t<\/div>\n\t\t\t\n\t\t\t        <div class=\"post-footer\">\n            <div class=\"post-footer\">\n                <div class=\"read-more\">\n\t\t\t\t\t<a data-id=\"241\" href=\"https:\/\/sitios.udla.edu.ec\/blogs\/minecraft-education\/2023\/11\/09\/primera-clase-en-el-metaverso\/\" class=\"tpg-post-link\" target=\"_self\">Seguir leyendo<\/a>                <\/div>\n            <\/div>\n        <\/div>\n\t\t\t\t<\/div>\n\t<\/div>\n<\/div>\n<div class=\"rt-col-md-4 rt-col-sm-6 rt-col-xs-12 default rt-grid-item post-236 post type-post status-publish format-standard has-post-thumbnail hentry category-blog\"\t\tdata-id=\"236\">\n\t<div class=\"rt-holder tpg-post-holder\">\n\t\t<div class=\"rt-detail rt-el-content-wrapper\">\n\t\t\t\t\t\t\t<div class=\"rt-img-holder tpg-el-image-wrap has-thumbnail\">\n\t\t\t\t\t<a data-id=\"236\" href=\"https:\/\/sitios.udla.edu.ec\/blogs\/minecraft-education\/2023\/11\/09\/craftea-tu-clase\/\" class=\"tpg-post-link\" target=\"_self\">                        <img decoding=\"async\" src=\"https:\/\/sitios.udla.edu.ec\/blogs\/minecraft-education\/wp-content\/uploads\/sites\/6\/2023\/11\/craftea-tu-clase.png\"\n                             class=\"rt-img-responsive\"\n                             width=\"600\"\n                             height=\"400\"\n                             alt=\"CRAFTEA TU CLASE\">\n\t\t\t\t\t\t\n\t\t\t\t\t\t\t\n\t\t<\/a>\n\t\t        <div class=\"overlay grid-hover-content\"><\/div>\n\t\t\t\t\t\t<\/div>\n\t\t\t\n\t\t\t<div class=\"entry-title-wrapper\"><h3 class=\"entry-title\"><a data-id=\"236\" href=\"https:\/\/sitios.udla.edu.ec\/blogs\/minecraft-education\/2023\/11\/09\/craftea-tu-clase\/\" class=\"tpg-post-link\" target=\"_self\">CRAFTEA TU CLASE<\/a><\/h3><\/div>\n\t\t\t\n\n\t\t\t\t\t\t\t<div class=\"tpg-excerpt tpg-el-excerpt\">\n\t\t\t\t\t\t\t\t\t\t\t<div class=\"tpg-excerpt-inner\">\n\t\t\t\t\t\t\tUn Concurso sin Precedentes El concurso \u00abCraftea tu Clase\u00bb se present\u00f3 como un desaf\u00edo para la comunidad acad\u00e9mica: \u00bfc\u00f3mo se puede transformar una lecci\u00f3n tradicional en una experiencia interactiva...\t\t\t\t\t\t<\/div>\n\t\t\t\t\t\t\t\t\t\t\t\t\t\t<\/div>\n\t\t\t\n\t\t\t        <div class=\"post-footer\">\n            <div class=\"post-footer\">\n                <div class=\"read-more\">\n\t\t\t\t\t<a data-id=\"236\" href=\"https:\/\/sitios.udla.edu.ec\/blogs\/minecraft-education\/2023\/11\/09\/craftea-tu-clase\/\" class=\"tpg-post-link\" target=\"_self\">Seguir leyendo<\/a>                <\/div>\n            <\/div>\n        <\/div>\n\t\t\t\t<\/div>\n\t<\/div>\n<\/div>\n<div class=\"rt-col-md-4 rt-col-sm-6 rt-col-xs-12 default rt-grid-item post-230 post type-post status-publish format-standard has-post-thumbnail hentry category-blog\"\t\tdata-id=\"230\">\n\t<div class=\"rt-holder tpg-post-holder\">\n\t\t<div class=\"rt-detail rt-el-content-wrapper\">\n\t\t\t\t\t\t\t<div class=\"rt-img-holder tpg-el-image-wrap has-thumbnail\">\n\t\t\t\t\t<a data-id=\"230\" href=\"https:\/\/sitios.udla.edu.ec\/blogs\/minecraft-education\/2023\/11\/09\/minecraft-en-clase\/\" class=\"tpg-post-link\" target=\"_self\">                        <img decoding=\"async\" src=\"https:\/\/sitios.udla.edu.ec\/blogs\/minecraft-education\/wp-content\/uploads\/sites\/6\/2023\/11\/minecraft-clase.png\"\n                             class=\"rt-img-responsive\"\n                             width=\"600\"\n                             height=\"400\"\n                             alt=\"MINECRAFT EN CLASE\">\n\t\t\t\t\t\t\n\t\t\t\t\t\t\t\n\t\t<\/a>\n\t\t        <div class=\"overlay grid-hover-content\"><\/div>\n\t\t\t\t\t\t<\/div>\n\t\t\t\n\t\t\t<div class=\"entry-title-wrapper\"><h3 class=\"entry-title\"><a data-id=\"230\" href=\"https:\/\/sitios.udla.edu.ec\/blogs\/minecraft-education\/2023\/11\/09\/minecraft-en-clase\/\" class=\"tpg-post-link\" target=\"_self\">MINECRAFT EN CLASE<\/a><\/h3><\/div>\n\t\t\t\n\n\t\t\t\t\t\t\t<div class=\"tpg-excerpt tpg-el-excerpt\">\n\t\t\t\t\t\t\t\t\t\t\t<div class=\"tpg-excerpt-inner\">\n\t\t\t\t\t\t\tMinecraft en el aula: donde aprender se convierte en una emocionante aventura! Desde su aparici\u00f3n en el mundo de los videojuegos, Minecraft ha conquistado el coraz\u00f3n de millones de jugadores alrededor...\t\t\t\t\t\t<\/div>\n\t\t\t\t\t\t\t\t\t\t\t\t\t\t<\/div>\n\t\t\t\n\t\t\t        <div class=\"post-footer\">\n            <div class=\"post-footer\">\n                <div class=\"read-more\">\n\t\t\t\t\t<a data-id=\"230\" href=\"https:\/\/sitios.udla.edu.ec\/blogs\/minecraft-education\/2023\/11\/09\/minecraft-en-clase\/\" class=\"tpg-post-link\" target=\"_self\">Seguir leyendo<\/a>                <\/div>\n            <\/div>\n        <\/div>\n\t\t\t\t<\/div>\n\t<\/div>\n<\/div>\n<div class=\"rt-col-md-4 rt-col-sm-6 rt-col-xs-12 default rt-grid-item post-209 post type-post status-publish format-standard has-post-thumbnail hentry category-blog\"\t\tdata-id=\"209\">\n\t<div class=\"rt-holder tpg-post-holder\">\n\t\t<div class=\"rt-detail rt-el-content-wrapper\">\n\t\t\t\t\t\t\t<div class=\"rt-img-holder tpg-el-image-wrap has-thumbnail\">\n\t\t\t\t\t<a data-id=\"209\" href=\"https:\/\/sitios.udla.edu.ec\/blogs\/minecraft-education\/2023\/11\/09\/teacher-edition\/\" class=\"tpg-post-link\" target=\"_self\">                        <img loading=\"lazy\" decoding=\"async\" src=\"https:\/\/sitios.udla.edu.ec\/blogs\/minecraft-education\/wp-content\/uploads\/sites\/6\/2023\/11\/minecraft-teacher-edition.png\"\n                             class=\"rt-img-responsive\"\n                             width=\"280\"\n                             height=\"400\"\n                             alt=\"TEACHER EDITION\">\n\t\t\t\t\t\t\n\t\t\t\t\t\t\t\n\t\t<\/a>\n\t\t        <div class=\"overlay grid-hover-content\"><\/div>\n\t\t\t\t\t\t<\/div>\n\t\t\t\n\t\t\t<div class=\"entry-title-wrapper\"><h3 class=\"entry-title\"><a data-id=\"209\" href=\"https:\/\/sitios.udla.edu.ec\/blogs\/minecraft-education\/2023\/11\/09\/teacher-edition\/\" class=\"tpg-post-link\" target=\"_self\">TEACHER EDITION<\/a><\/h3><\/div>\n\t\t\t\n\n\t\t\t\t\t\t\t<div class=\"tpg-excerpt tpg-el-excerpt\">\n\t\t\t\t\t\t\t\t\t\t\t<div class=\"tpg-excerpt-inner\">\n\t\t\t\t\t\t\tEn el concurso \u00abCraftea tu Clase &#8211; Teacher Edition\u00bb, Patricia Vargas se destac\u00f3 entre muchos participantes y se alz\u00f3 con el primer lugar gracias a su creatividad y habilidades pedag\u00f3gicas...\t\t\t\t\t\t<\/div>\n\t\t\t\t\t\t\t\t\t\t\t\t\t\t<\/div>\n\t\t\t\n\t\t\t        <div class=\"post-footer\">\n            <div class=\"post-footer\">\n                <div class=\"read-more\">\n\t\t\t\t\t<a data-id=\"209\" href=\"https:\/\/sitios.udla.edu.ec\/blogs\/minecraft-education\/2023\/11\/09\/teacher-edition\/\" class=\"tpg-post-link\" target=\"_self\">Seguir leyendo<\/a>                <\/div>\n            <\/div>\n        <\/div>\n\t\t\t\t<\/div>\n\t<\/div>\n<\/div>\n\t\t\t<\/div>\n\t\t\t\n\t\t<\/div>\n\t\t\t\t<\/div>\n\t\t\t\t<\/div>\n\t\t\t\t\t<\/div>\n\t\t<\/div>\n\t\t\t\t\t<\/div>\n\t\t<\/section>\n\t\t\t\t<\/div>\n\t\t","protected":false},"excerpt":{"rendered":"<p>BLOG PRIMERA CLASE EN EL METAVERSO La era digital ha tra\u00eddo consigo innumerables avances y transformaciones en todos los \u00e1mbitos de la vida. En el mundo acad\u00e9mico, estos cambios se sienten con fuerza y nos llevan a replantearnos la&#8230; Seguir leyendo CRAFTEA TU CLASE Un Concurso sin Precedentes El concurso &#8220;Craftea tu Clase&#8221; se present\u00f3 [&hellip;]<\/p>\n","protected":false},"author":1,"featured_media":0,"parent":0,"menu_order":0,"comment_status":"closed","ping_status":"closed","template":"","meta":{"site-sidebar-layout":"no-sidebar","site-content-layout":"page-builder","ast-site-content-layout":"default","site-content-style":"default","site-sidebar-style":"default","ast-global-header-display":"","ast-banner-title-visibility":"","ast-main-header-display":"","ast-hfb-above-header-display":"","ast-hfb-below-header-display":"","ast-hfb-mobile-header-display":"","site-post-title":"disabled","ast-breadcrumbs-content":"","ast-featured-img":"disabled","footer-sml-layout":"","theme-transparent-header-meta":"","adv-header-id-meta":"","stick-header-meta":"","header-above-stick-meta":"","header-main-stick-meta":"","header-below-stick-meta":"","astra-migrate-meta-layouts":"default","ast-page-background-enabled":"default","ast-page-background-meta":{"desktop":{"background-color":"var(--ast-global-color-4)","background-image":"","background-repeat":"repeat","background-position":"center center","background-size":"auto","background-attachment":"scroll","background-type":"","background-media":"","overlay-type":"","overlay-color":"","overlay-opacity":"","overlay-gradient":""},"tablet":{"background-color":"","background-image":"","background-repeat":"repeat","background-position":"center center","background-size":"auto","background-attachment":"scroll","background-type":"","background-media":"","overlay-type":"","overlay-color":"","overlay-opacity":"","overlay-gradient":""},"mobile":{"background-color":"","background-image":"","background-repeat":"repeat","background-position":"center center","background-size":"auto","background-attachment":"scroll","background-type":"","background-media":"","overlay-type":"","overlay-color":"","overlay-opacity":"","overlay-gradient":""}},"ast-content-background-meta":{"desktop":{"background-color":"var(--ast-global-color-5)","background-image":"","background-repeat":"repeat","background-position":"center center","background-size":"auto","background-attachment":"scroll","background-type":"","background-media":"","overlay-type":"","overlay-color":"","overlay-opacity":"","overlay-gradient":""},"tablet":{"background-color":"var(--ast-global-color-5)","background-image":"","background-repeat":"repeat","background-position":"center center","background-size":"auto","background-attachment":"scroll","background-type":"","background-media":"","overlay-type":"","overlay-color":"","overlay-opacity":"","overlay-gradient":""},"mobile":{"background-color":"var(--ast-global-color-5)","background-image":"","background-repeat":"repeat","background-position":"center center","background-size":"auto","background-attachment":"scroll","background-type":"","background-media":"","overlay-type":"","overlay-color":"","overlay-opacity":"","overlay-gradient":""}},"_mc_calendar":[],"_links_to":"","_links_to_target":""},"yoast_head":"<!-- This site is optimized with the Yoast SEO plugin v20.12 - https:\/\/yoast.com\/wordpress\/plugins\/seo\/ -->\n<title>Blog - Minecraft Education<\/title>\n<meta name=\"robots\" content=\"index, follow, max-snippet:-1, max-image-preview:large, max-video-preview:-1\" \/>\n<link rel=\"canonical\" href=\"https:\/\/sitios.udla.edu.ec\/blogs\/minecraft-education\/blog\/\" \/>\n<meta property=\"og:locale\" content=\"es_ES\" \/>\n<meta property=\"og:type\" content=\"article\" \/>\n<meta property=\"og:title\" content=\"Blog - Minecraft Education\" \/>\n<meta property=\"og:description\" content=\"BLOG PRIMERA CLASE EN EL METAVERSO La era digital ha tra\u00eddo consigo innumerables avances y transformaciones en todos los \u00e1mbitos de la vida. En el mundo acad\u00e9mico, estos cambios se sienten con fuerza y nos llevan a replantearnos la&#8230; Seguir leyendo CRAFTEA TU CLASE Un Concurso sin Precedentes El concurso &#8220;Craftea tu Clase&#8221; se present\u00f3 [&hellip;]\" \/>\n<meta property=\"og:url\" content=\"https:\/\/sitios.udla.edu.ec\/blogs\/minecraft-education\/blog\/\" \/>\n<meta property=\"og:site_name\" content=\"Minecraft Education\" \/>\n<meta property=\"article:modified_time\" content=\"2023-11-24T17:59:09+00:00\" \/>\n<meta property=\"og:image\" content=\"https:\/\/sitios.udla.edu.ec\/blogs\/minecraft-education\/wp-content\/uploads\/sites\/6\/2023\/11\/primera-clase-metaverso2.png\" \/>\n<meta name=\"twitter:card\" content=\"summary_large_image\" \/>\n<meta name=\"twitter:label1\" content=\"Tiempo de lectura\" \/>\n\t<meta name=\"twitter:data1\" content=\"2 minutos\" \/>\n<script type=\"application\/ld+json\" class=\"yoast-schema-graph\">{\"@context\":\"https:\/\/schema.org\",\"@graph\":[{\"@type\":\"WebPage\",\"@id\":\"https:\/\/sitios.udla.edu.ec\/blogs\/minecraft-education\/blog\/\",\"url\":\"https:\/\/sitios.udla.edu.ec\/blogs\/minecraft-education\/blog\/\",\"name\":\"Blog - Minecraft Education\",\"isPartOf\":{\"@id\":\"https:\/\/sitios.udla.edu.ec\/blogs\/minecraft-education\/#website\"},\"datePublished\":\"2023-09-29T15:54:46+00:00\",\"dateModified\":\"2023-11-24T17:59:09+00:00\",\"inLanguage\":\"es\",\"potentialAction\":[{\"@type\":\"ReadAction\",\"target\":[\"https:\/\/sitios.udla.edu.ec\/blogs\/minecraft-education\/blog\/\"]}]},{\"@type\":\"WebSite\",\"@id\":\"https:\/\/sitios.udla.edu.ec\/blogs\/minecraft-education\/#website\",\"url\":\"https:\/\/sitios.udla.edu.ec\/blogs\/minecraft-education\/\",\"name\":\"Minecraft Education\",\"description\":\"\",\"potentialAction\":[{\"@type\":\"SearchAction\",\"target\":{\"@type\":\"EntryPoint\",\"urlTemplate\":\"https:\/\/sitios.udla.edu.ec\/blogs\/minecraft-education\/?s={search_term_string}\"},\"query-input\":\"required name=search_term_string\"}],\"inLanguage\":\"es\"}]}<\/script>\n<!-- \/ Yoast SEO plugin. -->","yoast_head_json":{"title":"Blog - Minecraft Education","robots":{"index":"index","follow":"follow","max-snippet":"max-snippet:-1","max-image-preview":"max-image-preview:large","max-video-preview":"max-video-preview:-1"},"canonical":"https:\/\/sitios.udla.edu.ec\/blogs\/minecraft-education\/blog\/","og_locale":"es_ES","og_type":"article","og_title":"Blog - Minecraft Education","og_description":"BLOG PRIMERA CLASE EN EL METAVERSO La era digital ha tra\u00eddo consigo innumerables avances y transformaciones en todos los \u00e1mbitos de la vida. En el mundo acad\u00e9mico, estos cambios se sienten con fuerza y nos llevan a replantearnos la&#8230; Seguir leyendo CRAFTEA TU CLASE Un Concurso sin Precedentes El concurso &#8220;Craftea tu Clase&#8221; se present\u00f3 [&hellip;]","og_url":"https:\/\/sitios.udla.edu.ec\/blogs\/minecraft-education\/blog\/","og_site_name":"Minecraft Education","article_modified_time":"2023-11-24T17:59:09+00:00","og_image":[{"url":"https:\/\/sitios.udla.edu.ec\/blogs\/minecraft-education\/wp-content\/uploads\/sites\/6\/2023\/11\/primera-clase-metaverso2.png"}],"twitter_card":"summary_large_image","twitter_misc":{"Tiempo de lectura":"2 minutos"},"schema":{"@context":"https:\/\/schema.org","@graph":[{"@type":"WebPage","@id":"https:\/\/sitios.udla.edu.ec\/blogs\/minecraft-education\/blog\/","url":"https:\/\/sitios.udla.edu.ec\/blogs\/minecraft-education\/blog\/","name":"Blog - Minecraft Education","isPartOf":{"@id":"https:\/\/sitios.udla.edu.ec\/blogs\/minecraft-education\/#website"},"datePublished":"2023-09-29T15:54:46+00:00","dateModified":"2023-11-24T17:59:09+00:00","inLanguage":"es","potentialAction":[{"@type":"ReadAction","target":["https:\/\/sitios.udla.edu.ec\/blogs\/minecraft-education\/blog\/"]}]},{"@type":"WebSite","@id":"https:\/\/sitios.udla.edu.ec\/blogs\/minecraft-education\/#website","url":"https:\/\/sitios.udla.edu.ec\/blogs\/minecraft-education\/","name":"Minecraft Education","description":"","potentialAction":[{"@type":"SearchAction","target":{"@type":"EntryPoint","urlTemplate":"https:\/\/sitios.udla.edu.ec\/blogs\/minecraft-education\/?s={search_term_string}"},"query-input":"required name=search_term_string"}],"inLanguage":"es"}]}},"rttpg_featured_image_url":null,"rttpg_author":{"display_name":"webmastermkt","author_link":"https:\/\/sitios.udla.edu.ec\/blogs\/minecraft-education\/author\/webmastermkt\/"},"rttpg_comment":0,"rttpg_category":"","rttpg_excerpt":"BLOG PRIMERA CLASE EN EL METAVERSO La era digital ha tra\u00eddo consigo innumerables avances y transformaciones en todos los \u00e1mbitos de la vida. En el mundo acad\u00e9mico, estos cambios se sienten con fuerza y nos llevan a replantearnos la&#8230; Seguir leyendo CRAFTEA TU CLASE Un Concurso sin Precedentes El concurso &#8220;Craftea tu Clase&#8221; se present\u00f3&hellip;","_links":{"self":[{"href":"https:\/\/sitios.udla.edu.ec\/blogs\/minecraft-education\/wp-json\/wp\/v2\/pages\/20"}],"collection":[{"href":"https:\/\/sitios.udla.edu.ec\/blogs\/minecraft-education\/wp-json\/wp\/v2\/pages"}],"about":[{"href":"https:\/\/sitios.udla.edu.ec\/blogs\/minecraft-education\/wp-json\/wp\/v2\/types\/page"}],"author":[{"embeddable":true,"href":"https:\/\/sitios.udla.edu.ec\/blogs\/minecraft-education\/wp-json\/wp\/v2\/users\/1"}],"replies":[{"embeddable":true,"href":"https:\/\/sitios.udla.edu.ec\/blogs\/minecraft-education\/wp-json\/wp\/v2\/comments?post=20"}],"version-history":[{"count":57,"href":"https:\/\/sitios.udla.edu.ec\/blogs\/minecraft-education\/wp-json\/wp\/v2\/pages\/20\/revisions"}],"predecessor-version":[{"id":497,"href":"https:\/\/sitios.udla.edu.ec\/blogs\/minecraft-education\/wp-json\/wp\/v2\/pages\/20\/revisions\/497"}],"wp:attachment":[{"href":"https:\/\/sitios.udla.edu.ec\/blogs\/minecraft-education\/wp-json\/wp\/v2\/media?parent=20"}],"curies":[{"name":"wp","href":"https:\/\/api.w.org\/{rel}","templated":true}]}}