{"id":12,"date":"2023-09-29T10:51:49","date_gmt":"2023-09-29T15:51:49","guid":{"rendered":"https:\/\/sitios.udla.edu.ec\/blogs\/minecraft-education\/?page_id=12"},"modified":"2023-12-06T16:07:48","modified_gmt":"2023-12-06T21:07:48","slug":"nosotros","status":"publish","type":"page","link":"https:\/\/sitios.udla.edu.ec\/blogs\/minecraft-education\/nosotros\/","title":{"rendered":"Nosotros"},"content":{"rendered":"\t\t<div data-elementor-type=\"wp-page\" data-elementor-id=\"12\" class=\"elementor elementor-12\" data-elementor-post-type=\"page\">\n\t\t\t\t\t\t<section class=\"elementor-section elementor-top-section elementor-element elementor-element-64f9757 elementor-section-height-min-height elementor-section-boxed elementor-section-height-default elementor-section-items-middle\" data-id=\"64f9757\" data-element_type=\"section\" data-settings=\"{&quot;background_background&quot;:&quot;classic&quot;}\">\n\t\t\t\t\t\t\t<div class=\"elementor-background-overlay\"><\/div>\n\t\t\t\t\t\t\t<div class=\"elementor-container elementor-column-gap-default\">\n\t\t\t\t\t<div class=\"elementor-column elementor-col-100 elementor-top-column elementor-element elementor-element-ca5f0de\" data-id=\"ca5f0de\" data-element_type=\"column\">\n\t\t\t<div class=\"elementor-widget-wrap elementor-element-populated\">\n\t\t\t\t\t\t<div class=\"elementor-element elementor-element-a5aa3c1 elementor-widget elementor-widget-heading\" data-id=\"a5aa3c1\" data-element_type=\"widget\" data-widget_type=\"heading.default\">\n\t\t\t\t<div class=\"elementor-widget-container\">\n\t\t\t<h2 class=\"elementor-heading-title elementor-size-default\">NOSOTROS<\/h2>\t\t<\/div>\n\t\t\t\t<\/div>\n\t\t\t\t\t<\/div>\n\t\t<\/div>\n\t\t\t\t\t<\/div>\n\t\t<\/section>\n\t\t\t\t<section class=\"elementor-section elementor-top-section elementor-element elementor-element-c995ffb elementor-section-boxed elementor-section-height-default elementor-section-height-default\" data-id=\"c995ffb\" data-element_type=\"section\" data-settings=\"{&quot;background_background&quot;:&quot;classic&quot;}\">\n\t\t\t\t\t\t<div class=\"elementor-container elementor-column-gap-default\">\n\t\t\t\t\t<div class=\"elementor-column elementor-col-100 elementor-top-column elementor-element elementor-element-c3d56a2\" data-id=\"c3d56a2\" data-element_type=\"column\">\n\t\t\t<div class=\"elementor-widget-wrap elementor-element-populated\">\n\t\t\t\t\t\t<div class=\"elementor-element elementor-element-98f3841 elementor-widget elementor-widget-heading\" data-id=\"98f3841\" data-element_type=\"widget\" data-widget_type=\"heading.default\">\n\t\t\t\t<div class=\"elementor-widget-container\">\n\t\t\t<h3 class=\"elementor-heading-title elementor-size-default\">SOBRE NOSOTROS<\/h3>\t\t<\/div>\n\t\t\t\t<\/div>\n\t\t\t\t<div class=\"elementor-element elementor-element-1ccbffd elementor-widget elementor-widget-heading\" data-id=\"1ccbffd\" data-element_type=\"widget\" data-widget_type=\"heading.default\">\n\t\t\t\t<div class=\"elementor-widget-container\">\n\t\t\t<h3 class=\"elementor-heading-title elementor-size-default\">\u00bfTIENES UNA <\/br>PREGUNTA?<\/h3>\t\t<\/div>\n\t\t\t\t<\/div>\n\t\t\t\t<div class=\"elementor-element elementor-element-c3267bc elementor-widget elementor-widget-text-editor\" data-id=\"c3267bc\" data-element_type=\"widget\" data-widget_type=\"text-editor.default\">\n\t\t\t\t<div class=\"elementor-widget-container\">\n\t\t\t\t\t\t\t<p style=\"text-align: center;\"><span style=\"color: #ffffff;\">Cont\u00e1ctanos siempre que tengas alguna pregunta. Estamos siempre aqu\u00ed para ti!<\/span><\/p>\t\t\t\t\t\t<\/div>\n\t\t\t\t<\/div>\n\t\t\t\t<section class=\"elementor-section elementor-inner-section elementor-element elementor-element-9ac8eec elementor-section-boxed elementor-section-height-default elementor-section-height-default\" data-id=\"9ac8eec\" data-element_type=\"section\">\n\t\t\t\t\t\t<div class=\"elementor-container elementor-column-gap-default\">\n\t\t\t\t\t<div class=\"elementor-column elementor-col-50 elementor-inner-column elementor-element elementor-element-e2a500b\" data-id=\"e2a500b\" data-element_type=\"column\">\n\t\t\t<div class=\"elementor-widget-wrap elementor-element-populated\">\n\t\t\t\t\t\t<div class=\"elementor-element elementor-element-cde5249 elementor-widget elementor-widget-image\" data-id=\"cde5249\" data-element_type=\"widget\" data-widget_type=\"image.default\">\n\t\t\t\t<div class=\"elementor-widget-container\">\n\t\t\t\t\t\t\t\t\t\t\t\t\t<img fetchpriority=\"high\" decoding=\"async\" width=\"1280\" height=\"853\" src=\"https:\/\/sitios.udla.edu.ec\/blogs\/minecraft-education\/wp-content\/uploads\/sites\/6\/2023\/09\/MicrosoftTeams-image-119.jpg\" class=\"attachment-full size-full wp-image-66\" alt=\"\" \/>\t\t\t\t\t\t\t\t\t\t\t\t\t<\/div>\n\t\t\t\t<\/div>\n\t\t\t\t\t<\/div>\n\t\t<\/div>\n\t\t\t\t<div class=\"elementor-column elementor-col-50 elementor-inner-column elementor-element elementor-element-47fea85\" data-id=\"47fea85\" data-element_type=\"column\">\n\t\t\t<div class=\"elementor-widget-wrap elementor-element-populated\">\n\t\t\t\t\t\t<div class=\"elementor-element elementor-element-c20fd96 elementor-widget elementor-widget-text-editor\" data-id=\"c20fd96\" data-element_type=\"widget\" data-widget_type=\"text-editor.default\">\n\t\t\t\t<div class=\"elementor-widget-container\">\n\t\t\t\t\t\t\t<p class=\"kmb-live-tag-label kmb-rich-text-paragraph text-selected \">Somos el equipo de Innovaci\u00f3n Acad\u00e9mica y estamos aqu\u00ed para romper las reglas de la educaci\u00f3n tradicional con un toque de diversi\u00f3n y creatividad. \ud83c\udf93\ud83d\udca1<\/p>\n<p class=\"kmb-live-tag-label kmb-rich-text-paragraph text-selected \">Somos un grupo apasionado de mentes inquietas, siempre buscando formas nuevas y emocionantes de aprender y ense\u00f1ar. Nos encanta pensar fuera de la caja y creemos que el aprendizaje puede ser una aventura. \ud83c\udf1f<\/p>\t\t\t\t\t\t<\/div>\n\t\t\t\t<\/div>\n\t\t\t\t\t<\/div>\n\t\t<\/div>\n\t\t\t\t\t<\/div>\n\t\t<\/section>\n\t\t\t\t\t<\/div>\n\t\t<\/div>\n\t\t\t\t\t<\/div>\n\t\t<\/section>\n\t\t\t\t<section class=\"elementor-section elementor-top-section elementor-element elementor-element-ad06454 elementor-section-boxed elementor-section-height-default elementor-section-height-default\" data-id=\"ad06454\" data-element_type=\"section\" data-settings=\"{&quot;background_background&quot;:&quot;classic&quot;}\">\n\t\t\t\t\t\t<div class=\"elementor-container elementor-column-gap-default\">\n\t\t\t\t\t<div class=\"elementor-column elementor-col-100 elementor-top-column elementor-element elementor-element-e901d98\" data-id=\"e901d98\" data-element_type=\"column\">\n\t\t\t<div class=\"elementor-widget-wrap elementor-element-populated\">\n\t\t\t\t\t\t<div class=\"elementor-element elementor-element-e98c9f5 elementor-widget elementor-widget-heading\" data-id=\"e98c9f5\" data-element_type=\"widget\" data-widget_type=\"heading.default\">\n\t\t\t\t<div class=\"elementor-widget-container\">\n\t\t\t<h3 class=\"elementor-heading-title elementor-size-default\">SOBRE NOSOTROS<\/h3>\t\t<\/div>\n\t\t\t\t<\/div>\n\t\t\t\t<div class=\"elementor-element elementor-element-fbd9c7f elementor-widget elementor-widget-heading\" data-id=\"fbd9c7f\" data-element_type=\"widget\" data-widget_type=\"heading.default\">\n\t\t\t\t<div class=\"elementor-widget-container\">\n\t\t\t<h1 class=\"elementor-heading-title elementor-size-default\">I+D+I<\/h1>\t\t<\/div>\n\t\t\t\t<\/div>\n\t\t\t\t<div class=\"elementor-element elementor-element-487d47c elementor-widget elementor-widget-text-editor\" data-id=\"487d47c\" data-element_type=\"widget\" data-widget_type=\"text-editor.default\">\n\t\t\t\t<div class=\"elementor-widget-container\">\n\t\t\t\t\t\t\t<p>El \u00e1rea de I+D+I en sistemas de informaci\u00f3n de una universidad se enfoca en la investigaci\u00f3n, el desarrollo y la innovaci\u00f3n tecnol\u00f3gica para optimizar la gesti\u00f3n de la informaci\u00f3n y proporcionar soluciones avanzadas que beneficien a todos los aspectos de la instituci\u00f3n educativa.<\/p>\t\t\t\t\t\t<\/div>\n\t\t\t\t<\/div>\n\t\t\t\t<section class=\"elementor-section elementor-inner-section elementor-element elementor-element-f6f6e7c elementor-section-boxed elementor-section-height-default elementor-section-height-default\" data-id=\"f6f6e7c\" data-element_type=\"section\">\n\t\t\t\t\t\t<div class=\"elementor-container elementor-column-gap-default\">\n\t\t\t\t\t<div class=\"elementor-column elementor-col-50 elementor-inner-column elementor-element elementor-element-63eb1bc\" data-id=\"63eb1bc\" data-element_type=\"column\">\n\t\t\t<div class=\"elementor-widget-wrap elementor-element-populated\">\n\t\t\t\t\t\t<div class=\"elementor-element elementor-element-4ebee03 elementor-widget elementor-widget-heading\" data-id=\"4ebee03\" data-element_type=\"widget\" data-widget_type=\"heading.default\">\n\t\t\t\t<div class=\"elementor-widget-container\">\n\t\t\t<h3 class=\"elementor-heading-title elementor-size-default\">S\u00edguenos en:<\/h3>\t\t<\/div>\n\t\t\t\t<\/div>\n\t\t\t\t<div class=\"elementor-element elementor-element-dd4db98 elementor-shape-rounded elementor-grid-0 e-grid-align-center elementor-widget elementor-widget-social-icons\" data-id=\"dd4db98\" data-element_type=\"widget\" data-widget_type=\"social-icons.default\">\n\t\t\t\t<div class=\"elementor-widget-container\">\n\t\t\t\t\t<div class=\"elementor-social-icons-wrapper elementor-grid\">\n\t\t\t\t\t\t\t<span class=\"elementor-grid-item\">\n\t\t\t\t\t<a class=\"elementor-icon elementor-social-icon elementor-social-icon-facebook elementor-repeater-item-c46ebc1\" href=\"https:\/\/www.facebook.com\/UDLAEcuador\/\" target=\"_blank\">\n\t\t\t\t\t\t<span class=\"elementor-screen-only\">Facebook<\/span>\n\t\t\t\t\t\t<i class=\"fab fa-facebook\"><\/i>\t\t\t\t\t<\/a>\n\t\t\t\t<\/span>\n\t\t\t\t\t\t\t<span class=\"elementor-grid-item\">\n\t\t\t\t\t<a class=\"elementor-icon elementor-social-icon elementor-social-icon- elementor-repeater-item-2b821c6\" href=\"https:\/\/twitter.com\/UDLAEcuador\" target=\"_blank\">\n\t\t\t\t\t\t<span class=\"elementor-screen-only\"><\/span>\n\t\t\t\t\t\t<svg xmlns=\"http:\/\/www.w3.org\/2000\/svg\" viewBox=\"0 0 512 512\"><path d=\"M389.2 48h70.6L305.6 224.2 487 464H345L233.7 318.6 106.5 464H35.8L200.7 275.5 26.8 48H172.4L272.9 180.9 389.2 48zM364.4 421.8h39.1L151.1 88h-42L364.4 421.8z\"><\/path><\/svg>\t\t\t\t\t<\/a>\n\t\t\t\t<\/span>\n\t\t\t\t\t\t\t<span class=\"elementor-grid-item\">\n\t\t\t\t\t<a class=\"elementor-icon elementor-social-icon elementor-social-icon-youtube elementor-repeater-item-b9bb7ea\" href=\"https:\/\/www.youtube.com\/@UDLA_Ecuador\" target=\"_blank\">\n\t\t\t\t\t\t<span class=\"elementor-screen-only\">Youtube<\/span>\n\t\t\t\t\t\t<i class=\"fab fa-youtube\"><\/i>\t\t\t\t\t<\/a>\n\t\t\t\t<\/span>\n\t\t\t\t\t\t\t<span class=\"elementor-grid-item\">\n\t\t\t\t\t<a class=\"elementor-icon elementor-social-icon elementor-social-icon-linkedin elementor-repeater-item-18f5a95\" href=\"http:\/\/linkedin.com\/school\/universidad-de-las-americas-ecuador\" target=\"_blank\">\n\t\t\t\t\t\t<span class=\"elementor-screen-only\">Linkedin<\/span>\n\t\t\t\t\t\t<i class=\"fab fa-linkedin\"><\/i>\t\t\t\t\t<\/a>\n\t\t\t\t<\/span>\n\t\t\t\t\t<\/div>\n\t\t\t\t<\/div>\n\t\t\t\t<\/div>\n\t\t\t\t\t<\/div>\n\t\t<\/div>\n\t\t\t\t<div class=\"elementor-column elementor-col-50 elementor-inner-column elementor-element elementor-element-1364a83\" data-id=\"1364a83\" data-element_type=\"column\">\n\t\t\t<div class=\"elementor-widget-wrap elementor-element-populated\">\n\t\t\t\t\t\t<div class=\"elementor-element elementor-element-1a5360c elementor--h-position-center elementor--v-position-middle elementor-arrows-position-inside elementor-pagination-position-inside elementor-widget elementor-widget-slides\" data-id=\"1a5360c\" data-element_type=\"widget\" data-settings=\"{&quot;navigation&quot;:&quot;both&quot;,&quot;autoplay&quot;:&quot;yes&quot;,&quot;pause_on_hover&quot;:&quot;yes&quot;,&quot;pause_on_interaction&quot;:&quot;yes&quot;,&quot;autoplay_speed&quot;:5000,&quot;infinite&quot;:&quot;yes&quot;,&quot;transition&quot;:&quot;slide&quot;,&quot;transition_speed&quot;:500}\" data-widget_type=\"slides.default\">\n\t\t\t\t<div class=\"elementor-widget-container\">\n\t\t\t\t\t<div class=\"elementor-swiper\">\n\t\t\t<div class=\"elementor-slides-wrapper elementor-main-swiper swiper\" dir=\"ltr\" data-animation=\"fadeInUp\">\n\t\t\t\t<div class=\"swiper-wrapper elementor-slides\">\n\t\t\t\t\t\t\t\t\t\t<div class=\"elementor-repeater-item-3ee9741 swiper-slide\"><div class=\"swiper-slide-bg\" role=\"img\"><\/div><div class=\"swiper-slide-inner\" ><div class=\"swiper-slide-contents\"><\/div><\/div><\/div><div class=\"elementor-repeater-item-99461d8 swiper-slide\"><div class=\"swiper-slide-bg\" role=\"img\"><\/div><div class=\"swiper-slide-inner\" ><div class=\"swiper-slide-contents\"><\/div><\/div><\/div>\t\t\t\t<\/div>\n\t\t\t\t\t\t\t\t\t\t\t\t\t\t\t<div class=\"swiper-pagination\"><\/div>\n\t\t\t\t\t\t\t\t\t\t\t\t\t\t\t\t<div class=\"elementor-swiper-button elementor-swiper-button-prev\" role=\"button\" tabindex=\"0\">\n\t\t\t\t\t\t\t<i aria-hidden=\"true\" class=\"eicon-chevron-left\"><\/i>\t\t\t\t\t\t\t<span class=\"elementor-screen-only\">Previous slide<\/span>\n\t\t\t\t\t\t<\/div>\n\t\t\t\t\t\t<div class=\"elementor-swiper-button elementor-swiper-button-next\" role=\"button\" tabindex=\"0\">\n\t\t\t\t\t\t\t<i aria-hidden=\"true\" class=\"eicon-chevron-right\"><\/i>\t\t\t\t\t\t\t<span class=\"elementor-screen-only\">Next slide<\/span>\n\t\t\t\t\t\t<\/div>\n\t\t\t\t\t\t\t\t\t\t\t\t<\/div>\n\t\t<\/div>\n\t\t\t\t<\/div>\n\t\t\t\t<\/div>\n\t\t\t\t\t<\/div>\n\t\t<\/div>\n\t\t\t\t\t<\/div>\n\t\t<\/section>\n\t\t\t\t\t<\/div>\n\t\t<\/div>\n\t\t\t\t\t<\/div>\n\t\t<\/section>\n\t\t\t\t<\/div>\n\t\t","protected":false},"excerpt":{"rendered":"<p>NOSOTROS SOBRE NOSOTROS \u00bfTIENES UNA PREGUNTA? Cont\u00e1ctanos siempre que tengas alguna pregunta. Estamos siempre aqu\u00ed para ti! Somos el equipo de Innovaci\u00f3n Acad\u00e9mica y estamos aqu\u00ed para romper las reglas de la educaci\u00f3n tradicional con un toque de diversi\u00f3n y creatividad. \ud83c\udf93\ud83d\udca1 Somos un grupo apasionado de mentes inquietas, siempre buscando formas nuevas y emocionantes [&hellip;]<\/p>\n","protected":false},"author":1,"featured_media":0,"parent":0,"menu_order":0,"comment_status":"closed","ping_status":"closed","template":"","meta":{"site-sidebar-layout":"no-sidebar","site-content-layout":"page-builder","ast-site-content-layout":"default","site-content-style":"default","site-sidebar-style":"default","ast-global-header-display":"","ast-banner-title-visibility":"","ast-main-header-display":"","ast-hfb-above-header-display":"","ast-hfb-below-header-display":"","ast-hfb-mobile-header-display":"","site-post-title":"disabled","ast-breadcrumbs-content":"","ast-featured-img":"disabled","footer-sml-layout":"","theme-transparent-header-meta":"","adv-header-id-meta":"","stick-header-meta":"","header-above-stick-meta":"","header-main-stick-meta":"","header-below-stick-meta":"","astra-migrate-meta-layouts":"default","ast-page-background-enabled":"default","ast-page-background-meta":{"desktop":{"background-color":"var(--ast-global-color-4)","background-image":"","background-repeat":"repeat","background-position":"center center","background-size":"auto","background-attachment":"scroll","background-type":"","background-media":"","overlay-type":"","overlay-color":"","overlay-opacity":"","overlay-gradient":""},"tablet":{"background-color":"","background-image":"","background-repeat":"repeat","background-position":"center center","background-size":"auto","background-attachment":"scroll","background-type":"","background-media":"","overlay-type":"","overlay-color":"","overlay-opacity":"","overlay-gradient":""},"mobile":{"background-color":"","background-image":"","background-repeat":"repeat","background-position":"center center","background-size":"auto","background-attachment":"scroll","background-type":"","background-media":"","overlay-type":"","overlay-color":"","overlay-opacity":"","overlay-gradient":""}},"ast-content-background-meta":{"desktop":{"background-color":"var(--ast-global-color-5)","background-image":"","background-repeat":"repeat","background-position":"center center","background-size":"auto","background-attachment":"scroll","background-type":"","background-media":"","overlay-type":"","overlay-color":"","overlay-opacity":"","overlay-gradient":""},"tablet":{"background-color":"var(--ast-global-color-5)","background-image":"","background-repeat":"repeat","background-position":"center center","background-size":"auto","background-attachment":"scroll","background-type":"","background-media":"","overlay-type":"","overlay-color":"","overlay-opacity":"","overlay-gradient":""},"mobile":{"background-color":"var(--ast-global-color-5)","background-image":"","background-repeat":"repeat","background-position":"center center","background-size":"auto","background-attachment":"scroll","background-type":"","background-media":"","overlay-type":"","overlay-color":"","overlay-opacity":"","overlay-gradient":""}},"_mc_calendar":[],"_links_to":"","_links_to_target":""},"yoast_head":"<!-- This site is optimized with the Yoast SEO plugin v20.12 - https:\/\/yoast.com\/wordpress\/plugins\/seo\/ -->\n<title>Nosotros - Minecraft Education<\/title>\n<meta name=\"robots\" content=\"index, follow, max-snippet:-1, max-image-preview:large, max-video-preview:-1\" \/>\n<link rel=\"canonical\" href=\"https:\/\/sitios.udla.edu.ec\/blogs\/minecraft-education\/nosotros\/\" \/>\n<meta property=\"og:locale\" content=\"es_ES\" \/>\n<meta property=\"og:type\" content=\"article\" \/>\n<meta property=\"og:title\" content=\"Nosotros - Minecraft Education\" \/>\n<meta property=\"og:description\" content=\"NOSOTROS SOBRE NOSOTROS \u00bfTIENES UNA PREGUNTA? Cont\u00e1ctanos siempre que tengas alguna pregunta. Estamos siempre aqu\u00ed para ti! Somos el equipo de Innovaci\u00f3n Acad\u00e9mica y estamos aqu\u00ed para romper las reglas de la educaci\u00f3n tradicional con un toque de diversi\u00f3n y creatividad. \ud83c\udf93\ud83d\udca1 Somos un grupo apasionado de mentes inquietas, siempre buscando formas nuevas y emocionantes [&hellip;]\" \/>\n<meta property=\"og:url\" content=\"https:\/\/sitios.udla.edu.ec\/blogs\/minecraft-education\/nosotros\/\" \/>\n<meta property=\"og:site_name\" content=\"Minecraft Education\" \/>\n<meta property=\"article:modified_time\" content=\"2023-12-06T21:07:48+00:00\" \/>\n<meta property=\"og:image\" content=\"https:\/\/sitios.udla.edu.ec\/blogs\/minecraft-education\/wp-content\/uploads\/sites\/6\/2023\/09\/MicrosoftTeams-image-119.jpg\" \/>\n<meta name=\"twitter:card\" content=\"summary_large_image\" \/>\n<meta name=\"twitter:label1\" content=\"Tiempo de lectura\" \/>\n\t<meta name=\"twitter:data1\" content=\"2 minutos\" \/>\n<script type=\"application\/ld+json\" class=\"yoast-schema-graph\">{\"@context\":\"https:\/\/schema.org\",\"@graph\":[{\"@type\":\"WebPage\",\"@id\":\"https:\/\/sitios.udla.edu.ec\/blogs\/minecraft-education\/nosotros\/\",\"url\":\"https:\/\/sitios.udla.edu.ec\/blogs\/minecraft-education\/nosotros\/\",\"name\":\"Nosotros - Minecraft Education\",\"isPartOf\":{\"@id\":\"https:\/\/sitios.udla.edu.ec\/blogs\/minecraft-education\/#website\"},\"datePublished\":\"2023-09-29T15:51:49+00:00\",\"dateModified\":\"2023-12-06T21:07:48+00:00\",\"inLanguage\":\"es\",\"potentialAction\":[{\"@type\":\"ReadAction\",\"target\":[\"https:\/\/sitios.udla.edu.ec\/blogs\/minecraft-education\/nosotros\/\"]}]},{\"@type\":\"WebSite\",\"@id\":\"https:\/\/sitios.udla.edu.ec\/blogs\/minecraft-education\/#website\",\"url\":\"https:\/\/sitios.udla.edu.ec\/blogs\/minecraft-education\/\",\"name\":\"Minecraft Education\",\"description\":\"\",\"potentialAction\":[{\"@type\":\"SearchAction\",\"target\":{\"@type\":\"EntryPoint\",\"urlTemplate\":\"https:\/\/sitios.udla.edu.ec\/blogs\/minecraft-education\/?s={search_term_string}\"},\"query-input\":\"required name=search_term_string\"}],\"inLanguage\":\"es\"}]}<\/script>\n<!-- \/ Yoast SEO plugin. -->","yoast_head_json":{"title":"Nosotros - Minecraft Education","robots":{"index":"index","follow":"follow","max-snippet":"max-snippet:-1","max-image-preview":"max-image-preview:large","max-video-preview":"max-video-preview:-1"},"canonical":"https:\/\/sitios.udla.edu.ec\/blogs\/minecraft-education\/nosotros\/","og_locale":"es_ES","og_type":"article","og_title":"Nosotros - Minecraft Education","og_description":"NOSOTROS SOBRE NOSOTROS \u00bfTIENES UNA PREGUNTA? Cont\u00e1ctanos siempre que tengas alguna pregunta. Estamos siempre aqu\u00ed para ti! Somos el equipo de Innovaci\u00f3n Acad\u00e9mica y estamos aqu\u00ed para romper las reglas de la educaci\u00f3n tradicional con un toque de diversi\u00f3n y creatividad. \ud83c\udf93\ud83d\udca1 Somos un grupo apasionado de mentes inquietas, siempre buscando formas nuevas y emocionantes [&hellip;]","og_url":"https:\/\/sitios.udla.edu.ec\/blogs\/minecraft-education\/nosotros\/","og_site_name":"Minecraft Education","article_modified_time":"2023-12-06T21:07:48+00:00","og_image":[{"url":"https:\/\/sitios.udla.edu.ec\/blogs\/minecraft-education\/wp-content\/uploads\/sites\/6\/2023\/09\/MicrosoftTeams-image-119.jpg"}],"twitter_card":"summary_large_image","twitter_misc":{"Tiempo de lectura":"2 minutos"},"schema":{"@context":"https:\/\/schema.org","@graph":[{"@type":"WebPage","@id":"https:\/\/sitios.udla.edu.ec\/blogs\/minecraft-education\/nosotros\/","url":"https:\/\/sitios.udla.edu.ec\/blogs\/minecraft-education\/nosotros\/","name":"Nosotros - Minecraft Education","isPartOf":{"@id":"https:\/\/sitios.udla.edu.ec\/blogs\/minecraft-education\/#website"},"datePublished":"2023-09-29T15:51:49+00:00","dateModified":"2023-12-06T21:07:48+00:00","inLanguage":"es","potentialAction":[{"@type":"ReadAction","target":["https:\/\/sitios.udla.edu.ec\/blogs\/minecraft-education\/nosotros\/"]}]},{"@type":"WebSite","@id":"https:\/\/sitios.udla.edu.ec\/blogs\/minecraft-education\/#website","url":"https:\/\/sitios.udla.edu.ec\/blogs\/minecraft-education\/","name":"Minecraft Education","description":"","potentialAction":[{"@type":"SearchAction","target":{"@type":"EntryPoint","urlTemplate":"https:\/\/sitios.udla.edu.ec\/blogs\/minecraft-education\/?s={search_term_string}"},"query-input":"required name=search_term_string"}],"inLanguage":"es"}]}},"rttpg_featured_image_url":null,"rttpg_author":{"display_name":"webmastermkt","author_link":"https:\/\/sitios.udla.edu.ec\/blogs\/minecraft-education\/author\/webmastermkt\/"},"rttpg_comment":0,"rttpg_category":null,"rttpg_excerpt":"NOSOTROS SOBRE NOSOTROS \u00bfTIENES UNA PREGUNTA? Cont\u00e1ctanos siempre que tengas alguna pregunta. Estamos siempre aqu\u00ed para ti! Somos el equipo de Innovaci\u00f3n Acad\u00e9mica y estamos aqu\u00ed para romper las reglas de la educaci\u00f3n tradicional con un toque de diversi\u00f3n y creatividad. \ud83c\udf93\ud83d\udca1 Somos un grupo apasionado de mentes inquietas, siempre buscando formas nuevas y emocionantes&hellip;","_links":{"self":[{"href":"https:\/\/sitios.udla.edu.ec\/blogs\/minecraft-education\/wp-json\/wp\/v2\/pages\/12"}],"collection":[{"href":"https:\/\/sitios.udla.edu.ec\/blogs\/minecraft-education\/wp-json\/wp\/v2\/pages"}],"about":[{"href":"https:\/\/sitios.udla.edu.ec\/blogs\/minecraft-education\/wp-json\/wp\/v2\/types\/page"}],"author":[{"embeddable":true,"href":"https:\/\/sitios.udla.edu.ec\/blogs\/minecraft-education\/wp-json\/wp\/v2\/users\/1"}],"replies":[{"embeddable":true,"href":"https:\/\/sitios.udla.edu.ec\/blogs\/minecraft-education\/wp-json\/wp\/v2\/comments?post=12"}],"version-history":[{"count":42,"href":"https:\/\/sitios.udla.edu.ec\/blogs\/minecraft-education\/wp-json\/wp\/v2\/pages\/12\/revisions"}],"predecessor-version":[{"id":502,"href":"https:\/\/sitios.udla.edu.ec\/blogs\/minecraft-education\/wp-json\/wp\/v2\/pages\/12\/revisions\/502"}],"wp:attachment":[{"href":"https:\/\/sitios.udla.edu.ec\/blogs\/minecraft-education\/wp-json\/wp\/v2\/media?parent=12"}],"curies":[{"name":"wp","href":"https:\/\/api.w.org\/{rel}","templated":true}]}}