{"id":18466,"date":"2024-05-22T14:37:05","date_gmt":"2024-05-22T19:37:05","guid":{"rendered":"https:\/\/sitios.udla.edu.ec\/admisiones-udla\/inicio-english\/"},"modified":"2024-05-22T14:37:05","modified_gmt":"2024-05-22T19:37:05","slug":"inicio-english","status":"publish","type":"page","link":"https:\/\/sitios.udla.edu.ec\/admisiones-udla\/en\/inicio-english\/","title":{"rendered":"Inicio &#8211; English"},"content":{"rendered":"","protected":false},"excerpt":{"rendered":"","protected":false},"author":1,"featured_media":0,"parent":0,"menu_order":0,"comment_status":"closed","ping_status":"closed","template":"","meta":{"_acf_changed":false,"footnotes":"","_links_to":"","_links_to_target":""},"class_list":["post-18466","page","type-page","status-publish","hentry","entry","no-media"],"acf":[],"yoast_head":"<!-- This site is optimized with the Yoast SEO plugin v26.6 - https:\/\/yoast.com\/wordpress\/plugins\/seo\/ -->\n<title>Inicio - English - UDLA - Universidad de Las Am\u00e9ricas<\/title>\n<meta name=\"robots\" content=\"noindex, follow, max-snippet:-1, max-image-preview:large, max-video-preview:-1\" \/>\n<meta property=\"og:locale\" content=\"es_ES\" \/>\n<meta property=\"og:type\" content=\"article\" \/>\n<meta property=\"og:title\" content=\"Inicio - English - UDLA - Universidad de Las Am\u00e9ricas\" \/>\n<meta property=\"og:url\" content=\"https:\/\/sitios.udla.edu.ec\/admisiones-udla\/en\/inicio-english\/\" \/>\n<meta property=\"og:site_name\" content=\"UDLA - Universidad de Las Am\u00e9ricas\" \/>\n<meta name=\"twitter:card\" content=\"summary_large_image\" \/>\n<script type=\"application\/ld+json\" class=\"yoast-schema-graph\">{\"@context\":\"https:\/\/schema.org\",\"@graph\":[{\"@type\":\"WebPage\",\"@id\":\"https:\/\/sitios.udla.edu.ec\/admisiones-udla\/en\/inicio-english\/\",\"url\":\"https:\/\/sitios.udla.edu.ec\/admisiones-udla\/en\/inicio-english\/\",\"name\":\"Inicio - English - UDLA - Universidad de Las Am\u00e9ricas\",\"isPartOf\":{\"@id\":\"https:\/\/sitios.udla.edu.ec\/admisiones-udla\/#website\"},\"datePublished\":\"2024-05-22T19:37:05+00:00\",\"breadcrumb\":{\"@id\":\"https:\/\/sitios.udla.edu.ec\/admisiones-udla\/en\/inicio-english\/#breadcrumb\"},\"inLanguage\":\"es\",\"potentialAction\":[{\"@type\":\"ReadAction\",\"target\":[\"https:\/\/sitios.udla.edu.ec\/admisiones-udla\/en\/inicio-english\/\"]}]},{\"@type\":\"BreadcrumbList\",\"@id\":\"https:\/\/sitios.udla.edu.ec\/admisiones-udla\/en\/inicio-english\/#breadcrumb\",\"itemListElement\":[{\"@type\":\"ListItem\",\"position\":1,\"name\":\"Portada\",\"item\":\"https:\/\/sitios.udla.edu.ec\/admisiones-udla\/\"},{\"@type\":\"ListItem\",\"position\":2,\"name\":\"Inicio &#8211; English\"}]},{\"@type\":\"WebSite\",\"@id\":\"https:\/\/sitios.udla.edu.ec\/admisiones-udla\/#website\",\"url\":\"https:\/\/sitios.udla.edu.ec\/admisiones-udla\/\",\"name\":\"UDLA - Universidad de Las Am\u00e9ricas\",\"description\":\"Universidad de las Am\u00e9ricas (UDLA) en Quito, Ecuador, ofrece programas de pregrado, posgrado y educaci\u00f3n continua con un enfoque innovador y pr\u00e1ctico en educaci\u00f3n superior.\",\"publisher\":{\"@id\":\"https:\/\/sitios.udla.edu.ec\/admisiones-udla\/#organization\"},\"alternateName\":\"UDLA\",\"potentialAction\":[{\"@type\":\"SearchAction\",\"target\":{\"@type\":\"EntryPoint\",\"urlTemplate\":\"https:\/\/sitios.udla.edu.ec\/admisiones-udla\/?s={search_term_string}\"},\"query-input\":{\"@type\":\"PropertyValueSpecification\",\"valueRequired\":true,\"valueName\":\"search_term_string\"}}],\"inLanguage\":\"es\"},{\"@type\":\"Organization\",\"@id\":\"https:\/\/sitios.udla.edu.ec\/admisiones-udla\/#organization\",\"name\":\"UDLA - Universidad de Las Am\u00e9ricas\",\"url\":\"https:\/\/sitios.udla.edu.ec\/admisiones-udla\/\",\"logo\":{\"@type\":\"ImageObject\",\"inLanguage\":\"es\",\"@id\":\"https:\/\/sitios.udla.edu.ec\/admisiones-udla\/#\/schema\/logo\/image\/\",\"url\":\"https:\/\/sitios.udla.edu.ec\/admisiones-udla\/wp-content\/uploads\/2022\/12\/RGB_LOGO-UDLA_2021_BLANCO.png\",\"contentUrl\":\"https:\/\/sitios.udla.edu.ec\/admisiones-udla\/wp-content\/uploads\/2022\/12\/RGB_LOGO-UDLA_2021_BLANCO.png\",\"width\":1593,\"height\":923,\"caption\":\"UDLA - Universidad de Las Am\u00e9ricas\"},\"image\":{\"@id\":\"https:\/\/sitios.udla.edu.ec\/admisiones-udla\/#\/schema\/logo\/image\/\"}}]}<\/script>\n<!-- \/ Yoast SEO plugin. -->","yoast_head_json":{"title":"Inicio - English - UDLA - Universidad de Las Am\u00e9ricas","robots":{"index":"noindex","follow":"follow","max-snippet":"max-snippet:-1","max-image-preview":"max-image-preview:large","max-video-preview":"max-video-preview:-1"},"og_locale":"es_ES","og_type":"article","og_title":"Inicio - English - UDLA - Universidad de Las Am\u00e9ricas","og_url":"https:\/\/sitios.udla.edu.ec\/admisiones-udla\/en\/inicio-english\/","og_site_name":"UDLA - Universidad de Las Am\u00e9ricas","twitter_card":"summary_large_image","schema":{"@context":"https:\/\/schema.org","@graph":[{"@type":"WebPage","@id":"https:\/\/sitios.udla.edu.ec\/admisiones-udla\/en\/inicio-english\/","url":"https:\/\/sitios.udla.edu.ec\/admisiones-udla\/en\/inicio-english\/","name":"Inicio - English - UDLA - Universidad de Las Am\u00e9ricas","isPartOf":{"@id":"https:\/\/sitios.udla.edu.ec\/admisiones-udla\/#website"},"datePublished":"2024-05-22T19:37:05+00:00","breadcrumb":{"@id":"https:\/\/sitios.udla.edu.ec\/admisiones-udla\/en\/inicio-english\/#breadcrumb"},"inLanguage":"es","potentialAction":[{"@type":"ReadAction","target":["https:\/\/sitios.udla.edu.ec\/admisiones-udla\/en\/inicio-english\/"]}]},{"@type":"BreadcrumbList","@id":"https:\/\/sitios.udla.edu.ec\/admisiones-udla\/en\/inicio-english\/#breadcrumb","itemListElement":[{"@type":"ListItem","position":1,"name":"Portada","item":"https:\/\/sitios.udla.edu.ec\/admisiones-udla\/"},{"@type":"ListItem","position":2,"name":"Inicio &#8211; English"}]},{"@type":"WebSite","@id":"https:\/\/sitios.udla.edu.ec\/admisiones-udla\/#website","url":"https:\/\/sitios.udla.edu.ec\/admisiones-udla\/","name":"UDLA - Universidad de Las Am\u00e9ricas","description":"Universidad de las Am\u00e9ricas (UDLA) en Quito, Ecuador, ofrece programas de pregrado, posgrado y educaci\u00f3n continua con un enfoque innovador y pr\u00e1ctico en educaci\u00f3n superior.","publisher":{"@id":"https:\/\/sitios.udla.edu.ec\/admisiones-udla\/#organization"},"alternateName":"UDLA","potentialAction":[{"@type":"SearchAction","target":{"@type":"EntryPoint","urlTemplate":"https:\/\/sitios.udla.edu.ec\/admisiones-udla\/?s={search_term_string}"},"query-input":{"@type":"PropertyValueSpecification","valueRequired":true,"valueName":"search_term_string"}}],"inLanguage":"es"},{"@type":"Organization","@id":"https:\/\/sitios.udla.edu.ec\/admisiones-udla\/#organization","name":"UDLA - Universidad de Las Am\u00e9ricas","url":"https:\/\/sitios.udla.edu.ec\/admisiones-udla\/","logo":{"@type":"ImageObject","inLanguage":"es","@id":"https:\/\/sitios.udla.edu.ec\/admisiones-udla\/#\/schema\/logo\/image\/","url":"https:\/\/sitios.udla.edu.ec\/admisiones-udla\/wp-content\/uploads\/2022\/12\/RGB_LOGO-UDLA_2021_BLANCO.png","contentUrl":"https:\/\/sitios.udla.edu.ec\/admisiones-udla\/wp-content\/uploads\/2022\/12\/RGB_LOGO-UDLA_2021_BLANCO.png","width":1593,"height":923,"caption":"UDLA - Universidad de Las Am\u00e9ricas"},"image":{"@id":"https:\/\/sitios.udla.edu.ec\/admisiones-udla\/#\/schema\/logo\/image\/"}}]}},"_links":{"self":[{"href":"https:\/\/sitios.udla.edu.ec\/admisiones-udla\/wp-json\/wp\/v2\/pages\/18466","targetHints":{"allow":["GET"]}}],"collection":[{"href":"https:\/\/sitios.udla.edu.ec\/admisiones-udla\/wp-json\/wp\/v2\/pages"}],"about":[{"href":"https:\/\/sitios.udla.edu.ec\/admisiones-udla\/wp-json\/wp\/v2\/types\/page"}],"author":[{"embeddable":true,"href":"https:\/\/sitios.udla.edu.ec\/admisiones-udla\/wp-json\/wp\/v2\/users\/1"}],"replies":[{"embeddable":true,"href":"https:\/\/sitios.udla.edu.ec\/admisiones-udla\/wp-json\/wp\/v2\/comments?post=18466"}],"version-history":[{"count":0,"href":"https:\/\/sitios.udla.edu.ec\/admisiones-udla\/wp-json\/wp\/v2\/pages\/18466\/revisions"}],"wp:attachment":[{"href":"https:\/\/sitios.udla.edu.ec\/admisiones-udla\/wp-json\/wp\/v2\/media?parent=18466"}],"curies":[{"name":"wp","href":"https:\/\/api.w.org\/{rel}","templated":true}]}}